{"id":16768,"date":"2024-06-18T23:25:37","date_gmt":"2024-06-18T15:25:37","guid":{"rendered":"https:\/\/www.vapeswholesaler.com\/?post_type=product&#038;p=16768"},"modified":"2025-04-07T16:06:26","modified_gmt":"2025-04-07T08:06:26","slug":"grossist-vozol-vista-20000-puffar-engangs-vape","status":"publish","type":"product","link":"https:\/\/www.vapeswholesaler.com\/sv\/produkt\/grossist-vozol-vista-20000-puffar-engangs-vape","title":{"rendered":"Partihandel VOZOL Vista 20000 Puffs Eng\u00e5ngs Vape"},"content":{"rendered":"<p><a href=\"https:\/\/www.vapeswholesaler.com\/sv\/produkt_varumarke\/vozol\/\">VOZOL<\/a> VISTA 20000 Puffs \u00e4r Disposable Vape, en banbrytande enhet som kombinerar banbrytande teknik med anv\u00e4ndarv\u00e4nlig design. Oavsett om du \u00e4r en vapingentusiast eller precis har b\u00f6rjat din resa, lovar VOZOL VISTA att leverera en o\u00f6vertr\u00e4ffad upplevelse med sina avancerade funktioner och imponerande prestanda.<\/p>\n<p>Enheten garanterar l\u00e5ngvarig njutning utan behov av st\u00e4ndiga p\u00e5fyllningar. Med en f\u00f6rfylld kapacitet p\u00e5 24 ml och en rad olika nikotinstyrkor, inklusive 0 nikotin, 20 Mg (2%) och 50 Mg (5%), tillgodoser denna eng\u00e5ngsvape alla vaper-preferenser. S\u00e4g adj\u00f6 till besv\u00e4ret med att b\u00e4ra flera flaskor med e-v\u00e4tska och hej till oavbruten vapinggl\u00e4dje.<\/p>\n<h2><strong><a href=\"https:\/\/www.facebook.com\/fred.luo.58\/\">VOZOL<\/a> VISTA 20000 Puffs Funktion:<\/strong><\/h2>\n<ul>\n<li>Wattkontroll med 6 niv\u00e5er<\/li>\n<li>Spole med dubbla n\u00e4t<\/li>\n<li>F\u00e4rgsk\u00e4rm<\/li>\n<li>Helt transparent design,<\/li>\n<li>Upp till 14000 - 20000 puffar<\/li>\n<li>5% Nikotin<\/li>\n<li>650MAH typ - C laddningsbart batteri<\/li>\n<li>24ML v\u00e4tskekapacitet<\/li>\n<\/ul>\n<h2><strong>Smaker\uff1a<\/strong><\/h2>\n<ol>\n<li>Cherry Cola<\/li>\n<li>Persika lce<\/li>\n<li>Surt \u00e4pple lce<\/li>\n<li>Miami Mint<\/li>\n<li>Druva lce<\/li>\n<li>Vattenmelon lce<\/li>\n<li>Blue Razz lce<\/li>\n<li>Persika Mango Vattenmelon<\/li>\n<li>Jordgubb Mango<\/li>\n<li>Hallon Vattenmelon<\/li>\n<li>VZBul<\/li>\n<li>Vattenmelon Bubble Gum<\/li>\n<li>Vanicreme Tobak<\/li>\n<li>Blandade b\u00e4r<\/li>\n<li>Citron Lime<\/li>\n<li>Jordgubbar Hallon K\u00f6rsb\u00e4r<\/li>\n<li>Mango lce<\/li>\n<li>Drakfrukt Banan K\u00f6rsb\u00e4r<\/li>\n<li>Fl\u00e4derblom Grapefrukt<\/li>\n<li>LavaFire<\/li>\n<\/ol>\n<h2><em><strong>F\u00f6rpackningslista:<\/strong><\/em><\/h2>\n<p>1 st varje enskild l\u00e5da<\/p>\n<figure id=\"attachment_16765\" aria-describedby=\"caption-attachment-16765\" style=\"width: 800px\" class=\"wp-caption alignnone\"><img loading=\"lazy\" decoding=\"async\" class=\"wp-image-16765 size-full\" title=\"Partihandel VOZOL Vista 20000 Puffs Eng\u00e5ngs Vape 5\" src=\"https:\/\/www.vapeswholesaler.com\/wp-content\/uploads\/2024\/06\/Wholesale-VOZOL-Vista-20000-Puffs-Disposable-Vape-5.webp\" alt=\"Partihandel VOZOL Vista 20000 Puffs Eng\u00e5ngs Vape 5\" width=\"800\" height=\"664\" srcset=\"https:\/\/www.vapeswholesaler.com\/wp-content\/uploads\/2024\/06\/Wholesale-VOZOL-Vista-20000-Puffs-Disposable-Vape-5.webp 800w, https:\/\/www.vapeswholesaler.com\/wp-content\/uploads\/2024\/06\/Wholesale-VOZOL-Vista-20000-Puffs-Disposable-Vape-5-300x249.webp 300w, https:\/\/www.vapeswholesaler.com\/wp-content\/uploads\/2024\/06\/Wholesale-VOZOL-Vista-20000-Puffs-Disposable-Vape-5-768x637.webp 768w, https:\/\/www.vapeswholesaler.com\/wp-content\/uploads\/2024\/06\/Wholesale-VOZOL-Vista-20000-Puffs-Disposable-Vape-5-14x12.webp 14w, https:\/\/www.vapeswholesaler.com\/wp-content\/uploads\/2024\/06\/Wholesale-VOZOL-Vista-20000-Puffs-Disposable-Vape-5-510x423.webp 510w\" sizes=\"auto, (max-width: 800px) 100vw, 800px\" \/><figcaption id=\"caption-attachment-16765\" class=\"wp-caption-text\">Partihandel VOZOL Vista 20000 Puffs Eng\u00e5ngs Vape<\/figcaption><\/figure>","protected":false},"excerpt":{"rendered":"<p>Minsta orderkvantitet: <strong>5<em>0 st<\/em><\/strong>\u00a0(Blanda smaker)<\/p>\n<p>(<strong>5% Nic<\/strong>) \u00a0<strong>EU Warehouse Leveranstid 4-5 arbetsdagar<\/strong><\/p>","protected":false},"featured_media":16761,"comment_status":"open","ping_status":"closed","template":"","meta":[],"product_cat":[15],"product_tag":[373,392,100],"class_list":{"0":"post-16768","1":"product","2":"type-product","3":"status-publish","4":"has-post-thumbnail","6":"product_cat-disposable-vape","7":"product_tag-europe-warehouse","8":"product_tag-vozol","9":"product_tag-20000-puffs","10":"product_brand-vozol","12":"first","13":"instock","14":"shipping-taxable","15":"purchasable","16":"product-type-variable","17":"has-default-attributes"},"aioseo_notices":[],"_links":{"self":[{"href":"https:\/\/www.vapeswholesaler.com\/sv\/wp-json\/wp\/v2\/product\/16768","targetHints":{"allow":["GET"]}}],"collection":[{"href":"https:\/\/www.vapeswholesaler.com\/sv\/wp-json\/wp\/v2\/product"}],"about":[{"href":"https:\/\/www.vapeswholesaler.com\/sv\/wp-json\/wp\/v2\/types\/product"}],"replies":[{"embeddable":true,"href":"https:\/\/www.vapeswholesaler.com\/sv\/wp-json\/wp\/v2\/comments?post=16768"}],"wp:featuredmedia":[{"embeddable":true,"href":"https:\/\/www.vapeswholesaler.com\/sv\/wp-json\/wp\/v2\/media\/16761"}],"wp:attachment":[{"href":"https:\/\/www.vapeswholesaler.com\/sv\/wp-json\/wp\/v2\/media?parent=16768"}],"wp:term":[{"taxonomy":"product_cat","embeddable":true,"href":"https:\/\/www.vapeswholesaler.com\/sv\/wp-json\/wp\/v2\/product_cat?post=16768"},{"taxonomy":"product_tag","embeddable":true,"href":"https:\/\/www.vapeswholesaler.com\/sv\/wp-json\/wp\/v2\/product_tag?post=16768"}],"curies":[{"name":"wp","href":"https:\/\/api.w.org\/{rel}","templated":true}]}}