{"id":16743,"date":"2024-06-18T17:58:17","date_gmt":"2024-06-18T09:58:17","guid":{"rendered":"https:\/\/www.vapeswholesaler.com\/?post_type=product&#038;p=16743"},"modified":"2025-02-23T16:29:16","modified_gmt":"2025-02-23T08:29:16","slug":"grossist-forlorad-mary-mo20000-pro-engangs-vape-20k-puffar","status":"publish","type":"product","link":"https:\/\/www.vapeswholesaler.com\/sv\/produkt\/grossist-forlorad-mary-mo20000-pro-engangs-vape-20k-puffar","title":{"rendered":"Partihandel Lost Mary MO20000 Pro Eng\u00e5ngs Vape 20K Puffs"},"content":{"rendered":"<p><a href=\"https:\/\/www.vapeswholesaler.com\/sv\/produkt_varumarke\/lost-mary\/\">Lost Mary<\/a> MO20000 Pro Disposable Vape 20K Puffs \u00e4r kompakt, l\u00e4tt och mycket portabel. Den har ett integrerat uppladdningsbart batteri p\u00e5 800 mAh och kan laddas med hj\u00e4lp av USB Type-C-laddningsporten. Med en 18mL kapacitet f\u00f6rfylld med 50mg salt nikotin och ett anm\u00e4rkningsv\u00e4rt urval av l\u00e4ckra smaker, finns det m\u00e5nga tillfredsst\u00e4llande vape-sessioner fram\u00f6ver. P\u00e5 grund av kapaciteten kan anv\u00e4ndare f\u00f6rv\u00e4nta sig att f\u00e5 upp till 20 000 puffar per enhet. Utrustad med en dragaktiverad avfyrningsmekanism f\u00f6r bekv\u00e4mlighet, 0,9 ohm dubbla n\u00e4tspolar och justerbar effekt f\u00f6r prestanda, tillsammans med justerbar luftfl\u00f6deskontroll f\u00f6r finjustering, kommer du att njuta av varje \u00f6gonblick med Lost Mary MO20000 Pro Disposable Vape 20K Puffs. Lost Mary MO20000 Pro har en h\u00f6guppl\u00f6st animerad display som hj\u00e4lper dig att h\u00e5lla koll p\u00e5 batteriniv\u00e5 och vapejuice.<\/p>\n<p>Lost Mary MO20000 Pro Disposable Vape 20K Puffs upplever ren smak, \u00e4nnu b\u00e4ttre n\u00e4r den levereras snabbt. Den 0,9\u03a9 dubbla n\u00e4tspolen garanterar en effektivare f\u00f6r\u00e5ngningsprocess, vilket ger tjockare och f\u00f6rb\u00e4ttrade smakrika moln varje g\u00e5ng.<\/p>\n<p>Lost Mary MO20000 Pro med stegl\u00f6s effektjustering, du kan enkelt finjustera din wattstyrka fr\u00e5n 13W till 25W med bara en knapptryckning.<\/p>\n<p>L\u00e5g effekt:<br \/>\nUpp till 20000 puffar<br \/>\nDrivs av Single Mesh Coil<br \/>\nSmidig sensorisk hit<br \/>\nH\u00f6g effekt<br \/>\nMassiva moln<br \/>\nDrivs av Dual Mesh Coil<br \/>\nIntensiv sensorisk tr\u00e4ff<\/p>\n<h2><strong>Lost Mary MO20000 Pro Funktioner:<\/strong><\/h2>\n<ul>\n<li>F\u00f6rfylld kapacitet: 18mL F\u00f6rfylld kapacitet<\/li>\n<li>Batterikapacitet: Integrerat 800mAh uppladdningsbart<\/li>\n<li>Max puffar: 20.000<\/li>\n<li>Nikotinstyrka: 5% (50 mg)<\/li>\n<li>Drift: Dragning aktiverad<\/li>\n<li>V\u00e4rmeelement: 0,9 ohm dubbla n\u00e4tspolar<\/li>\n<li>Luftfl\u00f6de: Justerbart<\/li>\n<li>Displaysk\u00e4rm: Animerad HD-sk\u00e4rm<\/li>\n<li>Laddning: USB typ C<\/li>\n<li>Indikator f\u00f6r batteritid<\/li>\n<li>Niv\u00e5indikator f\u00f6r e-v\u00e4tska<\/li>\n<\/ul>\n<h2><strong>Lost Mary MO20000 Pro Tillg\u00e4ngliga smaker:<\/strong><\/h2>\n<ol>\n<li>Bl\u00e5 Baja Splash<\/li>\n<li>Blue Razz Ice<\/li>\n<li>Drakdryck<\/li>\n<li>Lime Grapefrukt<\/li>\n<li>Mango Twist<\/li>\n<li>Miami Mint<\/li>\n<li>Persika<\/li>\n<li>Ananas-is<\/li>\n<li>Regnb\u00e5gssherbet<\/li>\n<li>Raket isglass<\/li>\n<li>Sur \u00e4pple-is<\/li>\n<li>Jordgubbsis<\/li>\n<li>Tropisk b\u00e5l<\/li>\n<li>Vattenmelon-is<\/li>\n<li>Vattenmelon Sur Persika<\/li>\n<\/ol>\n<h2><strong>F\u00f6rpackningsdetaljer:<\/strong><\/h2>\n<p>1st Lost Mary MO20000 Pro eng\u00e5ngs vape<\/p>\n<p>&nbsp;<\/p>\n<figure id=\"attachment_16742\" aria-describedby=\"caption-attachment-16742\" style=\"width: 800px\" class=\"wp-caption alignnone\"><img loading=\"lazy\" decoding=\"async\" class=\"wp-image-16742 size-full\" title=\"Partihandel Lost Mary MO20000 Pro Eng\u00e5ngs Vape 20K Puffs\" src=\"https:\/\/www.vapeswholesaler.com\/wp-content\/uploads\/2024\/06\/Wholesale-Lost-Mary-MO20000-Pro-Disposable-Vape-20K-Puffs.webp\" alt=\"Partihandel Lost Mary MO20000 Pro Eng\u00e5ngs Vape 20K Puffs\" width=\"800\" height=\"800\" srcset=\"https:\/\/www.vapeswholesaler.com\/wp-content\/uploads\/2024\/06\/Wholesale-Lost-Mary-MO20000-Pro-Disposable-Vape-20K-Puffs.webp 800w, https:\/\/www.vapeswholesaler.com\/wp-content\/uploads\/2024\/06\/Wholesale-Lost-Mary-MO20000-Pro-Disposable-Vape-20K-Puffs-300x300.webp 300w, https:\/\/www.vapeswholesaler.com\/wp-content\/uploads\/2024\/06\/Wholesale-Lost-Mary-MO20000-Pro-Disposable-Vape-20K-Puffs-150x150.webp 150w, https:\/\/www.vapeswholesaler.com\/wp-content\/uploads\/2024\/06\/Wholesale-Lost-Mary-MO20000-Pro-Disposable-Vape-20K-Puffs-768x768.webp 768w, https:\/\/www.vapeswholesaler.com\/wp-content\/uploads\/2024\/06\/Wholesale-Lost-Mary-MO20000-Pro-Disposable-Vape-20K-Puffs-12x12.webp 12w, https:\/\/www.vapeswholesaler.com\/wp-content\/uploads\/2024\/06\/Wholesale-Lost-Mary-MO20000-Pro-Disposable-Vape-20K-Puffs-247x247.webp 247w, https:\/\/www.vapeswholesaler.com\/wp-content\/uploads\/2024\/06\/Wholesale-Lost-Mary-MO20000-Pro-Disposable-Vape-20K-Puffs-510x510.webp 510w, https:\/\/www.vapeswholesaler.com\/wp-content\/uploads\/2024\/06\/Wholesale-Lost-Mary-MO20000-Pro-Disposable-Vape-20K-Puffs-100x100.webp 100w\" sizes=\"auto, (max-width: 800px) 100vw, 800px\" \/><figcaption id=\"caption-attachment-16742\" class=\"wp-caption-text\">Partihandel Lost Mary MO20000 Pro Eng\u00e5ngs Vape 20K Puffs<\/figcaption><\/figure>\n<p><img loading=\"lazy\" decoding=\"async\" class=\"alignnone wp-image-16726 size-full\" title=\"Partihandel Elf bar GH 20000 Puffs Eng\u00e5ngs vape 5\" src=\"https:\/\/www.vapeswholesaler.com\/wp-content\/uploads\/2024\/06\/Wholesale-Elf-bar-GH-20000-Puffs-Disposable-vape-5.webp\" alt=\"Partihandel Elf bar GH 20000 Puffs Eng\u00e5ngs vape 5\" width=\"800\" height=\"600\" srcset=\"https:\/\/www.vapeswholesaler.com\/wp-content\/uploads\/2024\/06\/Wholesale-Elf-bar-GH-20000-Puffs-Disposable-vape-5.webp 800w, https:\/\/www.vapeswholesaler.com\/wp-content\/uploads\/2024\/06\/Wholesale-Elf-bar-GH-20000-Puffs-Disposable-vape-5-300x225.webp 300w, https:\/\/www.vapeswholesaler.com\/wp-content\/uploads\/2024\/06\/Wholesale-Elf-bar-GH-20000-Puffs-Disposable-vape-5-768x576.webp 768w, https:\/\/www.vapeswholesaler.com\/wp-content\/uploads\/2024\/06\/Wholesale-Elf-bar-GH-20000-Puffs-Disposable-vape-5-16x12.webp 16w, https:\/\/www.vapeswholesaler.com\/wp-content\/uploads\/2024\/06\/Wholesale-Elf-bar-GH-20000-Puffs-Disposable-vape-5-510x383.webp 510w\" sizes=\"auto, (max-width: 800px) 100vw, 800px\" \/><\/p>","protected":false},"excerpt":{"rendered":"<p>Minsta orderkvantitet: <strong>10000 PCS<\/strong> (Blanda smaker)\u00a0 \u00a0<strong>Fri frakt<\/strong><\/p>\n<p>(<strong>2%, 5% Nic<\/strong>)<\/p>","protected":false},"featured_media":16736,"comment_status":"open","ping_status":"closed","template":"","meta":[],"product_cat":[15],"product_tag":[],"class_list":{"0":"post-16743","1":"product","2":"type-product","3":"status-publish","4":"has-post-thumbnail","6":"product_cat-disposable-vape","7":"product_brand-lost-mary","9":"first","10":"outofstock","11":"shipping-taxable","12":"purchasable","13":"product-type-variable","14":"has-default-attributes"},"aioseo_notices":[],"_links":{"self":[{"href":"https:\/\/www.vapeswholesaler.com\/sv\/wp-json\/wp\/v2\/product\/16743","targetHints":{"allow":["GET"]}}],"collection":[{"href":"https:\/\/www.vapeswholesaler.com\/sv\/wp-json\/wp\/v2\/product"}],"about":[{"href":"https:\/\/www.vapeswholesaler.com\/sv\/wp-json\/wp\/v2\/types\/product"}],"replies":[{"embeddable":true,"href":"https:\/\/www.vapeswholesaler.com\/sv\/wp-json\/wp\/v2\/comments?post=16743"}],"wp:featuredmedia":[{"embeddable":true,"href":"https:\/\/www.vapeswholesaler.com\/sv\/wp-json\/wp\/v2\/media\/16736"}],"wp:attachment":[{"href":"https:\/\/www.vapeswholesaler.com\/sv\/wp-json\/wp\/v2\/media?parent=16743"}],"wp:term":[{"taxonomy":"product_cat","embeddable":true,"href":"https:\/\/www.vapeswholesaler.com\/sv\/wp-json\/wp\/v2\/product_cat?post=16743"},{"taxonomy":"product_tag","embeddable":true,"href":"https:\/\/www.vapeswholesaler.com\/sv\/wp-json\/wp\/v2\/product_tag?post=16743"}],"curies":[{"name":"wp","href":"https:\/\/api.w.org\/{rel}","templated":true}]}}