{"id":16699,"date":"2024-06-18T12:00:36","date_gmt":"2024-06-18T04:00:36","guid":{"rendered":"https:\/\/www.vapeswholesaler.com\/?post_type=product&#038;p=16699"},"modified":"2025-03-18T16:04:15","modified_gmt":"2025-03-18T08:04:15","slug":"wholesale-lavie-cyber-20k-puffs-dual-flavors-disposable-vape","status":"publish","type":"product","link":"https:\/\/www.vapeswholesaler.com\/sv\/produkt\/wholesale-lavie-cyber-20k-puffs-dual-flavors-disposable-vape","title":{"rendered":"Partihandel Lavie Cyber 20K Puffs Dual Flavors Eng\u00e5ngs Vape"},"content":{"rendered":"<p><a href=\"https:\/\/www.vapeswholesaler.com\/sv\/produkt_varumarke\/lavie\/\">Lavie<\/a> Cyber 20K Dual Flavors disposable Vape box, a premium choice for extended vaping satisfaction. Experience up to 20000 puffs with its high-capacity 20ml pre-filled e-liquid. Double Flavors can be choose.<\/p>\n<p>Enhance flavor and vapor production with the 1.0ohm Mesh Coil and adjustable airflow design. Not only does the Lavie Cyber Double Flavor 20000 offer exceptional performance, but it also comes at a competitive price point, making it an excellent choice for those looking for value without sacrificing quality.<\/p>\n<p>V\u00e5ra grossistalternativ s\u00e4kerst\u00e4ller att f\u00f6retag kan fylla p\u00e5 lager av denna popul\u00e4ra e vattenpipa och tillgodose sina kunders krav p\u00e5 ett effektivt s\u00e4tt.<\/p>\n<p>Experience the convenience of fast shipping, allowing you to enjoy your Lavie Cyber Double Flavor 20000 Disposable Vape without delay. Whether you\u2019re a vaping enthusiast, a retailer or a wholesaler looking to expand your product range.<\/p>\n<h2><strong><a href=\"https:\/\/www.facebook.com\/fred.luo.58\/\">Lavie<\/a> Cyber 20K Dual Flavors Feature:<\/strong><\/h2>\n<ul>\n<li>Size: 48*25*89mm<\/li>\n<li>Battery: 700mah (600mah for Korean market)<\/li>\n<li>Puffar: 20000 Puffar<\/li>\n<li>Eliquid Capacity: 20ml<\/li>\n<li>Salt Nic:2%,3%,%5 OEM<\/li>\n<li>Net Weight: 79g<\/li>\n<li>Mesh Coils: Dual Mesh Coils<\/li>\n<li>Material: Pcs<\/li>\n<li>Resistence: 1.0ohm<\/li>\n<li>Tpye: Type C chargable<\/li>\n<\/ul>\n<h2><strong>Smak:<\/strong><\/h2>\n<ol>\n<li>Grape &amp; Blueberry Raspberry Bubblegum<\/li>\n<li>Bacco &amp; Mango Ice<\/li>\n<li>Double Apple &amp; Love 66<\/li>\n<li>Grape Ice &amp; Mint Ice<\/li>\n<li>Lemon Cola &amp; Passion Fruit Kiwi Guava<\/li>\n<li>Lychee Ice &amp; Watermelon Ice<\/li>\n<li>Matcha &amp; Coffee Ice<\/li>\n<li>Pineapple Ice &amp; Taro Ice<\/li>\n<li>Strawberry Kiwi Ice &amp; Melon Ice<\/li>\n<li>Strawberry Watermelon &amp; Blackberry Pome Cherry Ice<\/li>\n<\/ol>\n<h2><strong>F\u00f6rpackningsdetaljer:<\/strong><\/h2>\n<p>1ps i en liten l\u00e5da<br \/>\nCarton:645*378*230mm<br \/>\nG\/W: 18KG<br \/>\n200 st per kartong<\/p>\n<p>&nbsp;<\/p>\n<figure style=\"width: 800px\" class=\"wp-caption alignnone\"><img loading=\"lazy\" decoding=\"async\" class=\"wp-image-16688 size-full\" title=\"Wholesale Lavie Cyber 20000 Puffs Disposable Vape 2\" src=\"https:\/\/www.vapeswholesaler.com\/wp-content\/uploads\/2024\/06\/Wholesale-Lavie-Cyber-20000-Puffs-Disposable-Vape-2.webp\" alt=\"Wholesale Lavie Cyber 20000 Puffs Disposable Vape 2\" width=\"800\" height=\"520\" srcset=\"https:\/\/www.vapeswholesaler.com\/wp-content\/uploads\/2024\/06\/Wholesale-Lavie-Cyber-20000-Puffs-Disposable-Vape-2.webp 800w, https:\/\/www.vapeswholesaler.com\/wp-content\/uploads\/2024\/06\/Wholesale-Lavie-Cyber-20000-Puffs-Disposable-Vape-2-300x195.webp 300w, https:\/\/www.vapeswholesaler.com\/wp-content\/uploads\/2024\/06\/Wholesale-Lavie-Cyber-20000-Puffs-Disposable-Vape-2-768x499.webp 768w, https:\/\/www.vapeswholesaler.com\/wp-content\/uploads\/2024\/06\/Wholesale-Lavie-Cyber-20000-Puffs-Disposable-Vape-2-18x12.webp 18w, https:\/\/www.vapeswholesaler.com\/wp-content\/uploads\/2024\/06\/Wholesale-Lavie-Cyber-20000-Puffs-Disposable-Vape-2-510x332.webp 510w\" sizes=\"auto, (max-width: 800px) 100vw, 800px\" \/><figcaption class=\"wp-caption-text\">Wholesale Lavie Cyber 20000 Puffs Disposable Vape<\/figcaption><\/figure>\n<figure id=\"attachment_16687\" aria-describedby=\"caption-attachment-16687\" style=\"width: 800px\" class=\"wp-caption alignnone\"><img loading=\"lazy\" decoding=\"async\" class=\"wp-image-16687 size-full\" title=\"Wholesale Lavie Cyber 20000 Puffs Disposable Vape 1\" src=\"https:\/\/www.vapeswholesaler.com\/wp-content\/uploads\/2024\/06\/Wholesale-Lavie-Cyber-20000-Puffs-Disposable-Vape-1.webp\" alt=\"Wholesale Lavie Cyber 20000 Puffs Disposable Vape 1\" width=\"800\" height=\"570\" srcset=\"https:\/\/www.vapeswholesaler.com\/wp-content\/uploads\/2024\/06\/Wholesale-Lavie-Cyber-20000-Puffs-Disposable-Vape-1.webp 800w, https:\/\/www.vapeswholesaler.com\/wp-content\/uploads\/2024\/06\/Wholesale-Lavie-Cyber-20000-Puffs-Disposable-Vape-1-300x214.webp 300w, https:\/\/www.vapeswholesaler.com\/wp-content\/uploads\/2024\/06\/Wholesale-Lavie-Cyber-20000-Puffs-Disposable-Vape-1-768x547.webp 768w, https:\/\/www.vapeswholesaler.com\/wp-content\/uploads\/2024\/06\/Wholesale-Lavie-Cyber-20000-Puffs-Disposable-Vape-1-18x12.webp 18w, https:\/\/www.vapeswholesaler.com\/wp-content\/uploads\/2024\/06\/Wholesale-Lavie-Cyber-20000-Puffs-Disposable-Vape-1-510x363.webp 510w\" sizes=\"auto, (max-width: 800px) 100vw, 800px\" \/><figcaption id=\"caption-attachment-16687\" class=\"wp-caption-text\">Wholesale Lavie Cyber 20000 Puffs Disposable Vape<\/figcaption><\/figure>","protected":false},"excerpt":{"rendered":"<p>Minsta orderkvantitet:\u00a0<strong>50 st <\/strong>(Blanda smaker)\u00a0\u00a0<strong>Fri frakt<\/strong><\/p>\n<p>(<strong>2%, 5% Nic<\/strong>)<\/p>","protected":false},"featured_media":16948,"comment_status":"open","ping_status":"closed","template":"","meta":[],"product_cat":[15],"product_tag":[100,393],"class_list":{"0":"post-16699","1":"product","2":"type-product","3":"status-publish","4":"has-post-thumbnail","6":"product_cat-disposable-vape","7":"product_tag-20000-puffs","8":"product_tag-lavie","9":"product_brand-lavie","11":"first","12":"instock","13":"shipping-taxable","14":"purchasable","15":"product-type-variable"},"aioseo_notices":[],"_links":{"self":[{"href":"https:\/\/www.vapeswholesaler.com\/sv\/wp-json\/wp\/v2\/product\/16699","targetHints":{"allow":["GET"]}}],"collection":[{"href":"https:\/\/www.vapeswholesaler.com\/sv\/wp-json\/wp\/v2\/product"}],"about":[{"href":"https:\/\/www.vapeswholesaler.com\/sv\/wp-json\/wp\/v2\/types\/product"}],"replies":[{"embeddable":true,"href":"https:\/\/www.vapeswholesaler.com\/sv\/wp-json\/wp\/v2\/comments?post=16699"}],"wp:featuredmedia":[{"embeddable":true,"href":"https:\/\/www.vapeswholesaler.com\/sv\/wp-json\/wp\/v2\/media\/16948"}],"wp:attachment":[{"href":"https:\/\/www.vapeswholesaler.com\/sv\/wp-json\/wp\/v2\/media?parent=16699"}],"wp:term":[{"taxonomy":"product_cat","embeddable":true,"href":"https:\/\/www.vapeswholesaler.com\/sv\/wp-json\/wp\/v2\/product_cat?post=16699"},{"taxonomy":"product_tag","embeddable":true,"href":"https:\/\/www.vapeswholesaler.com\/sv\/wp-json\/wp\/v2\/product_tag?post=16699"}],"curies":[{"name":"wp","href":"https:\/\/api.w.org\/{rel}","templated":true}]}}