{"id":16670,"date":"2024-06-18T11:01:12","date_gmt":"2024-06-18T03:01:12","guid":{"rendered":"https:\/\/www.vapeswholesaler.com\/?post_type=product&#038;p=16670"},"modified":"2025-03-26T11:01:37","modified_gmt":"2025-03-26T03:01:37","slug":"grossist-geekbar-skyview-25k-engangs-vape","status":"publish","type":"product","link":"https:\/\/www.vapeswholesaler.com\/sv\/produkt\/grossist-geekbar-skyview-25k-engangs-vape","title":{"rendered":"Partihandel Geekbar Skyview 25K eng\u00e5ngs vape"},"content":{"rendered":"<p>Geekbar Skyview 25K Disposable \u00e4r en uppfriskande och cool vapingk\u00e4nsla som p\u00e5minner om en luftig himmel med en antydan till citrus med Geekbar Skyview 25K Disposable Vapes Sky Walker-smak. Denna banbrytande enhet levererar imponerande 25000 puffar, s\u00e5 att du kan njuta av denna unika och uppfriskande blandning under en l\u00e4ngre period. Utforska andra lockande smaker som den saftiga Peach Raspberry, den dj\u00e4rva Triple Berry eller den syrliga Sour Apple Ice.<\/p>\n<p>GeekBar Skyview vape har ett kraftfullt 800mAh-batteri och en gener\u00f6s 18mL e-juice-kapacitet, vilket garanterar l\u00e5ngvarig prestanda och j\u00e4mn smak med varje bloss. Med tre justerbara vapingl\u00e4gen - Soft, Norm och Pulse - kan du anpassa din vapingupplevelse s\u00e5 att den passar dina \u00f6nskem\u00e5l. Den avancerade dual mesh-spolen och v\u00e4rmesystemet med dubbla k\u00e4rnor arbetar tillsammans f\u00f6r att ge optimal smakutvinning och j\u00e4mn, tillfredsst\u00e4llande \u00e5ngproduktion.<\/p>\n<h2><strong><a href=\"https:\/\/www.vapeswholesaler.com\/sv\/produkt_varumarke\/geekbar\/\">Geek Bar<\/a> Skyview 25K Feature:<\/strong><\/h2>\n<ul>\n<li>16 ml f\u00f6rfylld e-juice<\/li>\n<li>5% (50 mg) Nikotinstyrka<\/li>\n<li>800mAh typ C uppladdningsbart batteri<\/li>\n<li>Cirka 25.000 puffar<\/li>\n<li>Tre alternativ f\u00f6r vaping-l\u00e4ge<\/li>\n<li>Mjuk - 12W<\/li>\n<li>Norm - 18W<\/li>\n<li>Puls - 25W<\/li>\n<li>Spole med dubbla n\u00e4t<\/li>\n<li>St\u00f6rre \u00e4n stor 1,8 tums smart TFT-sk\u00e4rm<\/li>\n<li>5 unika anv\u00e4ndargr\u00e4nssnitt f\u00f6r design av anv\u00e4ndargr\u00e4nssnitt<\/li>\n<li>Batteriniv\u00e5, Vaping-l\u00e4ge, E-v\u00e4tskeniv\u00e5<\/li>\n<li>Dubbelk\u00e4rnig uppv\u00e4rmning<\/li>\n<li>VPU inuti<\/li>\n<\/ul>\n<h2><strong>Geek Bar Skyview 25000 Smaker:<\/strong><\/h2>\n<ol>\n<li>Blackberry Fcuking Fab<\/li>\n<li>Blue Razz Ice<\/li>\n<li>K\u00f6rsb\u00e4r Citron Mynta<\/li>\n<li>Cherry Strazz<\/li>\n<li>Grape Ice<\/li>\n<li>Miami Mint<\/li>\n<li>Persika Bl\u00e5 Slushy<\/li>\n<li>Persika Hallon<\/li>\n<li>Sky Walker<\/li>\n<li>Sur \u00e4pple-is<\/li>\n<li>Sour Watermelon Blue Razz<\/li>\n<li>Jordgubbar Bananer<\/li>\n<li>Jordgubbsis<\/li>\n<li>Jordgubb Vattenmelon Kokosn\u00f6t<\/li>\n<li>Trippelb\u00e4r<\/li>\n<li>Twisted B-Pop<\/li>\n<\/ol>\n<p><strong>F\u00f6rpackningsdetaljer:<\/strong><br \/>\n1ps i en liten l\u00e5da<\/p>\n<figure id=\"attachment_16669\" aria-describedby=\"caption-attachment-16669\" style=\"width: 800px\" class=\"wp-caption alignnone\"><img loading=\"lazy\" decoding=\"async\" class=\"wp-image-16669 size-full\" title=\"Partihandel Geekbar Skyview 25K Eng\u00e5ngs vape 7\" src=\"https:\/\/www.vapeswholesaler.com\/wp-content\/uploads\/2024\/06\/Wholesale-Geekbar-Skyview-25K-Disposable-vape-7.jpg\" alt=\"Partihandel Geekbar Skyview 25K Eng\u00e5ngs vape 7\" width=\"800\" height=\"800\" srcset=\"https:\/\/www.vapeswholesaler.com\/wp-content\/uploads\/2024\/06\/Wholesale-Geekbar-Skyview-25K-Disposable-vape-7.jpg 800w, https:\/\/www.vapeswholesaler.com\/wp-content\/uploads\/2024\/06\/Wholesale-Geekbar-Skyview-25K-Disposable-vape-7-300x300.jpg 300w, https:\/\/www.vapeswholesaler.com\/wp-content\/uploads\/2024\/06\/Wholesale-Geekbar-Skyview-25K-Disposable-vape-7-150x150.jpg 150w, https:\/\/www.vapeswholesaler.com\/wp-content\/uploads\/2024\/06\/Wholesale-Geekbar-Skyview-25K-Disposable-vape-7-768x768.jpg 768w, https:\/\/www.vapeswholesaler.com\/wp-content\/uploads\/2024\/06\/Wholesale-Geekbar-Skyview-25K-Disposable-vape-7-12x12.jpg 12w, https:\/\/www.vapeswholesaler.com\/wp-content\/uploads\/2024\/06\/Wholesale-Geekbar-Skyview-25K-Disposable-vape-7-247x247.jpg 247w, https:\/\/www.vapeswholesaler.com\/wp-content\/uploads\/2024\/06\/Wholesale-Geekbar-Skyview-25K-Disposable-vape-7-510x510.jpg 510w, https:\/\/www.vapeswholesaler.com\/wp-content\/uploads\/2024\/06\/Wholesale-Geekbar-Skyview-25K-Disposable-vape-7-100x100.jpg 100w\" sizes=\"auto, (max-width: 800px) 100vw, 800px\" \/><figcaption id=\"caption-attachment-16669\" class=\"wp-caption-text\">Partihandel Geekbar Skyview 25K eng\u00e5ngs vape<\/figcaption><\/figure>","protected":false},"excerpt":{"rendered":"<p><span data-slate-fragment=\"JTVCJTdCJTIydHlwZSUyMiUzQSUyMnBhcmFncmFwaCUyMiUyQyUyMmNoaWxkcmVuJTIyJTNBJTVCJTdCJTIyaWQlMjIlM0ElMjIwQkF6V1hKNjV2JTIyJTJDJTIycGFyYUlkeCUyMiUzQTAlMkMlMjJzcmMlMjIlM0ElMjJNaW5pbXVtJTIwT3JkZXIlMjBRdWFudGl0eSUzQSUyMDEwMDAwJTIwUENTJTIwKE1peCUyMEZsYXZvcnMpJTIyJTJDJTIyZHN0JTIyJTNBJTIyJUU2JTlDJTgwJUU0JUJEJThFJUU4JUFFJUEyJUU4JUI0JUFEJUU5JTg3JThGJUVGJUJDJTlBMTAwMDAlRTQlQkIlQjYlRUYlQkMlODglRTYlQjclQjclRTUlOTAlODglRTUlOEYlQTMlRTUlOTElQjMlRUYlQkMlODklMjIlMkMlMjJtZXRhZGF0YSUyMiUzQSUyMiUyMiUyQyUyMm1ldGFEYXRhJTIyJTNBJTVCJTVEJTJDJTIydGV4dCUyMiUzQSUyMk1pbmltdW0lMjBPcmRlciUyMFF1YW50aXR5JTNBJTIwMTAwMDAlMjBQQ1MlMjAoTWl4JTIwRmxhdm9ycyklMjIlN0QlNUQlN0QlNUQ=\">Minsta orderkvantitet: <em><strong>10000<\/strong> <\/em>PCS (blanda smaker)\u00a0 <strong>Fri frakt<\/strong><\/span><\/p>\n<p>\uff08<strong>2%,5% Nic <\/strong>)<\/p>","protected":false},"featured_media":16663,"comment_status":"open","ping_status":"closed","template":"","meta":[],"product_cat":[15],"product_tag":[],"class_list":{"0":"post-16670","1":"product","2":"type-product","3":"status-publish","4":"has-post-thumbnail","6":"product_cat-disposable-vape","7":"product_brand-geekbar","9":"first","10":"instock","11":"shipping-taxable","12":"purchasable","13":"product-type-variable","14":"has-default-attributes"},"aioseo_notices":[],"_links":{"self":[{"href":"https:\/\/www.vapeswholesaler.com\/sv\/wp-json\/wp\/v2\/product\/16670","targetHints":{"allow":["GET"]}}],"collection":[{"href":"https:\/\/www.vapeswholesaler.com\/sv\/wp-json\/wp\/v2\/product"}],"about":[{"href":"https:\/\/www.vapeswholesaler.com\/sv\/wp-json\/wp\/v2\/types\/product"}],"replies":[{"embeddable":true,"href":"https:\/\/www.vapeswholesaler.com\/sv\/wp-json\/wp\/v2\/comments?post=16670"}],"wp:featuredmedia":[{"embeddable":true,"href":"https:\/\/www.vapeswholesaler.com\/sv\/wp-json\/wp\/v2\/media\/16663"}],"wp:attachment":[{"href":"https:\/\/www.vapeswholesaler.com\/sv\/wp-json\/wp\/v2\/media?parent=16670"}],"wp:term":[{"taxonomy":"product_cat","embeddable":true,"href":"https:\/\/www.vapeswholesaler.com\/sv\/wp-json\/wp\/v2\/product_cat?post=16670"},{"taxonomy":"product_tag","embeddable":true,"href":"https:\/\/www.vapeswholesaler.com\/sv\/wp-json\/wp\/v2\/product_tag?post=16670"}],"curies":[{"name":"wp","href":"https:\/\/api.w.org\/{rel}","templated":true}]}}