{"id":16601,"date":"2024-06-17T16:38:28","date_gmt":"2024-06-17T08:38:28","guid":{"rendered":"https:\/\/www.vapeswholesaler.com\/?post_type=product&#038;p=16601"},"modified":"2025-03-18T14:17:03","modified_gmt":"2025-03-18T06:17:03","slug":"wholesale-elf-box-bk-12000-puffs-disposable-vape","status":"publish","type":"product","link":"https:\/\/www.vapeswholesaler.com\/sv\/produkt\/wholesale-elf-box-bk-12000-puffs-disposable-vape","title":{"rendered":"Partihandel ELF BOX BK 12000 Puffs Eng\u00e5ngs vape"},"content":{"rendered":"<p><a href=\"https:\/\/www.vapeswholesaler.com\/sv\/produkt_varumarke\/elf-box\/\">ELF BOX<\/a> BK 12000 Puffs offers a variety of 10 flavors, it has an amazing e-liquid capacity of 23 ml and up to 12000 Puffs, instant electronic cigarette adopots a one-puff ignition mechanism to provide you with a clear and pleasant experience for every click.<\/p>\n<h2><strong><a href=\"https:\/\/www.facebook.com\/fred.luo.58\/\">ELF BOX<\/a> 12000 Puffs Features:<\/strong><\/h2>\n<ul>\n<li>Capacity:23ml<\/li>\n<li>Power:650mAh<\/li>\n<li>Puffar: 12000 puffar<\/li>\n<li>Model:ELF BOX BANG KING<\/li>\n<li>1 Pack\/ weight:108g<\/li>\n<li>Recharge:Yes<\/li>\n<li>Adjust Airflow: No<\/li>\n<li>Total Flavors:10<\/li>\n<li>Salt Nicotine:5%<\/li>\n<\/ul>\n<h2><strong>Tillg\u00e4ngliga smaker:<\/strong><\/h2>\n<ol>\n<li>Jordgubb Kiwi<\/li>\n<li>Bl\u00e5b\u00e4r Hallon<\/li>\n<li>Persika Mango Ananas<\/li>\n<li>Vattenmelon-is<\/li>\n<li>Cherry Cola<\/li>\n<li>Jordgubbar Vattenmelon<\/li>\n<li>Druv-is<\/li>\n<li>Kiwi passionsfrukt<\/li>\n<li>Persika is<\/li>\n<li>Bl\u00e5b\u00e4r p\u00e5 is<\/li>\n<\/ol>\n<h2><strong>F\u00f6rpackningsdetaljer:<\/strong><\/h2>\n<p>Product size: 46*46*124mm<br \/>\nCarton size: 500*485*275mm<br \/>\nQTY: 200 st\/ctn<br \/>\nG.W.: 21.6kg<\/p>","protected":false},"excerpt":{"rendered":"<p>Minsta orderkvantitet:\u00a0<strong>50 st<\/strong>\u00a0(Blanda smaker)\u00a0\u00a0<strong>Fri frakt<\/strong><\/p>\n<p>(<strong>2%, 5% Nic<\/strong>)<\/p>","protected":false},"featured_media":16589,"comment_status":"open","ping_status":"closed","template":"","meta":[],"product_cat":[15],"product_tag":[],"class_list":{"0":"post-16601","1":"product","2":"type-product","3":"status-publish","4":"has-post-thumbnail","6":"product_cat-disposable-vape","7":"product_brand-elf-box","9":"first","10":"outofstock","11":"shipping-taxable","12":"purchasable","13":"product-type-variable","14":"has-default-attributes"},"aioseo_notices":[],"_links":{"self":[{"href":"https:\/\/www.vapeswholesaler.com\/sv\/wp-json\/wp\/v2\/product\/16601","targetHints":{"allow":["GET"]}}],"collection":[{"href":"https:\/\/www.vapeswholesaler.com\/sv\/wp-json\/wp\/v2\/product"}],"about":[{"href":"https:\/\/www.vapeswholesaler.com\/sv\/wp-json\/wp\/v2\/types\/product"}],"replies":[{"embeddable":true,"href":"https:\/\/www.vapeswholesaler.com\/sv\/wp-json\/wp\/v2\/comments?post=16601"}],"wp:featuredmedia":[{"embeddable":true,"href":"https:\/\/www.vapeswholesaler.com\/sv\/wp-json\/wp\/v2\/media\/16589"}],"wp:attachment":[{"href":"https:\/\/www.vapeswholesaler.com\/sv\/wp-json\/wp\/v2\/media?parent=16601"}],"wp:term":[{"taxonomy":"product_cat","embeddable":true,"href":"https:\/\/www.vapeswholesaler.com\/sv\/wp-json\/wp\/v2\/product_cat?post=16601"},{"taxonomy":"product_tag","embeddable":true,"href":"https:\/\/www.vapeswholesaler.com\/sv\/wp-json\/wp\/v2\/product_tag?post=16601"}],"curies":[{"name":"wp","href":"https:\/\/api.w.org\/{rel}","templated":true}]}}