{"id":16503,"date":"2024-06-15T22:05:46","date_gmt":"2024-06-15T14:05:46","guid":{"rendered":"https:\/\/www.vapeswholesaler.com\/?post_type=product&#038;p=16503"},"modified":"2025-11-19T16:24:30","modified_gmt":"2025-11-19T08:24:30","slug":"grossist-fumot-tornado-9000-puffar-diposable-vape","status":"publish","type":"product","link":"https:\/\/www.vapeswholesaler.com\/sv\/produkt\/grossist-fumot-tornado-9000-puffar-diposable-vape","title":{"rendered":"Partihandel Fumot Tornado 9000 Puffs Diposable Vape"},"content":{"rendered":"<p>Fumot Tornado 9000 Puffs vape-enhet med en cool design och den \u00e4r uppladdningsbar. Den inneh\u00e5ller 18ml 0\/2\/3\/5% nikotinsalt e-juice och vapes upp till 9000 Puffs. det finns 38 smaker f\u00f6r dig att v\u00e4lja mellan. den uppladdningsbara porten l\u00e4ngst ner p\u00e5 enheten garanterar att du avslutar den sista droppen av e-juice i tanken hela tiden.<\/p>\n<p>Fumot Tornado 9000 Puffs Mesh coil \u00e4r en avancerad teknik f\u00f6r en eng\u00e5ngs vape penna, du kommer att uppleva en svalare, trevligare vapingupplevelse. Den genererar st\u00f6rre moln, levererar h\u00f6gre smakkvalitet och har en batteritid som g\u00f6r den mer popul\u00e4r och v\u00e4lkommen p\u00e5 marknaden.<\/p>\n<p>Fumot Tornado 9000 Puffs USB-C eller USB Type-C \u00e4r den senaste universella standarden f\u00f6r tr\u00e5dbunden anslutning av smarta enheter och \u00e4r efterf\u00f6ljaren till \u00e4ldre standarder som Micro-USB och USB-A, som fortfarande \u00e4r vanliga men som snabbt f\u00f6rsvinner.<\/p>\n<p>Fumot Tornado 9000 Puffs det finns RGB-ljus l\u00e4ngst ner p\u00e5 enheten, RGB-ljus kommer att f\u00f6r\u00e4ndras n\u00e4r du vaping, ha roligare att spela och k\u00e4nna co Cool, med ett inbyggt 600mah uppladdningsbart batteri, kan laddas n\u00e5gra g\u00e5nger, s\u00e5 du sitter inte fast med en d\u00f6d eng\u00e5ngsbruk innan e-v\u00e4tskan tar slut.<\/p>\n<h2><strong><a href=\"https:\/\/www.vapeswholesaler.com\/sv\/produkt_varumarke\/randm\/\">Fumot<\/a> Tornado 9000 Puffs Funktioner:<\/strong><\/h2>\n<ul>\n<li>Puffar: 9000<\/li>\n<li>Nikotin: 2\/3\/5%(50mg)<\/li>\n<li>Nikotintyp: nikotinsalt<\/li>\n<li>Kapacitet: 18 ml<\/li>\n<li>Motst\u00e5nd: 0,8 ohm Mesh-spole<\/li>\n<li>Batteri: 850mAh uppladdningsbart<\/li>\n<li>Laddare: Typ-c<\/li>\n<li>Avfyrningsmekanism: Dragaktiverad<\/li>\n<\/ul>\n<h2><strong>Tillg\u00e4ngliga smaker:<\/strong><\/h2>\n<ol>\n<li>Herr Bl\u00e5<\/li>\n<li>Jordgubbar Vattenmelon<\/li>\n<li>Orange l\u00e4sk<\/li>\n<li>Vattenmelon tuggummi<\/li>\n<li>Regnb\u00e5gsgodis<\/li>\n<li>Rosa lemonad<\/li>\n<li>Peachy Mango Ananas<\/li>\n<li>Jordgubbar Bananer<\/li>\n<li>Lush Ice<\/li>\n<li>Svart drake is<\/li>\n<li>Aloe Druva<\/li>\n<\/ol>\n<h2><strong>F\u00f6rpackningsdetaljer:<\/strong><\/h2>\n<p>Enstaka bit med godisf\u00f6rpackning<br \/>\nVarje l\u00e5da inneh\u00e5ller 10 stycken<br \/>\nVarje kartong inneh\u00e5ller 200 stycken<br \/>\nvarje kartong:18 kg<\/p>\n<p>&nbsp;<\/p>\n<figure id=\"attachment_16502\" aria-describedby=\"caption-attachment-16502\" style=\"width: 590px\" class=\"wp-caption alignnone\"><img loading=\"lazy\" decoding=\"async\" class=\"wp-image-16502 size-full\" title=\"Partihandel Fumot RANDM Tornado 9000 Puffs Diposable Vape\" src=\"https:\/\/www.vapeswholesaler.com\/wp-content\/uploads\/2024\/06\/Wholesale-Fumot-RANDM-Tornado-9000-Puffs-Diposable-Vape.webp\" alt=\"Partihandel Fumot RANDM Tornado 9000 Puffs Diposable Vape\" width=\"590\" height=\"517\" srcset=\"https:\/\/www.vapeswholesaler.com\/wp-content\/uploads\/2024\/06\/Wholesale-Fumot-RANDM-Tornado-9000-Puffs-Diposable-Vape.webp 590w, https:\/\/www.vapeswholesaler.com\/wp-content\/uploads\/2024\/06\/Wholesale-Fumot-RANDM-Tornado-9000-Puffs-Diposable-Vape-300x263.webp 300w, https:\/\/www.vapeswholesaler.com\/wp-content\/uploads\/2024\/06\/Wholesale-Fumot-RANDM-Tornado-9000-Puffs-Diposable-Vape-14x12.webp 14w, https:\/\/www.vapeswholesaler.com\/wp-content\/uploads\/2024\/06\/Wholesale-Fumot-RANDM-Tornado-9000-Puffs-Diposable-Vape-510x447.webp 510w\" sizes=\"auto, (max-width: 590px) 100vw, 590px\" \/><figcaption id=\"caption-attachment-16502\" class=\"wp-caption-text\">Partihandel Fumot RANDM Tornado 9000 Puffs Diposable Vape<\/figcaption><\/figure>","protected":false},"excerpt":{"rendered":"<p>Minsta orderkvantitet:\u00a0<strong>50 ST.<\/strong>\u00a0(Blanda smaker)\u00a0\u00a0<strong>Fri frakt<\/strong><\/p>\n<p>\uff08<strong>2%\uff0c3%\uff0c5%<\/strong><\/p>","protected":false},"featured_media":17139,"comment_status":"open","ping_status":"closed","template":"","meta":[],"product_cat":[15],"product_tag":[335,336,337],"class_list":{"0":"post-16503","1":"product","2":"type-product","3":"status-publish","4":"has-post-thumbnail","6":"product_cat-disposable-vape","7":"product_tag-fumot-tornado-9000-puffs","8":"product_tag-tornado-9000-puffs","9":"product_tag-fumot-9000-puffs","10":"product_brand-fumot","12":"first","13":"outofstock","14":"shipping-taxable","15":"purchasable","16":"product-type-variable","17":"has-default-attributes"},"aioseo_notices":[],"_links":{"self":[{"href":"https:\/\/www.vapeswholesaler.com\/sv\/wp-json\/wp\/v2\/product\/16503","targetHints":{"allow":["GET"]}}],"collection":[{"href":"https:\/\/www.vapeswholesaler.com\/sv\/wp-json\/wp\/v2\/product"}],"about":[{"href":"https:\/\/www.vapeswholesaler.com\/sv\/wp-json\/wp\/v2\/types\/product"}],"replies":[{"embeddable":true,"href":"https:\/\/www.vapeswholesaler.com\/sv\/wp-json\/wp\/v2\/comments?post=16503"}],"wp:featuredmedia":[{"embeddable":true,"href":"https:\/\/www.vapeswholesaler.com\/sv\/wp-json\/wp\/v2\/media\/17139"}],"wp:attachment":[{"href":"https:\/\/www.vapeswholesaler.com\/sv\/wp-json\/wp\/v2\/media?parent=16503"}],"wp:term":[{"taxonomy":"product_cat","embeddable":true,"href":"https:\/\/www.vapeswholesaler.com\/sv\/wp-json\/wp\/v2\/product_cat?post=16503"},{"taxonomy":"product_tag","embeddable":true,"href":"https:\/\/www.vapeswholesaler.com\/sv\/wp-json\/wp\/v2\/product_tag?post=16503"}],"curies":[{"name":"wp","href":"https:\/\/api.w.org\/{rel}","templated":true}]}}