{"id":16473,"date":"2024-06-15T21:07:26","date_gmt":"2024-06-15T13:07:26","guid":{"rendered":"https:\/\/www.vapeswholesaler.com\/?post_type=product&#038;p=16473"},"modified":"2025-12-22T19:52:20","modified_gmt":"2025-12-22T11:52:20","slug":"grossist-fumot-randm-digital-lada-12000-puffar-engangs-vape","status":"publish","type":"product","link":"https:\/\/www.vapeswholesaler.com\/sv\/produkt\/grossist-fumot-randm-digital-lada-12000-puffar-engangs-vape","title":{"rendered":"Partihandel Fumot Randm Digital Box 12000 Puffs Eng\u00e5ngs Vape"},"content":{"rendered":"<p>Fumot Randm Digital Box 12000 Puffs Vape \u00e4r en fantastisk enhet utrustad med ett batteri och en v\u00e4tskeniv\u00e5display. Dess nikotininneh\u00e5ll inkluderar 0%, 2%, 3% och 5% fyra versioner, som ing\u00e5r i en enhet med 20 ml kapacitet. Med en enorm kapacitet kan den h\u00e4r enheten st\u00f6dja cirka 12 000 puffar. 850mah uppladdningsbart batteri och kraftfull n\u00e4tspole ger dig en of\u00f6rgl\u00f6mlig upplevelse.<\/p>\n<h2><strong><a href=\"https:\/\/www.vapeswholesaler.com\/sv\/produkt_varumarke\/randm\/\">Fumot<\/a> Randm Digital Box 12000:<\/strong><\/h2>\n<ul>\n<li>Nikotin: 0% 2% 3% 5%<\/li>\n<li>Puffar:12000<\/li>\n<li>Kapacitet: 20 ml<\/li>\n<li>850mah Uppladdningsbar<\/li>\n<li>Mesh-spole 0,8\u03a9<\/li>\n<li>200 st i en kartong<\/li>\n<li>varje kartong:18 kg<\/li>\n<li>kartongstorlek: 69,1 * 32 * 28,3 cm<\/li>\n<\/ul>\n<h2><strong>Tillg\u00e4ngliga smaker:<\/strong><\/h2>\n<p>1.Cool Mint<br \/>\n2.Watermelon Ice<br \/>\n3.Grape Ice<br \/>\n4.Blueberry Raspberry<br \/>\n5.Strawberry Watermelon<br \/>\n6.Strawberry Banana<br \/>\n7.Lush Ice<br \/>\n8.Cherry<br \/>\n9. Jordgubbsis<br \/>\n10.Ice Pop<br \/>\n11.Pink Lemonade<br \/>\n12.Mango On ice<br \/>\n13.Mixed Berries<br \/>\n14.Strawberry Donut<br \/>\n15.Strawberry Grape<br \/>\n16.Cherry Cola<br \/>\n17.Dr blue<br \/>\n18.Blueberry on ice<br \/>\n19.Kiwi passion fruit guava<br \/>\n20.Strawberry kiwi<br \/>\n21.Peach mango<br \/>\n22.Peach ice<br \/>\n23.Red Apple ice<br \/>\n24.Blueberry bubblegum<br \/>\n25.Berry lemonade<br \/>\n26.Blue razz lemonade<br \/>\n27.Bluesour raspberry<br \/>\n28.Strawberry Red bull<br \/>\n29.Apple berry blast<br \/>\n30.Watermelon bubble gum<br \/>\n31.Raspberry watermelon<br \/>\n32.Black ice<br \/>\n33.Blueberry cherry cranberry<br \/>\n34.Strawberry pomp (pomegranate)<br \/>\n35.Vimto<br \/>\n36.Cherry berry<br \/>\n37.Lemon &amp; Lime<br \/>\n38.Bingo Crush<br \/>\n39.Blueberry kiwi<br \/>\n40.Apple Cinnamon<br \/>\n41.Banana Ice<br \/>\n42.Dragonfruit ice<br \/>\n43.Fruity fusion<br \/>\n44.Grape Mint<br \/>\n45.Love 66<br \/>\n46.Pineapple Ice<br \/>\n47.Red Energy Ice<br \/>\n48.Two Apple<br \/>\n49.Tobacco<br \/>\n50.Cola Ice<\/p>\n<h2>F\u00f6rpackningsdetaljer:<\/h2>\n<p>Enstaka bit med godisf\u00f6rpackning<br \/>\nVarje l\u00e5da inneh\u00e5ller 10 stycken<br \/>\nVarje kartong inneh\u00e5ller 200 stycken<br \/>\nvarje kartong:18 kg<br \/>\nkartongstorlek: 69,1 * 32 * 28,3 cm<\/p>\n<figure id=\"attachment_16472\" aria-describedby=\"caption-attachment-16472\" style=\"width: 1001px\" class=\"wp-caption alignnone\"><img loading=\"lazy\" decoding=\"async\" class=\"wp-image-16472 size-full\" title=\"Partihandel Fumot Randm Digital 12000 Eng\u00e5ngs Vape\" src=\"https:\/\/www.vapeswholesaler.com\/wp-content\/uploads\/2024\/06\/Wholesale-Fumot-Randm-Digital-12000-Disposable-Vape.jpg\" alt=\"Partihandel Fumot Randm Digital 12000 Eng\u00e5ngs Vape\" width=\"1001\" height=\"641\" srcset=\"https:\/\/www.vapeswholesaler.com\/wp-content\/uploads\/2024\/06\/Wholesale-Fumot-Randm-Digital-12000-Disposable-Vape.jpg 1001w, https:\/\/www.vapeswholesaler.com\/wp-content\/uploads\/2024\/06\/Wholesale-Fumot-Randm-Digital-12000-Disposable-Vape-300x192.jpg 300w, https:\/\/www.vapeswholesaler.com\/wp-content\/uploads\/2024\/06\/Wholesale-Fumot-Randm-Digital-12000-Disposable-Vape-768x492.jpg 768w, https:\/\/www.vapeswholesaler.com\/wp-content\/uploads\/2024\/06\/Wholesale-Fumot-Randm-Digital-12000-Disposable-Vape-18x12.jpg 18w, https:\/\/www.vapeswholesaler.com\/wp-content\/uploads\/2024\/06\/Wholesale-Fumot-Randm-Digital-12000-Disposable-Vape-510x327.jpg 510w\" sizes=\"auto, (max-width: 1001px) 100vw, 1001px\" \/><figcaption id=\"caption-attachment-16472\" class=\"wp-caption-text\">Partihandel Fumot Randm Digital 12000 Eng\u00e5ngs Vape<\/figcaption><\/figure>","protected":false},"excerpt":{"rendered":"<p>Minsta orderkvantitet:\u00a0<strong>50 ST.<\/strong>\u00a0(Blanda smaker)\u00a0\u00a0<strong>Fri frakt<\/strong><\/p>\n<p>\uff08<strong>2%\uff0c3%\uff0c5%<\/strong><\/p>","protected":false},"featured_media":16461,"comment_status":"open","ping_status":"closed","template":"","meta":[],"product_cat":[15],"product_tag":[338,339,340],"class_list":{"0":"post-16473","1":"product","2":"type-product","3":"status-publish","4":"has-post-thumbnail","6":"product_cat-disposable-vape","7":"product_tag-fumot-randm-digital-12k","8":"product_tag-fumot-digital-12k","9":"product_tag-fumot-digital-12000-puffs","10":"product_brand-fumot","12":"first","13":"instock","14":"shipping-taxable","15":"purchasable","16":"product-type-variable","17":"has-default-attributes"},"aioseo_notices":[],"_links":{"self":[{"href":"https:\/\/www.vapeswholesaler.com\/sv\/wp-json\/wp\/v2\/product\/16473","targetHints":{"allow":["GET"]}}],"collection":[{"href":"https:\/\/www.vapeswholesaler.com\/sv\/wp-json\/wp\/v2\/product"}],"about":[{"href":"https:\/\/www.vapeswholesaler.com\/sv\/wp-json\/wp\/v2\/types\/product"}],"replies":[{"embeddable":true,"href":"https:\/\/www.vapeswholesaler.com\/sv\/wp-json\/wp\/v2\/comments?post=16473"}],"wp:featuredmedia":[{"embeddable":true,"href":"https:\/\/www.vapeswholesaler.com\/sv\/wp-json\/wp\/v2\/media\/16461"}],"wp:attachment":[{"href":"https:\/\/www.vapeswholesaler.com\/sv\/wp-json\/wp\/v2\/media?parent=16473"}],"wp:term":[{"taxonomy":"product_cat","embeddable":true,"href":"https:\/\/www.vapeswholesaler.com\/sv\/wp-json\/wp\/v2\/product_cat?post=16473"},{"taxonomy":"product_tag","embeddable":true,"href":"https:\/\/www.vapeswholesaler.com\/sv\/wp-json\/wp\/v2\/product_tag?post=16473"}],"curies":[{"name":"wp","href":"https:\/\/api.w.org\/{rel}","templated":true}]}}