{"id":16400,"date":"2024-06-14T17:15:37","date_gmt":"2024-06-14T09:15:37","guid":{"rendered":"https:\/\/www.vapeswholesaler.com\/?post_type=product&#038;p=16400"},"modified":"2025-08-11T11:12:38","modified_gmt":"2025-08-11T03:12:38","slug":"grossist-elf-bar-raya-d3-25000-puffar-engangs-vape","status":"publish","type":"product","link":"https:\/\/www.vapeswholesaler.com\/sv\/produkt\/grossist-elf-bar-raya-d3-25000-puffar-engangs-vape","title":{"rendered":"Partihandel Elf Bar Raya D3 25000 Puffs Eng\u00e5ngs Vape"},"content":{"rendered":"<p><a href=\"https:\/\/www.vapeswholesaler.com\/sv\/produkt_varumarke\/alvbar\/\">Elf Bar<\/a> Raya D3 25000 kan n\u00e5 upp till 25000 puffar. Den \u00e4r utvecklad och producerad av Elf Bar med hj\u00e4lp av den senaste banbrytande tekniken och finns nu tillg\u00e4nglig. Elf Bar Raya D3 25000 \u00e4r utformad f\u00f6r att tillfredsst\u00e4lla dina beg\u00e4r med en uppsj\u00f6 av frestande Elf Bar-smaker. Elf Bar Raya D3 25000 \u00e4r tillverkad med precision och passion och kombinerar den senaste tekniken med en m\u00e4ngd l\u00e4ckra smaker som g\u00f6r att varje bloss blir en njutningsresa. Fr\u00e5n det \u00f6gonblick du tar ditt f\u00f6rsta drag kommer du att transporteras till ett smakparadis, d\u00e4r varje inandning \u00e4r en symfoni av smakupplevelser.<\/p>\n<p>Elf Bar Raya D3 25000 st\u00f6der 3 modeller: \"Lite\" f\u00f6r 12w uteffekt, den kan n\u00e5 upp till 25000 puffar. \"Smooth\" f\u00f6r 17w uteffekt, den kan n\u00e5 upp till 20000 puffar. \"Turbo\" f\u00f6r 30w uteffekt, den kan n\u00e5 upp till 15000 puffar.<\/p>\n<h2><strong>Elf Bar Raya D3 25000:<\/strong><\/h2>\n<ul>\n<li>23 ml f\u00f6rfylld e-v\u00e4tska<\/li>\n<li>5%(50mg) Nikotinstyrka<\/li>\n<li>Uppladdningsbart 850mAh batteri<\/li>\n<li>N\u00e5 upp till 25000 puffar<\/li>\n<li>St\u00f6d f\u00f6r typ C-laddning<\/li>\n<li>Tre modeller:<\/li>\n<li>Lite-modell - st\u00f6der 12w uteffekt: n\u00e5 upp till 25000 puffar<\/li>\n<li>Smidig modell - st\u00f6der 17w uteffekt: n\u00e5 upp till 20000 puffar.<\/li>\n<li>Turbo-modell - st\u00f6der 30w uteffekt: n\u00e5 upp till 15000 puffar.<\/li>\n<\/ul>\n<h2><strong>Tillg\u00e4ngliga smaker:<\/strong><\/h2>\n<ol>\n<li>Kiwi Ananas Is<\/li>\n<li>Dubbla \u00e4pplen<\/li>\n<li>Druva Ce<\/li>\n<li>Vmt<\/li>\n<li>Vattenme Lon Citron<\/li>\n<li>Vattenmelon Lce<\/li>\n<li>Jordgubb Druva<\/li>\n<li>Peach Lce<\/li>\n<li>Persika B\u00e4r<\/li>\n<li>Mango Persika Vattenmelon<\/li>\n<li>Mango Persika<\/li>\n<li>Kiwi Passionsfrukt Guava<\/li>\n<li>Druva K\u00f6rsb\u00e4r<\/li>\n<li>Bl\u00e5b\u00e4r Hallon<\/li>\n<li>Bl\u00e5b\u00e4r Lce<\/li>\n<\/ol>\n<h2><strong>F\u00f6rpackningsdetaljer:<\/strong><\/h2>\n<p>Singel med godisf\u00f6rpackning<br \/>\nVarje l\u00e5da inneh\u00e5ller 10 stycken<br \/>\nVarje kartong inneh\u00e5ller 200 stycken<br \/>\nKartongstorlek: 65*35*27cm<br \/>\nKartongens vikt: 21 kg<\/p>\n<p>&nbsp;<\/p>\n<p><img loading=\"lazy\" decoding=\"async\" class=\"alignnone wp-image-16395 size-full\" title=\"Partihandel Elf Bar Raya D3 25000 Puffs Eng\u00e5ngs Vape 3\" src=\"https:\/\/www.vapeswholesaler.com\/wp-content\/uploads\/2024\/06\/Wholesale-Elf-Bar-Raya-D3-25000-Puffs-Disposable-Vape-3.jpg\" alt=\"Partihandel Elf Bar Raya D3 25000 Puffs Eng\u00e5ngs Vape 3\" width=\"800\" height=\"800\" srcset=\"https:\/\/www.vapeswholesaler.com\/wp-content\/uploads\/2024\/06\/Wholesale-Elf-Bar-Raya-D3-25000-Puffs-Disposable-Vape-3.jpg 800w, https:\/\/www.vapeswholesaler.com\/wp-content\/uploads\/2024\/06\/Wholesale-Elf-Bar-Raya-D3-25000-Puffs-Disposable-Vape-3-300x300.jpg 300w, https:\/\/www.vapeswholesaler.com\/wp-content\/uploads\/2024\/06\/Wholesale-Elf-Bar-Raya-D3-25000-Puffs-Disposable-Vape-3-150x150.jpg 150w, https:\/\/www.vapeswholesaler.com\/wp-content\/uploads\/2024\/06\/Wholesale-Elf-Bar-Raya-D3-25000-Puffs-Disposable-Vape-3-768x768.jpg 768w, https:\/\/www.vapeswholesaler.com\/wp-content\/uploads\/2024\/06\/Wholesale-Elf-Bar-Raya-D3-25000-Puffs-Disposable-Vape-3-12x12.jpg 12w, https:\/\/www.vapeswholesaler.com\/wp-content\/uploads\/2024\/06\/Wholesale-Elf-Bar-Raya-D3-25000-Puffs-Disposable-Vape-3-247x247.jpg 247w, https:\/\/www.vapeswholesaler.com\/wp-content\/uploads\/2024\/06\/Wholesale-Elf-Bar-Raya-D3-25000-Puffs-Disposable-Vape-3-510x510.jpg 510w, https:\/\/www.vapeswholesaler.com\/wp-content\/uploads\/2024\/06\/Wholesale-Elf-Bar-Raya-D3-25000-Puffs-Disposable-Vape-3-100x100.jpg 100w\" sizes=\"auto, (max-width: 800px) 100vw, 800px\" \/><\/p>","protected":false},"excerpt":{"rendered":"<p>Minsta orderkvantitet: <strong>100 st<\/strong> (Blanda smaker) <strong>Fri frakt<\/strong><\/p>\n<p>(5% Nic) <strong>EU-lager<\/strong> Leveranstid <strong>6-7 working days<\/strong><\/p>","protected":false},"featured_media":16399,"comment_status":"open","ping_status":"closed","template":"","meta":[],"product_cat":[15],"product_tag":[373,398],"class_list":{"0":"post-16400","1":"product","2":"type-product","3":"status-publish","4":"has-post-thumbnail","6":"product_cat-disposable-vape","7":"product_tag-europe-warehouse","8":"product_tag-elf-bar","9":"product_brand-elf-bar","11":"first","12":"instock","13":"shipping-taxable","14":"purchasable","15":"product-type-variable","16":"has-default-attributes"},"aioseo_notices":[],"_links":{"self":[{"href":"https:\/\/www.vapeswholesaler.com\/sv\/wp-json\/wp\/v2\/product\/16400","targetHints":{"allow":["GET"]}}],"collection":[{"href":"https:\/\/www.vapeswholesaler.com\/sv\/wp-json\/wp\/v2\/product"}],"about":[{"href":"https:\/\/www.vapeswholesaler.com\/sv\/wp-json\/wp\/v2\/types\/product"}],"replies":[{"embeddable":true,"href":"https:\/\/www.vapeswholesaler.com\/sv\/wp-json\/wp\/v2\/comments?post=16400"}],"wp:featuredmedia":[{"embeddable":true,"href":"https:\/\/www.vapeswholesaler.com\/sv\/wp-json\/wp\/v2\/media\/16399"}],"wp:attachment":[{"href":"https:\/\/www.vapeswholesaler.com\/sv\/wp-json\/wp\/v2\/media?parent=16400"}],"wp:term":[{"taxonomy":"product_cat","embeddable":true,"href":"https:\/\/www.vapeswholesaler.com\/sv\/wp-json\/wp\/v2\/product_cat?post=16400"},{"taxonomy":"product_tag","embeddable":true,"href":"https:\/\/www.vapeswholesaler.com\/sv\/wp-json\/wp\/v2\/product_tag?post=16400"}],"curies":[{"name":"wp","href":"https:\/\/api.w.org\/{rel}","templated":true}]}}