{"id":16355,"date":"2024-06-14T15:23:10","date_gmt":"2024-06-14T07:23:10","guid":{"rendered":"https:\/\/www.vapeswholesaler.com\/?post_type=product&#038;p=16355"},"modified":"2025-03-05T14:43:20","modified_gmt":"2025-03-05T06:43:20","slug":"grossist-lavie-eternal-10000-puffar-engangs-vape","status":"publish","type":"product","link":"https:\/\/www.vapeswholesaler.com\/sv\/produkt\/grossist-lavie-eternal-10000-puffar-engangs-vape","title":{"rendered":"Partihandel Lavie Eternal 10000 Puffs Eng\u00e5ngs Vape"},"content":{"rendered":"<p>LAVIE ETERNAL 10000 \u00e4r en uppladdningsbar vape f\u00f6r eng\u00e5ngsbruk med en modern och ny design, mycket aff\u00e4rsm\u00e4ssig. Den har en displaysk\u00e4rm som kan visa effekt och br\u00e4nsleniv\u00e5. Den har ett helt metallh\u00f6lje och k\u00e4nns bra i handen. Den \u00e4r utrustad med mesh-spole, s\u00e5 vi kan k\u00e4nna mer stimulering n\u00e4r vi vaping. Vi har ocks\u00e5 utvecklat 12 underbara smaker specifikt baserade p\u00e5 den h\u00e4r enheten, med en smidig k\u00e4nsla och stark smak. Batteriet \u00e4r uppladdningsbart vilket g\u00f6r att det h\u00e5ller max 10000 puffar.<\/p>\n<h2><strong>LAVIE ETERNAL 10000 Puffs:<\/strong><\/h2>\n<ul>\n<li>Storlek: 29,7*21,7*113,7 mm<\/li>\n<li>Batteri: 550 mAh<\/li>\n<li>Puffar: 10000 puffar<\/li>\n<li>Eliquid-kapacitet: 18 ml<\/li>\n<li>Salt Nic.2%,5%.OEM<\/li>\n<li>Nettovikt: 56g<\/li>\n<li>Bruttovikt: 65g<\/li>\n<li>Mesh spole: Mesh 1.0\u03a9<\/li>\n<li>Material: Aluminiumlegering Aluminiumlegering+PCTG<\/li>\n<\/ul>\n<h2><strong>Tillg\u00e4ngliga smaker:<\/strong><\/h2>\n<ol>\n<li>Kaffe<\/li>\n<li>vattenmelon<\/li>\n<li>Lila druva<\/li>\n<li>Dubbla \u00e4pplen<\/li>\n<li>Mint<\/li>\n<li>Mango<\/li>\n<li>Passionsfrukt<\/li>\n<li>Lemon Cola<\/li>\n<li>Mojto<\/li>\n<li>Yakult<\/li>\n<li>Jordgubb Mango<\/li>\n<li>Blandade b\u00e4r<\/li>\n<\/ol>\n<h2><strong>F\u00f6rpackningsdetaljer:<\/strong><\/h2>\n<p>10st\/ Med Box<br \/>\nM\u00c5TT: 375*260*278mm<br \/>\nQTY: 200 st\/kartong<br \/>\nGW: 14KG<\/p>\n<figure id=\"attachment_16354\" aria-describedby=\"caption-attachment-16354\" style=\"width: 800px\" class=\"wp-caption alignnone\"><img loading=\"lazy\" decoding=\"async\" class=\"wp-image-16354 size-full\" title=\"Partihandel Lavie Eternal 10000 Puffs Eng\u00e5ngs Vape\" src=\"https:\/\/www.vapeswholesaler.com\/wp-content\/uploads\/2024\/06\/Wholesale-Lavie-Eternal-10000-Puffs-Disposable-Vape.webp\" alt=\"Partihandel Lavie Eternal 10000 Puffs Eng\u00e5ngs Vape\" width=\"800\" height=\"382\" srcset=\"https:\/\/www.vapeswholesaler.com\/wp-content\/uploads\/2024\/06\/Wholesale-Lavie-Eternal-10000-Puffs-Disposable-Vape.webp 800w, https:\/\/www.vapeswholesaler.com\/wp-content\/uploads\/2024\/06\/Wholesale-Lavie-Eternal-10000-Puffs-Disposable-Vape-300x143.webp 300w, https:\/\/www.vapeswholesaler.com\/wp-content\/uploads\/2024\/06\/Wholesale-Lavie-Eternal-10000-Puffs-Disposable-Vape-768x367.webp 768w, https:\/\/www.vapeswholesaler.com\/wp-content\/uploads\/2024\/06\/Wholesale-Lavie-Eternal-10000-Puffs-Disposable-Vape-18x9.webp 18w, https:\/\/www.vapeswholesaler.com\/wp-content\/uploads\/2024\/06\/Wholesale-Lavie-Eternal-10000-Puffs-Disposable-Vape-510x244.webp 510w\" sizes=\"auto, (max-width: 800px) 100vw, 800px\" \/><figcaption id=\"caption-attachment-16354\" class=\"wp-caption-text\">Partihandel Lavie Eternal 10000 Puffs Eng\u00e5ngs Vape<\/figcaption><\/figure>\n<p>&nbsp;<\/p>","protected":false},"excerpt":{"rendered":"<p>Minsta orderkvantitet:\u00a0<strong>50 STYCKEN<\/strong>\u00a0(Blanda smaker)\u00a0\u00a0<strong>Fri frakt<\/strong><\/p>\n<p>(<strong>2%, 5% Nic<\/strong>)<\/p>","protected":false},"featured_media":16352,"comment_status":"open","ping_status":"closed","template":"","meta":[],"product_cat":[15],"product_tag":[],"class_list":{"0":"post-16355","1":"product","2":"type-product","3":"status-publish","4":"has-post-thumbnail","6":"product_cat-disposable-vape","7":"product_brand-lavie","9":"first","10":"instock","11":"shipping-taxable","12":"purchasable","13":"product-type-variable","14":"has-default-attributes"},"aioseo_notices":[],"_links":{"self":[{"href":"https:\/\/www.vapeswholesaler.com\/sv\/wp-json\/wp\/v2\/product\/16355","targetHints":{"allow":["GET"]}}],"collection":[{"href":"https:\/\/www.vapeswholesaler.com\/sv\/wp-json\/wp\/v2\/product"}],"about":[{"href":"https:\/\/www.vapeswholesaler.com\/sv\/wp-json\/wp\/v2\/types\/product"}],"replies":[{"embeddable":true,"href":"https:\/\/www.vapeswholesaler.com\/sv\/wp-json\/wp\/v2\/comments?post=16355"}],"wp:featuredmedia":[{"embeddable":true,"href":"https:\/\/www.vapeswholesaler.com\/sv\/wp-json\/wp\/v2\/media\/16352"}],"wp:attachment":[{"href":"https:\/\/www.vapeswholesaler.com\/sv\/wp-json\/wp\/v2\/media?parent=16355"}],"wp:term":[{"taxonomy":"product_cat","embeddable":true,"href":"https:\/\/www.vapeswholesaler.com\/sv\/wp-json\/wp\/v2\/product_cat?post=16355"},{"taxonomy":"product_tag","embeddable":true,"href":"https:\/\/www.vapeswholesaler.com\/sv\/wp-json\/wp\/v2\/product_tag?post=16355"}],"curies":[{"name":"wp","href":"https:\/\/api.w.org\/{rel}","templated":true}]}}