{"id":16322,"date":"2024-06-14T14:48:06","date_gmt":"2024-06-14T06:48:06","guid":{"rendered":"https:\/\/www.vapeswholesaler.com\/?post_type=product&#038;p=16322"},"modified":"2025-03-12T19:19:44","modified_gmt":"2025-03-12T11:19:44","slug":"grossist-elf-bar-fs18000-puffar-engangs-vape","status":"publish","type":"product","link":"https:\/\/www.vapeswholesaler.com\/sv\/produkt\/grossist-elf-bar-fs18000-puffar-engangs-vape","title":{"rendered":"Partihandel ELF BAR FS18000 Puffs Eng\u00e5ngs Vape"},"content":{"rendered":"<p><a href=\"https:\/\/www.vapeswholesaler.com\/sv\/produkt_varumarke\/alvbar\/\">ELF BAR<\/a> FS18000 Disposable Vape inleder en ny era av vaping med sina innovativa justerbara l\u00e4gen, dual mesh coil-system och ett levande anv\u00e4ndargr\u00e4nssnitt med platt sk\u00e4rm. Upplev vaping som aldrig f\u00f6rr med upp till 18000 puffar och ett urval av 30 lockande smaker.<\/p>\n<p>ELF BAR FS18000 Puff eng\u00e5ngsvape. Med justerbara l\u00e4gen, en dubbel mesh-spole och en livlig platt sk\u00e4rm med ett f\u00e4rgglatt anv\u00e4ndargr\u00e4nssnitt erbjuder denna eng\u00e5ngsvape en smidig och smakrik vapingupplevelse i upp till 18000 puffar.<\/p>\n<p>ELF BAR FS18000 Dual Vaping Modes: V\u00e4lj mellan Boost-l\u00e4ge f\u00f6r intensiv smak eller Smooth-l\u00e4ge f\u00f6r fler puffar. Avancerad spole med dubbla n\u00e4t: Upplev j\u00e4mn, rik \u00e5nga med varje bloss.<br \/>\nAnv\u00e4ndarv\u00e4nlig platt sk\u00e4rm: Navigera bland inst\u00e4llningar och preferenser med ett intuitivt och f\u00e4rgglatt anv\u00e4ndargr\u00e4nssnitt.<br \/>\nIndikatorer i realtid: H\u00e5ll dig informerad med tydliga displayer f\u00f6r batteri- och e-v\u00e4tskeniv\u00e5.<br \/>\nExpansiv smakvariation: Njut av ett spektrum av 30 olika smaker som \u00e4r skr\u00e4ddarsydda f\u00f6r att passa alla smaker.<\/p>\n<h2><strong>ELFBAR FS18000 Puffs:<\/strong><\/h2>\n<ul>\n<li>Uppladdningsbart inbyggt batteri<\/li>\n<li>Antal puffar: Cirka 18000 (Smooth Mode)\/10000 puffar (Boost Mode)<\/li>\n<li>F\u00f6rfylld E-Juice<\/li>\n<li>Olika Vaping-l\u00e4gen: Smooth\/Boost-l\u00e4ge<\/li>\n<li>Platt sk\u00e4rm med f\u00e4rgstarkt anv\u00e4ndargr\u00e4nssnitt<\/li>\n<li>Spole med dubbla n\u00e4t<\/li>\n<li>5%(50mg) Nikotinstyrka<\/li>\n<li>Laddning via USB typ C (ing\u00e5r ej)<\/li>\n<li>Rita-aktiverad<\/li>\n<li>MTL Vaping<\/li>\n<\/ul>\n<h2><strong>Tillg\u00e4ngliga smaker:<\/strong><\/h2>\n<ol>\n<li>Persika is<\/li>\n<li>Persika B\u00e4r<\/li>\n<li>Bl\u00e5b\u00e4r Hallon<\/li>\n<li>Vattenmelon Citron<\/li>\n<li>Bj\u00f6rnb\u00e4r Tranb\u00e4r<\/li>\n<li>K\u00f6rsb\u00e4rs- och persikoliknande lemonad<\/li>\n<li>Orange vattenmelon<\/li>\n<li>Tranb\u00e4r<\/li>\n<li>Citronmynta<\/li>\n<li>Grape Ice<\/li>\n<li>Vattenmelon Bubble Gum<\/li>\n<li>Dubbla \u00e4pplen<\/li>\n<li>Vattenmelon-is<\/li>\n<li>Kiwi Ananas Is<\/li>\n<li>Druva K\u00f6rsb\u00e4r<\/li>\n<li>Pomogranat Kokosn\u00f6t<\/li>\n<li>Bluberry Razz Lemon<\/li>\n<li>Druva Hallon<\/li>\n<li>Jordgubb Druva<\/li>\n<\/ol>\n<h2>F\u00f6rpackningsdetaljer:<\/h2>\n<p>0.11KG\/PCS, singel med liten f\u00f6rpackning<\/p>\n<p>10 st i en mediuml\u00e5da.<\/p>\n<p>200 st i huvudkartong, 22 kg.<\/p>\n<p>&nbsp;<\/p>\n<figure style=\"width: 800px\" class=\"wp-caption alignnone\"><img loading=\"lazy\" decoding=\"async\" class=\"wp-image-16319 size-full\" title=\"Partihandel ELF BAR FS18000 Puffs Eng\u00e5ngs Vape 5\" src=\"https:\/\/www.vapeswholesaler.com\/wp-content\/uploads\/2024\/06\/Wholesale-ELF-BAR-FS18000-Puffs-Disposable-Vape-5.webp\" alt=\"Partihandel ELF BAR FS18000 Puffs Eng\u00e5ngs Vape 5\" width=\"800\" height=\"800\" srcset=\"https:\/\/www.vapeswholesaler.com\/wp-content\/uploads\/2024\/06\/Wholesale-ELF-BAR-FS18000-Puffs-Disposable-Vape-5.webp 800w, https:\/\/www.vapeswholesaler.com\/wp-content\/uploads\/2024\/06\/Wholesale-ELF-BAR-FS18000-Puffs-Disposable-Vape-5-300x300.webp 300w, https:\/\/www.vapeswholesaler.com\/wp-content\/uploads\/2024\/06\/Wholesale-ELF-BAR-FS18000-Puffs-Disposable-Vape-5-150x150.webp 150w, https:\/\/www.vapeswholesaler.com\/wp-content\/uploads\/2024\/06\/Wholesale-ELF-BAR-FS18000-Puffs-Disposable-Vape-5-768x768.webp 768w, https:\/\/www.vapeswholesaler.com\/wp-content\/uploads\/2024\/06\/Wholesale-ELF-BAR-FS18000-Puffs-Disposable-Vape-5-12x12.webp 12w, https:\/\/www.vapeswholesaler.com\/wp-content\/uploads\/2024\/06\/Wholesale-ELF-BAR-FS18000-Puffs-Disposable-Vape-5-247x247.webp 247w, https:\/\/www.vapeswholesaler.com\/wp-content\/uploads\/2024\/06\/Wholesale-ELF-BAR-FS18000-Puffs-Disposable-Vape-5-510x510.webp 510w, https:\/\/www.vapeswholesaler.com\/wp-content\/uploads\/2024\/06\/Wholesale-ELF-BAR-FS18000-Puffs-Disposable-Vape-5-100x100.webp 100w\" sizes=\"auto, (max-width: 800px) 100vw, 800px\" \/><figcaption class=\"wp-caption-text\">Partihandel ELF BAR FS18000 Puffs Eng\u00e5ngs Vape<\/figcaption><\/figure>\n<p>&nbsp;<\/p>","protected":false},"excerpt":{"rendered":"<p>Minsta orderkvantitet: <strong>5000<\/strong> PCS (blanda smaker)\u00a0 <strong>Fri frakt<\/strong><\/p>\n<p>\uff08<strong>2%\uff0c5% Nic <\/strong>)<\/p>","protected":false},"featured_media":16315,"comment_status":"open","ping_status":"closed","template":"","meta":[],"product_cat":[15],"product_tag":[],"class_list":{"0":"post-16322","1":"product","2":"type-product","3":"status-publish","4":"has-post-thumbnail","6":"product_cat-disposable-vape","7":"product_brand-elf-bar","9":"first","10":"outofstock","11":"shipping-taxable","12":"purchasable","13":"product-type-variable","14":"has-default-attributes"},"aioseo_notices":[],"_links":{"self":[{"href":"https:\/\/www.vapeswholesaler.com\/sv\/wp-json\/wp\/v2\/product\/16322","targetHints":{"allow":["GET"]}}],"collection":[{"href":"https:\/\/www.vapeswholesaler.com\/sv\/wp-json\/wp\/v2\/product"}],"about":[{"href":"https:\/\/www.vapeswholesaler.com\/sv\/wp-json\/wp\/v2\/types\/product"}],"replies":[{"embeddable":true,"href":"https:\/\/www.vapeswholesaler.com\/sv\/wp-json\/wp\/v2\/comments?post=16322"}],"wp:featuredmedia":[{"embeddable":true,"href":"https:\/\/www.vapeswholesaler.com\/sv\/wp-json\/wp\/v2\/media\/16315"}],"wp:attachment":[{"href":"https:\/\/www.vapeswholesaler.com\/sv\/wp-json\/wp\/v2\/media?parent=16322"}],"wp:term":[{"taxonomy":"product_cat","embeddable":true,"href":"https:\/\/www.vapeswholesaler.com\/sv\/wp-json\/wp\/v2\/product_cat?post=16322"},{"taxonomy":"product_tag","embeddable":true,"href":"https:\/\/www.vapeswholesaler.com\/sv\/wp-json\/wp\/v2\/product_tag?post=16322"}],"curies":[{"name":"wp","href":"https:\/\/api.w.org\/{rel}","templated":true}]}}