{"id":16235,"date":"2024-06-13T22:41:56","date_gmt":"2024-06-13T14:41:56","guid":{"rendered":"https:\/\/www.vapeswholesaler.com\/?post_type=product&#038;p=16235"},"modified":"2025-03-05T14:45:47","modified_gmt":"2025-03-05T06:45:47","slug":"grossist-lavie-kub-20000-puffar-engangs-vape","status":"publish","type":"product","link":"https:\/\/www.vapeswholesaler.com\/sv\/produkt\/grossist-lavie-kub-20000-puffar-engangs-vape","title":{"rendered":"Partihandel Lavie Cube 20000 Puffs Eng\u00e5ngs Vape"},"content":{"rendered":"<p>Lavie Cube 20000 \u00e4r en eng\u00e5ngs vape-enhet utrustad med en batteri- och ejuice-niv\u00e5display. Utrustad med ett h\u00f6gpresterande 600mAh-batteri f\u00f6r att s\u00e4kerst\u00e4lla l\u00e5ngvarig batteritid, s\u00e5 att du kan njuta av vape utan frekvent laddning. Samtidigt s\u00e4kerst\u00e4ller dess 28 ml br\u00e4nsletankskapacitet f\u00f6rl\u00e4ngd r\u00f6ktid f\u00f6r att du ska kunna njuta till fullo. Lavie Cube 20000 erbjuder ocks\u00e5 en m\u00e4ngd olika nikotininneh\u00e5llsalternativ p\u00e5 2%\/5% f\u00f6r att tillgodose behoven hos alla typer av r\u00f6kare. Deras varierade smakval \u00e4r lika imponerande, med 16 klassiska uppfriskande smaker, fr\u00e5n traditionell tobak till fruktiga blandningar, vilket s\u00e4kerst\u00e4ller att det finns n\u00e5got f\u00f6r alla.<\/p>\n<h2><strong>Lavie Cube 20000 Puffs:<\/strong><\/h2>\n<ul>\n<li>Storlek: 112*40*17,5mm<\/li>\n<li>Batteri: 600 mAh<\/li>\n<li>Puffar: 20000 puffar<\/li>\n<li>Eliquid-kapacitet: 28 ml<\/li>\n<li>Salt Nic.2%,5%.OEM<\/li>\n<li>Nettovikt: 74g<\/li>\n<li>N\u00e4tspole: Spole med dubbelt n\u00e4t<\/li>\n<li>Material: PC,METALL<\/li>\n<li>Best\u00e4ndighet:1.0\u03a9<\/li>\n<li>Typ:displaysk\u00e4rm<\/li>\n<\/ul>\n<h2><strong>Tillg\u00e4ngliga smaker:<\/strong><\/h2>\n<ol>\n<li>Jordgubb kiwi is<\/li>\n<li>Aloe vera grape ice<\/li>\n<li>Jordgubbar vattenmelon<\/li>\n<li>Is med bj\u00f6rnb\u00e4r och k\u00e4rnk\u00f6rsb\u00e4r<\/li>\n<li>Druv-is<\/li>\n<li>Mint-is<\/li>\n<li>Bacco<\/li>\n<li>Mango monster<\/li>\n<li>Bl\u00e5b\u00e4r hallon druva<\/li>\n<li>Passionsfrukt kiwi guava<\/li>\n<li>Dubbelt \u00e4pple<\/li>\n<li>Citron cola<\/li>\n<li>Jordgubbs-lychee-is<\/li>\n<li>Vattenmelon-is<\/li>\n<li>Bl\u00e5b\u00e4r hallon bubbelgum<\/li>\n<li>Taro-glass<\/li>\n<\/ol>\n<h2><strong>F\u00f6rpackningsdetaljer:<\/strong><\/h2>\n<p>Kartongstorlek: 645 * 378 * 230 mm<br \/>\nF\u00f6rpackningsvikt:<br \/>\nN\/W:14.6KG<br \/>\nVIKT\/VIKT:18KG<br \/>\nAntal: 200 st\/kartong<\/p>\n<figure id=\"attachment_16234\" aria-describedby=\"caption-attachment-16234\" style=\"width: 800px\" class=\"wp-caption alignnone\"><img loading=\"lazy\" decoding=\"async\" class=\"wp-image-16234 size-full\" title=\"Partihandel Lavie Cube 20000 Puffs Eng\u00e5ngs Vape\" src=\"https:\/\/www.vapeswholesaler.com\/wp-content\/uploads\/2024\/06\/Wholesale-Lavie-Cube-20000-Puffs-Disposable-Vape.webp\" alt=\"Partihandel Lavie Cube 20000 Puffs Eng\u00e5ngs Vape\" width=\"800\" height=\"550\" srcset=\"https:\/\/www.vapeswholesaler.com\/wp-content\/uploads\/2024\/06\/Wholesale-Lavie-Cube-20000-Puffs-Disposable-Vape.webp 800w, https:\/\/www.vapeswholesaler.com\/wp-content\/uploads\/2024\/06\/Wholesale-Lavie-Cube-20000-Puffs-Disposable-Vape-300x206.webp 300w, https:\/\/www.vapeswholesaler.com\/wp-content\/uploads\/2024\/06\/Wholesale-Lavie-Cube-20000-Puffs-Disposable-Vape-768x528.webp 768w, https:\/\/www.vapeswholesaler.com\/wp-content\/uploads\/2024\/06\/Wholesale-Lavie-Cube-20000-Puffs-Disposable-Vape-18x12.webp 18w, https:\/\/www.vapeswholesaler.com\/wp-content\/uploads\/2024\/06\/Wholesale-Lavie-Cube-20000-Puffs-Disposable-Vape-510x351.webp 510w\" sizes=\"auto, (max-width: 800px) 100vw, 800px\" \/><figcaption id=\"caption-attachment-16234\" class=\"wp-caption-text\">Partihandel Lavie Cube 20000 Puffs Eng\u00e5ngs Vape<\/figcaption><\/figure>","protected":false},"excerpt":{"rendered":"<p>Minsta orderkvantitet:\u00a0<strong>50 ST.<\/strong>\u00a0(Blanda smaker)\u00a0\u00a0<strong>Fri frakt<\/strong><\/p>\n<p>(<strong>2%, 5% Nic<\/strong>)<\/p>","protected":false},"featured_media":16233,"comment_status":"open","ping_status":"closed","template":"","meta":[],"product_cat":[15],"product_tag":[],"class_list":{"0":"post-16235","1":"product","2":"type-product","3":"status-publish","4":"has-post-thumbnail","6":"product_cat-disposable-vape","7":"product_brand-lavie","9":"first","10":"instock","11":"shipping-taxable","12":"purchasable","13":"product-type-variable","14":"has-default-attributes"},"aioseo_notices":[],"_links":{"self":[{"href":"https:\/\/www.vapeswholesaler.com\/sv\/wp-json\/wp\/v2\/product\/16235","targetHints":{"allow":["GET"]}}],"collection":[{"href":"https:\/\/www.vapeswholesaler.com\/sv\/wp-json\/wp\/v2\/product"}],"about":[{"href":"https:\/\/www.vapeswholesaler.com\/sv\/wp-json\/wp\/v2\/types\/product"}],"replies":[{"embeddable":true,"href":"https:\/\/www.vapeswholesaler.com\/sv\/wp-json\/wp\/v2\/comments?post=16235"}],"wp:featuredmedia":[{"embeddable":true,"href":"https:\/\/www.vapeswholesaler.com\/sv\/wp-json\/wp\/v2\/media\/16233"}],"wp:attachment":[{"href":"https:\/\/www.vapeswholesaler.com\/sv\/wp-json\/wp\/v2\/media?parent=16235"}],"wp:term":[{"taxonomy":"product_cat","embeddable":true,"href":"https:\/\/www.vapeswholesaler.com\/sv\/wp-json\/wp\/v2\/product_cat?post=16235"},{"taxonomy":"product_tag","embeddable":true,"href":"https:\/\/www.vapeswholesaler.com\/sv\/wp-json\/wp\/v2\/product_tag?post=16235"}],"curies":[{"name":"wp","href":"https:\/\/api.w.org\/{rel}","templated":true}]}}