{"id":16193,"date":"2024-06-13T17:55:54","date_gmt":"2024-06-13T09:55:54","guid":{"rendered":"https:\/\/www.vapeswholesaler.com\/?post_type=product&#038;p=16193"},"modified":"2025-02-23T14:43:50","modified_gmt":"2025-02-23T06:43:50","slug":"grossist-lavie-plus-15000-puffar-engangs-vape","status":"publish","type":"product","link":"https:\/\/www.vapeswholesaler.com\/sv\/produkt\/grossist-lavie-plus-15000-puffar-engangs-vape","title":{"rendered":"Partihandel Lavie Plus+ 15000 Puffs Eng\u00e5ngs Vape"},"content":{"rendered":"<p>Lavie Plus+ 15000 Puffs Led Display Disposable E-Cigarettes, en h\u00f6gpresterande enhet designad f\u00f6r vapers som s\u00f6ker b\u00e5de kvalitet och bekv\u00e4mlighet. Med en imponerande kapacitet p\u00e5 15000 puffar garanterar denna e-cigarett f\u00f6r eng\u00e5ngsbruk l\u00e5ngvarig njutning utan frekventa byten.<\/p>\n<p>Utrustad med en avancerad mesh-spolk\u00e4rna p\u00e5 1,0 ohm ger varje bloss en j\u00e4mn och smakrik \u00e5nga. Den gener\u00f6sa 25 ml e-v\u00e4tskekapaciteten m\u00f6jligg\u00f6r l\u00e5ngvariga vaping-sessioner, vilket ger dig gott om m\u00f6jligheter att njuta av dina favoritsmaker.<\/p>\n<p>Anpassa din upplevelse med en rad olika nikotinstyrkor: 0%, 2%, 3% och 5%. Denna variation s\u00e4kerst\u00e4ller att du kan hitta den perfekta balansen som passar dina preferenser. Lavie Plus+ 15000 drivs av ett h\u00e5llbart 4000-batteri och erbjuder l\u00e5ngvarig prestanda, och den uppladdningsbara Type-C-porten s\u00e4kerst\u00e4ller snabb och effektiv laddning.<\/p>\n<p>Den inbyggda LED-displayen ger information i realtid om dina inst\u00e4llningar och batteritid, vilket ger en s\u00f6ml\u00f6s och v\u00e4linformerad r\u00f6kupplevelse. Med en vikt p\u00e5 endast 100 g \u00e4r den h\u00e4r e-cigaretten l\u00e4tt och b\u00e4rbar, vilket g\u00f6r den perfekt f\u00f6r att r\u00f6ka p\u00e5 resan.<\/p>\n<p>Upplev Lavie Plus+ 15000 Puffs LED Display Disposable E-Cigarettes och f\u00f6rh\u00f6j din vapingresa med dess exceptionella prestanda, bekv\u00e4mlighet och anpassningsbara funktioner. Njut av den perfekta kombinationen av teknik och smak med denna innovativa eng\u00e5ngs-e-cigarett.<\/p>\n<h2><strong><a href=\"https:\/\/www.vapeswholesaler.com\/sv\/produkt_varumarke\/lavie\/\">Lavie<\/a> Plus+ 15000 puffar:<\/strong><\/h2>\n<ul>\n<li>Storlek: 83*53*27mm<\/li>\n<li>Batteri: 400 mAh<\/li>\n<li>Puffar: 15000 puffar<\/li>\n<li>Eliquid-kapacitet: 25 ml<\/li>\n<li>Salt Nic.2%,5%.OEM<\/li>\n<li>Nettovikt: 50,4 g<\/li>\n<li>N\u00e4tspole: Spole med dubbelt n\u00e4t<\/li>\n<li>Material: PC,PCTG<\/li>\n<li>Best\u00e4ndighet:1.0\u03a9<\/li>\n<li>Typ:Stor display<\/li>\n<\/ul>\n<h2><strong>Tillg\u00e4ngliga smaker:<\/strong><\/h2>\n<ol>\n<li>Kalifornien K\u00f6rsb\u00e4r<\/li>\n<li>Juicy Peach Ice<\/li>\n<li>Mango Ananas Godis<\/li>\n<li>Mexiko Mango<\/li>\n<li>Miami Mint<\/li>\n<li>Rosa lemonad<\/li>\n<li>Sur \u00e4pple-is<\/li>\n<li>Jordgubb Mango<\/li>\n<li>Tropical Rainbow Blast<\/li>\n<li>Vattenmelon-is<\/li>\n<li>Blue Razz Ice<\/li>\n<li>Meta Moon<\/li>\n<\/ol>\n<h2><strong>F\u00f6rpackningsdetaljer:<\/strong><\/h2>\n<p>1 st\/f\u00f6rpackning<br \/>\n5 f\u00f6rpackningar\/l\u00e5da<br \/>\n200 st\/kartong<br \/>\n20 kg\/kartong<\/p>\n<figure id=\"attachment_16191\" aria-describedby=\"caption-attachment-16191\" style=\"width: 800px\" class=\"wp-caption alignnone\"><img loading=\"lazy\" decoding=\"async\" class=\"wp-image-16191 size-full\" title=\"Partihandel Lavie Plus+ 15000 Puffs Eng\u00e5ngsvape Kalifornien K\u00f6rsb\u00e4r\" src=\"https:\/\/www.vapeswholesaler.com\/wp-content\/uploads\/2024\/06\/Wholesale-Lavie-Plus-15000-Puffs-Disposable-Vape-California-Cherry.webp\" alt=\"Partihandel Lavie Plus+ 15000 Puffs Eng\u00e5ngsvape Kalifornien K\u00f6rsb\u00e4r\" width=\"800\" height=\"800\" srcset=\"https:\/\/www.vapeswholesaler.com\/wp-content\/uploads\/2024\/06\/Wholesale-Lavie-Plus-15000-Puffs-Disposable-Vape-California-Cherry.webp 800w, https:\/\/www.vapeswholesaler.com\/wp-content\/uploads\/2024\/06\/Wholesale-Lavie-Plus-15000-Puffs-Disposable-Vape-California-Cherry-300x300.webp 300w, https:\/\/www.vapeswholesaler.com\/wp-content\/uploads\/2024\/06\/Wholesale-Lavie-Plus-15000-Puffs-Disposable-Vape-California-Cherry-150x150.webp 150w, https:\/\/www.vapeswholesaler.com\/wp-content\/uploads\/2024\/06\/Wholesale-Lavie-Plus-15000-Puffs-Disposable-Vape-California-Cherry-768x768.webp 768w, https:\/\/www.vapeswholesaler.com\/wp-content\/uploads\/2024\/06\/Wholesale-Lavie-Plus-15000-Puffs-Disposable-Vape-California-Cherry-12x12.webp 12w, https:\/\/www.vapeswholesaler.com\/wp-content\/uploads\/2024\/06\/Wholesale-Lavie-Plus-15000-Puffs-Disposable-Vape-California-Cherry-247x247.webp 247w, https:\/\/www.vapeswholesaler.com\/wp-content\/uploads\/2024\/06\/Wholesale-Lavie-Plus-15000-Puffs-Disposable-Vape-California-Cherry-510x510.webp 510w, https:\/\/www.vapeswholesaler.com\/wp-content\/uploads\/2024\/06\/Wholesale-Lavie-Plus-15000-Puffs-Disposable-Vape-California-Cherry-100x100.webp 100w\" sizes=\"auto, (max-width: 800px) 100vw, 800px\" \/><figcaption id=\"caption-attachment-16191\" class=\"wp-caption-text\">Partihandel Lavie Plus+ 15000 Puffs Eng\u00e5ngs Vape<\/figcaption><\/figure>","protected":false},"excerpt":{"rendered":"<p>Minsta orderkvantitet:\u00a0<strong>50 ST.<\/strong>\u00a0(Blanda smaker)\u00a0\u00a0<strong>Fri frakt<\/strong><\/p>\n<p>(<strong>2%, 5% Nic<\/strong>)<\/p>","protected":false},"featured_media":16189,"comment_status":"open","ping_status":"closed","template":"","meta":[],"product_cat":[15],"product_tag":[],"class_list":{"0":"post-16193","1":"product","2":"type-product","3":"status-publish","4":"has-post-thumbnail","6":"product_cat-disposable-vape","7":"product_brand-lavie","9":"first","10":"outofstock","11":"shipping-taxable","12":"purchasable","13":"product-type-variable","14":"has-default-attributes"},"aioseo_notices":[],"_links":{"self":[{"href":"https:\/\/www.vapeswholesaler.com\/sv\/wp-json\/wp\/v2\/product\/16193","targetHints":{"allow":["GET"]}}],"collection":[{"href":"https:\/\/www.vapeswholesaler.com\/sv\/wp-json\/wp\/v2\/product"}],"about":[{"href":"https:\/\/www.vapeswholesaler.com\/sv\/wp-json\/wp\/v2\/types\/product"}],"replies":[{"embeddable":true,"href":"https:\/\/www.vapeswholesaler.com\/sv\/wp-json\/wp\/v2\/comments?post=16193"}],"wp:featuredmedia":[{"embeddable":true,"href":"https:\/\/www.vapeswholesaler.com\/sv\/wp-json\/wp\/v2\/media\/16189"}],"wp:attachment":[{"href":"https:\/\/www.vapeswholesaler.com\/sv\/wp-json\/wp\/v2\/media?parent=16193"}],"wp:term":[{"taxonomy":"product_cat","embeddable":true,"href":"https:\/\/www.vapeswholesaler.com\/sv\/wp-json\/wp\/v2\/product_cat?post=16193"},{"taxonomy":"product_tag","embeddable":true,"href":"https:\/\/www.vapeswholesaler.com\/sv\/wp-json\/wp\/v2\/product_tag?post=16193"}],"curies":[{"name":"wp","href":"https:\/\/api.w.org\/{rel}","templated":true}]}}