{"id":16115,"date":"2024-06-13T11:39:27","date_gmt":"2024-06-13T03:39:27","guid":{"rendered":"https:\/\/www.vapeswholesaler.com\/?post_type=product&#038;p=16115"},"modified":"2025-11-20T11:23:29","modified_gmt":"2025-11-20T03:23:29","slug":"grossist-bang-king-30k-dubbel-smak-engangs-vape","status":"publish","type":"product","link":"https:\/\/www.vapeswholesaler.com\/sv\/produkt\/grossist-bang-king-30k-dubbel-smak-engangs-vape","title":{"rendered":"Partihandel Bang King 30K Double Taste Eng\u00e5ngs Vape"},"content":{"rendered":"<p><a href=\"https:\/\/www.vapeswholesaler.com\/sv\/produkt_varumarke\/bang\/\">Pang<\/a> King 30K Double Taste LCD Display Disposable Vape Vape box, ett premiumval f\u00f6r ut\u00f6kad vapingtillfredsst\u00e4llelse. Upplev upp till 30000 puffar med dess h\u00f6ga kapacitet p\u00e5 36 ml f\u00f6rfylld e-juice.<\/p>\n<p>F\u00f6rb\u00e4ttra smak och \u00e5ngproduktion med 1,0 ohm Mesh Coil och justerbar luftfl\u00f6desdesign. Bang King 30K erbjuder inte bara exceptionell prestanda, utan har ocks\u00e5 ett konkurrenskraftigt pris, vilket g\u00f6r den till ett utm\u00e4rkt val f\u00f6r dem som letar efter v\u00e4rde utan att offra kvaliteten.<\/p>\n<p>V\u00e5ra grossistalternativ s\u00e4kerst\u00e4ller att f\u00f6retag kan fylla p\u00e5 lager av denna popul\u00e4ra enhet och tillgodose sina kunders krav p\u00e5 ett effektivt s\u00e4tt.<\/p>\n<p>Upplev bekv\u00e4mligheten med snabb leverans, s\u00e5 att du kan njuta av din Bang 30000 Puffs Disposable Vape utan dr\u00f6jsm\u00e5l. Oavsett om du \u00e4r en vapingentusiast, en \u00e5terf\u00f6rs\u00e4ljare eller en grossist som vill ut\u00f6ka ditt produktsortiment.<\/p>\n<h2><strong><a href=\"https:\/\/www.facebook.com\/fred.luo.58\/\">Pang <\/a>King 30K Puffs Eng\u00e5ngsvape Detaljer:<\/strong><\/h2>\n<ul>\n<li>Puffar: Upp till 30000 puffar<\/li>\n<li>V\u00e4tska: 36 ml F\u00f6rfylld<\/li>\n<li>Nikotin: 0% 2% 3% 5%<\/li>\n<li>K\u00e4rna: Mesh-spole 1,0 ohm<\/li>\n<li>Batteri: 550 mAh uppladdningsbart typ-c<\/li>\n<li>Leveranss\u00e4tt: DHL<\/li>\n<li>10 st\/f\u00f6rpackning<\/li>\n<li>1 l\u00e5da\/200 st(22 KG)<\/li>\n<\/ul>\n<h2><strong>Tillg\u00e4ngliga smaker:<\/strong><\/h2>\n<ol>\n<li>Vattenmelon Ice &amp; Bl\u00e5b\u00e4r Mint<\/li>\n<li>Vattenmelon Ice &amp; Jordgubbar och Mango<\/li>\n<li>Jordgubb Vattenmelon &amp; Kiwi Passionsfrukt Guava<\/li>\n<li>Jordgubbs- och vattenmelon- och druvis<\/li>\n<li>Bl\u00e5b\u00e4rsis &amp; Svart drakis<\/li>\n<li>Bl\u00e5b\u00e4rsis &amp; jordgubb och banan<\/li>\n<li>Red Bull &amp; bl\u00e5b\u00e4rsvattenmelon<\/li>\n<li>Red Bull &amp; vattenmelon bubbelgodis<\/li>\n<li>Bl\u00e5b\u00e4r Hallon &amp; Persika Mango Vattenmelon<\/li>\n<li>Bl\u00e5b\u00e4r Hallon &amp; Blandad m\u00f6glig frukt<\/li>\n<li>Jordgubb Kiwi &amp; Persika Is<\/li>\n<li>Jordgubb Kiwi &amp; Surt \u00e4pple Hallon<\/li>\n<\/ol>\n<h2><strong>F\u00f6rpackningsdetaljer:<\/strong><\/h2>\n<p>Enstaka bit med godisf\u00f6rpackning<br \/>\nVarje l\u00e5da inneh\u00e5ller 10 stycken<br \/>\nVarje kartong inneh\u00e5ller 200 stycken<\/p>\n<figure id=\"attachment_17101\" aria-describedby=\"caption-attachment-17101\" style=\"width: 800px\" class=\"wp-caption alignnone\"><img loading=\"lazy\" decoding=\"async\" class=\"wp-image-17101 size-full\" title=\"Partihandel Bang King 30K Eng\u00e5ngs vape 3\" src=\"https:\/\/www.vapeswholesaler.com\/wp-content\/uploads\/2024\/06\/Wholesale-Bang-King-30K-Disposable-vape-3.webp\" alt=\"Partihandel Bang King 30K Eng\u00e5ngs vape 3\" width=\"800\" height=\"1747\" srcset=\"https:\/\/www.vapeswholesaler.com\/wp-content\/uploads\/2024\/06\/Wholesale-Bang-King-30K-Disposable-vape-3.webp 800w, https:\/\/www.vapeswholesaler.com\/wp-content\/uploads\/2024\/06\/Wholesale-Bang-King-30K-Disposable-vape-3-137x300.webp 137w, https:\/\/www.vapeswholesaler.com\/wp-content\/uploads\/2024\/06\/Wholesale-Bang-King-30K-Disposable-vape-3-469x1024.webp 469w, https:\/\/www.vapeswholesaler.com\/wp-content\/uploads\/2024\/06\/Wholesale-Bang-King-30K-Disposable-vape-3-768x1677.webp 768w, https:\/\/www.vapeswholesaler.com\/wp-content\/uploads\/2024\/06\/Wholesale-Bang-King-30K-Disposable-vape-3-703x1536.webp 703w, https:\/\/www.vapeswholesaler.com\/wp-content\/uploads\/2024\/06\/Wholesale-Bang-King-30K-Disposable-vape-3-5x12.webp 5w, https:\/\/www.vapeswholesaler.com\/wp-content\/uploads\/2024\/06\/Wholesale-Bang-King-30K-Disposable-vape-3-510x1114.webp 510w\" sizes=\"auto, (max-width: 800px) 100vw, 800px\" \/><figcaption id=\"caption-attachment-17101\" class=\"wp-caption-text\">Partihandel Bang King 30K eng\u00e5ngs vape<\/figcaption><\/figure>","protected":false},"excerpt":{"rendered":"<p>Minsta orderkvantitet:\u00a0<strong>50 st<\/strong>\u00a0(Blanda smaker)\u00a0\u00a0<strong>Fri frakt<\/strong><\/p>\n<p>\uff08<strong>0%\uff0c2%\uff0c3%\uff0c5%<\/strong>\uff09<\/p>","protected":false},"featured_media":19300,"comment_status":"open","ping_status":"closed","template":"","meta":[],"product_cat":[15],"product_tag":[368,374,388],"class_list":{"0":"post-16115","1":"product","2":"type-product","3":"status-publish","4":"has-post-thumbnail","6":"product_cat-disposable-vape","7":"product_tag-bang-king","8":"product_tag-30000-puffs","9":"product_tag-bang","10":"product_brand-bang","12":"first","13":"instock","14":"shipping-taxable","15":"purchasable","16":"product-type-variable","17":"has-default-attributes"},"aioseo_notices":[],"_links":{"self":[{"href":"https:\/\/www.vapeswholesaler.com\/sv\/wp-json\/wp\/v2\/product\/16115","targetHints":{"allow":["GET"]}}],"collection":[{"href":"https:\/\/www.vapeswholesaler.com\/sv\/wp-json\/wp\/v2\/product"}],"about":[{"href":"https:\/\/www.vapeswholesaler.com\/sv\/wp-json\/wp\/v2\/types\/product"}],"replies":[{"embeddable":true,"href":"https:\/\/www.vapeswholesaler.com\/sv\/wp-json\/wp\/v2\/comments?post=16115"}],"wp:featuredmedia":[{"embeddable":true,"href":"https:\/\/www.vapeswholesaler.com\/sv\/wp-json\/wp\/v2\/media\/19300"}],"wp:attachment":[{"href":"https:\/\/www.vapeswholesaler.com\/sv\/wp-json\/wp\/v2\/media?parent=16115"}],"wp:term":[{"taxonomy":"product_cat","embeddable":true,"href":"https:\/\/www.vapeswholesaler.com\/sv\/wp-json\/wp\/v2\/product_cat?post=16115"},{"taxonomy":"product_tag","embeddable":true,"href":"https:\/\/www.vapeswholesaler.com\/sv\/wp-json\/wp\/v2\/product_tag?post=16115"}],"curies":[{"name":"wp","href":"https:\/\/api.w.org\/{rel}","templated":true}]}}