{"id":15929,"date":"2024-06-12T11:14:04","date_gmt":"2024-06-12T03:14:04","guid":{"rendered":"https:\/\/www.vapeswholesaler.com\/?post_type=product&#038;p=15929"},"modified":"2025-03-18T14:42:06","modified_gmt":"2025-03-18T06:42:06","slug":"bang-e-vattenpipa-18000-puffar-engangs-vape-grossist","status":"publish","type":"product","link":"https:\/\/www.vapeswholesaler.com\/sv\/produkt\/bang-e-vattenpipa-18000-puffar-engangs-vape-grossist","title":{"rendered":"Bang E Vattenpipa 18000 puffar Eng\u00e5ngs Vape Partihandel"},"content":{"rendered":"<p><a href=\"https:\/\/www.vapeswholesaler.com\/sv\/produkt_varumarke\/bang\/\">Pang<\/a> E Hookah 18000 Puffs Disposable Vape Pen, ett premiumval f\u00f6r ut\u00f6kad vapingtillfredsst\u00e4llelse. Upplev upp till 18000 puffar med den f\u00f6rfyllda e-v\u00e4tskan p\u00e5 20 ml med h\u00f6g kapacitet.<\/p>\n<p>F\u00f6rb\u00e4ttra smak och \u00e5ngproduktion med 0,6 ohm Mesh Coil och justerbar luftfl\u00f6desdesign. Bang E Hookah 18000 erbjuder inte bara exceptionell prestanda, utan har ocks\u00e5 ett konkurrenskraftigt pris, vilket g\u00f6r den till ett utm\u00e4rkt val f\u00f6r dem som letar efter v\u00e4rde utan att offra kvaliteten.<\/p>\n<p>V\u00e5ra grossistalternativ s\u00e4kerst\u00e4ller att f\u00f6retag kan fylla p\u00e5 lager av denna popul\u00e4ra e vattenpipa och tillgodose sina kunders krav p\u00e5 ett effektivt s\u00e4tt.<\/p>\n<p>Upplev bekv\u00e4mligheten med snabb leverans, s\u00e5 att du kan njuta av din Bang E Hookah 18000 Disposable Vape utan dr\u00f6jsm\u00e5l. Oavsett om du \u00e4r en vapingentusiast, en \u00e5terf\u00f6rs\u00e4ljare eller en grossist som vill ut\u00f6ka ditt produktsortiment.<\/p>\n<h2><strong><a href=\"https:\/\/www.facebook.com\/fred.luo.58\/\">Pang<\/a> E vattenpipa 18000 puffar Detaljer:<\/strong><\/h2>\n<ul>\n<li>Puffar: 18000 puffar<\/li>\n<li>V\u00e4tska: 20 ml<\/li>\n<li>Nikotin: 0%2%3%5% Nikotinsalt<\/li>\n<li>Typer:Eng\u00e5ngsbruk<\/li>\n<li>650 mAh batteri<\/li>\n<li>0,6 Mesh Spole<\/li>\n<li>Justerbart luftfl\u00f6de<\/li>\n<li>Typ-c uppladdningsbar<\/li>\n<\/ul>\n<h2><strong>Tillg\u00e4ngliga smaker:<\/strong><\/h2>\n<ol>\n<li>Persika Mango<\/li>\n<li>Surt \u00e4pple<\/li>\n<li>Druva<\/li>\n<li>Tigerblod<\/li>\n<li>Bl\u00e5b\u00e4r Hallon<\/li>\n<li>Bl\u00e5b\u00e4r Vindruvor<\/li>\n<li>Blandade frukter<\/li>\n<li>Jordgubbar Vattenmelon<\/li>\n<li>Jordgubb Kiwi<\/li>\n<li>Jordgubb Mango<\/li>\n<li>Ananas kokosn\u00f6t<\/li>\n<li>Mint-is<\/li>\n<li>Vattenmelon<\/li>\n<li>Bl\u00e5b\u00e4rsis<\/li>\n<li>Persika is<\/li>\n<li>Vattenmelon Bubble Gum<\/li>\n<\/ol>\n<h2><strong>F\u00f6rpackningsdetaljer<\/strong><\/h2>\n<ul>\n<li>Enstaka bit med godisf\u00f6rpackning<\/li>\n<li>Varje l\u00e5da inneh\u00e5ller 10 stycken<\/li>\n<li>Varje kartong inneh\u00e5ller 200 stycken<\/li>\n<\/ul>\n<figure id=\"attachment_15915\" aria-describedby=\"caption-attachment-15915\" style=\"width: 800px\" class=\"wp-caption alignnone\"><img loading=\"lazy\" decoding=\"async\" class=\"wp-image-15915 size-full\" title=\"Bang E vattenpipa 18000 puffar Sub Ohm DTL eng\u00e5ngsvape grossist\" src=\"https:\/\/www.vapeswholesaler.com\/wp-content\/uploads\/2024\/06\/Bang-E-Hookah-18000-Puffs-Sub-Ohm-DTL-Disposable-Vape-Wholesale.jpg\" alt=\"Bang E vattenpipa 18000 puffar Sub Ohm DTL eng\u00e5ngsvape grossist\" width=\"800\" height=\"800\" srcset=\"https:\/\/www.vapeswholesaler.com\/wp-content\/uploads\/2024\/06\/Bang-E-Hookah-18000-Puffs-Sub-Ohm-DTL-Disposable-Vape-Wholesale.jpg 800w, https:\/\/www.vapeswholesaler.com\/wp-content\/uploads\/2024\/06\/Bang-E-Hookah-18000-Puffs-Sub-Ohm-DTL-Disposable-Vape-Wholesale-300x300.jpg 300w, https:\/\/www.vapeswholesaler.com\/wp-content\/uploads\/2024\/06\/Bang-E-Hookah-18000-Puffs-Sub-Ohm-DTL-Disposable-Vape-Wholesale-150x150.jpg 150w, https:\/\/www.vapeswholesaler.com\/wp-content\/uploads\/2024\/06\/Bang-E-Hookah-18000-Puffs-Sub-Ohm-DTL-Disposable-Vape-Wholesale-768x768.jpg 768w, https:\/\/www.vapeswholesaler.com\/wp-content\/uploads\/2024\/06\/Bang-E-Hookah-18000-Puffs-Sub-Ohm-DTL-Disposable-Vape-Wholesale-12x12.jpg 12w, https:\/\/www.vapeswholesaler.com\/wp-content\/uploads\/2024\/06\/Bang-E-Hookah-18000-Puffs-Sub-Ohm-DTL-Disposable-Vape-Wholesale-247x247.jpg 247w, https:\/\/www.vapeswholesaler.com\/wp-content\/uploads\/2024\/06\/Bang-E-Hookah-18000-Puffs-Sub-Ohm-DTL-Disposable-Vape-Wholesale-510x510.jpg 510w, https:\/\/www.vapeswholesaler.com\/wp-content\/uploads\/2024\/06\/Bang-E-Hookah-18000-Puffs-Sub-Ohm-DTL-Disposable-Vape-Wholesale-100x100.jpg 100w\" sizes=\"auto, (max-width: 800px) 100vw, 800px\" \/><figcaption id=\"caption-attachment-15915\" class=\"wp-caption-text\">Bang E vattenpipa 18000 puffar Sub Ohm DTL eng\u00e5ngsvape grossist<\/figcaption><\/figure>","protected":false},"excerpt":{"rendered":"<p><span data-slate-fragment=\"JTVCJTdCJTIydHlwZSUyMiUzQSUyMnBhcmFncmFwaCUyMiUyQyUyMmNoaWxkcmVuJTIyJTNBJTVCJTdCJTIyaWQlMjIlM0ElMjIwNEFKeEcyNndwJTIyJTJDJTIycGFyYUlkeCUyMiUzQTAlMkMlMjJzcmMlMjIlM0ElMjJNaW5pbXVtJTIwT3JkZXIlMjBRdWFudGl0eSUzQSUyMDEwMCUyMFBDUyUyMChNaXglMjBGbGF2b3JzKSUyMiUyQyUyMmRzdCUyMiUzQSUyMiVFNiU5QyU4MCVFNCVCRCU4RSVFOCVBRSVBMiVFOCVCNCVBRCVFOSU4NyU4RiVFRiVCQyU5QTEwMCVFNCVCQiVCNiVFRiVCQyU4OCVFNiVCNyVCNyVFNSU5MCU4OCVFNSU4RiVBMyVFNSU5MSVCMyVFRiVCQyU4OSUyMiUyQyUyMm1ldGFkYXRhJTIyJTNBJTIyJTIyJTJDJTIybWV0YURhdGElMjIlM0ElNUIlNUQlMkMlMjJ0ZXh0JTIyJTNBJTIyTWluaW11bSUyME9yZGVyJTIwUXVhbnRpdHklM0ElMjAxMDAlMjBQQ1MlMjAoTWl4JTIwRmxhdm9ycyklMjIlN0QlNUQlN0QlNUQ=\">Minsta orderkvantitet: <strong>50 st<\/strong>\u00a0(Blanda smaker)<\/span><\/p>\n<p>\uff08<strong>0%\uff0c2%\uff0c3%\uff0c5%<\/strong>\uff09<\/p>","protected":false},"featured_media":15911,"comment_status":"open","ping_status":"closed","template":"","meta":[],"product_cat":[15],"product_tag":[388,55],"class_list":{"0":"post-15929","1":"product","2":"type-product","3":"status-publish","4":"has-post-thumbnail","6":"product_cat-disposable-vape","7":"product_tag-bang","8":"product_tag-18000-puffs","9":"product_brand-bang","11":"first","12":"outofstock","13":"shipping-taxable","14":"purchasable","15":"product-type-variable"},"aioseo_notices":[],"_links":{"self":[{"href":"https:\/\/www.vapeswholesaler.com\/sv\/wp-json\/wp\/v2\/product\/15929","targetHints":{"allow":["GET"]}}],"collection":[{"href":"https:\/\/www.vapeswholesaler.com\/sv\/wp-json\/wp\/v2\/product"}],"about":[{"href":"https:\/\/www.vapeswholesaler.com\/sv\/wp-json\/wp\/v2\/types\/product"}],"replies":[{"embeddable":true,"href":"https:\/\/www.vapeswholesaler.com\/sv\/wp-json\/wp\/v2\/comments?post=15929"}],"wp:featuredmedia":[{"embeddable":true,"href":"https:\/\/www.vapeswholesaler.com\/sv\/wp-json\/wp\/v2\/media\/15911"}],"wp:attachment":[{"href":"https:\/\/www.vapeswholesaler.com\/sv\/wp-json\/wp\/v2\/media?parent=15929"}],"wp:term":[{"taxonomy":"product_cat","embeddable":true,"href":"https:\/\/www.vapeswholesaler.com\/sv\/wp-json\/wp\/v2\/product_cat?post=15929"},{"taxonomy":"product_tag","embeddable":true,"href":"https:\/\/www.vapeswholesaler.com\/sv\/wp-json\/wp\/v2\/product_tag?post=15929"}],"curies":[{"name":"wp","href":"https:\/\/api.w.org\/{rel}","templated":true}]}}