{"id":15832,"date":"2024-06-11T16:18:06","date_gmt":"2024-06-11T08:18:06","guid":{"rendered":"https:\/\/www.vapeswholesaler.com\/?post_type=product&#038;p=15832"},"modified":"2025-11-19T17:55:49","modified_gmt":"2025-11-19T09:55:49","slug":"aivono-aim-freak-13000-puffar-engangs-vape-grossist","status":"publish","type":"product","link":"https:\/\/www.vapeswholesaler.com\/sv\/produkt\/aivono-aim-freak-13000-puffar-engangs-vape-grossist","title":{"rendered":"Aivono Aim Freak 13000 puffar eng\u00e5ngsvape grossist"},"content":{"rendered":"<p><a href=\"https:\/\/www.vapeswholesaler.com\/sv\/produkt_varumarke\/aivono\/\">Aivono<\/a> Aim Freak 13000 Puffs - en kraftfull vaping-enhet som erbjuder en h\u00e4pnadsv\u00e4ckande kapacitet p\u00e5 13000 puffar. Med sin LED-sk\u00e4rm som visar \u00e5terst\u00e5ende batteritid och v\u00e4tskeniv\u00e5er, tillsammans med ett brett utbud av smaker att v\u00e4lja mellan, ger den h\u00e4r enheten en o\u00f6vertr\u00e4ffad vapingupplevelse. F\u00f6rbered dig p\u00e5 att sl\u00e4ppa loss den fulla potentialen i vaping med Aim Freak 13000 Puffs och njut av l\u00e5ngvarig tillfredsst\u00e4llelse med stil.<\/p>\n<h2>Aivono Aim Freak 13000 Produktinformation:<\/h2>\n<p>1. Antal munnar: 13000<br \/>\n2. R\u00f6koljekapacitet: 20 ml<br \/>\n3. Cell: 13350 ren koboltcell<br \/>\n4. Batterikapacitet: 500 mA (uppladdningsbart)<br \/>\n5. V\u00e4rmetr\u00e5dens motst\u00e5ndsv\u00e4rde: 1,0 \u03a9 maskk\u00e4rna<br \/>\n6. Produktstorlek: 43 * 110 mm<br \/>\n7. St\u00f6d OEM\/ODM<br \/>\n8. Inneh\u00e5ll av nikotinsalt: 5%\/3%\/2%\/0%<br \/>\n9. Uppladdningsbar: Typ C-gr\u00e4nssnitt<\/p>\n<p>Anv\u00e4ndningsfunktion: F\u00e4rg<br \/>\nDisplaysk\u00e4rm: kan visa batteriniv\u00e5, br\u00e4nsle- och oljeinneh\u00e5ll<\/p>\n<h2>Produktspecifikationer :<\/h2>\n<p>Vikt f\u00f6r singel: 85g<br \/>\nStorlek p\u00e5 liten l\u00e5da: 55 * 100 * 30 mm<br \/>\nStor l\u00e5dstorlek: 113 * 113 * 155mm<br \/>\nStandardl\u00e5da 200 st\/l\u00e5da:<br \/>\nL\u00e5dans storlek: 58 * 35 * 35 cm<br \/>\nVikt f\u00f6r en l\u00e5da: 18 kg<\/p>\n<h2>Smaklista:<\/h2>\n<p>Blue Razz Ice<br \/>\nJordgubbsis<br \/>\nVattenmelon-is<br \/>\nPersikofruktjuice<br \/>\nJordgubb Kiwi<br \/>\nLush Bubble Gum<br \/>\nAnanas kokosn\u00f6t is<br \/>\nRosa lemonad<br \/>\nAnanas Mango Persika<br \/>\nDruva Vinb\u00e4r<\/p>\n<p><img loading=\"lazy\" decoding=\"async\" class=\"alignnone wp-image-15844 size-full\" title=\"AIVINO Aim Freak 13000 Eng\u00e5ngsartiklar 1\" src=\"https:\/\/www.vapeswholesaler.com\/wp-content\/uploads\/2024\/06\/AIVINO-Aim-Freak-13000-Disposable-1.jpg\" alt=\"AIVINO Aim Freak 13000 Eng\u00e5ngsartiklar 1\" width=\"800\" height=\"650\" srcset=\"https:\/\/www.vapeswholesaler.com\/wp-content\/uploads\/2024\/06\/AIVINO-Aim-Freak-13000-Disposable-1.jpg 800w, https:\/\/www.vapeswholesaler.com\/wp-content\/uploads\/2024\/06\/AIVINO-Aim-Freak-13000-Disposable-1-300x244.jpg 300w, https:\/\/www.vapeswholesaler.com\/wp-content\/uploads\/2024\/06\/AIVINO-Aim-Freak-13000-Disposable-1-768x624.jpg 768w, https:\/\/www.vapeswholesaler.com\/wp-content\/uploads\/2024\/06\/AIVINO-Aim-Freak-13000-Disposable-1-15x12.jpg 15w, https:\/\/www.vapeswholesaler.com\/wp-content\/uploads\/2024\/06\/AIVINO-Aim-Freak-13000-Disposable-1-510x414.jpg 510w\" sizes=\"auto, (max-width: 800px) 100vw, 800px\" \/>\u00a0<img loading=\"lazy\" decoding=\"async\" class=\"alignnone wp-image-15851 size-full\" title=\"AIVINO Aim Freak 13000 Eng\u00e5ngs 2\" src=\"https:\/\/www.vapeswholesaler.com\/wp-content\/uploads\/2024\/06\/AIVINO-Aim-Freak-13000-Disposable-2.jpg\" alt=\"AIVINO Aim Freak 13000 Eng\u00e5ngs 2\" width=\"800\" height=\"1000\" srcset=\"https:\/\/www.vapeswholesaler.com\/wp-content\/uploads\/2024\/06\/AIVINO-Aim-Freak-13000-Disposable-2.jpg 800w, https:\/\/www.vapeswholesaler.com\/wp-content\/uploads\/2024\/06\/AIVINO-Aim-Freak-13000-Disposable-2-240x300.jpg 240w, https:\/\/www.vapeswholesaler.com\/wp-content\/uploads\/2024\/06\/AIVINO-Aim-Freak-13000-Disposable-2-768x960.jpg 768w, https:\/\/www.vapeswholesaler.com\/wp-content\/uploads\/2024\/06\/AIVINO-Aim-Freak-13000-Disposable-2-10x12.jpg 10w, https:\/\/www.vapeswholesaler.com\/wp-content\/uploads\/2024\/06\/AIVINO-Aim-Freak-13000-Disposable-2-510x638.jpg 510w\" sizes=\"auto, (max-width: 800px) 100vw, 800px\" \/><\/p>","protected":false},"excerpt":{"rendered":"<p>Minsta orderkvantitet:\u00a0<strong>50 STYCKEN<\/strong>\u00a0(Blanda smaker)\u00a0\u00a0<strong>Fri frakt<\/strong><\/p>\n<p>(<strong>2%, 5% Nic<\/strong>)<\/p>","protected":false},"featured_media":15852,"comment_status":"open","ping_status":"closed","template":"","meta":[],"product_cat":[15],"product_tag":[47,48,49,50],"class_list":{"0":"post-15832","1":"product","2":"type-product","3":"status-publish","4":"has-post-thumbnail","6":"product_cat-disposable-vape","7":"product_tag-13000-puffs","8":"product_tag-aim-freak-13000","9":"product_tag-aivono","10":"product_tag-disposable-wholesale","11":"product_brand-aivono","13":"first","14":"instock","15":"shipping-taxable","16":"purchasable","17":"product-type-variable","18":"has-default-attributes"},"aioseo_notices":[],"_links":{"self":[{"href":"https:\/\/www.vapeswholesaler.com\/sv\/wp-json\/wp\/v2\/product\/15832","targetHints":{"allow":["GET"]}}],"collection":[{"href":"https:\/\/www.vapeswholesaler.com\/sv\/wp-json\/wp\/v2\/product"}],"about":[{"href":"https:\/\/www.vapeswholesaler.com\/sv\/wp-json\/wp\/v2\/types\/product"}],"replies":[{"embeddable":true,"href":"https:\/\/www.vapeswholesaler.com\/sv\/wp-json\/wp\/v2\/comments?post=15832"}],"wp:featuredmedia":[{"embeddable":true,"href":"https:\/\/www.vapeswholesaler.com\/sv\/wp-json\/wp\/v2\/media\/15852"}],"wp:attachment":[{"href":"https:\/\/www.vapeswholesaler.com\/sv\/wp-json\/wp\/v2\/media?parent=15832"}],"wp:term":[{"taxonomy":"product_cat","embeddable":true,"href":"https:\/\/www.vapeswholesaler.com\/sv\/wp-json\/wp\/v2\/product_cat?post=15832"},{"taxonomy":"product_tag","embeddable":true,"href":"https:\/\/www.vapeswholesaler.com\/sv\/wp-json\/wp\/v2\/product_tag?post=15832"}],"curies":[{"name":"wp","href":"https:\/\/api.w.org\/{rel}","templated":true}]}}