{"id":15736,"date":"2024-06-10T15:49:51","date_gmt":"2024-06-10T07:49:51","guid":{"rendered":"https:\/\/www.vapeswholesaler.com\/?post_type=product&#038;p=15736"},"modified":"2025-03-18T14:43:31","modified_gmt":"2025-03-18T06:43:31","slug":"bang-bc5000-engangs-vape-grossist","status":"publish","type":"product","link":"https:\/\/www.vapeswholesaler.com\/sv\/produkt\/bang-bc5000-engangs-vape-grossist","title":{"rendered":"Bang BC5000 eng\u00e5ngsvape grossist"},"content":{"rendered":"<p><a href=\"https:\/\/www.vapeswholesaler.com\/sv\/produkt_varumarke\/bang\/\">Pang<\/a> BC5000 \u00e4r en fin designad eng\u00e5ngs vape, den levereras med 13 ml elv\u00e4tska och med 50 mg nikotin, den bygger med 650 mAh uppladdningsbart batteri som kan st\u00f6dja max 5000 puffar.<\/p>\n<p>Partihandel v\u00e5r Bang BC5000 med det b\u00e4sta priset och snabb leverans!<\/p>\n<h2><strong><a href=\"https:\/\/www.facebook.com\/fred.luo.58\/\">Pang<\/a> BC5000 Box Eng\u00e5ngs Vape Snabb detalj<\/strong><\/h2>\n<ol>\n<li>Puffar: 5000<\/li>\n<li>Nikotinsalt: 5%<\/li>\n<li>Eliquid-kapacitet: 13ML<\/li>\n<li>Resistans: 1,2 ohm Mesh<\/li>\n<li>Kroppsvikt: 52g<\/li>\n<li>Kartongstorlek: 52,3 * 38 * 28,5 cm<\/li>\n<li>Kartongvikt: 16,5 kg\/ 300 st<\/li>\n<li>Laddningsport: Typ C<\/li>\n<\/ol>\n<h2><strong>Smaklista:<\/strong><\/h2>\n<ol>\n<li>Blue Razz Ice<\/li>\n<li>Bl\u00e5b\u00e4rsis<\/li>\n<li>Bl\u00e5b\u00e4r Citron<\/li>\n<li>Cola is<\/li>\n<li>Energi<\/li>\n<li>Gummibj\u00f6rn<\/li>\n<li>Kiwi Passionsfrukt Guava<\/li>\n<li>Citronmynta<\/li>\n<li>Mango Persika<\/li>\n<li>Apelsinjuice<\/li>\n<li>Persika is<\/li>\n<li>Persika Mango Vattenmelon<\/li>\n<li>Ananas kokosn\u00f6t<\/li>\n<li>Sakura Druva<\/li>\n<li>Surt \u00e4pple hallon<\/li>\n<li>Jordgubbar Bananer<\/li>\n<li>Jordgubbsis<\/li>\n<li>Jordgubb Kiwi<\/li>\n<li>Jordgubb Mango<\/li>\n<li>Jordgubbar Vattenmelon<\/li>\n<li>Trippelb\u00e4r<\/li>\n<li>Tropical Rainbow Blast<\/li>\n<li>Vattenmelon Bubble Gum<\/li>\n<li>Vattenmelon-is<\/li>\n<\/ol>\n<figure id=\"attachment_15746\" aria-describedby=\"caption-attachment-15746\" style=\"width: 800px\" class=\"wp-caption alignnone\"><img loading=\"lazy\" decoding=\"async\" class=\"wp-image-15746 size-full\" title=\"Bang BC5000 Vape f\u00f6r eng\u00e5ngsbruk grossist (11)\" src=\"https:\/\/www.vapeswholesaler.com\/wp-content\/uploads\/2024\/06\/Bang-BC5000-Disposable-Vape-Wholesale-11.jpg\" alt=\"Bang BC5000 Vape f\u00f6r eng\u00e5ngsbruk grossist (11)\" width=\"800\" height=\"800\" srcset=\"https:\/\/www.vapeswholesaler.com\/wp-content\/uploads\/2024\/06\/Bang-BC5000-Disposable-Vape-Wholesale-11.jpg 800w, https:\/\/www.vapeswholesaler.com\/wp-content\/uploads\/2024\/06\/Bang-BC5000-Disposable-Vape-Wholesale-11-300x300.jpg 300w, https:\/\/www.vapeswholesaler.com\/wp-content\/uploads\/2024\/06\/Bang-BC5000-Disposable-Vape-Wholesale-11-150x150.jpg 150w, https:\/\/www.vapeswholesaler.com\/wp-content\/uploads\/2024\/06\/Bang-BC5000-Disposable-Vape-Wholesale-11-768x768.jpg 768w, https:\/\/www.vapeswholesaler.com\/wp-content\/uploads\/2024\/06\/Bang-BC5000-Disposable-Vape-Wholesale-11-12x12.jpg 12w, https:\/\/www.vapeswholesaler.com\/wp-content\/uploads\/2024\/06\/Bang-BC5000-Disposable-Vape-Wholesale-11-247x247.jpg 247w, https:\/\/www.vapeswholesaler.com\/wp-content\/uploads\/2024\/06\/Bang-BC5000-Disposable-Vape-Wholesale-11-510x510.jpg 510w, https:\/\/www.vapeswholesaler.com\/wp-content\/uploads\/2024\/06\/Bang-BC5000-Disposable-Vape-Wholesale-11-100x100.jpg 100w\" sizes=\"auto, (max-width: 800px) 100vw, 800px\" \/><figcaption id=\"caption-attachment-15746\" class=\"wp-caption-text\">Bang BC5000 eng\u00e5ngsvape grossist<\/figcaption><\/figure>","protected":false},"excerpt":{"rendered":"<p>Minsta orderkvantitet:\u00a0<strong>50 st <\/strong>(Blanda smaker)\u00a0\u00a0<strong>Fri frakt<\/strong><\/p>\n<p>\uff08<strong>0%\uff0c2%\uff0c3%\uff0c5%<\/strong>\uff09<\/p>","protected":false},"featured_media":15747,"comment_status":"open","ping_status":"closed","template":"","meta":[],"product_cat":[15],"product_tag":[388,391],"class_list":{"0":"post-15736","1":"product","2":"type-product","3":"status-publish","4":"has-post-thumbnail","6":"product_cat-disposable-vape","7":"product_tag-bang","8":"product_tag-5000-puffs","9":"product_brand-bang","11":"first","12":"outofstock","13":"shipping-taxable","14":"purchasable","15":"product-type-variable"},"aioseo_notices":[],"_links":{"self":[{"href":"https:\/\/www.vapeswholesaler.com\/sv\/wp-json\/wp\/v2\/product\/15736","targetHints":{"allow":["GET"]}}],"collection":[{"href":"https:\/\/www.vapeswholesaler.com\/sv\/wp-json\/wp\/v2\/product"}],"about":[{"href":"https:\/\/www.vapeswholesaler.com\/sv\/wp-json\/wp\/v2\/types\/product"}],"replies":[{"embeddable":true,"href":"https:\/\/www.vapeswholesaler.com\/sv\/wp-json\/wp\/v2\/comments?post=15736"}],"wp:featuredmedia":[{"embeddable":true,"href":"https:\/\/www.vapeswholesaler.com\/sv\/wp-json\/wp\/v2\/media\/15747"}],"wp:attachment":[{"href":"https:\/\/www.vapeswholesaler.com\/sv\/wp-json\/wp\/v2\/media?parent=15736"}],"wp:term":[{"taxonomy":"product_cat","embeddable":true,"href":"https:\/\/www.vapeswholesaler.com\/sv\/wp-json\/wp\/v2\/product_cat?post=15736"},{"taxonomy":"product_tag","embeddable":true,"href":"https:\/\/www.vapeswholesaler.com\/sv\/wp-json\/wp\/v2\/product_tag?post=15736"}],"curies":[{"name":"wp","href":"https:\/\/api.w.org\/{rel}","templated":true}]}}