{"id":15562,"date":"2024-05-21T15:57:56","date_gmt":"2024-05-21T15:57:56","guid":{"rendered":"https:\/\/www.vapeswholesaler.com\/?post_type=product&#038;p=15562"},"modified":"2025-02-23T15:42:03","modified_gmt":"2025-02-23T07:42:03","slug":"rabbeats-rc10000-touch-engangs-vape-grossist","status":"publish","type":"product","link":"https:\/\/www.vapeswholesaler.com\/sv\/produkt\/rabbeats-rc10000-touch-engangs-vape-grossist","title":{"rendered":"RabBeats RC10000 Touch eng\u00e5ngsvape grossist"},"content":{"rendered":"<p>Framtiden ligger i dina h\u00e4nder med RabBeats nya RC10000 TOUCH Disposable. Den 10 000 puffar stora enheten har en interaktiv peksk\u00e4rm med unika animationer och fungerar som en mer avancerad uppdatering av RabBeats nuvarande RC10000 eng\u00e5ngsapparat med 3 olika justerbara l\u00e4gen: L\u00e4tt, j\u00e4mn och stark. Som standard drivs enheten av ett 620mAh uppladdningsbart batteri och inneh\u00e5ller 14mL f\u00f6rfylld e-juice. F\u00f6rest\u00e4ll dig inte bara framtiden f\u00f6r vapes, ta p\u00e5 den.<\/p>\n<h2><strong>RabBeats RC10000 Touch Funktioner:<\/strong><\/h2>\n<ul>\n<li>10.000 puffar<\/li>\n<li>Interaktiv peksk\u00e4rm<\/li>\n<li>3 justerbara l\u00e4gen: L\u00c4TT, MJUK &amp; STARK<\/li>\n<li>14mL E-v\u00e4tska f\u00f6rfylld<\/li>\n<li>Uppladdningsbart batteri p\u00e5 620 mAh (typ C)<\/li>\n<\/ul>\n<h2><strong>Smaklista:<\/strong><\/h2>\n<ol>\n<li>Blue Razz lce<\/li>\n<li>Bl\u00e5b\u00e4r Vattenmelon<\/li>\n<li>K\u00f6rsb\u00e4r Citron<\/li>\n<li>Citrus Druva<\/li>\n<li>Kokosn\u00f6t Banan<\/li>\n<li>Draken Strawnana<\/li>\n<li>Georgia Peach<\/li>\n<li>LA Mint<\/li>\n<li>Mount Splash<\/li>\n<li>OMG<\/li>\n<li>Ruby Hallon<\/li>\n<li>Vattenmelon BG<\/li>\n<\/ol>\n<p>&nbsp;<\/p>\n<figure id=\"attachment_15569\" aria-describedby=\"caption-attachment-15569\" style=\"width: 800px\" class=\"wp-caption alignnone\"><img loading=\"lazy\" decoding=\"async\" class=\"wp-image-15569 size-full\" title=\"RabBeats RC10000 Touch eng\u00e5ngsvape grossist mount splash\" src=\"https:\/\/www.vapeswholesaler.com\/wp-content\/uploads\/2024\/05\/RabBeats-RC10000-Touch-Disposable-Vape-Wholesale-mount-splash.jpg\" alt=\"RabBeats RC10000 Touch eng\u00e5ngsvape grossist mount splash\" width=\"800\" height=\"800\" srcset=\"https:\/\/www.vapeswholesaler.com\/wp-content\/uploads\/2024\/05\/RabBeats-RC10000-Touch-Disposable-Vape-Wholesale-mount-splash.jpg 800w, https:\/\/www.vapeswholesaler.com\/wp-content\/uploads\/2024\/05\/RabBeats-RC10000-Touch-Disposable-Vape-Wholesale-mount-splash-300x300.jpg 300w, https:\/\/www.vapeswholesaler.com\/wp-content\/uploads\/2024\/05\/RabBeats-RC10000-Touch-Disposable-Vape-Wholesale-mount-splash-150x150.jpg 150w, https:\/\/www.vapeswholesaler.com\/wp-content\/uploads\/2024\/05\/RabBeats-RC10000-Touch-Disposable-Vape-Wholesale-mount-splash-768x768.jpg 768w, https:\/\/www.vapeswholesaler.com\/wp-content\/uploads\/2024\/05\/RabBeats-RC10000-Touch-Disposable-Vape-Wholesale-mount-splash-12x12.jpg 12w, https:\/\/www.vapeswholesaler.com\/wp-content\/uploads\/2024\/05\/RabBeats-RC10000-Touch-Disposable-Vape-Wholesale-mount-splash-247x247.jpg 247w, https:\/\/www.vapeswholesaler.com\/wp-content\/uploads\/2024\/05\/RabBeats-RC10000-Touch-Disposable-Vape-Wholesale-mount-splash-510x510.jpg 510w, https:\/\/www.vapeswholesaler.com\/wp-content\/uploads\/2024\/05\/RabBeats-RC10000-Touch-Disposable-Vape-Wholesale-mount-splash-100x100.jpg 100w\" sizes=\"auto, (max-width: 800px) 100vw, 800px\" \/><figcaption id=\"caption-attachment-15569\" class=\"wp-caption-text\">RabBeats RC10000 Touch eng\u00e5ngsvape grossist<\/figcaption><\/figure>\n<p><img loading=\"lazy\" decoding=\"async\" class=\"alignnone wp-image-15573 size-full\" title=\"RabBeats RC10000 Touch eng\u00e5ngsvape grossist\" src=\"https:\/\/www.vapeswholesaler.com\/wp-content\/uploads\/2024\/05\/RabBeats-RC10000-Touch-Disposable-Vape-Wholesale.jpg\" alt=\"RabBeats RC10000 Touch eng\u00e5ngsvape grossist\" width=\"1000\" height=\"1343\" srcset=\"https:\/\/www.vapeswholesaler.com\/wp-content\/uploads\/2024\/05\/RabBeats-RC10000-Touch-Disposable-Vape-Wholesale.jpg 1000w, https:\/\/www.vapeswholesaler.com\/wp-content\/uploads\/2024\/05\/RabBeats-RC10000-Touch-Disposable-Vape-Wholesale-223x300.jpg 223w, https:\/\/www.vapeswholesaler.com\/wp-content\/uploads\/2024\/05\/RabBeats-RC10000-Touch-Disposable-Vape-Wholesale-762x1024.jpg 762w, https:\/\/www.vapeswholesaler.com\/wp-content\/uploads\/2024\/05\/RabBeats-RC10000-Touch-Disposable-Vape-Wholesale-768x1031.jpg 768w, https:\/\/www.vapeswholesaler.com\/wp-content\/uploads\/2024\/05\/RabBeats-RC10000-Touch-Disposable-Vape-Wholesale-9x12.jpg 9w, https:\/\/www.vapeswholesaler.com\/wp-content\/uploads\/2024\/05\/RabBeats-RC10000-Touch-Disposable-Vape-Wholesale-510x685.jpg 510w\" sizes=\"auto, (max-width: 1000px) 100vw, 1000px\" \/> <img loading=\"lazy\" decoding=\"async\" class=\"alignnone size-full wp-image-15574\" title=\"RabBeats RC10000 Touch eng\u00e5ngsvape grossist 2\" src=\"https:\/\/www.vapeswholesaler.com\/wp-content\/uploads\/2024\/05\/RabBeats-RC10000-Touch-Disposable-Vape-Wholesale_2.jpg\" alt=\"RabBeats RC10000 Touch eng\u00e5ngsvape grossist 2\" width=\"1000\" height=\"1117\" srcset=\"https:\/\/www.vapeswholesaler.com\/wp-content\/uploads\/2024\/05\/RabBeats-RC10000-Touch-Disposable-Vape-Wholesale_2.jpg 1000w, https:\/\/www.vapeswholesaler.com\/wp-content\/uploads\/2024\/05\/RabBeats-RC10000-Touch-Disposable-Vape-Wholesale_2-269x300.jpg 269w, https:\/\/www.vapeswholesaler.com\/wp-content\/uploads\/2024\/05\/RabBeats-RC10000-Touch-Disposable-Vape-Wholesale_2-917x1024.jpg 917w, https:\/\/www.vapeswholesaler.com\/wp-content\/uploads\/2024\/05\/RabBeats-RC10000-Touch-Disposable-Vape-Wholesale_2-768x858.jpg 768w, https:\/\/www.vapeswholesaler.com\/wp-content\/uploads\/2024\/05\/RabBeats-RC10000-Touch-Disposable-Vape-Wholesale_2-11x12.jpg 11w, https:\/\/www.vapeswholesaler.com\/wp-content\/uploads\/2024\/05\/RabBeats-RC10000-Touch-Disposable-Vape-Wholesale_2-510x570.jpg 510w\" sizes=\"auto, (max-width: 1000px) 100vw, 1000px\" \/><\/p>","protected":false},"excerpt":{"rendered":"<p>Minsta best\u00e4llningskvantitet: 10000 PCS (blanda smaker)\u00a0 \u00a0<strong>Fri frakt<\/strong><\/p>\n<p>\uff08<strong>2%\uff0c5%<\/strong>\uff09<\/p>","protected":false},"featured_media":15576,"comment_status":"open","ping_status":"closed","template":"","meta":[],"product_cat":[15],"product_tag":[],"class_list":{"0":"post-15562","1":"product","2":"type-product","3":"status-publish","4":"has-post-thumbnail","6":"product_cat-disposable-vape","7":"product_brand-rabbeats","9":"first","10":"instock","11":"shipping-taxable","12":"purchasable","13":"product-type-variable","14":"has-default-attributes"},"aioseo_notices":[],"_links":{"self":[{"href":"https:\/\/www.vapeswholesaler.com\/sv\/wp-json\/wp\/v2\/product\/15562","targetHints":{"allow":["GET"]}}],"collection":[{"href":"https:\/\/www.vapeswholesaler.com\/sv\/wp-json\/wp\/v2\/product"}],"about":[{"href":"https:\/\/www.vapeswholesaler.com\/sv\/wp-json\/wp\/v2\/types\/product"}],"replies":[{"embeddable":true,"href":"https:\/\/www.vapeswholesaler.com\/sv\/wp-json\/wp\/v2\/comments?post=15562"}],"wp:featuredmedia":[{"embeddable":true,"href":"https:\/\/www.vapeswholesaler.com\/sv\/wp-json\/wp\/v2\/media\/15576"}],"wp:attachment":[{"href":"https:\/\/www.vapeswholesaler.com\/sv\/wp-json\/wp\/v2\/media?parent=15562"}],"wp:term":[{"taxonomy":"product_cat","embeddable":true,"href":"https:\/\/www.vapeswholesaler.com\/sv\/wp-json\/wp\/v2\/product_cat?post=15562"},{"taxonomy":"product_tag","embeddable":true,"href":"https:\/\/www.vapeswholesaler.com\/sv\/wp-json\/wp\/v2\/product_tag?post=15562"}],"curies":[{"name":"wp","href":"https:\/\/api.w.org\/{rel}","templated":true}]}}