{"id":23127,"date":"2025-06-04T12:55:24","date_gmt":"2025-06-04T04:55:24","guid":{"rendered":"https:\/\/www.vapeswholesaler.com\/?post_type=product&#038;p=23127"},"modified":"2026-03-17T07:29:24","modified_gmt":"2026-03-16T23:29:24","slug":"venda-por-grosso-de-cigarros-efervescentes-max-iii-6em1-60000-puffs-vape-descartaveis","status":"publish","type":"product","link":"https:\/\/www.vapeswholesaler.com\/pt\/produto\/venda-por-grosso-de-cigarros-efervescentes-max-iii-6em1-60000-puffs-vape-descartaveis","title":{"rendered":"Atacado Fizzy Max III 6IN1 60000 Puffs Vape descart\u00e1vel"},"content":{"rendered":"<p>O <a href=\"https:\/\/www.vapeswholesaler.com\/pt\/marca_do_produto\/efervescente\/\">Fresco<\/a> O Max III 6in1 60000 Puffs \u00e9 o vape descart\u00e1vel mais exclusivo. N\u00e3o s\u00f3 tem uma forte capacidade de e-l\u00edquido com uma capacidade total de e-l\u00edquido de 50mL (3\u00d716,7mL), mas tamb\u00e9m pode mudar diferentes combina\u00e7\u00f5es de sabores rodando o bocal circular superior, at\u00e9 6 sabores diferentes podem ser alcan\u00e7ados. o dispositivo vem com uma bateria de alta capacidade 850mah para suportar 60000 puffs. Tem um certo volume de l\u00edquido eletr\u00f3nico que corresponde a este grande n\u00famero de baforadas. O di\u00e2metro e o comprimento do dispositivo foram concebidos para uma ader\u00eancia confort\u00e1vel e \u00e9 mais conveniente transport\u00e1-lo consigo.<\/p>\n<p>O dispositivo vem pr\u00e9-preenchido com 3 copos de sabores diferentes com 3 orif\u00edcios de ar, quando o bocal superior \u00e9 rodado para o orif\u00edcio \u00fanico, o cliente ir\u00e1 saborear um \u00fanico sabor, quando o bocal \u00e9 rodado para alinhar os dois orif\u00edcios de ar, ent\u00e3o o cliente ir\u00e1 saborear uma mistura de dois sabores \u00fanicos, \u00e9 t\u00e3o simples como isso para percorrer os diferentes sabores, para saber mais, veja o nosso v\u00eddeo. <a href=\"https:\/\/www.facebook.com\/100008071089000\/videos\/571321789030272\/\"><strong>Fizzy Max III 6em1 60000 Puffs<\/strong><\/a><\/p>\n<p>Da mesma forma, o dispositivo tamb\u00e9m traz o display eletr\u00f4nico mais avan\u00e7ado para monitorar a bateria e a capacidade do suco eletr\u00f4nico em tempo real, atualmente oferecemos os melhores 10 sabores com conte\u00fado de nicotina 2% e 5% para os clientes escolherem, al\u00e9m de nossos pacotes s\u00e3o atualmente enviados de nosso armaz\u00e9m na Europa, e em caso de estoque suficiente, leva apenas 6-7 dias \u00fateis para entregar, e nosso n\u00famero de rastreamento ser\u00e1 fornecido, para que os clientes possam saber o status de seus pacotes a qualquer momento em qualquer lugar, n\u00e3o mais ansioso sobre o pacote. Bem-vindo a ser nosso parceiro!<\/p>\n<h2><strong>Fizzy Max III 6in1 60000 Puffs Detalhes:<\/strong><\/h2>\n<ul>\n<li>Puffs:60000 Puffs<\/li>\n<li>Nome do modelo: Fizzy Max III 6IN1 60000 Puffs<\/li>\n<li>Bobina de malha<\/li>\n<li>Eliquido: 60ml<\/li>\n<li>Bateria:850mAh<\/li>\n<li>Nicotina: 2%\/5%<\/li>\n<li>Recarreg\u00e1vel:Tipo C<\/li>\n<li>Ecr\u00e3 LED<\/li>\n<li>Exp.2 anos<\/li>\n<\/ul>\n<h2><strong>Aromas:<\/strong><\/h2>\n<ol>\n<li>Morango Kiwi &amp; Blue Razz Gelo &amp; Laranja Anan\u00e1s Azedo<\/li>\n<li>Lim\u00e3o, lima e mirtilo, coco e melancia com morango<\/li>\n<li>Morango Uva e Mirtilo Coco e P\u00eassego Lim\u00e3o<\/li>\n<li>Gelado de melancia e morango Coca-Cola de baunilha e mistura de frutos silvestres<\/li>\n<li>Mirtilo Gelado &amp; Cereja Fresca &amp; Framboesa Lim\u00e3o<\/li>\n<li>Gelo de morango, kiwi e mirtilo e gelo de melancia<\/li>\n<li>Red Bull &amp; Morango Dragon Fruit &amp; Framboesa Lim\u00e3o<\/li>\n<li>Blueberry Raspberry &amp; Triple Melon &amp; Strawberry Ice<\/li>\n<li>Mistura de frutos silvestres e kiwi Maracuj\u00e1 Goiaba e morango Melancia<\/li>\n<li>Morango Framboesa e Manga P\u00eassego e Mirtilo Melancia<\/li>\n<\/ol>\n<h2><strong>Lista de embalagem:<\/strong><\/h2>\n<p>1pcs cada caixa individual<br \/>\n10 unidades de cada caixa de exposi\u00e7\u00e3o<br \/>\nPeso do produto:160g\/unidade<br \/>\nTamanho do produto:42.8*42.2*125mm<br \/>\nQtd:120pcs\/Ctn,10pcs\/Box<br \/>\nG.W:19kg\/Ctn<\/p>\n<figure id=\"attachment_23111\" aria-describedby=\"caption-attachment-23111\" style=\"width: 1000px\" class=\"wp-caption alignnone\"><img loading=\"lazy\" decoding=\"async\" class=\"wp-image-23111 size-full\" title=\"Wholesale Fizzy Max III 6IN1 60000 Puffs Disposable Vape 6\" src=\"https:\/\/www.vapeswholesaler.com\/wp-content\/uploads\/2025\/06\/Wholesale-Fizzy-Max-III-6IN1-60000-Puffs-Disposable-Vape-6.webp\" alt=\"Wholesale Fizzy Max III 6IN1 60000 Puffs Disposable Vape 6\" width=\"1000\" height=\"2193\" srcset=\"https:\/\/www.vapeswholesaler.com\/wp-content\/uploads\/2025\/06\/Wholesale-Fizzy-Max-III-6IN1-60000-Puffs-Disposable-Vape-6.webp 1000w, https:\/\/www.vapeswholesaler.com\/wp-content\/uploads\/2025\/06\/Wholesale-Fizzy-Max-III-6IN1-60000-Puffs-Disposable-Vape-6-137x300.webp 137w, https:\/\/www.vapeswholesaler.com\/wp-content\/uploads\/2025\/06\/Wholesale-Fizzy-Max-III-6IN1-60000-Puffs-Disposable-Vape-6-467x1024.webp 467w, https:\/\/www.vapeswholesaler.com\/wp-content\/uploads\/2025\/06\/Wholesale-Fizzy-Max-III-6IN1-60000-Puffs-Disposable-Vape-6-768x1684.webp 768w, https:\/\/www.vapeswholesaler.com\/wp-content\/uploads\/2025\/06\/Wholesale-Fizzy-Max-III-6IN1-60000-Puffs-Disposable-Vape-6-700x1536.webp 700w, https:\/\/www.vapeswholesaler.com\/wp-content\/uploads\/2025\/06\/Wholesale-Fizzy-Max-III-6IN1-60000-Puffs-Disposable-Vape-6-934x2048.webp 934w, https:\/\/www.vapeswholesaler.com\/wp-content\/uploads\/2025\/06\/Wholesale-Fizzy-Max-III-6IN1-60000-Puffs-Disposable-Vape-6-5x12.webp 5w, https:\/\/www.vapeswholesaler.com\/wp-content\/uploads\/2025\/06\/Wholesale-Fizzy-Max-III-6IN1-60000-Puffs-Disposable-Vape-6-510x1118.webp 510w\" sizes=\"auto, (max-width: 1000px) 100vw, 1000px\" \/><figcaption id=\"caption-attachment-23111\" class=\"wp-caption-text\">Atacado Fizzy Max III 6IN1 60000 Puffs Vape descart\u00e1vel<\/figcaption><\/figure>","protected":false},"excerpt":{"rendered":"<p>Quantidade m\u00ednima de encomenda: <strong>50 unidades<\/strong> (Mistura de sabores) <strong>Envio gratuito<\/strong><\/p>\n<p>(2%, 5% Nic) <strong>Armaz\u00e9m da UE<\/strong> Tempo de envio <strong>6-7 dias \u00fateis<\/strong><\/p>","protected":false},"featured_media":23123,"comment_status":"open","ping_status":"closed","template":"","meta":[],"product_cat":[15],"product_tag":[373,396,397,403],"class_list":{"0":"post-23127","1":"product","2":"type-product","3":"status-publish","4":"has-post-thumbnail","6":"product_cat-disposable-vape","7":"product_tag-europe-warehouse","8":"product_tag-disposable-vape","9":"product_tag-60000-puffs","10":"product_tag-fizzy","11":"product_brand-fizzy","13":"first","14":"outofstock","15":"shipping-taxable","16":"purchasable","17":"product-type-variable","18":"has-default-attributes"},"aioseo_notices":[],"_links":{"self":[{"href":"https:\/\/www.vapeswholesaler.com\/pt\/wp-json\/wp\/v2\/product\/23127","targetHints":{"allow":["GET"]}}],"collection":[{"href":"https:\/\/www.vapeswholesaler.com\/pt\/wp-json\/wp\/v2\/product"}],"about":[{"href":"https:\/\/www.vapeswholesaler.com\/pt\/wp-json\/wp\/v2\/types\/product"}],"replies":[{"embeddable":true,"href":"https:\/\/www.vapeswholesaler.com\/pt\/wp-json\/wp\/v2\/comments?post=23127"}],"wp:featuredmedia":[{"embeddable":true,"href":"https:\/\/www.vapeswholesaler.com\/pt\/wp-json\/wp\/v2\/media\/23123"}],"wp:attachment":[{"href":"https:\/\/www.vapeswholesaler.com\/pt\/wp-json\/wp\/v2\/media?parent=23127"}],"wp:term":[{"taxonomy":"product_cat","embeddable":true,"href":"https:\/\/www.vapeswholesaler.com\/pt\/wp-json\/wp\/v2\/product_cat?post=23127"},{"taxonomy":"product_tag","embeddable":true,"href":"https:\/\/www.vapeswholesaler.com\/pt\/wp-json\/wp\/v2\/product_tag?post=23127"}],"curies":[{"name":"wp","href":"https:\/\/api.w.org\/{rel}","templated":true}]}}