{"id":23008,"date":"2025-05-29T18:07:28","date_gmt":"2025-05-29T10:07:28","guid":{"rendered":"https:\/\/www.vapeswholesaler.com\/?post_type=product&#038;p=23008"},"modified":"2025-08-03T10:39:20","modified_gmt":"2025-08-03T02:39:20","slug":"europe-warehouse-wholesale-fizzy-nova-plus-40000-puffs-vape-descartavel","status":"publish","type":"product","link":"https:\/\/www.vapeswholesaler.com\/pt\/produto\/europe-warehouse-wholesale-fizzy-nova-plus-40000-puffs-vape-descartavel","title":{"rendered":"Armaz\u00e9m europeu por atacado Fizzy Nova Plus 40000 Puffs Vape descart\u00e1vel"},"content":{"rendered":"<p>O <a href=\"https:\/\/www.vapeswholesaler.com\/pt\/marca_do_produto\/efervescente\/\">Fresco<\/a> Nova Plus 40000 Puffs \u00e9 o mais recente Vape descart\u00e1vel, este produto vem pr\u00e9-preenchido com 40ml de delicioso vape E-juice e uma grande bateria recarreg\u00e1vel de 850mAh, e vem com um conetor Tipo C que permite que o dispositivo seja recarregado a qualquer momento para aumentar sua vida \u00fatil. Ao recarregar o dispositivo, o nosso produto pode ser utilizado durante cerca de 40.000 baforadas, o que o torna mais vi\u00e1vel comercialmente e se tornou o produto de elei\u00e7\u00e3o para muitos clientes.<\/p>\n<p>Para satisfazer a capacidade pulmonar de diferentes clientes, o caudal de ar pode ser ajustado para a esquerda e para a direita atrav\u00e9s do bot\u00e3o inferior, e os modos ECO e Boost podem ser comutados ao mesmo tempo. Quando o fluxo de ar \u00e9 ajustado em pequena quantidade, o produto pode ser alterado para o modo de poupan\u00e7a de energia ECO, e quando o fluxo de ar \u00e9 ajustado em grande quantidade, o produto pode ser alterado para o modo de alta pot\u00eancia Boost, que tem o maior volume de fumo, para que seja f\u00e1cil alterar a suc\u00e7\u00e3o dos pulm\u00f5es e a experi\u00eancia geral de vaporiza\u00e7\u00e3o. Al\u00e9m disso, o visor eletr\u00f3nico LED incorporado combina comodidade com inova\u00e7\u00e3o, permitindo a monitoriza\u00e7\u00e3o em tempo real do n\u00edvel de \u00f3leo e do estado da bateria, para que n\u00e3o tenha de se preocupar com a possibilidade de ficar subitamente sem bateria.<\/p>\n<p>Finalmente, este produto vem com o tamanho certo, cada sabor est\u00e1 em duas cores e \u00e9 muito popular na Europa. 12 sabores est\u00e3o atualmente em stock, com uma escolha de 2% ou 5% de teor de nicotina, os nossos pre\u00e7os incluem custos de envio, com uma encomenda m\u00ednima de 50pcs, e um tempo de envio de 6-7 dias \u00fateis, bem-vindo a ser nosso parceiro!<\/p>\n<h2><strong>Fizzy Nova Plus 40000 Puffs Detalhes:<\/strong><\/h2>\n<ul>\n<li>Puffs:40000 Puffs<\/li>\n<li>Bobina de malha<\/li>\n<li>Mudan\u00e7a de modo<\/li>\n<li>Fluxo de ar<\/li>\n<li>Eliquido: 40ml<\/li>\n<li>Bateria:850mah<\/li>\n<li>Nicotina: 2%\/5%<\/li>\n<li>Recarreg\u00e1vel:Tipo C<\/li>\n<li>Ecr\u00e3 LED<\/li>\n<li>Exp.2 Anos<\/li>\n<\/ul>\n<h2><strong>Sabores dispon\u00edveis:<\/strong><\/h2>\n<ol>\n<li>Gelo de morango<\/li>\n<li>Coco com mirtilo<\/li>\n<li>Morango Kiwi<\/li>\n<li>Gelo de mirtilo<\/li>\n<li>Gelo de melancia<\/li>\n<li>P\u00eassego Manga Melancia<\/li>\n<li>Kiwi Maracuj\u00e1 Goiaba<\/li>\n<li>Framboesa Lim\u00e3o<\/li>\n<li>Baga tripla<\/li>\n<li>Gelo de p\u00eassego<\/li>\n<li>Lima Uva<\/li>\n<li>Limonada Blue Razz<\/li>\n<\/ol>\n<h2><strong>Lista de embalagem:<\/strong><\/h2>\n<p>1pcs cada caixa individual<br \/>\nQtd:180pcs\/Ctn,10pcs\/Box<br \/>\nPeso do produto:120g\/unidade<br \/>\nTamanho do produto:52.5*24.5*104.3mm<br \/>\nG.W:22kg\/Ctn<\/p>\n<figure id=\"attachment_23009\" aria-describedby=\"caption-attachment-23009\" style=\"width: 1000px\" class=\"wp-caption alignnone\"><img loading=\"lazy\" decoding=\"async\" class=\"wp-image-23009 size-full\" title=\"Europe Warehouse Wholesale Fizzy Nova Plus 40000 Puffs Vape descart\u00e1vel 1\" src=\"https:\/\/www.vapeswholesaler.com\/wp-content\/uploads\/2025\/05\/Europe-Warehouse-Wholesale-Fizzy-Nova-Plus-40000-Puffs-Disposable-Vape-1.webp\" alt=\"Europe Warehouse Wholesale Fizzy Nova Plus 40000 Puffs Vape descart\u00e1vel 1\" width=\"1000\" height=\"623\" srcset=\"https:\/\/www.vapeswholesaler.com\/wp-content\/uploads\/2025\/05\/Europe-Warehouse-Wholesale-Fizzy-Nova-Plus-40000-Puffs-Disposable-Vape-1.webp 1000w, https:\/\/www.vapeswholesaler.com\/wp-content\/uploads\/2025\/05\/Europe-Warehouse-Wholesale-Fizzy-Nova-Plus-40000-Puffs-Disposable-Vape-1-300x187.webp 300w, https:\/\/www.vapeswholesaler.com\/wp-content\/uploads\/2025\/05\/Europe-Warehouse-Wholesale-Fizzy-Nova-Plus-40000-Puffs-Disposable-Vape-1-768x478.webp 768w, https:\/\/www.vapeswholesaler.com\/wp-content\/uploads\/2025\/05\/Europe-Warehouse-Wholesale-Fizzy-Nova-Plus-40000-Puffs-Disposable-Vape-1-18x12.webp 18w, https:\/\/www.vapeswholesaler.com\/wp-content\/uploads\/2025\/05\/Europe-Warehouse-Wholesale-Fizzy-Nova-Plus-40000-Puffs-Disposable-Vape-1-510x318.webp 510w\" sizes=\"auto, (max-width: 1000px) 100vw, 1000px\" \/><figcaption id=\"caption-attachment-23009\" class=\"wp-caption-text\">Armaz\u00e9m europeu por atacado Fizzy Nova Plus 40000 Puffs Vape descart\u00e1vel<\/figcaption><\/figure>\n<figure id=\"attachment_23010\" aria-describedby=\"caption-attachment-23010\" style=\"width: 1000px\" class=\"wp-caption alignnone\"><img loading=\"lazy\" decoding=\"async\" class=\"wp-image-23010 size-full\" title=\"Europe Warehouse Wholesale Fizzy Nova Plus 40000 Puffs Vape descart\u00e1vel 2\" src=\"https:\/\/www.vapeswholesaler.com\/wp-content\/uploads\/2025\/05\/Europe-Warehouse-Wholesale-Fizzy-Nova-Plus-40000-Puffs-Disposable-Vape-2.webp\" alt=\"Europe Warehouse Wholesale Fizzy Nova Plus 40000 Puffs Vape descart\u00e1vel 2\" width=\"1000\" height=\"1188\" srcset=\"https:\/\/www.vapeswholesaler.com\/wp-content\/uploads\/2025\/05\/Europe-Warehouse-Wholesale-Fizzy-Nova-Plus-40000-Puffs-Disposable-Vape-2.webp 1000w, https:\/\/www.vapeswholesaler.com\/wp-content\/uploads\/2025\/05\/Europe-Warehouse-Wholesale-Fizzy-Nova-Plus-40000-Puffs-Disposable-Vape-2-253x300.webp 253w, https:\/\/www.vapeswholesaler.com\/wp-content\/uploads\/2025\/05\/Europe-Warehouse-Wholesale-Fizzy-Nova-Plus-40000-Puffs-Disposable-Vape-2-862x1024.webp 862w, https:\/\/www.vapeswholesaler.com\/wp-content\/uploads\/2025\/05\/Europe-Warehouse-Wholesale-Fizzy-Nova-Plus-40000-Puffs-Disposable-Vape-2-768x912.webp 768w, https:\/\/www.vapeswholesaler.com\/wp-content\/uploads\/2025\/05\/Europe-Warehouse-Wholesale-Fizzy-Nova-Plus-40000-Puffs-Disposable-Vape-2-10x12.webp 10w, https:\/\/www.vapeswholesaler.com\/wp-content\/uploads\/2025\/05\/Europe-Warehouse-Wholesale-Fizzy-Nova-Plus-40000-Puffs-Disposable-Vape-2-510x606.webp 510w\" sizes=\"auto, (max-width: 1000px) 100vw, 1000px\" \/><figcaption id=\"caption-attachment-23010\" class=\"wp-caption-text\">Armaz\u00e9m europeu por atacado Fizzy Nova Plus 40000 Puffs Vape descart\u00e1vel<\/figcaption><\/figure>\n<p>&nbsp;<\/p>\n<p>&nbsp;<\/p>","protected":false},"excerpt":{"rendered":"<p>Quantidade m\u00ednima de encomenda: <strong>50 unidades<\/strong> (Mistura de sabores) <strong>Envio gratuito<\/strong><\/p>\n<p>(2%, 5% Nic) <strong>Armaz\u00e9m da UE<\/strong> Prazo de expedi\u00e7\u00e3o 6-7 dias \u00fateis<\/p>","protected":false},"featured_media":23011,"comment_status":"open","ping_status":"closed","template":"","meta":[],"product_cat":[15],"product_tag":[365,373],"class_list":{"0":"post-23008","1":"product","2":"type-product","3":"status-publish","4":"has-post-thumbnail","6":"product_cat-disposable-vape","7":"product_tag-40000-puffs","8":"product_tag-europe-warehouse","9":"product_brand-fizzy","11":"first","12":"instock","13":"shipping-taxable","14":"purchasable","15":"product-type-variable","16":"has-default-attributes"},"aioseo_notices":[],"_links":{"self":[{"href":"https:\/\/www.vapeswholesaler.com\/pt\/wp-json\/wp\/v2\/product\/23008","targetHints":{"allow":["GET"]}}],"collection":[{"href":"https:\/\/www.vapeswholesaler.com\/pt\/wp-json\/wp\/v2\/product"}],"about":[{"href":"https:\/\/www.vapeswholesaler.com\/pt\/wp-json\/wp\/v2\/types\/product"}],"replies":[{"embeddable":true,"href":"https:\/\/www.vapeswholesaler.com\/pt\/wp-json\/wp\/v2\/comments?post=23008"}],"wp:featuredmedia":[{"embeddable":true,"href":"https:\/\/www.vapeswholesaler.com\/pt\/wp-json\/wp\/v2\/media\/23011"}],"wp:attachment":[{"href":"https:\/\/www.vapeswholesaler.com\/pt\/wp-json\/wp\/v2\/media?parent=23008"}],"wp:term":[{"taxonomy":"product_cat","embeddable":true,"href":"https:\/\/www.vapeswholesaler.com\/pt\/wp-json\/wp\/v2\/product_cat?post=23008"},{"taxonomy":"product_tag","embeddable":true,"href":"https:\/\/www.vapeswholesaler.com\/pt\/wp-json\/wp\/v2\/product_tag?post=23008"}],"curies":[{"name":"wp","href":"https:\/\/api.w.org\/{rel}","templated":true}]}}