{"id":22970,"date":"2025-05-26T12:12:22","date_gmt":"2025-05-26T04:12:22","guid":{"rendered":"https:\/\/www.vapeswholesaler.com\/?post_type=product&#038;p=22970"},"modified":"2025-07-03T10:13:30","modified_gmt":"2025-07-03T02:13:30","slug":"zooy-vape-lugvapor-20000-puffs-vape-descartavel-por-atacado","status":"publish","type":"product","link":"https:\/\/www.vapeswholesaler.com\/pt\/produto\/zooy-vape-lugvapor-20000-puffs-vape-descartavel-por-atacado","title":{"rendered":"Atacado Zooy Vape Lugvapor 20000 Puffs Vape descart\u00e1vel"},"content":{"rendered":"<p>O <a href=\"https:\/\/www.vapeswholesaler.com\/pt\/marca_do_produto\/zoologico\/\">Zool\u00f3gico<\/a> O Vape Lugvapor 20000 Puffs \u00e9 um vape descart\u00e1vel de puff grande de alta qualidade com bateria e compartimento do atomizador separados. A bateria e o atomizador est\u00e3o ligados por \u00edmanes para facilitar a troca de sabores sem afetar a qualidade do produto. \u00c9 poss\u00edvel obter at\u00e9 um m\u00e1ximo de 20.000 baforadas com este produto, que est\u00e1 equipado com uma bateria de 650 mAh de alta qualidade que pode ser recarregada para maximizar a vida \u00fatil do produto, tornando-o na alternativa perfeita aos cigarros.<\/p>\n<p>Vem com 20mg \/ mL de nicotina. Possui uma bobina de malha dupla (0,6\u03a9 + 1,2\u03a9) para um sabor rico, oferecemos 10 sabores quentes para escolher, voc\u00ea pode compr\u00e1-los em nosso site por si mesmo, a quantidade m\u00ednima de pedido de apenas 50 unidades e pode ser escolher 5 sabores no m\u00e1ximo, bem-vindo ao pedido! Estamos ansiosos por colaborar consigo!<\/p>\n<h2><strong>Zooy Vape Lugvapor 20000 Detalhes:<\/strong><\/h2>\n<ul>\n<li>Puffs: 20000 Puffs<\/li>\n<li>Marca: Zooy<\/li>\n<li>Nome do produto: Zooy LugVapor 20000 Puffs<\/li>\n<li>Intensidade da nicotina: 2%<\/li>\n<li>Capacidade pr\u00e9-cheia: 20ml<\/li>\n<li>Capacidade da bateria: 650mAh<\/li>\n<li>Porta de carregamento: Tipo C<\/li>\n<\/ul>\n<h2><strong>Aromas:<\/strong><\/h2>\n<ol>\n<li>Gelo Blue Razz<\/li>\n<li>Kiwi Morango<\/li>\n<li>Gelo de melancia<\/li>\n<li>Gelo de morango<\/li>\n<li>Bagas mistas<\/li>\n<li>Gelo de morango e melancia<\/li>\n<li>Sr. Blue<\/li>\n<li>Drag\u00e3o negro de gelo<\/li>\n<li>Melancia Lichia<\/li>\n<li>Maracuj\u00e1 Kiwi<\/li>\n<\/ol>\n<h2><strong>Lista de embalagem:<\/strong><\/h2>\n<p>1 unidade por caixa individual<br \/>\n10 unidades por caixa de exposi\u00e7\u00e3o<br \/>\n200 unidades por caixa<\/p>\n<figure id=\"attachment_22959\" aria-describedby=\"caption-attachment-22959\" style=\"width: 1000px\" class=\"wp-caption alignnone\"><img loading=\"lazy\" decoding=\"async\" class=\"wp-image-22959 size-full\" title=\"Atacado Zooy Vape Lugvapor 20000 Puffs Vape descart\u00e1vel 7\" src=\"https:\/\/www.vapeswholesaler.com\/wp-content\/uploads\/2025\/05\/Wholesale-Zooy-Vape-Lugvapor-20000-Puffs-Disposable-Vape-7.webp\" alt=\"Atacado Zooy Vape Lugvapor 20000 Puffs Vape descart\u00e1vel 7\" width=\"1000\" height=\"1000\" srcset=\"https:\/\/www.vapeswholesaler.com\/wp-content\/uploads\/2025\/05\/Wholesale-Zooy-Vape-Lugvapor-20000-Puffs-Disposable-Vape-7.webp 1000w, https:\/\/www.vapeswholesaler.com\/wp-content\/uploads\/2025\/05\/Wholesale-Zooy-Vape-Lugvapor-20000-Puffs-Disposable-Vape-7-300x300.webp 300w, https:\/\/www.vapeswholesaler.com\/wp-content\/uploads\/2025\/05\/Wholesale-Zooy-Vape-Lugvapor-20000-Puffs-Disposable-Vape-7-150x150.webp 150w, https:\/\/www.vapeswholesaler.com\/wp-content\/uploads\/2025\/05\/Wholesale-Zooy-Vape-Lugvapor-20000-Puffs-Disposable-Vape-7-768x768.webp 768w, https:\/\/www.vapeswholesaler.com\/wp-content\/uploads\/2025\/05\/Wholesale-Zooy-Vape-Lugvapor-20000-Puffs-Disposable-Vape-7-12x12.webp 12w, https:\/\/www.vapeswholesaler.com\/wp-content\/uploads\/2025\/05\/Wholesale-Zooy-Vape-Lugvapor-20000-Puffs-Disposable-Vape-7-247x247.webp 247w, https:\/\/www.vapeswholesaler.com\/wp-content\/uploads\/2025\/05\/Wholesale-Zooy-Vape-Lugvapor-20000-Puffs-Disposable-Vape-7-510x510.webp 510w, https:\/\/www.vapeswholesaler.com\/wp-content\/uploads\/2025\/05\/Wholesale-Zooy-Vape-Lugvapor-20000-Puffs-Disposable-Vape-7-100x100.webp 100w\" sizes=\"auto, (max-width: 1000px) 100vw, 1000px\" \/><figcaption id=\"caption-attachment-22959\" class=\"wp-caption-text\">Atacado Zooy Vape Lugvapor 20000 Puffs Vape descart\u00e1vel<\/figcaption><\/figure>\n<figure id=\"attachment_22958\" aria-describedby=\"caption-attachment-22958\" style=\"width: 1000px\" class=\"wp-caption alignnone\"><img loading=\"lazy\" decoding=\"async\" class=\"wp-image-22958 size-full\" title=\"Atacado Zooy Vape Lugvapor 20000 Puffs Vape descart\u00e1vel 6\" src=\"https:\/\/www.vapeswholesaler.com\/wp-content\/uploads\/2025\/05\/Wholesale-Zooy-Vape-Lugvapor-20000-Puffs-Disposable-Vape-6.webp\" alt=\"Atacado Zooy Vape Lugvapor 20000 Puffs Vape descart\u00e1vel 6\" width=\"1000\" height=\"1000\" srcset=\"https:\/\/www.vapeswholesaler.com\/wp-content\/uploads\/2025\/05\/Wholesale-Zooy-Vape-Lugvapor-20000-Puffs-Disposable-Vape-6.webp 1000w, https:\/\/www.vapeswholesaler.com\/wp-content\/uploads\/2025\/05\/Wholesale-Zooy-Vape-Lugvapor-20000-Puffs-Disposable-Vape-6-300x300.webp 300w, https:\/\/www.vapeswholesaler.com\/wp-content\/uploads\/2025\/05\/Wholesale-Zooy-Vape-Lugvapor-20000-Puffs-Disposable-Vape-6-150x150.webp 150w, https:\/\/www.vapeswholesaler.com\/wp-content\/uploads\/2025\/05\/Wholesale-Zooy-Vape-Lugvapor-20000-Puffs-Disposable-Vape-6-768x768.webp 768w, https:\/\/www.vapeswholesaler.com\/wp-content\/uploads\/2025\/05\/Wholesale-Zooy-Vape-Lugvapor-20000-Puffs-Disposable-Vape-6-12x12.webp 12w, https:\/\/www.vapeswholesaler.com\/wp-content\/uploads\/2025\/05\/Wholesale-Zooy-Vape-Lugvapor-20000-Puffs-Disposable-Vape-6-247x247.webp 247w, https:\/\/www.vapeswholesaler.com\/wp-content\/uploads\/2025\/05\/Wholesale-Zooy-Vape-Lugvapor-20000-Puffs-Disposable-Vape-6-510x510.webp 510w, https:\/\/www.vapeswholesaler.com\/wp-content\/uploads\/2025\/05\/Wholesale-Zooy-Vape-Lugvapor-20000-Puffs-Disposable-Vape-6-100x100.webp 100w\" sizes=\"auto, (max-width: 1000px) 100vw, 1000px\" \/><figcaption id=\"caption-attachment-22958\" class=\"wp-caption-text\">Atacado Zooy Vape Lugvapor 20000 Puffs Vape descart\u00e1vel<\/figcaption><\/figure>","protected":false},"excerpt":{"rendered":"<p>Quantidade m\u00ednima de encomenda: <strong>50 unidades<\/strong> (Mistura de sabores) <strong>Envio gratuito<\/strong><\/p>\n<p>(2%, Nic) Armaz\u00e9m da UE Prazo de expedi\u00e7\u00e3o 6-7 dias \u00fateis<\/p>","protected":false},"featured_media":22957,"comment_status":"open","ping_status":"closed","template":"","meta":[],"product_cat":[15],"product_tag":[100,371,373],"class_list":{"0":"post-22970","1":"product","2":"type-product","3":"status-publish","4":"has-post-thumbnail","6":"product_cat-disposable-vape","7":"product_tag-20000-puffs","8":"product_tag-zooy","9":"product_tag-europe-warehouse","10":"product_brand-zooy","12":"first","13":"instock","14":"shipping-taxable","15":"purchasable","16":"product-type-variable","17":"has-default-attributes"},"aioseo_notices":[],"_links":{"self":[{"href":"https:\/\/www.vapeswholesaler.com\/pt\/wp-json\/wp\/v2\/product\/22970","targetHints":{"allow":["GET"]}}],"collection":[{"href":"https:\/\/www.vapeswholesaler.com\/pt\/wp-json\/wp\/v2\/product"}],"about":[{"href":"https:\/\/www.vapeswholesaler.com\/pt\/wp-json\/wp\/v2\/types\/product"}],"replies":[{"embeddable":true,"href":"https:\/\/www.vapeswholesaler.com\/pt\/wp-json\/wp\/v2\/comments?post=22970"}],"wp:featuredmedia":[{"embeddable":true,"href":"https:\/\/www.vapeswholesaler.com\/pt\/wp-json\/wp\/v2\/media\/22957"}],"wp:attachment":[{"href":"https:\/\/www.vapeswholesaler.com\/pt\/wp-json\/wp\/v2\/media?parent=22970"}],"wp:term":[{"taxonomy":"product_cat","embeddable":true,"href":"https:\/\/www.vapeswholesaler.com\/pt\/wp-json\/wp\/v2\/product_cat?post=22970"},{"taxonomy":"product_tag","embeddable":true,"href":"https:\/\/www.vapeswholesaler.com\/pt\/wp-json\/wp\/v2\/product_tag?post=22970"}],"curies":[{"name":"wp","href":"https:\/\/api.w.org\/{rel}","templated":true}]}}