{"id":22922,"date":"2025-05-20T17:02:03","date_gmt":"2025-05-20T09:02:03","guid":{"rendered":"https:\/\/www.vapeswholesaler.com\/?post_type=product&#038;p=22922"},"modified":"2025-07-01T21:53:18","modified_gmt":"2025-07-01T13:53:18","slug":"caneta-vape-zooy-por-atacado-rd-one-vape-descartavel-recarregavel","status":"publish","type":"product","link":"https:\/\/www.vapeswholesaler.com\/pt\/produto\/caneta-vape-zooy-por-atacado-rd-one-vape-descartavel-recarregavel","title":{"rendered":"Atacado Zooy Vape Pen Rd One Vape descart\u00e1vel recarreg\u00e1vel"},"content":{"rendered":"<p>O <a href=\"https:\/\/www.vapeswholesaler.com\/pt\/marca_do_produto\/zoologico\/\">Zool\u00f3gico<\/a> O Vape Pen Rd One \u00e9 um vape descart\u00e1vel recarreg\u00e1vel e recarreg\u00e1vel, de fabrico requintado e compacto, com um design cl\u00e1ssico de caneta vape que os consumidores v\u00e3o adorar, concebido para uma utiliza\u00e7\u00e3o prolongada e poupan\u00e7a de custos. Com uma capacidade de c\u00e1psula de 2 ml e at\u00e9 8 recargas, \u00e9 a melhor alternativa aos cigarros tradicionais.<\/p>\n<h2><strong>Zooy Vape Pen Rd One Detalhes:<\/strong><\/h2>\n<ul>\n<li>Recarreg\u00e1vel<\/li>\n<li>550mah<\/li>\n<li>Recarreg\u00e1vel Descart\u00e1vel<\/li>\n<li>C\u00e1psula reutilizada<\/li>\n<li>2ml (recarga at\u00e9 8 vezes)<\/li>\n<li>Bobina de malha<\/li>\n<li>15 sabores<\/li>\n<\/ul>\n<h2><strong>Aromas:<\/strong><\/h2>\n<ol>\n<li>Mirtilo Cereja Arando<\/li>\n<li>Gelo de melancia<\/li>\n<li>Gelo de p\u00eassego<\/li>\n<li>Manga tripla<\/li>\n<li>Lima-lim\u00e3o<\/li>\n<li>Sr. Pink (Limonada cor-de-rosa)<\/li>\n<li>Gelo de banana<\/li>\n<li>Cola de cereja<\/li>\n<li>Urso de goma<\/li>\n<li>Mirtilo Hortel\u00e3<\/li>\n<li>Redbull azul<\/li>\n<li>Melancia com morango<\/li>\n<li>Morango Kiwi<\/li>\n<li>Azul Raz Lim\u00e3o Lim\u00e3o<\/li>\n<li>Gelo de mirtilo<\/li>\n<\/ol>\n<h2><strong>Lista de embalagem:<\/strong><\/h2>\n<p>1pcs cada caixa \u00fanica \uff08\uff081*RD kit+2*10ml E-juice)\uff09<br \/>\n10 unidades por caixa de exposi\u00e7\u00e3o<br \/>\n400pcs cada caixa\/17kg<\/p>\n<p><img loading=\"lazy\" decoding=\"async\" class=\"wp-image-22907 size-full\" title=\"Atacado Zooy Vape Pen Rd One Recarreg\u00e1vel Descart\u00e1vel Vape 3\" src=\"https:\/\/www.vapeswholesaler.com\/wp-content\/uploads\/2025\/05\/Wholesale-Zooy-Vape-Pen-Rd-One-Refillable-Disposable-Vape-3.webp\" alt=\"Atacado Zooy Vape Pen Rd One Recarreg\u00e1vel Descart\u00e1vel Vape 3\" width=\"800\" height=\"800\" srcset=\"https:\/\/www.vapeswholesaler.com\/wp-content\/uploads\/2025\/05\/Wholesale-Zooy-Vape-Pen-Rd-One-Refillable-Disposable-Vape-3.webp 800w, https:\/\/www.vapeswholesaler.com\/wp-content\/uploads\/2025\/05\/Wholesale-Zooy-Vape-Pen-Rd-One-Refillable-Disposable-Vape-3-300x300.webp 300w, https:\/\/www.vapeswholesaler.com\/wp-content\/uploads\/2025\/05\/Wholesale-Zooy-Vape-Pen-Rd-One-Refillable-Disposable-Vape-3-150x150.webp 150w, https:\/\/www.vapeswholesaler.com\/wp-content\/uploads\/2025\/05\/Wholesale-Zooy-Vape-Pen-Rd-One-Refillable-Disposable-Vape-3-768x768.webp 768w, https:\/\/www.vapeswholesaler.com\/wp-content\/uploads\/2025\/05\/Wholesale-Zooy-Vape-Pen-Rd-One-Refillable-Disposable-Vape-3-12x12.webp 12w, https:\/\/www.vapeswholesaler.com\/wp-content\/uploads\/2025\/05\/Wholesale-Zooy-Vape-Pen-Rd-One-Refillable-Disposable-Vape-3-247x247.webp 247w, https:\/\/www.vapeswholesaler.com\/wp-content\/uploads\/2025\/05\/Wholesale-Zooy-Vape-Pen-Rd-One-Refillable-Disposable-Vape-3-510x510.webp 510w, https:\/\/www.vapeswholesaler.com\/wp-content\/uploads\/2025\/05\/Wholesale-Zooy-Vape-Pen-Rd-One-Refillable-Disposable-Vape-3-100x100.webp 100w\" sizes=\"auto, (max-width: 800px) 100vw, 800px\" \/><\/p>\n<p><img loading=\"lazy\" decoding=\"async\" class=\"wp-image-22906 size-full\" title=\"Atacado Zooy Vape Pen Rd One Recarreg\u00e1vel Descart\u00e1vel Vape 2\" src=\"https:\/\/www.vapeswholesaler.com\/wp-content\/uploads\/2025\/05\/Wholesale-Zooy-Vape-Pen-Rd-One-Refillable-Disposable-Vape-2.webp\" alt=\"Atacado Zooy Vape Pen Rd One Recarreg\u00e1vel Descart\u00e1vel Vape 2\" width=\"800\" height=\"800\" srcset=\"https:\/\/www.vapeswholesaler.com\/wp-content\/uploads\/2025\/05\/Wholesale-Zooy-Vape-Pen-Rd-One-Refillable-Disposable-Vape-2.webp 800w, https:\/\/www.vapeswholesaler.com\/wp-content\/uploads\/2025\/05\/Wholesale-Zooy-Vape-Pen-Rd-One-Refillable-Disposable-Vape-2-300x300.webp 300w, https:\/\/www.vapeswholesaler.com\/wp-content\/uploads\/2025\/05\/Wholesale-Zooy-Vape-Pen-Rd-One-Refillable-Disposable-Vape-2-150x150.webp 150w, https:\/\/www.vapeswholesaler.com\/wp-content\/uploads\/2025\/05\/Wholesale-Zooy-Vape-Pen-Rd-One-Refillable-Disposable-Vape-2-768x768.webp 768w, https:\/\/www.vapeswholesaler.com\/wp-content\/uploads\/2025\/05\/Wholesale-Zooy-Vape-Pen-Rd-One-Refillable-Disposable-Vape-2-12x12.webp 12w, https:\/\/www.vapeswholesaler.com\/wp-content\/uploads\/2025\/05\/Wholesale-Zooy-Vape-Pen-Rd-One-Refillable-Disposable-Vape-2-247x247.webp 247w, https:\/\/www.vapeswholesaler.com\/wp-content\/uploads\/2025\/05\/Wholesale-Zooy-Vape-Pen-Rd-One-Refillable-Disposable-Vape-2-510x510.webp 510w, https:\/\/www.vapeswholesaler.com\/wp-content\/uploads\/2025\/05\/Wholesale-Zooy-Vape-Pen-Rd-One-Refillable-Disposable-Vape-2-100x100.webp 100w\" sizes=\"auto, (max-width: 800px) 100vw, 800px\" \/><\/p>\n<figure id=\"attachment_22909\" aria-describedby=\"caption-attachment-22909\" style=\"width: 800px\" class=\"wp-caption alignnone\"><img loading=\"lazy\" decoding=\"async\" class=\"wp-image-22909 size-full\" title=\"Atacado Zooy Vape Pen Rd One Recarreg\u00e1vel Descart\u00e1vel Vape 5\" src=\"https:\/\/www.vapeswholesaler.com\/wp-content\/uploads\/2025\/05\/Wholesale-Zooy-Vape-Pen-Rd-One-Refillable-Disposable-Vape-5.webp\" alt=\"Atacado Zooy Vape Pen Rd One Recarreg\u00e1vel Descart\u00e1vel Vape 5\" width=\"800\" height=\"800\" srcset=\"https:\/\/www.vapeswholesaler.com\/wp-content\/uploads\/2025\/05\/Wholesale-Zooy-Vape-Pen-Rd-One-Refillable-Disposable-Vape-5.webp 800w, https:\/\/www.vapeswholesaler.com\/wp-content\/uploads\/2025\/05\/Wholesale-Zooy-Vape-Pen-Rd-One-Refillable-Disposable-Vape-5-300x300.webp 300w, https:\/\/www.vapeswholesaler.com\/wp-content\/uploads\/2025\/05\/Wholesale-Zooy-Vape-Pen-Rd-One-Refillable-Disposable-Vape-5-150x150.webp 150w, https:\/\/www.vapeswholesaler.com\/wp-content\/uploads\/2025\/05\/Wholesale-Zooy-Vape-Pen-Rd-One-Refillable-Disposable-Vape-5-768x768.webp 768w, https:\/\/www.vapeswholesaler.com\/wp-content\/uploads\/2025\/05\/Wholesale-Zooy-Vape-Pen-Rd-One-Refillable-Disposable-Vape-5-12x12.webp 12w, https:\/\/www.vapeswholesaler.com\/wp-content\/uploads\/2025\/05\/Wholesale-Zooy-Vape-Pen-Rd-One-Refillable-Disposable-Vape-5-247x247.webp 247w, https:\/\/www.vapeswholesaler.com\/wp-content\/uploads\/2025\/05\/Wholesale-Zooy-Vape-Pen-Rd-One-Refillable-Disposable-Vape-5-510x510.webp 510w, https:\/\/www.vapeswholesaler.com\/wp-content\/uploads\/2025\/05\/Wholesale-Zooy-Vape-Pen-Rd-One-Refillable-Disposable-Vape-5-100x100.webp 100w\" sizes=\"auto, (max-width: 800px) 100vw, 800px\" \/><figcaption id=\"caption-attachment-22909\" class=\"wp-caption-text\">Atacado Zooy Vape Pen Rd One Vape descart\u00e1vel recarreg\u00e1vel<\/figcaption><\/figure>","protected":false},"excerpt":{"rendered":"<p>Quantidade m\u00ednima de encomenda: <strong>50 unidades<\/strong> (Mistura de sabores) Envio gratuito<\/p>\n<p>(<strong>2%, 5% Nic)<\/strong><\/p>","protected":false},"featured_media":22905,"comment_status":"open","ping_status":"closed","template":"","meta":[],"product_cat":[15],"product_tag":[],"class_list":{"0":"post-22922","1":"product","2":"type-product","3":"status-publish","4":"has-post-thumbnail","6":"product_cat-disposable-vape","7":"product_brand-zooy","9":"first","10":"instock","11":"shipping-taxable","12":"purchasable","13":"product-type-variable","14":"has-default-attributes"},"aioseo_notices":[],"_links":{"self":[{"href":"https:\/\/www.vapeswholesaler.com\/pt\/wp-json\/wp\/v2\/product\/22922","targetHints":{"allow":["GET"]}}],"collection":[{"href":"https:\/\/www.vapeswholesaler.com\/pt\/wp-json\/wp\/v2\/product"}],"about":[{"href":"https:\/\/www.vapeswholesaler.com\/pt\/wp-json\/wp\/v2\/types\/product"}],"replies":[{"embeddable":true,"href":"https:\/\/www.vapeswholesaler.com\/pt\/wp-json\/wp\/v2\/comments?post=22922"}],"wp:featuredmedia":[{"embeddable":true,"href":"https:\/\/www.vapeswholesaler.com\/pt\/wp-json\/wp\/v2\/media\/22905"}],"wp:attachment":[{"href":"https:\/\/www.vapeswholesaler.com\/pt\/wp-json\/wp\/v2\/media?parent=22922"}],"wp:term":[{"taxonomy":"product_cat","embeddable":true,"href":"https:\/\/www.vapeswholesaler.com\/pt\/wp-json\/wp\/v2\/product_cat?post=22922"},{"taxonomy":"product_tag","embeddable":true,"href":"https:\/\/www.vapeswholesaler.com\/pt\/wp-json\/wp\/v2\/product_tag?post=22922"}],"curies":[{"name":"wp","href":"https:\/\/api.w.org\/{rel}","templated":true}]}}