{"id":22864,"date":"2025-05-18T21:53:59","date_gmt":"2025-05-18T13:53:59","guid":{"rendered":"https:\/\/www.vapeswholesaler.com\/?post_type=product&#038;p=22864"},"modified":"2025-10-30T18:30:20","modified_gmt":"2025-10-30T10:30:20","slug":"vape-descartavel-por-atacado-mrvi-growing-60000-puffs","status":"publish","type":"product","link":"https:\/\/www.vapeswholesaler.com\/pt\/produto\/vape-descartavel-por-atacado-mrvi-growing-60000-puffs","title":{"rendered":"Atacado Mrvi Growing 60000 Puffs Vape descart\u00e1vel"},"content":{"rendered":"<p><a href=\"https:\/\/www.vapeswholesaler.com\/pt\/marca_do_produto\/mrvi\/\">Mrvi<\/a> Growing 60000 Puffs \u00e9 um novo modelo privado exclusivo, cada dispositivo pode ser usado com 3 sabores diferentes, n\u00f3s pr\u00e9-preenchemos cada sabor com 16ml de \u00f3leo para um total de 48ml de 3 sabores, o que aumenta muito a vida \u00fatil do produto. Este produto \u00e9 muito bem trabalhado e dur\u00e1vel, utilizando o mais avan\u00e7ado processo de cozedura por galvanoplastia a v\u00e1cuo, tornando o produto mais brilhante e colorido, mais avan\u00e7ado.<\/p>\n<p>O produto \u00e9 girando o bocal superior para alternar entre diferentes sabores, a opera\u00e7\u00e3o \u00e9 mais conveniente, o usu\u00e1rio pode quase sentir tr\u00eas sabores diferentes ao mesmo tempo, deixe Vaping trazer mais divers\u00e3o. O produto tamb\u00e9m possui um visor eletr\u00f3nico de alta defini\u00e7\u00e3o, dete\u00e7\u00e3o em tempo real do \u00f3leo, consumo de energia da bateria, para que o utilizador compreenda mais claramente o estado do dispositivo, obtenha uma grande experi\u00eancia.<\/p>\n<p>Esperamos estabelecer coopera\u00e7\u00e3o com clientes de todo o mundo, o nosso pre\u00e7o unit\u00e1rio \u00e9 o pre\u00e7o do envio, para a maioria dos pa\u00edses europeus apenas 16-17 dias para chegar, a nossa encomenda m\u00ednima \u00e9 apenas 50pcs, qualquer cliente pode fazer uma encomenda diretamente no website, bem-vindo a cooperar.<\/p>\n<p><a href=\"https:\/\/www.facebook.com\/100008071089000\/videos\/1438169820699923\/\"><strong>Please watch the Mrvi Growing 60000 video<\/strong><\/a><\/p>\n<h2><strong>Mrvi Cultivar 60000 Puffs detalhes:<\/strong><\/h2>\n<ul>\n<li>Puffs: 60000 Puffs<\/li>\n<li>Capacidade do E-l\u00edquido: 48ml<\/li>\n<li>Capacidade da bateria: 650mAh<\/li>\n<li>Intensidade da nicotina: 2% 5%<\/li>\n<li>Porta de carregamento:Tipo C<\/li>\n<li>Bobina de malha dupla<\/li>\n<li>Com E Liquid e Power Screen<\/li>\n<\/ul>\n<h2><strong>Aromas:<\/strong><\/h2>\n<ol>\n<li>Gelo de melancia &amp; Red bull &amp; Kiwi de morango<\/li>\n<li>Lim\u00e3o, lima, morango e gelo de mirtilo<\/li>\n<li>Anan\u00e1s, coco, banana e gelo Blue razz<\/li>\n<li>Melancia framboesa &amp;Cola Ice &amp; Ma\u00e7\u00e3 azeda<\/li>\n<li>Tropical Mix &amp; Gelado de morango &amp; Gelado de manga<\/li>\n<li>Morango Framboesa Cereja &amp; Love 666 &amp; Cherry Candy Ice<\/li>\n<li>Mistura de bagas e gomas e gelo de p\u00eassego<\/li>\n<li>Gelo de uva e morango Doces e picol\u00e9s<\/li>\n<\/ol>\n<h2><strong>Lista de embalagem:<\/strong><\/h2>\n<p>1 unidade por caixa individual<br \/>\nCada caixa de exposi\u00e7\u00e3o: 10pcs<br \/>\nCada caixa: 160pcs<br \/>\nCada caixa: 21,5 kg<br \/>\nTamanho do cart\u00e3o: 51*42*26cm<\/p>\n<figure id=\"attachment_22868\" aria-describedby=\"caption-attachment-22868\" style=\"width: 1000px\" class=\"wp-caption alignnone\"><img loading=\"lazy\" decoding=\"async\" class=\"wp-image-22868 size-full\" title=\"Atacado Mrvi Growing 60000 Puffs Vape descart\u00e1vel 4\" src=\"https:\/\/www.vapeswholesaler.com\/wp-content\/uploads\/2025\/05\/Wholesale-Mrvi-Growing-60000-Puffs-Disposable-Vape-4.webp\" alt=\"Atacado Mrvi Growing 60000 Puffs Vape descart\u00e1vel 4\" width=\"1000\" height=\"1325\" srcset=\"https:\/\/www.vapeswholesaler.com\/wp-content\/uploads\/2025\/05\/Wholesale-Mrvi-Growing-60000-Puffs-Disposable-Vape-4.webp 1000w, https:\/\/www.vapeswholesaler.com\/wp-content\/uploads\/2025\/05\/Wholesale-Mrvi-Growing-60000-Puffs-Disposable-Vape-4-226x300.webp 226w, https:\/\/www.vapeswholesaler.com\/wp-content\/uploads\/2025\/05\/Wholesale-Mrvi-Growing-60000-Puffs-Disposable-Vape-4-773x1024.webp 773w, https:\/\/www.vapeswholesaler.com\/wp-content\/uploads\/2025\/05\/Wholesale-Mrvi-Growing-60000-Puffs-Disposable-Vape-4-768x1018.webp 768w, https:\/\/www.vapeswholesaler.com\/wp-content\/uploads\/2025\/05\/Wholesale-Mrvi-Growing-60000-Puffs-Disposable-Vape-4-9x12.webp 9w, https:\/\/www.vapeswholesaler.com\/wp-content\/uploads\/2025\/05\/Wholesale-Mrvi-Growing-60000-Puffs-Disposable-Vape-4-510x676.webp 510w\" sizes=\"auto, (max-width: 1000px) 100vw, 1000px\" \/><figcaption id=\"caption-attachment-22868\" class=\"wp-caption-text\">Atacado Mrvi Growing 60000 Puffs Vape descart\u00e1vel<\/figcaption><\/figure>","protected":false},"excerpt":{"rendered":"<p>Quantidade m\u00ednima de encomenda: <strong>100 unidades<\/strong> (Mistura de sabores) Envio gratuito<\/p>\n<p>(<strong>2%, 5% Nic<\/strong>)<\/p>","protected":false},"featured_media":22867,"comment_status":"open","ping_status":"closed","template":"","meta":[],"product_cat":[15],"product_tag":[373,397],"class_list":{"0":"post-22864","1":"product","2":"type-product","3":"status-publish","4":"has-post-thumbnail","6":"product_cat-disposable-vape","7":"product_tag-europe-warehouse","8":"product_tag-60000-puffs","9":"product_brand-mrvi","11":"first","12":"instock","13":"shipping-taxable","14":"purchasable","15":"product-type-variable","16":"has-default-attributes"},"aioseo_notices":[],"_links":{"self":[{"href":"https:\/\/www.vapeswholesaler.com\/pt\/wp-json\/wp\/v2\/product\/22864","targetHints":{"allow":["GET"]}}],"collection":[{"href":"https:\/\/www.vapeswholesaler.com\/pt\/wp-json\/wp\/v2\/product"}],"about":[{"href":"https:\/\/www.vapeswholesaler.com\/pt\/wp-json\/wp\/v2\/types\/product"}],"replies":[{"embeddable":true,"href":"https:\/\/www.vapeswholesaler.com\/pt\/wp-json\/wp\/v2\/comments?post=22864"}],"wp:featuredmedia":[{"embeddable":true,"href":"https:\/\/www.vapeswholesaler.com\/pt\/wp-json\/wp\/v2\/media\/22867"}],"wp:attachment":[{"href":"https:\/\/www.vapeswholesaler.com\/pt\/wp-json\/wp\/v2\/media?parent=22864"}],"wp:term":[{"taxonomy":"product_cat","embeddable":true,"href":"https:\/\/www.vapeswholesaler.com\/pt\/wp-json\/wp\/v2\/product_cat?post=22864"},{"taxonomy":"product_tag","embeddable":true,"href":"https:\/\/www.vapeswholesaler.com\/pt\/wp-json\/wp\/v2\/product_tag?post=22864"}],"curies":[{"name":"wp","href":"https:\/\/api.w.org\/{rel}","templated":true}]}}