{"id":22614,"date":"2025-04-22T12:04:19","date_gmt":"2025-04-22T04:04:19","guid":{"rendered":"https:\/\/www.vapeswholesaler.com\/?post_type=product&#038;p=22614"},"modified":"2025-09-10T16:56:56","modified_gmt":"2025-09-10T08:56:56","slug":"vape-descartavel-por-atacado-mrvi-twins-32000-puffs","status":"publish","type":"product","link":"https:\/\/www.vapeswholesaler.com\/pt\/produto\/vape-descartavel-por-atacado-mrvi-twins-32000-puffs","title":{"rendered":"Atacado Mrvi Twins 32000 puffs Vape descart\u00e1vel"},"content":{"rendered":"<p><a href=\"https:\/\/www.vapeswholesaler.com\/pt\/marca_do_produto\/mrvi\/\">Mrvi<\/a> Twins 32000 puffs \u00e9 um produto de sabor duplo composto por dois sabores diferentes, uma vez que tem dois copos de 20ml de Refill Eliquid, permitindo que o produto atinja uns fant\u00e1sticos 32.000 puffs e dure mais de 1 semana. Tamb\u00e9m a tecnologia inovadora de rodar o bocal da cabe\u00e7a para mudar os sabores \u00e9 simples e f\u00e1cil de usar e os clientes adoram-na.<\/p>\n<p>Este produto est\u00e1 equipado com uma bateria de alta capacidade de 550 mAh, vida \u00fatil mais longa e pode ser usada a interface Tipo C para concluir o carregamento do dispositivo a qualquer momento e local, deixe a tecnologia mudar nossas vidas, atualmente oferecemos 10 sabores para os clientes escolherem, cada sabor \u00e9 recomendado, atualmente temos dois armaz\u00e9ns para enviar, o armaz\u00e9m europeu fornece apenas conte\u00fado de nicotina 5%, do armaz\u00e9m na China, voc\u00ea pode escolher entre 2% e 5%, bem-vindo a ser nosso cliente. Bem-vindo a ser nosso parceiro, n\u00f3s forneceremos o melhor servi\u00e7o para cada cliente!<\/p>\n<h2><strong>Mrvi Twins 32000 puffs Carater\u00edsticas:<\/strong><\/h2>\n<ul>\n<li>Puffs: 32000<\/li>\n<li>Sabores duplos<\/li>\n<li>Capacidade do E-l\u00edquido: 40ml<\/li>\n<li>Capacidade da bateria: 550mAh<\/li>\n<li>Intensidade da nicotina: 2% 5%<\/li>\n<li>Porta de carregamento:Tipo C<\/li>\n<li>Bobina de malha dupla<\/li>\n<\/ul>\n<h2><strong>Aromas:<\/strong><\/h2>\n<ol>\n<li>Gelo de anan\u00e1s e gelo de uva<\/li>\n<li>Gelo de banana e Kiwi de morango<\/li>\n<li>Sumo de manga e gelado de laranja<\/li>\n<li>Gelo de p\u00eassego e Red Bull<\/li>\n<li>Gelo de mirtilo e gelo de ma\u00e7\u00e3 vermelha<\/li>\n<li>Lush Ice &amp; Mixed Berry<\/li>\n<li>Gelo de morango e gota de arco-\u00edris<\/li>\n<li>Cereja com g\u00e1s e gelo Blue Razz<\/li>\n<li>Morango, melancia e uva com arando<\/li>\n<li>Mel\u00e3o triplo e Ice Pop<\/li>\n<\/ol>\n<h2><strong>Lista de embalagem:<\/strong><\/h2>\n<p>1 unidade por caixa individual<br \/>\n10 unidades de cada caixa interm\u00e9dia<br \/>\n160 unidades por caixa<\/p>\n<figure id=\"attachment_22600\" aria-describedby=\"caption-attachment-22600\" style=\"width: 1000px\" class=\"wp-caption alignnone\"><img loading=\"lazy\" decoding=\"async\" class=\"wp-image-22600 size-full\" title=\"Wholesale Mrvi Twins 32000 puffs Vape descart\u00e1vel 1\" src=\"https:\/\/www.vapeswholesaler.com\/wp-content\/uploads\/2025\/04\/Wholesale-Mrvi-Twins-32000-puffs-Disposable-Vape-1.webp\" alt=\"Wholesale Mrvi Twins 32000 puffs Vape descart\u00e1vel 1\" width=\"1000\" height=\"1577\" srcset=\"https:\/\/www.vapeswholesaler.com\/wp-content\/uploads\/2025\/04\/Wholesale-Mrvi-Twins-32000-puffs-Disposable-Vape-1.webp 1000w, https:\/\/www.vapeswholesaler.com\/wp-content\/uploads\/2025\/04\/Wholesale-Mrvi-Twins-32000-puffs-Disposable-Vape-1-190x300.webp 190w, https:\/\/www.vapeswholesaler.com\/wp-content\/uploads\/2025\/04\/Wholesale-Mrvi-Twins-32000-puffs-Disposable-Vape-1-649x1024.webp 649w, https:\/\/www.vapeswholesaler.com\/wp-content\/uploads\/2025\/04\/Wholesale-Mrvi-Twins-32000-puffs-Disposable-Vape-1-768x1211.webp 768w, https:\/\/www.vapeswholesaler.com\/wp-content\/uploads\/2025\/04\/Wholesale-Mrvi-Twins-32000-puffs-Disposable-Vape-1-974x1536.webp 974w, https:\/\/www.vapeswholesaler.com\/wp-content\/uploads\/2025\/04\/Wholesale-Mrvi-Twins-32000-puffs-Disposable-Vape-1-8x12.webp 8w, https:\/\/www.vapeswholesaler.com\/wp-content\/uploads\/2025\/04\/Wholesale-Mrvi-Twins-32000-puffs-Disposable-Vape-1-510x804.webp 510w\" sizes=\"auto, (max-width: 1000px) 100vw, 1000px\" \/><figcaption id=\"caption-attachment-22600\" class=\"wp-caption-text\">Atacado Mrvi Twins 32000 puffs Vape descart\u00e1vel<\/figcaption><\/figure>","protected":false},"excerpt":{"rendered":"<p>Quantidade m\u00ednima de encomenda: <strong>100 unidades<\/strong> (Mistura de sabores) <strong>Envio gratuito<\/strong><\/p>\n<p>(<strong>5% Nic<\/strong>) Prazo de expedi\u00e7\u00e3o do armaz\u00e9m da UE 5-6 dias \u00fateis<\/p>","protected":false},"featured_media":22611,"comment_status":"open","ping_status":"closed","template":"","meta":[],"product_cat":[15],"product_tag":[369,373,387],"class_list":{"0":"post-22614","1":"product","2":"type-product","3":"status-publish","4":"has-post-thumbnail","6":"product_cat-disposable-vape","7":"product_tag-dual-flavors","8":"product_tag-europe-warehouse","9":"product_tag-mrvi","10":"product_brand-mrvi","12":"first","13":"instock","14":"shipping-taxable","15":"purchasable","16":"product-type-variable","17":"has-default-attributes"},"aioseo_notices":[],"_links":{"self":[{"href":"https:\/\/www.vapeswholesaler.com\/pt\/wp-json\/wp\/v2\/product\/22614","targetHints":{"allow":["GET"]}}],"collection":[{"href":"https:\/\/www.vapeswholesaler.com\/pt\/wp-json\/wp\/v2\/product"}],"about":[{"href":"https:\/\/www.vapeswholesaler.com\/pt\/wp-json\/wp\/v2\/types\/product"}],"replies":[{"embeddable":true,"href":"https:\/\/www.vapeswholesaler.com\/pt\/wp-json\/wp\/v2\/comments?post=22614"}],"wp:featuredmedia":[{"embeddable":true,"href":"https:\/\/www.vapeswholesaler.com\/pt\/wp-json\/wp\/v2\/media\/22611"}],"wp:attachment":[{"href":"https:\/\/www.vapeswholesaler.com\/pt\/wp-json\/wp\/v2\/media?parent=22614"}],"wp:term":[{"taxonomy":"product_cat","embeddable":true,"href":"https:\/\/www.vapeswholesaler.com\/pt\/wp-json\/wp\/v2\/product_cat?post=22614"},{"taxonomy":"product_tag","embeddable":true,"href":"https:\/\/www.vapeswholesaler.com\/pt\/wp-json\/wp\/v2\/product_tag?post=22614"}],"curies":[{"name":"wp","href":"https:\/\/api.w.org\/{rel}","templated":true}]}}