{"id":22550,"date":"2025-04-17T23:23:21","date_gmt":"2025-04-17T15:23:21","guid":{"rendered":"https:\/\/www.vapeswholesaler.com\/?post_type=product&#038;p=22550"},"modified":"2026-04-12T21:15:48","modified_gmt":"2026-04-12T13:15:48","slug":"vapsolo-king-pro-40k-puffs-vape-descartavel-por-atacado","status":"publish","type":"product","link":"https:\/\/www.vapeswholesaler.com\/pt\/produto\/vapsolo-king-pro-40k-puffs-vape-descartavel-por-atacado","title":{"rendered":"Atacado Vapsolo King Pro 40K Puffs Vape descart\u00e1vel"},"content":{"rendered":"<p>O <a href=\"https:\/\/www.vapeswholesaler.com\/pt\/marca_do_produto\/vapsolo\/\">Vapsolo<\/a> O King Pro 40K Puffs \u00e9 o mais recente cigarro eletr\u00f3nico descart\u00e1vel com um ecr\u00e3 LCD que permite verificar os dados de funcionamento do dispositivo em tempo real, tornando-o ainda mais avan\u00e7ado tecnologicamente e competitivo. Experimente cerca de 40000 baforadas com o seu e-l\u00edquido pr\u00e9-cheio de 40ml de alta capacidade e a bateria de 650mAh.<\/p>\n<p>O produto \u00e9 fornecido com uma bobina de malha de 1,0 Ohm para real\u00e7ar o melhor de cada sabor e, para que este produto seja utilizado durante mais tempo, equip\u00e1mo-lo com um conetor tipo C para carregar o seu dispositivo em qualquer ambiente<\/p>\n<p>A qualidade Vapsolo \u00e9 fi\u00e1vel, o produto \u00e9 muito popular, estamos constantemente a adicionar novos produtos, cada produto foi rigorosamente testado, somos respons\u00e1veis pelos nossos clientes, recomendamos este produto, bem-vindo a ser nosso parceiro!<\/p>\n<h2><strong>Vapsolo King Pro 40K Puffs Carater\u00edsticas:<\/strong><\/h2>\n<ul>\n<li>Ecr\u00e3 Lcd<\/li>\n<li>Capacidade do E-l\u00edquido: 40ml<\/li>\n<li>Capacidade da bateria:650mah<\/li>\n<li>Bobina de malha<\/li>\n<li>Resist\u00eancia da bobina:1.0ohm<\/li>\n<li>Porta tipo C,Recarreg\u00e1vel<\/li>\n<li>200pcs\/Ctn<\/li>\n<li>10cs\/Caixa<\/li>\n<li>Peso: 133g\/Pcs<\/li>\n<li>27,3 kg\/Ctn<\/li>\n<li>Tamanho da caixa:46*43*26,5cm<\/li>\n<\/ul>\n<h2><strong>Aromas:<\/strong><\/h2>\n<ol>\n<li>Lim\u00e3o-cereja<\/li>\n<li>Kiwi Maracuj\u00e1 Goiaba<\/li>\n<li>Amor 66<\/li>\n<li>Gelo de melancia<\/li>\n<li>Morango Kiwi<\/li>\n<li>Lima-lim\u00e3o<\/li>\n<li>Banana com morango<\/li>\n<li>Black Ice Dragon Fruit Morango<\/li>\n<li>Baga de p\u00eassego<\/li>\n<li>Melancia com morango<\/li>\n<li>Cola de cereja<\/li>\n<li>Rutura de uva<\/li>\n<li>Baga mista<\/li>\n<li>Mirtilo Framboesa \u00c1cida<\/li>\n<li>P\u00eassego Manga Anan\u00e1s<\/li>\n<\/ol>\n<h2><strong>Lista de embalagem:<\/strong><\/h2>\n<p>1 unidade por caixa individual<br \/>\n10 unidades de cada caixa interm\u00e9dia<br \/>\n200 unidades por caixa<\/p>\n<figure id=\"attachment_22533\" aria-describedby=\"caption-attachment-22533\" style=\"width: 1000px\" class=\"wp-caption alignnone\"><img loading=\"lazy\" decoding=\"async\" class=\"wp-image-22533 size-full\" title=\"Atacado Vapsolo King Pro 40K Puffs Vape descart\u00e1vel 7\" src=\"https:\/\/www.vapeswholesaler.com\/wp-content\/uploads\/2025\/04\/Wholesale-Vapsolo-King-Pro-40K-Puffs-Disposable-Vape-7.webp\" alt=\"Atacado Vapsolo King Pro 40K Puffs Vape descart\u00e1vel 7\" width=\"1000\" height=\"1000\" srcset=\"https:\/\/www.vapeswholesaler.com\/wp-content\/uploads\/2025\/04\/Wholesale-Vapsolo-King-Pro-40K-Puffs-Disposable-Vape-7.webp 1000w, https:\/\/www.vapeswholesaler.com\/wp-content\/uploads\/2025\/04\/Wholesale-Vapsolo-King-Pro-40K-Puffs-Disposable-Vape-7-300x300.webp 300w, https:\/\/www.vapeswholesaler.com\/wp-content\/uploads\/2025\/04\/Wholesale-Vapsolo-King-Pro-40K-Puffs-Disposable-Vape-7-150x150.webp 150w, https:\/\/www.vapeswholesaler.com\/wp-content\/uploads\/2025\/04\/Wholesale-Vapsolo-King-Pro-40K-Puffs-Disposable-Vape-7-768x768.webp 768w, https:\/\/www.vapeswholesaler.com\/wp-content\/uploads\/2025\/04\/Wholesale-Vapsolo-King-Pro-40K-Puffs-Disposable-Vape-7-12x12.webp 12w, https:\/\/www.vapeswholesaler.com\/wp-content\/uploads\/2025\/04\/Wholesale-Vapsolo-King-Pro-40K-Puffs-Disposable-Vape-7-247x247.webp 247w, https:\/\/www.vapeswholesaler.com\/wp-content\/uploads\/2025\/04\/Wholesale-Vapsolo-King-Pro-40K-Puffs-Disposable-Vape-7-510x510.webp 510w, https:\/\/www.vapeswholesaler.com\/wp-content\/uploads\/2025\/04\/Wholesale-Vapsolo-King-Pro-40K-Puffs-Disposable-Vape-7-100x100.webp 100w\" sizes=\"auto, (max-width: 1000px) 100vw, 1000px\" \/><figcaption id=\"caption-attachment-22533\" class=\"wp-caption-text\">Atacado Vapsolo King Pro 40K Puffs Vape descart\u00e1vel<\/figcaption><\/figure>\n<p>&nbsp;<\/p>\n<p>&nbsp;<\/p>","protected":false},"excerpt":{"rendered":"<p>Quantidade m\u00ednima de encomenda: <strong>50 unidades<\/strong> (Mistura de sabores) <strong>Envio gratuito<\/strong><\/p>\n<p>(2%, 5% Nic) <strong>Armaz\u00e9m da UE<\/strong> Shipping time 7-8 working days<\/p>","protected":false},"featured_media":22543,"comment_status":"open","ping_status":"closed","template":"","meta":[],"product_cat":[15],"product_tag":[87,373,401],"class_list":{"0":"post-22550","1":"product","2":"type-product","3":"status-publish","4":"has-post-thumbnail","6":"product_cat-disposable-vape","7":"product_tag-vapsolo","8":"product_tag-europe-warehouse","9":"product_tag-400000-puffs","10":"product_brand-vapsolo","12":"first","13":"instock","14":"shipping-taxable","15":"purchasable","16":"product-type-variable","17":"has-default-attributes"},"aioseo_notices":[],"_links":{"self":[{"href":"https:\/\/www.vapeswholesaler.com\/pt\/wp-json\/wp\/v2\/product\/22550","targetHints":{"allow":["GET"]}}],"collection":[{"href":"https:\/\/www.vapeswholesaler.com\/pt\/wp-json\/wp\/v2\/product"}],"about":[{"href":"https:\/\/www.vapeswholesaler.com\/pt\/wp-json\/wp\/v2\/types\/product"}],"replies":[{"embeddable":true,"href":"https:\/\/www.vapeswholesaler.com\/pt\/wp-json\/wp\/v2\/comments?post=22550"}],"wp:featuredmedia":[{"embeddable":true,"href":"https:\/\/www.vapeswholesaler.com\/pt\/wp-json\/wp\/v2\/media\/22543"}],"wp:attachment":[{"href":"https:\/\/www.vapeswholesaler.com\/pt\/wp-json\/wp\/v2\/media?parent=22550"}],"wp:term":[{"taxonomy":"product_cat","embeddable":true,"href":"https:\/\/www.vapeswholesaler.com\/pt\/wp-json\/wp\/v2\/product_cat?post=22550"},{"taxonomy":"product_tag","embeddable":true,"href":"https:\/\/www.vapeswholesaler.com\/pt\/wp-json\/wp\/v2\/product_tag?post=22550"}],"curies":[{"name":"wp","href":"https:\/\/api.w.org\/{rel}","templated":true}]}}