{"id":22372,"date":"2025-03-26T14:26:50","date_gmt":"2025-03-26T06:26:50","guid":{"rendered":"https:\/\/www.vapeswholesaler.com\/?post_type=product&#038;p=22372"},"modified":"2025-08-11T11:06:02","modified_gmt":"2025-08-11T03:06:02","slug":"elf-bar-ice-king-30000-puffs-vape-descartavel-por-atacado","status":"publish","type":"product","link":"https:\/\/www.vapeswholesaler.com\/pt\/produto\/elf-bar-ice-king-30000-puffs-vape-descartavel-por-atacado","title":{"rendered":"Atacado Elf bar Ice King 30000 Puffs Vape descart\u00e1vel"},"content":{"rendered":"<p><a href=\"https:\/\/www.vapeswholesaler.com\/pt\/marca_do_produto\/bar-dos-elfos\/\">Bar dos duendes<\/a> O Ice King 30000 Puffs \u00e9 o mais recente Vape descart\u00e1vel com 5 n\u00edveis de ajuste de gelo, concebido para ser compacto e leve para uma f\u00e1cil portabilidade, com bot\u00f5es na frente para um ajuste f\u00e1cil do gelo e um design mais f\u00e1cil de utilizar. Com 5 n\u00edveis de ajuste de gelo, o Ice King garante que cada baforada \u00e9 adaptada \u00e0s suas prefer\u00eancias pessoais, criando uma experi\u00eancia de fumo verdadeiramente personalizada.<\/p>\n<p>O lado do produto est\u00e1 equipado com um ecr\u00e3 lateral LED, que mostra os diferentes n\u00edveis de conte\u00fado de gelo em tempo real, e tamb\u00e9m pode exibir a capacidade do E-juice e a capacidade da bateria ao mesmo tempo. Pr\u00e9-cheio com 20ML Vape e-Liquid, o \u00f3leo deste produto \u00e9 realmente pr\u00e9-cheio, n\u00e3o virtual, transportando bateria de alta capacidade de 850mah, e pode suportar Typ-C para recarregar a bateria, para que o produto obtenha mais valor para uso<\/p>\n<h2><strong><a href=\"https:\/\/www.facebook.com\/fred.luo.58\/\">Bar dos duendes<\/a> Ice King 30000 Puffs Carater\u00edsticas:<\/strong><\/h2>\n<ul>\n<li>Marca: Elf bar<\/li>\n<li>Nome do modelo: Ice King 30000 Puffs<\/li>\n<li>Capacidade do \u00f3leo: 20 ml<\/li>\n<li>Capacidade da bateria: 850mah<\/li>\n<li>5% Nic<\/li>\n<li>Sistema de carregamento USB tipo C<\/li>\n<li>Suporta cigarros electr\u00f3nicos MTL<\/li>\n<li>Bobinas de malha dupla<\/li>\n<li>5 n\u00edveis de frescura ajust\u00e1veis<\/li>\n<\/ul>\n<h2><strong>Aromas:<\/strong><\/h2>\n<ol>\n<li>Touro Elfo<\/li>\n<li>Amora preta Arando<\/li>\n<li>Melancia com morango<\/li>\n<li>Gelo de p\u00eassego<\/li>\n<li>Gelo de uva<\/li>\n<li>Kiwi Maracuj\u00e1 Goiaba<\/li>\n<li>Gelo de morango e kiwi<\/li>\n<li>Cereja Rom\u00e3 Arando<\/li>\n<li>Miami Mint<\/li>\n<li>Gelo Blue Razz<\/li>\n<li>Gelo de melancia<\/li>\n<li>Bolo de banana<\/li>\n<li>Lichia Ribena<\/li>\n<li>Cola de lima<\/li>\n<li>Limonada cor-de-rosa<\/li>\n<\/ol>\n<h2><strong>Lista de embalagem:<\/strong><\/h2>\n<p>1 unidade por caixa individual<br \/>\n10 unidades de cada caixa interm\u00e9dia<br \/>\n100pcs cada caixa (12.4KG)<\/p>\n<figure style=\"width: 900px\" class=\"wp-caption alignnone\"><img loading=\"lazy\" decoding=\"async\" class=\"wp-image-22349 size-full\" title=\"Atacado Elf bar Ice King 30000 Puffs Vape descart\u00e1vel 4\" src=\"https:\/\/www.vapeswholesaler.com\/wp-content\/uploads\/2025\/03\/Wholesale-Elf-bar-Ice-King-30000-Puffs-Disposable-Vape-4.webp\" alt=\"Atacado Elf bar Ice King 30000 Puffs Vape descart\u00e1vel 4\" width=\"900\" height=\"711\" srcset=\"https:\/\/www.vapeswholesaler.com\/wp-content\/uploads\/2025\/03\/Wholesale-Elf-bar-Ice-King-30000-Puffs-Disposable-Vape-4.webp 900w, https:\/\/www.vapeswholesaler.com\/wp-content\/uploads\/2025\/03\/Wholesale-Elf-bar-Ice-King-30000-Puffs-Disposable-Vape-4-300x237.webp 300w, https:\/\/www.vapeswholesaler.com\/wp-content\/uploads\/2025\/03\/Wholesale-Elf-bar-Ice-King-30000-Puffs-Disposable-Vape-4-768x607.webp 768w, https:\/\/www.vapeswholesaler.com\/wp-content\/uploads\/2025\/03\/Wholesale-Elf-bar-Ice-King-30000-Puffs-Disposable-Vape-4-15x12.webp 15w, https:\/\/www.vapeswholesaler.com\/wp-content\/uploads\/2025\/03\/Wholesale-Elf-bar-Ice-King-30000-Puffs-Disposable-Vape-4-510x403.webp 510w\" sizes=\"auto, (max-width: 900px) 100vw, 900px\" \/><figcaption class=\"wp-caption-text\">Atacado Elf bar Ice King 30000 Puffs Vape descart\u00e1vel<\/figcaption><\/figure>\n<figure id=\"attachment_22389\" aria-describedby=\"caption-attachment-22389\" style=\"width: 900px\" class=\"wp-caption alignnone\"><img loading=\"lazy\" decoding=\"async\" class=\"wp-image-22389 size-full\" title=\"Atacado Elf bar Ice King 30000 Puffs Vape descart\u00e1vel\" src=\"https:\/\/www.vapeswholesaler.com\/wp-content\/uploads\/2025\/03\/Wholesale-Elf-bar-Ice-King-30000-Puffs-Disposable-Vape.webp\" alt=\"Atacado Elf bar Ice King 30000 Puffs Vape descart\u00e1vel\" width=\"900\" height=\"612\" srcset=\"https:\/\/www.vapeswholesaler.com\/wp-content\/uploads\/2025\/03\/Wholesale-Elf-bar-Ice-King-30000-Puffs-Disposable-Vape.webp 900w, https:\/\/www.vapeswholesaler.com\/wp-content\/uploads\/2025\/03\/Wholesale-Elf-bar-Ice-King-30000-Puffs-Disposable-Vape-300x204.webp 300w, https:\/\/www.vapeswholesaler.com\/wp-content\/uploads\/2025\/03\/Wholesale-Elf-bar-Ice-King-30000-Puffs-Disposable-Vape-768x522.webp 768w, https:\/\/www.vapeswholesaler.com\/wp-content\/uploads\/2025\/03\/Wholesale-Elf-bar-Ice-King-30000-Puffs-Disposable-Vape-18x12.webp 18w, https:\/\/www.vapeswholesaler.com\/wp-content\/uploads\/2025\/03\/Wholesale-Elf-bar-Ice-King-30000-Puffs-Disposable-Vape-510x347.webp 510w\" sizes=\"auto, (max-width: 900px) 100vw, 900px\" \/><figcaption id=\"caption-attachment-22389\" class=\"wp-caption-text\">Atacado Elf bar Ice King 30000 Puffs Vape descart\u00e1vel<\/figcaption><\/figure>","protected":false},"excerpt":{"rendered":"<p>Quantidade m\u00ednima de encomenda: <strong>100 unidades<\/strong> (Mistura de sabores) <strong>Envio gratuito<\/strong><\/p>\n<p>(5% Nic) <strong>Armaz\u00e9m da UE<\/strong> Tempo de envio <strong>6-7 working<\/strong> days<\/p>","protected":false},"featured_media":22370,"comment_status":"open","ping_status":"closed","template":"","meta":[],"product_cat":[15],"product_tag":[373,374,396,398],"class_list":{"0":"post-22372","1":"product","2":"type-product","3":"status-publish","4":"has-post-thumbnail","6":"product_cat-disposable-vape","7":"product_tag-europe-warehouse","8":"product_tag-30000-puffs","9":"product_tag-disposable-vape","10":"product_tag-elf-bar","11":"product_brand-elf-bar","13":"first","14":"instock","15":"sold-individually","16":"shipping-taxable","17":"purchasable","18":"product-type-variable","19":"has-default-attributes"},"aioseo_notices":[],"_links":{"self":[{"href":"https:\/\/www.vapeswholesaler.com\/pt\/wp-json\/wp\/v2\/product\/22372","targetHints":{"allow":["GET"]}}],"collection":[{"href":"https:\/\/www.vapeswholesaler.com\/pt\/wp-json\/wp\/v2\/product"}],"about":[{"href":"https:\/\/www.vapeswholesaler.com\/pt\/wp-json\/wp\/v2\/types\/product"}],"replies":[{"embeddable":true,"href":"https:\/\/www.vapeswholesaler.com\/pt\/wp-json\/wp\/v2\/comments?post=22372"}],"wp:featuredmedia":[{"embeddable":true,"href":"https:\/\/www.vapeswholesaler.com\/pt\/wp-json\/wp\/v2\/media\/22370"}],"wp:attachment":[{"href":"https:\/\/www.vapeswholesaler.com\/pt\/wp-json\/wp\/v2\/media?parent=22372"}],"wp:term":[{"taxonomy":"product_cat","embeddable":true,"href":"https:\/\/www.vapeswholesaler.com\/pt\/wp-json\/wp\/v2\/product_cat?post=22372"},{"taxonomy":"product_tag","embeddable":true,"href":"https:\/\/www.vapeswholesaler.com\/pt\/wp-json\/wp\/v2\/product_tag?post=22372"}],"curies":[{"name":"wp","href":"https:\/\/api.w.org\/{rel}","templated":true}]}}