{"id":22237,"date":"2025-03-20T15:12:34","date_gmt":"2025-03-20T07:12:34","guid":{"rendered":"https:\/\/www.vapeswholesaler.com\/?post_type=product&#038;p=22237"},"modified":"2025-05-08T14:44:22","modified_gmt":"2025-05-08T06:44:22","slug":"vape-descartavel-okso-shisha-max-40k-por-atacado","status":"publish","type":"product","link":"https:\/\/www.vapeswholesaler.com\/pt\/produto\/vape-descartavel-okso-shisha-max-40k-por-atacado","title":{"rendered":"Vape descart\u00e1vel OKSO Shisha Max 40K por grosso"},"content":{"rendered":"<p><a href=\"https:\/\/www.vapeswholesaler.com\/pt\/marca_do_produto\/okso\/\">OKSO<\/a> O Shisha Max 40K Puffs \u00e9 um dos mais recentes cigarros electr\u00f3nicos descart\u00e1veis de vaporiza\u00e7\u00e3o pulmonar da DTL. O produto tem um estilo elegante, com um design arredondado tipo caneta, com o tamanho certo para uma melhor ader\u00eancia, adequado para uma vasta gama de consumidores, e utilizamos um molde de dois tons no exterior do produto, e um material de couro sint\u00e9tico que envolve o exterior do produto para dar ao nosso produto um toque de alta classe.<\/p>\n<p>O produto est\u00e1 equipado com um n\u00facleo atomizador de malha, pr\u00e9-carregado de f\u00e1brica com \u00f3leo de cigarro eletr\u00f4nico 36ML, a grande capacidade do produto pode fazer com que o produto use mais tempo e equipado com uma bateria embutida de 800mah de alta qualidade, o usu\u00e1rio pode usar a interface internacional comum Tipo C a qualquer hora, em qualquer lugar para o carregamento do dispositivo favorito, a parte inferior do dispositivo est\u00e1 equipada com um interrutor de ajuste do fluxo de ar, pode ajustar o tamanho do fluxo de ar de acordo com os h\u00e1bitos de fumar de diferentes clientes, para que o O interrutor de ajuste do fluxo de ar na parte inferior do dispositivo pode ser ajustado de acordo com os h\u00e1bitos de fumar de diferentes clientes, para que o produto possa ser utilizado em condi\u00e7\u00f5es de pico a qualquer momento. O interrutor de ajuste do fluxo de ar na parte inferior do dispositivo pode ajustar o tamanho do fluxo de ar de acordo com os h\u00e1bitos de fumar de diferentes clientes, de modo a que o produto possa ser utilizado em condi\u00e7\u00f5es \u00f3ptimas em qualquer altura. Por outro lado, para permitir que os utilizadores observem o estado do produto a qualquer momento, estamos equipados com um ecr\u00e3 de visualiza\u00e7\u00e3o eletr\u00f3nico, o que torna o produto mais tecnol\u00f3gico.<\/p>\n<p>Tamb\u00e9m oferecemos 10 melhores sabores para os clientes escolherem, cada sabor \u00e9 o resultado de dezenas de milhares de testes constantes pelos nossos engenheiros e est\u00e1 dispon\u00edvel em 0%, 2%, 3%, 5% teor de nicotina, esperamos que os nossos clientes gostem. Estamos ansiosos para ser seu parceiro, qualquer cliente pode fazer um pedido diretamente em nosso site, nossa quantidade m\u00ednima de pedido \u00e9 de apenas 50 unidades, e o tempo de envio levar\u00e1 cerca de 2 semanas para chegar!<\/p>\n<h2><strong><a href=\"https:\/\/www.facebook.com\/fred.luo.58\/\">OKSO<\/a> Detalhes do Vape descart\u00e1vel Shisha Max 40K:<\/strong><\/h2>\n<ul>\n<li>Puffs: 40000puffs<\/li>\n<li>N\u00facleo: Bobina de malha 0,6ohm<\/li>\n<li>E-l\u00edquido:36ml<\/li>\n<li>Nicotine:0%\/2%\/3%\/5%<\/li>\n<li>Bateria: 800mah<\/li>\n<li>Recarreg\u00e1vel:Tipo C<\/li>\n<li>Ecr\u00e3 LED<\/li>\n<li>Ajuste de pot\u00eancia<\/li>\n<li>Fluxo de ar ajust\u00e1vel<\/li>\n<li>Bloqueio para crian\u00e7as<\/li>\n<li>Peso do produto: 101g\/pcs<\/li>\n<li>Tamanho do produto: 43*43*135mm<\/li>\n<li>Tamanho da caixa: 465*434*242mm<\/li>\n<li>QTY: 150pcs\/ctn, 10pcs\/caixa<\/li>\n<\/ul>\n<h2><strong>Aromas:<\/strong><\/h2>\n<ol>\n<li>Duas ma\u00e7\u00e3s<\/li>\n<li>Menta Uva<\/li>\n<li>Festa da cereja<\/li>\n<li>Gelo de p\u00eassego<\/li>\n<li>Amor m\u00e1gico<\/li>\n<li>Ponche de morango<\/li>\n<li>Gelo Blue Razz<\/li>\n<li>Gelo exuberante<\/li>\n<li>Melancia com morango<\/li>\n<li>Hortel\u00e3 baga<\/li>\n<\/ol>\n<h2><strong>Lista de embalagem:\u00a0<\/strong><\/h2>\n<p>1 unidade por caixa individual<br \/>\n10 unidades de cada caixa interm\u00e9dia<br \/>\n150 unidades por caixa de cart\u00e3o<\/p>\n<figure id=\"attachment_22220\" aria-describedby=\"caption-attachment-22220\" style=\"width: 1000px\" class=\"wp-caption alignnone\"><img loading=\"lazy\" decoding=\"async\" class=\"wp-image-22220 size-full\" title=\"Atacado OKSO Shisha Max 40K Vape descart\u00e1vel 2\" src=\"https:\/\/www.vapeswholesaler.com\/wp-content\/uploads\/2025\/03\/Wholesale-OKSO-Shisha-Max-40K-Disposable-Vape-2.webp\" alt=\"Atacado OKSO Shisha Max 40K Vape descart\u00e1vel 2\" width=\"1000\" height=\"1000\" srcset=\"https:\/\/www.vapeswholesaler.com\/wp-content\/uploads\/2025\/03\/Wholesale-OKSO-Shisha-Max-40K-Disposable-Vape-2.webp 1000w, https:\/\/www.vapeswholesaler.com\/wp-content\/uploads\/2025\/03\/Wholesale-OKSO-Shisha-Max-40K-Disposable-Vape-2-300x300.webp 300w, https:\/\/www.vapeswholesaler.com\/wp-content\/uploads\/2025\/03\/Wholesale-OKSO-Shisha-Max-40K-Disposable-Vape-2-150x150.webp 150w, https:\/\/www.vapeswholesaler.com\/wp-content\/uploads\/2025\/03\/Wholesale-OKSO-Shisha-Max-40K-Disposable-Vape-2-768x768.webp 768w, https:\/\/www.vapeswholesaler.com\/wp-content\/uploads\/2025\/03\/Wholesale-OKSO-Shisha-Max-40K-Disposable-Vape-2-12x12.webp 12w, https:\/\/www.vapeswholesaler.com\/wp-content\/uploads\/2025\/03\/Wholesale-OKSO-Shisha-Max-40K-Disposable-Vape-2-247x247.webp 247w, https:\/\/www.vapeswholesaler.com\/wp-content\/uploads\/2025\/03\/Wholesale-OKSO-Shisha-Max-40K-Disposable-Vape-2-510x510.webp 510w, https:\/\/www.vapeswholesaler.com\/wp-content\/uploads\/2025\/03\/Wholesale-OKSO-Shisha-Max-40K-Disposable-Vape-2-100x100.webp 100w\" sizes=\"auto, (max-width: 1000px) 100vw, 1000px\" \/><figcaption id=\"caption-attachment-22220\" class=\"wp-caption-text\">Atacado OKSO Shisha Max 40K Vape descart\u00e1vel 2<\/figcaption><\/figure>\n<figure id=\"attachment_22225\" aria-describedby=\"caption-attachment-22225\" style=\"width: 1000px\" class=\"wp-caption alignnone\"><img loading=\"lazy\" decoding=\"async\" class=\"wp-image-22225 size-full\" title=\"Atacado OKSO Shisha Max 40K Vape descart\u00e1vel 7\" src=\"https:\/\/www.vapeswholesaler.com\/wp-content\/uploads\/2025\/03\/Wholesale-OKSO-Shisha-Max-40K-Disposable-Vape-7.webp\" alt=\"Atacado OKSO Shisha Max 40K Vape descart\u00e1vel 7\" width=\"1000\" height=\"1000\" srcset=\"https:\/\/www.vapeswholesaler.com\/wp-content\/uploads\/2025\/03\/Wholesale-OKSO-Shisha-Max-40K-Disposable-Vape-7.webp 1000w, https:\/\/www.vapeswholesaler.com\/wp-content\/uploads\/2025\/03\/Wholesale-OKSO-Shisha-Max-40K-Disposable-Vape-7-300x300.webp 300w, https:\/\/www.vapeswholesaler.com\/wp-content\/uploads\/2025\/03\/Wholesale-OKSO-Shisha-Max-40K-Disposable-Vape-7-150x150.webp 150w, https:\/\/www.vapeswholesaler.com\/wp-content\/uploads\/2025\/03\/Wholesale-OKSO-Shisha-Max-40K-Disposable-Vape-7-768x768.webp 768w, https:\/\/www.vapeswholesaler.com\/wp-content\/uploads\/2025\/03\/Wholesale-OKSO-Shisha-Max-40K-Disposable-Vape-7-12x12.webp 12w, https:\/\/www.vapeswholesaler.com\/wp-content\/uploads\/2025\/03\/Wholesale-OKSO-Shisha-Max-40K-Disposable-Vape-7-247x247.webp 247w, https:\/\/www.vapeswholesaler.com\/wp-content\/uploads\/2025\/03\/Wholesale-OKSO-Shisha-Max-40K-Disposable-Vape-7-510x510.webp 510w, https:\/\/www.vapeswholesaler.com\/wp-content\/uploads\/2025\/03\/Wholesale-OKSO-Shisha-Max-40K-Disposable-Vape-7-100x100.webp 100w\" sizes=\"auto, (max-width: 1000px) 100vw, 1000px\" \/><figcaption id=\"caption-attachment-22225\" class=\"wp-caption-text\">Atacado OKSO Shisha Max 40K Vape descart\u00e1vel 7<\/figcaption><\/figure>\n<p>&nbsp;<\/p>","protected":false},"excerpt":{"rendered":"<p>Quantidade m\u00ednima de encomenda: <strong>50 unidades<\/strong> (Mistura de sabores) <strong>Envio gratuito<\/strong><\/p>\n<p>(<strong>0%, 2%, 3%, 5% Nic<\/strong>)<\/p>","protected":false},"featured_media":22236,"comment_status":"open","ping_status":"closed","template":"","meta":[],"product_cat":[15],"product_tag":[365,395],"class_list":{"0":"post-22237","1":"product","2":"type-product","3":"status-publish","4":"has-post-thumbnail","6":"product_cat-disposable-vape","7":"product_tag-40000-puffs","8":"product_tag-okso","9":"product_brand-okso","11":"first","12":"instock","13":"shipping-taxable","14":"purchasable","15":"product-type-variable","16":"has-default-attributes"},"aioseo_notices":[],"_links":{"self":[{"href":"https:\/\/www.vapeswholesaler.com\/pt\/wp-json\/wp\/v2\/product\/22237","targetHints":{"allow":["GET"]}}],"collection":[{"href":"https:\/\/www.vapeswholesaler.com\/pt\/wp-json\/wp\/v2\/product"}],"about":[{"href":"https:\/\/www.vapeswholesaler.com\/pt\/wp-json\/wp\/v2\/types\/product"}],"replies":[{"embeddable":true,"href":"https:\/\/www.vapeswholesaler.com\/pt\/wp-json\/wp\/v2\/comments?post=22237"}],"wp:featuredmedia":[{"embeddable":true,"href":"https:\/\/www.vapeswholesaler.com\/pt\/wp-json\/wp\/v2\/media\/22236"}],"wp:attachment":[{"href":"https:\/\/www.vapeswholesaler.com\/pt\/wp-json\/wp\/v2\/media?parent=22237"}],"wp:term":[{"taxonomy":"product_cat","embeddable":true,"href":"https:\/\/www.vapeswholesaler.com\/pt\/wp-json\/wp\/v2\/product_cat?post=22237"},{"taxonomy":"product_tag","embeddable":true,"href":"https:\/\/www.vapeswholesaler.com\/pt\/wp-json\/wp\/v2\/product_tag?post=22237"}],"curies":[{"name":"wp","href":"https:\/\/api.w.org\/{rel}","templated":true}]}}