{"id":22107,"date":"2025-03-08T17:04:32","date_gmt":"2025-03-08T09:04:32","guid":{"rendered":"https:\/\/www.vapeswholesaler.com\/?post_type=product&#038;p=22107"},"modified":"2025-05-14T10:43:45","modified_gmt":"2025-05-14T02:43:45","slug":"vape-descartavel-uwin-shisha-crystal-20k-por-atacado","status":"publish","type":"product","link":"https:\/\/www.vapeswholesaler.com\/pt\/produto\/vape-descartavel-uwin-shisha-crystal-20k-por-atacado","title":{"rendered":"Vape descart\u00e1vel Uwin Shisha Crystal 20K por atacado"},"content":{"rendered":"<p><a href=\"https:\/\/www.vapeswholesaler.com\/pt\/marca_do_produto\/uwin\/\">Uwin<\/a> Shisha Crystal 20K Puffs \uff0c Inala\u00e7\u00e3o direta intensa, proporcionando a melhor experi\u00eancia em nuvem. com 20.000 baforadas, experimente uma jornada incompar\u00e1vel de sabor e satisfa\u00e7\u00e3o do come\u00e7o ao fim. Cada tragada proporciona uma experi\u00eancia sensorial consistente e duradoura que o faz voltar para mais. Quer esteja \u00e0 procura de um sabor rico ou de nuvens suaves e satisfat\u00f3rias, este vape garante que cada tragada \u00e9 t\u00e3o agrad\u00e1vel como a \u00faltima.<\/p>\n<p>It is one of an Unforgettable Flavor Journey, from the very first inhale to the last, indulge in a long-lasting experience of rich flavors and pure satisfaction. Every puff is a step into ultimate sensory pleasure. Welcome to become a customer of <a href=\"https:\/\/www.vapeswholesaler.com\/pt\/\">vapeswholesaler<\/a> O nosso servi\u00e7o \u00e9 agressivo e envia todas as encomendas dos nossos clientes o mais rapidamente poss\u00edvel.<\/p>\n<h2><strong><a href=\"https:\/\/www.facebook.com\/fred.luo.58\/\">Uwin<\/a> Shisha Crystal 20K Features:<\/strong><\/h2>\n<ul>\n<li>0% 2% 3% 5% Nicotina<\/li>\n<li>Puffs:20000<\/li>\n<li>Capacidade:22ml<\/li>\n<li>12 sabores dispon\u00edveis<\/li>\n<li>650 mAh Porta recarreg\u00e1vel de cobalto tipo-c<\/li>\n<li>Bobina :Bobina de malha<\/li>\n<li>SMOK DIRECT TO LUNG (DTL)<\/li>\n<\/ul>\n<h2><strong>Aromas:<\/strong><\/h2>\n<ol>\n<li>Mirtilo em gelo<\/li>\n<li>Kiwi maracuj\u00e1 goiaba<\/li>\n<li>Morango kiwi<\/li>\n<li>Bagas mistas<\/li>\n<li>Melancia com morango<\/li>\n<li>Gelo de uva<\/li>\n<li>Gelo de melancia<\/li>\n<li>Gelo de cereja<\/li>\n<li>Gelo de morango<\/li>\n<li>Gelo de p\u00eassego<\/li>\n<li>Mirtilo framboesa<\/li>\n<li>Amor 66<\/li>\n<\/ol>\n<h2><strong>Lista de embalagem:<\/strong><\/h2>\n<p>1 unidade por caixa individual<br \/>\n10 unidades \/ caixa<br \/>\n200 unidades \/caixa<br \/>\ncada caixa: 21,5 kg<br \/>\nTamanho da caixa: 39,5*39*30,5CM<\/p>\n<figure id=\"attachment_22094\" aria-describedby=\"caption-attachment-22094\" style=\"width: 1200px\" class=\"wp-caption alignnone\"><img loading=\"lazy\" decoding=\"async\" class=\"wp-image-22094 size-full\" title=\"Atacado Uwin Shisha Hookah Crystal 20K Vape Descart\u00e1vel 6\" src=\"https:\/\/www.vapeswholesaler.com\/wp-content\/uploads\/2025\/03\/Wholesale-Uwin-Shisha-Hookah-Crystal-20K-Disposable-Vape-6.webp\" alt=\"Atacado Uwin Shisha Hookah Crystal 20K Vape Descart\u00e1vel 6\" width=\"1200\" height=\"800\" srcset=\"https:\/\/www.vapeswholesaler.com\/wp-content\/uploads\/2025\/03\/Wholesale-Uwin-Shisha-Hookah-Crystal-20K-Disposable-Vape-6.webp 1200w, https:\/\/www.vapeswholesaler.com\/wp-content\/uploads\/2025\/03\/Wholesale-Uwin-Shisha-Hookah-Crystal-20K-Disposable-Vape-6-300x200.webp 300w, https:\/\/www.vapeswholesaler.com\/wp-content\/uploads\/2025\/03\/Wholesale-Uwin-Shisha-Hookah-Crystal-20K-Disposable-Vape-6-1024x683.webp 1024w, https:\/\/www.vapeswholesaler.com\/wp-content\/uploads\/2025\/03\/Wholesale-Uwin-Shisha-Hookah-Crystal-20K-Disposable-Vape-6-768x512.webp 768w, https:\/\/www.vapeswholesaler.com\/wp-content\/uploads\/2025\/03\/Wholesale-Uwin-Shisha-Hookah-Crystal-20K-Disposable-Vape-6-18x12.webp 18w, https:\/\/www.vapeswholesaler.com\/wp-content\/uploads\/2025\/03\/Wholesale-Uwin-Shisha-Hookah-Crystal-20K-Disposable-Vape-6-510x340.webp 510w\" sizes=\"auto, (max-width: 1200px) 100vw, 1200px\" \/><figcaption id=\"caption-attachment-22094\" class=\"wp-caption-text\">Wholesale Uwin Shisha Hookah Crystal 20K Disposable Vape<\/figcaption><\/figure>\n<figure id=\"attachment_22092\" aria-describedby=\"caption-attachment-22092\" style=\"width: 1200px\" class=\"wp-caption alignnone\"><img loading=\"lazy\" decoding=\"async\" class=\"wp-image-22092 size-full\" title=\"Atacado Uwin Shisha Hookah Crystal 20K Vape descart\u00e1vel 4\" src=\"https:\/\/www.vapeswholesaler.com\/wp-content\/uploads\/2025\/03\/Wholesale-Uwin-Shisha-Hookah-Crystal-20K-Disposable-Vape-4.webp\" alt=\"Atacado Uwin Shisha Hookah Crystal 20K Vape descart\u00e1vel 4\" width=\"1200\" height=\"960\" srcset=\"https:\/\/www.vapeswholesaler.com\/wp-content\/uploads\/2025\/03\/Wholesale-Uwin-Shisha-Hookah-Crystal-20K-Disposable-Vape-4.webp 1200w, https:\/\/www.vapeswholesaler.com\/wp-content\/uploads\/2025\/03\/Wholesale-Uwin-Shisha-Hookah-Crystal-20K-Disposable-Vape-4-300x240.webp 300w, https:\/\/www.vapeswholesaler.com\/wp-content\/uploads\/2025\/03\/Wholesale-Uwin-Shisha-Hookah-Crystal-20K-Disposable-Vape-4-1024x819.webp 1024w, https:\/\/www.vapeswholesaler.com\/wp-content\/uploads\/2025\/03\/Wholesale-Uwin-Shisha-Hookah-Crystal-20K-Disposable-Vape-4-768x614.webp 768w, https:\/\/www.vapeswholesaler.com\/wp-content\/uploads\/2025\/03\/Wholesale-Uwin-Shisha-Hookah-Crystal-20K-Disposable-Vape-4-15x12.webp 15w, https:\/\/www.vapeswholesaler.com\/wp-content\/uploads\/2025\/03\/Wholesale-Uwin-Shisha-Hookah-Crystal-20K-Disposable-Vape-4-510x408.webp 510w\" sizes=\"auto, (max-width: 1200px) 100vw, 1200px\" \/><figcaption id=\"caption-attachment-22092\" class=\"wp-caption-text\">Wholesale Uwin Shisha Hookah Crystal 20K Disposable Vape<\/figcaption><\/figure>\n<figure id=\"attachment_22090\" aria-describedby=\"caption-attachment-22090\" style=\"width: 1200px\" class=\"wp-caption alignnone\"><img loading=\"lazy\" decoding=\"async\" class=\"wp-image-22090 size-full\" title=\"Atacado Uwin Shisha Hookah Crystal 20K Vape descart\u00e1vel 2\" src=\"https:\/\/www.vapeswholesaler.com\/wp-content\/uploads\/2025\/03\/Wholesale-Uwin-Shisha-Hookah-Crystal-20K-Disposable-Vape-2.webp\" alt=\"Atacado Uwin Shisha Hookah Crystal 20K Vape descart\u00e1vel 2\" width=\"1200\" height=\"1200\" srcset=\"https:\/\/www.vapeswholesaler.com\/wp-content\/uploads\/2025\/03\/Wholesale-Uwin-Shisha-Hookah-Crystal-20K-Disposable-Vape-2.webp 1200w, https:\/\/www.vapeswholesaler.com\/wp-content\/uploads\/2025\/03\/Wholesale-Uwin-Shisha-Hookah-Crystal-20K-Disposable-Vape-2-300x300.webp 300w, https:\/\/www.vapeswholesaler.com\/wp-content\/uploads\/2025\/03\/Wholesale-Uwin-Shisha-Hookah-Crystal-20K-Disposable-Vape-2-1024x1024.webp 1024w, https:\/\/www.vapeswholesaler.com\/wp-content\/uploads\/2025\/03\/Wholesale-Uwin-Shisha-Hookah-Crystal-20K-Disposable-Vape-2-150x150.webp 150w, https:\/\/www.vapeswholesaler.com\/wp-content\/uploads\/2025\/03\/Wholesale-Uwin-Shisha-Hookah-Crystal-20K-Disposable-Vape-2-768x768.webp 768w, https:\/\/www.vapeswholesaler.com\/wp-content\/uploads\/2025\/03\/Wholesale-Uwin-Shisha-Hookah-Crystal-20K-Disposable-Vape-2-12x12.webp 12w, https:\/\/www.vapeswholesaler.com\/wp-content\/uploads\/2025\/03\/Wholesale-Uwin-Shisha-Hookah-Crystal-20K-Disposable-Vape-2-247x247.webp 247w, https:\/\/www.vapeswholesaler.com\/wp-content\/uploads\/2025\/03\/Wholesale-Uwin-Shisha-Hookah-Crystal-20K-Disposable-Vape-2-510x510.webp 510w, https:\/\/www.vapeswholesaler.com\/wp-content\/uploads\/2025\/03\/Wholesale-Uwin-Shisha-Hookah-Crystal-20K-Disposable-Vape-2-100x100.webp 100w\" sizes=\"auto, (max-width: 1200px) 100vw, 1200px\" \/><figcaption id=\"caption-attachment-22090\" class=\"wp-caption-text\">Atacado Uwin Shisha Hookah Crystal 20K Vape descart\u00e1vel 2<\/figcaption><\/figure>\n<p>&nbsp;<\/p>","protected":false},"excerpt":{"rendered":"<p>Quantidade m\u00ednima de encomenda: <strong>50 unidades<\/strong>\u00a0(Mistura de sabores) Envio gratuito<\/p>\n<p>(<strong>0%,2%, 3%,5% Nic<\/strong>)<\/p>","protected":false},"featured_media":22089,"comment_status":"open","ping_status":"closed","template":"","meta":[],"product_cat":[15],"product_tag":[100,122,386],"class_list":{"0":"post-22107","1":"product","2":"type-product","3":"status-publish","4":"has-post-thumbnail","6":"product_cat-disposable-vape","7":"product_tag-20000-puffs","8":"product_tag-crystal-disposable-vape","9":"product_tag-uwin","10":"product_brand-uwin","12":"first","13":"instock","14":"shipping-taxable","15":"purchasable","16":"product-type-variable","17":"has-default-attributes"},"aioseo_notices":[],"_links":{"self":[{"href":"https:\/\/www.vapeswholesaler.com\/pt\/wp-json\/wp\/v2\/product\/22107","targetHints":{"allow":["GET"]}}],"collection":[{"href":"https:\/\/www.vapeswholesaler.com\/pt\/wp-json\/wp\/v2\/product"}],"about":[{"href":"https:\/\/www.vapeswholesaler.com\/pt\/wp-json\/wp\/v2\/types\/product"}],"replies":[{"embeddable":true,"href":"https:\/\/www.vapeswholesaler.com\/pt\/wp-json\/wp\/v2\/comments?post=22107"}],"wp:featuredmedia":[{"embeddable":true,"href":"https:\/\/www.vapeswholesaler.com\/pt\/wp-json\/wp\/v2\/media\/22089"}],"wp:attachment":[{"href":"https:\/\/www.vapeswholesaler.com\/pt\/wp-json\/wp\/v2\/media?parent=22107"}],"wp:term":[{"taxonomy":"product_cat","embeddable":true,"href":"https:\/\/www.vapeswholesaler.com\/pt\/wp-json\/wp\/v2\/product_cat?post=22107"},{"taxonomy":"product_tag","embeddable":true,"href":"https:\/\/www.vapeswholesaler.com\/pt\/wp-json\/wp\/v2\/product_tag?post=22107"}],"curies":[{"name":"wp","href":"https:\/\/api.w.org\/{rel}","templated":true}]}}