{"id":21975,"date":"2025-03-07T16:53:32","date_gmt":"2025-03-07T08:53:32","guid":{"rendered":"https:\/\/www.vapeswholesaler.com\/?post_type=product&#038;p=21975"},"modified":"2025-04-22T11:12:34","modified_gmt":"2025-04-22T03:12:34","slug":"lider-de-vendas-por-grosso-32000-puffs-vape-descartavel-de-duplo-sabor","status":"publish","type":"product","link":"https:\/\/www.vapeswholesaler.com\/pt\/produto\/lider-de-vendas-por-grosso-32000-puffs-vape-descartavel-de-duplo-sabor","title":{"rendered":"Atacado Bang Leader 32000 Puffs Vape descart\u00e1vel de duplo sabor"},"content":{"rendered":"<p><a href=\"https:\/\/www.vapeswholesaler.com\/pt\/marca_do_produto\/pancada\/\">Pancada<\/a> Leader 32000 Puffs \u00e9 um novo produto com dois sabores. S\u00f3 precisas de comprar um produto para desfrutares de dois sabores diferentes. Utiliza o bocal para o mover da esquerda para a direita e alternar entre sabores. \u00c9 muito mais c\u00f3modo mudar de sabor do que a anterior rota\u00e7\u00e3o de 360 graus. Al\u00e9m disso, o Bang Leader 32000 Puffs possui duas c\u00e1psulas (28 ml + 28 ml) e op\u00e7\u00f5es de nicotina que variam de 0% a 5%, permitindo at\u00e9 32 000 baforadas de vapor suave e delicioso. Perfeito para vapers que procuram um desempenho duradouro e versatilidade.<\/p>\n<p>Tamb\u00e9m vem com duplo sabor. Equipado com uma bateria de 650 mAh e uma porta de carregamento Tipo C, oferece 12 sabores \u00e0 escolha. Alterne entre dois sabores sem esfor\u00e7o, oferecendo uma experi\u00eancia de vapor vers\u00e1til e agrad\u00e1vel. O seu design de malha dupla aumenta a produ\u00e7\u00e3o de vapor e real\u00e7a o sabor, oferecendo aos entusiastas do cigarro eletr\u00f3nico uma experi\u00eancia mais satisfat\u00f3ria e agrad\u00e1vel.<\/p>\n<p>Em conclus\u00e3o, atualmente o Bang Leader 32000 Puffs tem stock suficiente, sabores completos, a encomenda m\u00ednima dos nossos produtos \u00e9 de 50 unidades, o pre\u00e7o indicado no website \u00e9 o pre\u00e7o unit\u00e1rio de cada pacote de produto, desde que recebamos o pagamento do cliente podemos imediatamente organizar o envio do pacote, normalmente enviamos para os principais pa\u00edses da Europa e demora apenas cerca de 2 semanas!<\/p>\n<h2><strong><a href=\"https:\/\/www.facebook.com\/fred.luo.58\">Pancada<\/a> Leader 32000 Puffs Carater\u00edsticas:<\/strong><\/h2>\n<ul>\n<li>Nicotina:0% 2% 3% 5%<\/li>\n<li>Capacidade:28ml+28ml<\/li>\n<li>Puffs:32000<\/li>\n<li>C\u00e1psulas duplas Sabores duplos<\/li>\n<li>12 sabores dispon\u00edveis<\/li>\n<li>650mah Recarreg\u00e1vel<\/li>\n<li>Bobina de malha dupla<\/li>\n<\/ul>\n<h2><strong>Lista de aromas:<\/strong><\/h2>\n<ol>\n<li>Gelado de morango, melancia e uva<\/li>\n<li>Gelo de melancia, morango e manga<\/li>\n<li>Morango e Melancia e Kiwi Maracuj\u00e1 Goiaba<\/li>\n<li>Melancia de mirtilo, framboesa e p\u00eassego com manga<\/li>\n<li>Gelo de melancia e menta de mirtilo<\/li>\n<li>Melancia com mirtilo e manga com morango<\/li>\n<li>Gelo de mirtilo e gelo de drag\u00e3o negro<\/li>\n<li>Gelo de morango, kiwi e p\u00eassego<\/li>\n<li>Gelo de mirtilo, morango e banana<\/li>\n<li>Red Bull e Watermeon de mirtilo<\/li>\n<li>Red Bull e Watermeon Bubble Candy<\/li>\n<li>Morango Kiwi e Ma\u00e7\u00e3 \u00c1cida Framboesa<\/li>\n<\/ol>\n<h2><strong>Lista de embalagem:<\/strong><\/h2>\n<p>1 unidade por caixa<br \/>\n10 unidades de cada caixa interm\u00e9dia<br \/>\n200 unidades por caixa<br \/>\nCada caixa 21KG<\/p>\n<figure id=\"attachment_21961\" aria-describedby=\"caption-attachment-21961\" style=\"width: 800px\" class=\"wp-caption alignleft\"><a href=\"https:\/\/www.vapeswholesaler.com\/wp-content\/uploads\/2025\/03\/Wholesale-Bang-Leader-32000-Puffs-Double-Flavor-Disposable-Vape-4.webp\"><img loading=\"lazy\" decoding=\"async\" class=\"wp-image-21961 size-full\" title=\"Atacado Bang Leader 32000 Puffs Duplo Sabor Vape Descart\u00e1vel 4\" src=\"https:\/\/www.vapeswholesaler.com\/wp-content\/uploads\/2025\/03\/Wholesale-Bang-Leader-32000-Puffs-Double-Flavor-Disposable-Vape-4.webp\" alt=\"Atacado Bang Leader 32000 Puffs Duplo Sabor Vape Descart\u00e1vel 4\" width=\"800\" height=\"450\" srcset=\"https:\/\/www.vapeswholesaler.com\/wp-content\/uploads\/2025\/03\/Wholesale-Bang-Leader-32000-Puffs-Double-Flavor-Disposable-Vape-4.webp 800w, https:\/\/www.vapeswholesaler.com\/wp-content\/uploads\/2025\/03\/Wholesale-Bang-Leader-32000-Puffs-Double-Flavor-Disposable-Vape-4-300x169.webp 300w, https:\/\/www.vapeswholesaler.com\/wp-content\/uploads\/2025\/03\/Wholesale-Bang-Leader-32000-Puffs-Double-Flavor-Disposable-Vape-4-768x432.webp 768w, https:\/\/www.vapeswholesaler.com\/wp-content\/uploads\/2025\/03\/Wholesale-Bang-Leader-32000-Puffs-Double-Flavor-Disposable-Vape-4-18x10.webp 18w, https:\/\/www.vapeswholesaler.com\/wp-content\/uploads\/2025\/03\/Wholesale-Bang-Leader-32000-Puffs-Double-Flavor-Disposable-Vape-4-510x287.webp 510w\" sizes=\"auto, (max-width: 800px) 100vw, 800px\" \/><\/a><figcaption id=\"caption-attachment-21961\" class=\"wp-caption-text\">Atacado Bang Leader 32000 Puffs Vape descart\u00e1vel de duplo sabor<\/figcaption><\/figure>\n<figure id=\"attachment_21958\" aria-describedby=\"caption-attachment-21958\" style=\"width: 1200px\" class=\"wp-caption alignnone\"><img loading=\"lazy\" decoding=\"async\" class=\"wp-image-21958 size-full\" title=\"Atacado Bang Leader 32000 Puffs Duplo Sabor Vape Descart\u00e1vel 1\" src=\"https:\/\/www.vapeswholesaler.com\/wp-content\/uploads\/2025\/03\/Wholesale-Bang-Leader-32000-Puffs-Double-Flavor-Disposable-Vape-1.webp\" alt=\"Atacado Bang Leader 32000 Puffs Duplo Sabor Vape Descart\u00e1vel 1\" width=\"1200\" height=\"800\" srcset=\"https:\/\/www.vapeswholesaler.com\/wp-content\/uploads\/2025\/03\/Wholesale-Bang-Leader-32000-Puffs-Double-Flavor-Disposable-Vape-1.webp 1200w, https:\/\/www.vapeswholesaler.com\/wp-content\/uploads\/2025\/03\/Wholesale-Bang-Leader-32000-Puffs-Double-Flavor-Disposable-Vape-1-300x200.webp 300w, https:\/\/www.vapeswholesaler.com\/wp-content\/uploads\/2025\/03\/Wholesale-Bang-Leader-32000-Puffs-Double-Flavor-Disposable-Vape-1-1024x683.webp 1024w, https:\/\/www.vapeswholesaler.com\/wp-content\/uploads\/2025\/03\/Wholesale-Bang-Leader-32000-Puffs-Double-Flavor-Disposable-Vape-1-768x512.webp 768w, https:\/\/www.vapeswholesaler.com\/wp-content\/uploads\/2025\/03\/Wholesale-Bang-Leader-32000-Puffs-Double-Flavor-Disposable-Vape-1-18x12.webp 18w, https:\/\/www.vapeswholesaler.com\/wp-content\/uploads\/2025\/03\/Wholesale-Bang-Leader-32000-Puffs-Double-Flavor-Disposable-Vape-1-510x340.webp 510w\" sizes=\"auto, (max-width: 1200px) 100vw, 1200px\" \/><figcaption id=\"caption-attachment-21958\" class=\"wp-caption-text\">Atacado Bang Leader 32000 Puffs Vape descart\u00e1vel de duplo sabor<\/figcaption><\/figure>","protected":false},"excerpt":{"rendered":"<p>Quantidade m\u00ednima de encomenda: <strong>50 unidades<\/strong>\u00a0(Mistura de sabores) <strong>Envio gratuito<\/strong><\/p>\n<p>(0%, 2%, 3%, 5% Nic)<\/p>","protected":false},"featured_media":21973,"comment_status":"open","ping_status":"closed","template":"","meta":[],"product_cat":[15],"product_tag":[368,369,370],"class_list":{"0":"post-21975","1":"product","2":"type-product","3":"status-publish","4":"has-post-thumbnail","6":"product_cat-disposable-vape","7":"product_tag-bang-king","8":"product_tag-dual-flavors","9":"product_tag-32000-puffs","10":"product_brand-bang","12":"first","13":"instock","14":"shipping-taxable","15":"purchasable","16":"product-type-variable","17":"has-default-attributes"},"aioseo_notices":[],"_links":{"self":[{"href":"https:\/\/www.vapeswholesaler.com\/pt\/wp-json\/wp\/v2\/product\/21975","targetHints":{"allow":["GET"]}}],"collection":[{"href":"https:\/\/www.vapeswholesaler.com\/pt\/wp-json\/wp\/v2\/product"}],"about":[{"href":"https:\/\/www.vapeswholesaler.com\/pt\/wp-json\/wp\/v2\/types\/product"}],"replies":[{"embeddable":true,"href":"https:\/\/www.vapeswholesaler.com\/pt\/wp-json\/wp\/v2\/comments?post=21975"}],"wp:featuredmedia":[{"embeddable":true,"href":"https:\/\/www.vapeswholesaler.com\/pt\/wp-json\/wp\/v2\/media\/21973"}],"wp:attachment":[{"href":"https:\/\/www.vapeswholesaler.com\/pt\/wp-json\/wp\/v2\/media?parent=21975"}],"wp:term":[{"taxonomy":"product_cat","embeddable":true,"href":"https:\/\/www.vapeswholesaler.com\/pt\/wp-json\/wp\/v2\/product_cat?post=21975"},{"taxonomy":"product_tag","embeddable":true,"href":"https:\/\/www.vapeswholesaler.com\/pt\/wp-json\/wp\/v2\/product_tag?post=21975"}],"curies":[{"name":"wp","href":"https:\/\/api.w.org\/{rel}","templated":true}]}}