{"id":21843,"date":"2025-02-26T18:49:13","date_gmt":"2025-02-26T10:49:13","guid":{"rendered":"https:\/\/www.vapeswholesaler.com\/?post_type=product&#038;p=21843"},"modified":"2025-04-07T16:05:46","modified_gmt":"2025-04-07T08:05:46","slug":"grossista-zooy-zero-45000-puffs-descartaveis-vape-eu-warehosue","status":"publish","type":"product","link":"https:\/\/www.vapeswholesaler.com\/pt\/produto\/grossista-zooy-zero-45000-puffs-descartaveis-vape-eu-warehosue","title":{"rendered":"Atacado ZOOY ZERO 45000 Puffs Vape descart\u00e1vel EU Warehosue"},"content":{"rendered":"<p><a href=\"https:\/\/www.vapeswholesaler.com\/pt\/marca_do_produto\/zoologico\/\">ZOOY<\/a> O ZERO 45000 Puffs \u00e9 um novo cigarro eletr\u00f3nico descart\u00e1vel que apresenta um design de ecr\u00e3 completo e pode ser desbloqueado atrav\u00e9s de uma impress\u00e3o digital, tornando o produto limpo e higi\u00e9nico para utiliza\u00e7\u00e3o individual.<\/p>\n<p>Al\u00e9m disso, os utilizadores podem ajustar o n\u00edvel de gelo do produto e o conte\u00fado fixo tocando nos bot\u00f5es do ecr\u00e3 para ir ao encontro dos diferentes h\u00e1bitos dos consumidores, mais humanizados, e o nosso produto tem um bot\u00e3o de ajuste do fluxo de ar na parte inferior, para que, se quiser usar um grande sabor de fumo, possa ajustar o fluxo de ar para o tornar maior e mais conveniente.<\/p>\n<p>Finalmente, temos stock no nosso armaz\u00e9m europeu, assim que recebermos o pagamento do cliente, trataremos de enviar a encomenda do cliente, o tempo de envio para a maioria dos pa\u00edses da Europa \u00e9 de apenas 6-7 dias, forneceremos o n\u00famero de rastreio.<\/p>\n<h2><strong><a href=\"https:\/\/www.facebook.com\/fred.luo.58\">ZOOY ZERO<\/a> 45000 Puffs Carater\u00edsticas:<\/strong><\/h2>\n<ul>\n<li>Puffs:45000puffs<\/li>\n<li>Peso:90g<\/li>\n<li>\u00d3leo:40ml<\/li>\n<li>Sal de nic:20mg 50mg<\/li>\n<li>Bateria:650mah<\/li>\n<li>Fio de aquecimento el\u00e9trico:Bobina de malha<\/li>\n<li>Carregador: tipo-c<\/li>\n<li>Separa\u00e7\u00e3o do n\u00facleo de \u00f3leo<\/li>\n<\/ul>\n<h2><strong>\u00a0Lista de aromas:<\/strong><\/h2>\n<ol>\n<li>Gelo de melancia<\/li>\n<li>Gelo de amora<\/li>\n<li>Melancia com morango<\/li>\n<li>Cola de lim\u00e3o<\/li>\n<li>Morango Kiwi<\/li>\n<li>Ma\u00e7\u00e3 de uva<\/li>\n<li>Pop de morango e laranja<\/li>\n<li>Gelo Blue Razz<\/li>\n<li>Melancia com mirtilo<\/li>\n<li>Manga Paix\u00e3o Goiaba<\/li>\n<\/ol>\n<h2><strong>Lista de embalagem:<\/strong><\/h2>\n<p>1 unidade por caixa individual<br \/>\n10 unidades de cada caixa interm\u00e9dia<br \/>\n200 unidades por caixa<\/p>\n<p>&nbsp;<\/p>\n<figure id=\"attachment_21831\" aria-describedby=\"caption-attachment-21831\" style=\"width: 800px\" class=\"wp-caption alignnone\"><img loading=\"lazy\" decoding=\"async\" class=\"wp-image-21831 size-full\" title=\"Atacado ZOOY ZERO 45000 Puffs Vape descart\u00e1vel EU Warehosue 3\" src=\"https:\/\/www.vapeswholesaler.com\/wp-content\/uploads\/2025\/02\/Wholesale-ZOOY-ZERO-45000-Puffs-Disposable-Vape-EU-Warehosue-3.webp\" alt=\"Atacado ZOOY ZERO 45000 Puffs Vape descart\u00e1vel EU Warehosue 3\" width=\"800\" height=\"354\" srcset=\"https:\/\/www.vapeswholesaler.com\/wp-content\/uploads\/2025\/02\/Wholesale-ZOOY-ZERO-45000-Puffs-Disposable-Vape-EU-Warehosue-3.webp 800w, https:\/\/www.vapeswholesaler.com\/wp-content\/uploads\/2025\/02\/Wholesale-ZOOY-ZERO-45000-Puffs-Disposable-Vape-EU-Warehosue-3-300x133.webp 300w, https:\/\/www.vapeswholesaler.com\/wp-content\/uploads\/2025\/02\/Wholesale-ZOOY-ZERO-45000-Puffs-Disposable-Vape-EU-Warehosue-3-768x340.webp 768w, https:\/\/www.vapeswholesaler.com\/wp-content\/uploads\/2025\/02\/Wholesale-ZOOY-ZERO-45000-Puffs-Disposable-Vape-EU-Warehosue-3-18x8.webp 18w, https:\/\/www.vapeswholesaler.com\/wp-content\/uploads\/2025\/02\/Wholesale-ZOOY-ZERO-45000-Puffs-Disposable-Vape-EU-Warehosue-3-510x226.webp 510w\" sizes=\"auto, (max-width: 800px) 100vw, 800px\" \/><figcaption id=\"caption-attachment-21831\" class=\"wp-caption-text\">Atacado ZOOY ZERO 45000 Puffs Vape descart\u00e1vel EU Warehosue<\/figcaption><\/figure>\n<figure id=\"attachment_21832\" aria-describedby=\"caption-attachment-21832\" style=\"width: 800px\" class=\"wp-caption alignnone\"><img loading=\"lazy\" decoding=\"async\" class=\"wp-image-21832 size-full\" title=\"Atacado ZOOY ZERO 45000 Puffs Vape descart\u00e1vel EU Warehosue 4\" src=\"https:\/\/www.vapeswholesaler.com\/wp-content\/uploads\/2025\/02\/Wholesale-ZOOY-ZERO-45000-Puffs-Disposable-Vape-EU-Warehosue-4.webp\" alt=\"Atacado ZOOY ZERO 45000 Puffs Vape descart\u00e1vel EU Warehosue 4\" width=\"800\" height=\"354\" srcset=\"https:\/\/www.vapeswholesaler.com\/wp-content\/uploads\/2025\/02\/Wholesale-ZOOY-ZERO-45000-Puffs-Disposable-Vape-EU-Warehosue-4.webp 800w, https:\/\/www.vapeswholesaler.com\/wp-content\/uploads\/2025\/02\/Wholesale-ZOOY-ZERO-45000-Puffs-Disposable-Vape-EU-Warehosue-4-300x133.webp 300w, https:\/\/www.vapeswholesaler.com\/wp-content\/uploads\/2025\/02\/Wholesale-ZOOY-ZERO-45000-Puffs-Disposable-Vape-EU-Warehosue-4-768x340.webp 768w, https:\/\/www.vapeswholesaler.com\/wp-content\/uploads\/2025\/02\/Wholesale-ZOOY-ZERO-45000-Puffs-Disposable-Vape-EU-Warehosue-4-18x8.webp 18w, https:\/\/www.vapeswholesaler.com\/wp-content\/uploads\/2025\/02\/Wholesale-ZOOY-ZERO-45000-Puffs-Disposable-Vape-EU-Warehosue-4-510x226.webp 510w\" sizes=\"auto, (max-width: 800px) 100vw, 800px\" \/><figcaption id=\"caption-attachment-21832\" class=\"wp-caption-text\">Atacado ZOOY ZERO 45000 Puffs Vape descart\u00e1vel EU Warehosue<\/figcaption><\/figure>\n<figure id=\"attachment_21830\" aria-describedby=\"caption-attachment-21830\" style=\"width: 800px\" class=\"wp-caption alignnone\"><img loading=\"lazy\" decoding=\"async\" class=\"wp-image-21830 size-full\" title=\"Atacado ZOOY ZERO 45000 Puffs Vape descart\u00e1vel EU Warehosue 2\" src=\"https:\/\/www.vapeswholesaler.com\/wp-content\/uploads\/2025\/02\/Wholesale-ZOOY-ZERO-45000-Puffs-Disposable-Vape-EU-Warehosue-2.webp\" alt=\"Atacado ZOOY ZERO 45000 Puffs Vape descart\u00e1vel EU Warehosue 2\" width=\"800\" height=\"800\" srcset=\"https:\/\/www.vapeswholesaler.com\/wp-content\/uploads\/2025\/02\/Wholesale-ZOOY-ZERO-45000-Puffs-Disposable-Vape-EU-Warehosue-2.webp 800w, https:\/\/www.vapeswholesaler.com\/wp-content\/uploads\/2025\/02\/Wholesale-ZOOY-ZERO-45000-Puffs-Disposable-Vape-EU-Warehosue-2-300x300.webp 300w, https:\/\/www.vapeswholesaler.com\/wp-content\/uploads\/2025\/02\/Wholesale-ZOOY-ZERO-45000-Puffs-Disposable-Vape-EU-Warehosue-2-150x150.webp 150w, https:\/\/www.vapeswholesaler.com\/wp-content\/uploads\/2025\/02\/Wholesale-ZOOY-ZERO-45000-Puffs-Disposable-Vape-EU-Warehosue-2-768x768.webp 768w, https:\/\/www.vapeswholesaler.com\/wp-content\/uploads\/2025\/02\/Wholesale-ZOOY-ZERO-45000-Puffs-Disposable-Vape-EU-Warehosue-2-12x12.webp 12w, https:\/\/www.vapeswholesaler.com\/wp-content\/uploads\/2025\/02\/Wholesale-ZOOY-ZERO-45000-Puffs-Disposable-Vape-EU-Warehosue-2-247x247.webp 247w, https:\/\/www.vapeswholesaler.com\/wp-content\/uploads\/2025\/02\/Wholesale-ZOOY-ZERO-45000-Puffs-Disposable-Vape-EU-Warehosue-2-510x510.webp 510w, https:\/\/www.vapeswholesaler.com\/wp-content\/uploads\/2025\/02\/Wholesale-ZOOY-ZERO-45000-Puffs-Disposable-Vape-EU-Warehosue-2-100x100.webp 100w\" sizes=\"auto, (max-width: 800px) 100vw, 800px\" \/><figcaption id=\"caption-attachment-21830\" class=\"wp-caption-text\">Atacado ZOOY ZERO 45000 Puffs Vape descart\u00e1vel EU Warehosue<\/figcaption><\/figure>\n<p>&nbsp;<\/p>","protected":false},"excerpt":{"rendered":"<p>Quantidade m\u00ednima de encomenda: <strong>50 unidades<\/strong>\u00a0(Mistura de sabores) Envio gratuito<\/p>\n<p>(<strong>2%, 5% Nic<\/strong>) Prazo de expedi\u00e7\u00e3o do armaz\u00e9m da UE <strong>5-6 dias \u00fateis<\/strong><\/p>","protected":false},"featured_media":21842,"comment_status":"open","ping_status":"closed","template":"","meta":[],"product_cat":[15],"product_tag":[372,373,371],"class_list":{"0":"post-21843","1":"product","2":"type-product","3":"status-publish","4":"has-post-thumbnail","6":"product_cat-disposable-vape","7":"product_tag-45000-puffs","8":"product_tag-europe-warehouse","9":"product_tag-zooy","10":"product_brand-zooy","12":"first","13":"instock","14":"shipping-taxable","15":"purchasable","16":"product-type-variable","17":"has-default-attributes"},"aioseo_notices":[],"_links":{"self":[{"href":"https:\/\/www.vapeswholesaler.com\/pt\/wp-json\/wp\/v2\/product\/21843","targetHints":{"allow":["GET"]}}],"collection":[{"href":"https:\/\/www.vapeswholesaler.com\/pt\/wp-json\/wp\/v2\/product"}],"about":[{"href":"https:\/\/www.vapeswholesaler.com\/pt\/wp-json\/wp\/v2\/types\/product"}],"replies":[{"embeddable":true,"href":"https:\/\/www.vapeswholesaler.com\/pt\/wp-json\/wp\/v2\/comments?post=21843"}],"wp:featuredmedia":[{"embeddable":true,"href":"https:\/\/www.vapeswholesaler.com\/pt\/wp-json\/wp\/v2\/media\/21842"}],"wp:attachment":[{"href":"https:\/\/www.vapeswholesaler.com\/pt\/wp-json\/wp\/v2\/media?parent=21843"}],"wp:term":[{"taxonomy":"product_cat","embeddable":true,"href":"https:\/\/www.vapeswholesaler.com\/pt\/wp-json\/wp\/v2\/product_cat?post=21843"},{"taxonomy":"product_tag","embeddable":true,"href":"https:\/\/www.vapeswholesaler.com\/pt\/wp-json\/wp\/v2\/product_tag?post=21843"}],"curies":[{"name":"wp","href":"https:\/\/api.w.org\/{rel}","templated":true}]}}