{"id":21813,"date":"2025-02-24T15:36:27","date_gmt":"2025-02-24T07:36:27","guid":{"rendered":"https:\/\/www.vapeswholesaler.com\/?post_type=product&#038;p=21813"},"modified":"2025-11-03T17:42:06","modified_gmt":"2025-11-03T09:42:06","slug":"bang-king-50000-puffs-vape-descartavel-por-atacado","status":"publish","type":"product","link":"https:\/\/www.vapeswholesaler.com\/pt\/produto\/bang-king-50000-puffs-vape-descartavel-por-atacado","title":{"rendered":"Atacado Bang King 50000 Puffs Vape descart\u00e1vel"},"content":{"rendered":"<p><a href=\"https:\/\/www.vapeswholesaler.com\/pt\/marca_do_produto\/pancada\/\">Pancada<\/a> O King 50000 Puffs Double Flavors LCD Display Disposable Vape foi concebido para vapers que exigem um elevado desempenho e uma satisfa\u00e7\u00e3o duradoura. Com uma impressionante capacidade de at\u00e9 50000 baforadas, este dispositivo garante uma experi\u00eancia de vaporiza\u00e7\u00e3o prolongada e ininterrupta.<\/p>\n<p>O nosso produto \u00e9 fornecido com bobinas de malha de 1.0\u03a9, proporcionando um vapor suave, rico e saboroso a cada tragada. Sua capacidade de 50mL e-l\u00edquido garante um uso mais longo sem recargas frequentes, tornando-o perfeito para vapers pesados. Alimentado por uma bateria recarreg\u00e1vel de 850mAh, tamb\u00e9m suporta carregamento r\u00e1pido Tipo C, garantindo um tempo de inatividade m\u00ednimo entre as sess\u00f5es.<\/p>\n<p>\u00c9 um Vape descart\u00e1vel com sistema de duplo sabor, que lhe permite alternar facilmente entre dois sabores para uma experi\u00eancia personalizada e refrescante. O visor digital LCD fornece actualiza\u00e7\u00f5es em tempo real sobre o estado da bateria e os n\u00edveis de e-l\u00edquido, mantendo-o totalmente informado. Dispon\u00edvel nas dosagens de nicotina 2%, 3% e 5%, este dispositivo atende a uma variedade de prefer\u00eancias, oferecendo o equil\u00edbrio perfeito entre suavidade e intensidade.<\/p>\n<p>Finalmente, os nossos produtos Bang King 50000 Puffs s\u00e3o enviados a partir do nosso armaz\u00e9m na China, depois de enviarmos a sua encomenda, o tempo de envio para a maioria dos pa\u00edses europeus demorar\u00e1 cerca de 2 semanas, compraremos um seguro para cada encomenda para garantir que a encomenda pode chegar sem problemas, por favor, tenha a certeza de comprar.<\/p>\n<h2><strong><a href=\"https:\/\/www.facebook.com\/fred.luo.58\">Pancada<\/a> King 50000 Puffs Detalhes:<\/strong><\/h2>\n<ul>\n<li>Puffs: 50000 puffs para um prazer duradouro.<\/li>\n<li>Capacidade do e-l\u00edquido: Uns robustos 50 ml para manter as suas sess\u00f5es.<\/li>\n<li>Bateria: Uma robusta c\u00e9lula 17350 com 850mAh para uma pot\u00eancia constante.<\/li>\n<li>Bobina de aquecimento: A bobina de 1,0 malha garante um aquecimento uniforme.<\/li>\n<li>Porta de carregamento: Carregamento pr\u00e1tico do tipo C.<\/li>\n<li>Fluxo de ar: Ajuste do fluxo de ar na parte inferior para uma extra\u00e7\u00e3o perfeita.<\/li>\n<\/ul>\n<h2><strong>Lista de aromas:<\/strong><\/h2>\n<ol>\n<li>Gelo de melancia e menta de mirtilo<\/li>\n<li>Melancia e mirtilo Cereja<\/li>\n<li>Gelado de mirtilo e melancia de p\u00eassego e manga<\/li>\n<li>Gelo de mirtilo e gelo de p\u00eassego<\/li>\n<li>Mirtilo, framboesa e mistura de frutos silvestres<\/li>\n<li>Gelado de mirtilo, framboesa e uva<\/li>\n<li>Red Bull e Banana com Morango<\/li>\n<li>Red Bull e melancia com mirtilo<\/li>\n<li>Pastilhas el\u00e1sticas de morango, manga e melancia<\/li>\n<li>Manga com morango e Kiwi com morango<\/li>\n<li>Melancia com morango e gelo de drag\u00e3o negro<\/li>\n<li>Morango Melancia e Kiwi Maracuj\u00e1 Goiaba<\/li>\n<\/ol>\n<h2><strong>Lista de embalagem\uff1a<\/strong><\/h2>\n<p>1 unidade por caixa individual<br \/>\n10 unidades de cada caixa interm\u00e9dia<br \/>\n200 unidades por caixa<br \/>\n1pcs 0.15KG<\/p>\n<figure id=\"attachment_21796\" aria-describedby=\"caption-attachment-21796\" style=\"width: 800px\" class=\"wp-caption alignnone\"><img loading=\"lazy\" decoding=\"async\" class=\"wp-image-21796 size-full\" title=\"Atacado Bang King 50000 Puffs Vape descart\u00e1vel 4\" src=\"https:\/\/www.vapeswholesaler.com\/wp-content\/uploads\/2025\/02\/Wholesale-Bang-King-50000-Puffs-Disposable-Vape-4.webp\" alt=\"Atacado Bang King 50000 Puffs Vape descart\u00e1vel 4\" width=\"800\" height=\"800\" srcset=\"https:\/\/www.vapeswholesaler.com\/wp-content\/uploads\/2025\/02\/Wholesale-Bang-King-50000-Puffs-Disposable-Vape-4.webp 800w, https:\/\/www.vapeswholesaler.com\/wp-content\/uploads\/2025\/02\/Wholesale-Bang-King-50000-Puffs-Disposable-Vape-4-300x300.webp 300w, https:\/\/www.vapeswholesaler.com\/wp-content\/uploads\/2025\/02\/Wholesale-Bang-King-50000-Puffs-Disposable-Vape-4-150x150.webp 150w, https:\/\/www.vapeswholesaler.com\/wp-content\/uploads\/2025\/02\/Wholesale-Bang-King-50000-Puffs-Disposable-Vape-4-768x768.webp 768w, https:\/\/www.vapeswholesaler.com\/wp-content\/uploads\/2025\/02\/Wholesale-Bang-King-50000-Puffs-Disposable-Vape-4-12x12.webp 12w, https:\/\/www.vapeswholesaler.com\/wp-content\/uploads\/2025\/02\/Wholesale-Bang-King-50000-Puffs-Disposable-Vape-4-247x247.webp 247w, https:\/\/www.vapeswholesaler.com\/wp-content\/uploads\/2025\/02\/Wholesale-Bang-King-50000-Puffs-Disposable-Vape-4-510x510.webp 510w, https:\/\/www.vapeswholesaler.com\/wp-content\/uploads\/2025\/02\/Wholesale-Bang-King-50000-Puffs-Disposable-Vape-4-100x100.webp 100w\" sizes=\"auto, (max-width: 800px) 100vw, 800px\" \/><figcaption id=\"caption-attachment-21796\" class=\"wp-caption-text\">Atacado Bang King 50000 Puffs Vape descart\u00e1vel<\/figcaption><\/figure>\n<p>&nbsp;<\/p>\n<figure id=\"attachment_21794\" aria-describedby=\"caption-attachment-21794\" style=\"width: 800px\" class=\"wp-caption alignnone\"><img loading=\"lazy\" decoding=\"async\" class=\"wp-image-21794 size-full\" title=\"Atacado Bang King 50000 Puffs Vape descart\u00e1vel 2\" src=\"https:\/\/www.vapeswholesaler.com\/wp-content\/uploads\/2025\/02\/Wholesale-Bang-King-50000-Puffs-Disposable-Vape-2.webp\" alt=\"Atacado Bang King 50000 Puffs Vape descart\u00e1vel 2\" width=\"800\" height=\"450\" srcset=\"https:\/\/www.vapeswholesaler.com\/wp-content\/uploads\/2025\/02\/Wholesale-Bang-King-50000-Puffs-Disposable-Vape-2.webp 800w, https:\/\/www.vapeswholesaler.com\/wp-content\/uploads\/2025\/02\/Wholesale-Bang-King-50000-Puffs-Disposable-Vape-2-300x169.webp 300w, https:\/\/www.vapeswholesaler.com\/wp-content\/uploads\/2025\/02\/Wholesale-Bang-King-50000-Puffs-Disposable-Vape-2-768x432.webp 768w, https:\/\/www.vapeswholesaler.com\/wp-content\/uploads\/2025\/02\/Wholesale-Bang-King-50000-Puffs-Disposable-Vape-2-18x10.webp 18w, https:\/\/www.vapeswholesaler.com\/wp-content\/uploads\/2025\/02\/Wholesale-Bang-King-50000-Puffs-Disposable-Vape-2-510x287.webp 510w\" sizes=\"auto, (max-width: 800px) 100vw, 800px\" \/><figcaption id=\"caption-attachment-21794\" class=\"wp-caption-text\">Atacado Bang King 50000 Puffs Vape descart\u00e1vel<\/figcaption><\/figure>","protected":false},"excerpt":{"rendered":"<p>Quantidade m\u00ednima de encomenda: <strong>50 unidades<\/strong>\u00a0(Mistura de sabores) <strong>Envio gratuito<\/strong><\/p>\n<p>(2%, 3%, 5% Nic)<\/p>","protected":false},"featured_media":21812,"comment_status":"open","ping_status":"closed","template":"","meta":[],"product_cat":[15],"product_tag":[366,368,369],"class_list":{"0":"post-21813","1":"product","2":"type-product","3":"status-publish","4":"has-post-thumbnail","6":"product_cat-disposable-vape","7":"product_tag-50000-puffs","8":"product_tag-bang-king","9":"product_tag-dual-flavors","10":"product_brand-bang","12":"first","13":"instock","14":"shipping-taxable","15":"purchasable","16":"product-type-variable","17":"has-default-attributes"},"aioseo_notices":[],"_links":{"self":[{"href":"https:\/\/www.vapeswholesaler.com\/pt\/wp-json\/wp\/v2\/product\/21813","targetHints":{"allow":["GET"]}}],"collection":[{"href":"https:\/\/www.vapeswholesaler.com\/pt\/wp-json\/wp\/v2\/product"}],"about":[{"href":"https:\/\/www.vapeswholesaler.com\/pt\/wp-json\/wp\/v2\/types\/product"}],"replies":[{"embeddable":true,"href":"https:\/\/www.vapeswholesaler.com\/pt\/wp-json\/wp\/v2\/comments?post=21813"}],"wp:featuredmedia":[{"embeddable":true,"href":"https:\/\/www.vapeswholesaler.com\/pt\/wp-json\/wp\/v2\/media\/21812"}],"wp:attachment":[{"href":"https:\/\/www.vapeswholesaler.com\/pt\/wp-json\/wp\/v2\/media?parent=21813"}],"wp:term":[{"taxonomy":"product_cat","embeddable":true,"href":"https:\/\/www.vapeswholesaler.com\/pt\/wp-json\/wp\/v2\/product_cat?post=21813"},{"taxonomy":"product_tag","embeddable":true,"href":"https:\/\/www.vapeswholesaler.com\/pt\/wp-json\/wp\/v2\/product_tag?post=21813"}],"curies":[{"name":"wp","href":"https:\/\/api.w.org\/{rel}","templated":true}]}}