{"id":21685,"date":"2025-02-18T18:09:40","date_gmt":"2025-02-18T10:09:40","guid":{"rendered":"https:\/\/www.vapeswholesaler.com\/?post_type=product&#038;p=21685"},"modified":"2025-03-26T11:01:32","modified_gmt":"2025-03-26T03:01:32","slug":"narguile-bang-blaze-por-atacado-42000-puffs-vape-descartavel","status":"publish","type":"product","link":"https:\/\/www.vapeswholesaler.com\/pt\/produto\/narguile-bang-blaze-por-atacado-42000-puffs-vape-descartavel","title":{"rendered":"Atacado Bang Blaze ShiSha 42000 Puffs Vape descart\u00e1vel"},"content":{"rendered":"<p><a href=\"https:\/\/www.vapeswholesaler.com\/pt\/marca_do_produto\/pancada\/\">Pancada<\/a> Blaze ShiSha 42000 Puffs \u00e9 um dos mais recentes produtos descart\u00e1veis de cigarros electr\u00f3nicos, este produto \u00e9 muito especial, a apar\u00eancia do produto em cor dourada, os nossos produtos s\u00e3o mais brilhantes e atraentes. Este \u00e9 um produto de vaporiza\u00e7\u00e3o pulmonar que permite ao utilizador desfrutar de um grande fumo a qualquer hora e em qualquer lugar.<\/p>\n<p>Este dispositivo combina tecnologia de ponta com um desempenho excecional, produzindo at\u00e9 40.000 baforadas no modo ecol\u00f3gico. Este cigarro eletr\u00f3nico, que possui duas bobinas de malha, tecnologia inteligente e uma bateria recarreg\u00e1vel de 1000mAh, foi concebido para sabores e vapor de alta qualidade. Com uma bateria de 1000mAh e duas bobinas de resist\u00eancia de 0,6\u03a9 para um fumo melhorado, o cigarro eletr\u00f3nico descart\u00e1vel \u00e9 ideal para os vaporizadores que desejam uma satisfa\u00e7\u00e3o duradoura. Oferece uma experi\u00eancia de vaporiza\u00e7\u00e3o instant\u00e2nea com 30 ml de sumo eletr\u00f3nico e at\u00e9 42 000 baforadas. Para uma experi\u00eancia consistente e suave, selecione entre as dosagens de nicotina de 0%, 2%, 3% e 5%.<\/p>\n<h2><strong><a href=\"https:\/\/www.facebook.com\/fred.luo.58\/\">Pancada<\/a> Blaze ShiSha 42000 Puffs Detalhes:<\/strong><\/h2>\n<ul>\n<li>Capacidade do E-Liquid: 30 Ml E-Liquid<\/li>\n<li>Capacidade da bateria: 1000 Mah<\/li>\n<li>M\u00e1ximo de baforadas: 42000 baforadas<\/li>\n<li>Intensidade da nicotina: 0%\/2%\/5%<\/li>\n<li>Bobina: 0,6 \u03a9 de resist\u00eancia<\/li>\n<li>Bobina dupla<\/li>\n<li>Fluxo de ar ajust\u00e1vel<\/li>\n<\/ul>\n<h2><strong>Aromas:<\/strong><\/h2>\n<ol>\n<li>Hortel\u00e3<\/li>\n<li>Mirtilo Hortel\u00e3<\/li>\n<li>Ma\u00e7\u00e3s duplas<\/li>\n<li>Gelo de p\u00eassego<\/li>\n<li>Mirtilo Framboesa<\/li>\n<li>Gelo de mirtilo<\/li>\n<li>Mirtilo P\u00eassego<\/li>\n<li>Melancia<\/li>\n<li>Melancia com morango<\/li>\n<li>Lichia de morango<\/li>\n<li>Menta Uva<\/li>\n<li>Frutos mistos<\/li>\n<\/ol>\n<h2><strong>Lista de embalagem:<\/strong><\/h2>\n<p>1 unidade por caixa individual<br \/>\n10 unidades por caixa de exposi\u00e7\u00e3o<br \/>\n200 unidades por caixa 25KG<\/p>\n<figure id=\"attachment_21700\" aria-describedby=\"caption-attachment-21700\" style=\"width: 800px\" class=\"wp-caption alignnone\"><img loading=\"lazy\" decoding=\"async\" class=\"wp-image-21700 size-full\" title=\"Wholesale Bang Blaze Shisha 42000 Puffs Vape descart\u00e1vel 3\" src=\"https:\/\/www.vapeswholesaler.com\/wp-content\/uploads\/2025\/02\/Wholesale-Bang-Blaze-Shisha-42000-Puffs-Disposable-Vape-3.webp\" alt=\"Wholesale Bang Blaze Shisha 42000 Puffs Vape descart\u00e1vel 3\" width=\"800\" height=\"800\" srcset=\"https:\/\/www.vapeswholesaler.com\/wp-content\/uploads\/2025\/02\/Wholesale-Bang-Blaze-Shisha-42000-Puffs-Disposable-Vape-3.webp 800w, https:\/\/www.vapeswholesaler.com\/wp-content\/uploads\/2025\/02\/Wholesale-Bang-Blaze-Shisha-42000-Puffs-Disposable-Vape-3-300x300.webp 300w, https:\/\/www.vapeswholesaler.com\/wp-content\/uploads\/2025\/02\/Wholesale-Bang-Blaze-Shisha-42000-Puffs-Disposable-Vape-3-150x150.webp 150w, https:\/\/www.vapeswholesaler.com\/wp-content\/uploads\/2025\/02\/Wholesale-Bang-Blaze-Shisha-42000-Puffs-Disposable-Vape-3-768x768.webp 768w, https:\/\/www.vapeswholesaler.com\/wp-content\/uploads\/2025\/02\/Wholesale-Bang-Blaze-Shisha-42000-Puffs-Disposable-Vape-3-12x12.webp 12w, https:\/\/www.vapeswholesaler.com\/wp-content\/uploads\/2025\/02\/Wholesale-Bang-Blaze-Shisha-42000-Puffs-Disposable-Vape-3-247x247.webp 247w, https:\/\/www.vapeswholesaler.com\/wp-content\/uploads\/2025\/02\/Wholesale-Bang-Blaze-Shisha-42000-Puffs-Disposable-Vape-3-510x510.webp 510w, https:\/\/www.vapeswholesaler.com\/wp-content\/uploads\/2025\/02\/Wholesale-Bang-Blaze-Shisha-42000-Puffs-Disposable-Vape-3-100x100.webp 100w\" sizes=\"auto, (max-width: 800px) 100vw, 800px\" \/><figcaption id=\"caption-attachment-21700\" class=\"wp-caption-text\">Wholesale Bang Blaze Shisha 42000 Puffs Vape descart\u00e1vel<\/figcaption><\/figure>","protected":false},"excerpt":{"rendered":"<p>Quantidade m\u00ednima de encomenda: <strong>50 unidades <\/strong>(Mistura de sabores) <strong>Envio gratuito<\/strong><\/p>\n<p>(2%, 5% Nic)<\/p>","protected":false},"featured_media":21702,"comment_status":"open","ping_status":"closed","template":"","meta":[],"product_cat":[15],"product_tag":[388,389,368],"class_list":{"0":"post-21685","1":"product","2":"type-product","3":"status-publish","4":"has-post-thumbnail","6":"product_cat-disposable-vape","7":"product_tag-bang","8":"product_tag-42000-puffs","9":"product_tag-bang-king","10":"product_brand-bang","12":"first","13":"instock","14":"shipping-taxable","15":"purchasable","16":"product-type-variable","17":"has-default-attributes"},"aioseo_notices":[],"_links":{"self":[{"href":"https:\/\/www.vapeswholesaler.com\/pt\/wp-json\/wp\/v2\/product\/21685","targetHints":{"allow":["GET"]}}],"collection":[{"href":"https:\/\/www.vapeswholesaler.com\/pt\/wp-json\/wp\/v2\/product"}],"about":[{"href":"https:\/\/www.vapeswholesaler.com\/pt\/wp-json\/wp\/v2\/types\/product"}],"replies":[{"embeddable":true,"href":"https:\/\/www.vapeswholesaler.com\/pt\/wp-json\/wp\/v2\/comments?post=21685"}],"wp:featuredmedia":[{"embeddable":true,"href":"https:\/\/www.vapeswholesaler.com\/pt\/wp-json\/wp\/v2\/media\/21702"}],"wp:attachment":[{"href":"https:\/\/www.vapeswholesaler.com\/pt\/wp-json\/wp\/v2\/media?parent=21685"}],"wp:term":[{"taxonomy":"product_cat","embeddable":true,"href":"https:\/\/www.vapeswholesaler.com\/pt\/wp-json\/wp\/v2\/product_cat?post=21685"},{"taxonomy":"product_tag","embeddable":true,"href":"https:\/\/www.vapeswholesaler.com\/pt\/wp-json\/wp\/v2\/product_tag?post=21685"}],"curies":[{"name":"wp","href":"https:\/\/api.w.org\/{rel}","templated":true}]}}