{"id":21630,"date":"2025-02-17T14:35:47","date_gmt":"2025-02-17T06:35:47","guid":{"rendered":"https:\/\/www.vapeswholesaler.com\/?post_type=product&#038;p=21630"},"modified":"2025-03-25T20:43:23","modified_gmt":"2025-03-25T12:43:23","slug":"atacado-zooy-stars-30000-puffs-vape-descartavel","status":"publish","type":"product","link":"https:\/\/www.vapeswholesaler.com\/pt\/produto\/atacado-zooy-stars-30000-puffs-vape-descartavel","title":{"rendered":"Atacado Zooy Stars 30000 Puffs Vape descart\u00e1vel"},"content":{"rendered":"<p><a href=\"https:\/\/www.vapeswholesaler.com\/pt\/marca_do_produto\/zoologico\/\">Zool\u00f3gico<\/a> Stars 30000 Puffs \u00e9 um produto novo, usando o novo design de ecr\u00e3 LED curvo 3D, o desempenho \u00e9 mais est\u00e1vel, o ecr\u00e3 \u00e9 mais colorido, quando o usa, n\u00e3o importa onde \u00e9 o cen\u00e1rio mais bonito, os nossos produtos s\u00e3o muito quentes, temos um armaz\u00e9m na Europa, pode ser usado para envio r\u00e1pido, a maioria dos pa\u00edses europeus A maioria dos pa\u00edses europeus pode ser feita dentro de uma semana para chegar.<\/p>\n<p>O tamanho do produto \u00e9 29 * 53 * 92mm, podemos usar a bobina de malha dupla para tornar o sabor do produto melhor, podemos fornecer conte\u00fado de nicotina 2%, 3%, 5% opcional, para atender a escolha de mais clientes. \u00c9 compat\u00edvel com o conetor TYPE-C para recarregar o produto e incluir a fun\u00e7\u00e3o de ajuste do fluxo de ar.<\/p>\n<h2><strong>Zooy Stars 30000 Puffs Detalhes:<\/strong><\/h2>\n<ul>\n<li>Puffs: Cerca de 30000puffs<\/li>\n<li>Peso: 130g<\/li>\n<li>Tamanho do produto: 29*53*92mm<\/li>\n<li>Bobinas: Bobina de malha dupla<\/li>\n<li>Nic: 20mg 30mg 50mg sal de nic<\/li>\n<li>Ecr\u00e3 LED curvo 3D<\/li>\n<li>TIPO C Recarreg\u00e1vel<\/li>\n<li>Fluxo de ar ajust\u00e1vel<\/li>\n<li>Capacidade da bateria: 850mah<\/li>\n<li>L\u00edquido eletr\u00f3nico pr\u00e9-carregado: 20 ml<\/li>\n<\/ul>\n<h2><strong>Aromas:<\/strong><\/h2>\n<ol>\n<li>Energia Redbull<\/li>\n<li>Gelo Blue Razz<\/li>\n<li>Gelo de melancia<\/li>\n<li>Melancia com morango<\/li>\n<li>Sumo de p\u00eassego<\/li>\n<li>Gelo de morango e banana<\/li>\n<li>Gelo de mirtilo<\/li>\n<li>Gelo de bagas triplo<\/li>\n<li>Morango Kiwi<\/li>\n<li>Mirtilo Cereja Arando<\/li>\n<\/ol>\n<h2><strong>Lista de embalagem:<\/strong><\/h2>\n<p>1pcs Caixa individual<br \/>\n10 unidades de cada caixa interm\u00e9dia<br \/>\n200 unidades por caixa<\/p>\n<p><img loading=\"lazy\" decoding=\"async\" class=\"alignnone wp-image-21617 size-full\" title=\"Atacado Zooy Stars 30000 Puffs Vape descart\u00e1vel 7\" src=\"https:\/\/www.vapeswholesaler.com\/wp-content\/uploads\/2025\/02\/Wholesale-Zooy-Stars-30000-Puffs-Disposable-Vape-7.webp\" alt=\"Atacado Zooy Stars 30000 Puffs Vape descart\u00e1vel 7\" width=\"800\" height=\"800\" srcset=\"https:\/\/www.vapeswholesaler.com\/wp-content\/uploads\/2025\/02\/Wholesale-Zooy-Stars-30000-Puffs-Disposable-Vape-7.webp 800w, https:\/\/www.vapeswholesaler.com\/wp-content\/uploads\/2025\/02\/Wholesale-Zooy-Stars-30000-Puffs-Disposable-Vape-7-300x300.webp 300w, https:\/\/www.vapeswholesaler.com\/wp-content\/uploads\/2025\/02\/Wholesale-Zooy-Stars-30000-Puffs-Disposable-Vape-7-150x150.webp 150w, https:\/\/www.vapeswholesaler.com\/wp-content\/uploads\/2025\/02\/Wholesale-Zooy-Stars-30000-Puffs-Disposable-Vape-7-768x768.webp 768w, https:\/\/www.vapeswholesaler.com\/wp-content\/uploads\/2025\/02\/Wholesale-Zooy-Stars-30000-Puffs-Disposable-Vape-7-12x12.webp 12w, https:\/\/www.vapeswholesaler.com\/wp-content\/uploads\/2025\/02\/Wholesale-Zooy-Stars-30000-Puffs-Disposable-Vape-7-247x247.webp 247w, https:\/\/www.vapeswholesaler.com\/wp-content\/uploads\/2025\/02\/Wholesale-Zooy-Stars-30000-Puffs-Disposable-Vape-7-510x510.webp 510w, https:\/\/www.vapeswholesaler.com\/wp-content\/uploads\/2025\/02\/Wholesale-Zooy-Stars-30000-Puffs-Disposable-Vape-7-100x100.webp 100w\" sizes=\"auto, (max-width: 800px) 100vw, 800px\" \/><\/p>\n<p><img loading=\"lazy\" decoding=\"async\" class=\"alignnone wp-image-21616 size-full\" title=\"Atacado Zooy Stars 30000 Puffs Vape descart\u00e1vel 6\" src=\"https:\/\/www.vapeswholesaler.com\/wp-content\/uploads\/2025\/02\/Wholesale-Zooy-Stars-30000-Puffs-Disposable-Vape-6.webp\" alt=\"Atacado Zooy Stars 30000 Puffs Vape descart\u00e1vel 6\" width=\"800\" height=\"600\" srcset=\"https:\/\/www.vapeswholesaler.com\/wp-content\/uploads\/2025\/02\/Wholesale-Zooy-Stars-30000-Puffs-Disposable-Vape-6.webp 800w, https:\/\/www.vapeswholesaler.com\/wp-content\/uploads\/2025\/02\/Wholesale-Zooy-Stars-30000-Puffs-Disposable-Vape-6-300x225.webp 300w, https:\/\/www.vapeswholesaler.com\/wp-content\/uploads\/2025\/02\/Wholesale-Zooy-Stars-30000-Puffs-Disposable-Vape-6-768x576.webp 768w, https:\/\/www.vapeswholesaler.com\/wp-content\/uploads\/2025\/02\/Wholesale-Zooy-Stars-30000-Puffs-Disposable-Vape-6-16x12.webp 16w, https:\/\/www.vapeswholesaler.com\/wp-content\/uploads\/2025\/02\/Wholesale-Zooy-Stars-30000-Puffs-Disposable-Vape-6-510x383.webp 510w\" sizes=\"auto, (max-width: 800px) 100vw, 800px\" \/><\/p>\n<p><img loading=\"lazy\" decoding=\"async\" class=\"wp-image-21615 size-full\" title=\"Atacado Zooy Stars 30000 Puffs Vape descart\u00e1vel 5\" src=\"https:\/\/www.vapeswholesaler.com\/wp-content\/uploads\/2025\/02\/Wholesale-Zooy-Stars-30000-Puffs-Disposable-Vape-5.webp\" alt=\"Atacado Zooy Stars 30000 Puffs Vape descart\u00e1vel 5\" width=\"800\" height=\"600\" srcset=\"https:\/\/www.vapeswholesaler.com\/wp-content\/uploads\/2025\/02\/Wholesale-Zooy-Stars-30000-Puffs-Disposable-Vape-5.webp 800w, https:\/\/www.vapeswholesaler.com\/wp-content\/uploads\/2025\/02\/Wholesale-Zooy-Stars-30000-Puffs-Disposable-Vape-5-300x225.webp 300w, https:\/\/www.vapeswholesaler.com\/wp-content\/uploads\/2025\/02\/Wholesale-Zooy-Stars-30000-Puffs-Disposable-Vape-5-768x576.webp 768w, https:\/\/www.vapeswholesaler.com\/wp-content\/uploads\/2025\/02\/Wholesale-Zooy-Stars-30000-Puffs-Disposable-Vape-5-16x12.webp 16w, https:\/\/www.vapeswholesaler.com\/wp-content\/uploads\/2025\/02\/Wholesale-Zooy-Stars-30000-Puffs-Disposable-Vape-5-510x383.webp 510w\" sizes=\"auto, (max-width: 800px) 100vw, 800px\" \/><\/p>","protected":false},"excerpt":{"rendered":"<p>Quantidade m\u00ednima de encomenda:\u00a0<strong>50 UNIDADES<\/strong>\u00a0(Mistura de sabores)\u00a0\u00a0<strong>Envio gratuito<\/strong><\/p>\n<p>(<strong>2%, 5% Nic<\/strong>) Prazo de expedi\u00e7\u00e3o do armaz\u00e9m da UE 5-6 dias \u00fateis<\/p>","protected":false},"featured_media":21641,"comment_status":"open","ping_status":"closed","template":"","meta":[],"product_cat":[15],"product_tag":[371,373,374],"class_list":{"0":"post-21630","1":"product","2":"type-product","3":"status-publish","4":"has-post-thumbnail","6":"product_cat-disposable-vape","7":"product_tag-zooy","8":"product_tag-europe-warehouse","9":"product_tag-30000-puffs","10":"product_brand-zooy","12":"first","13":"instock","14":"shipping-taxable","15":"purchasable","16":"product-type-variable","17":"has-default-attributes"},"aioseo_notices":[],"_links":{"self":[{"href":"https:\/\/www.vapeswholesaler.com\/pt\/wp-json\/wp\/v2\/product\/21630","targetHints":{"allow":["GET"]}}],"collection":[{"href":"https:\/\/www.vapeswholesaler.com\/pt\/wp-json\/wp\/v2\/product"}],"about":[{"href":"https:\/\/www.vapeswholesaler.com\/pt\/wp-json\/wp\/v2\/types\/product"}],"replies":[{"embeddable":true,"href":"https:\/\/www.vapeswholesaler.com\/pt\/wp-json\/wp\/v2\/comments?post=21630"}],"wp:featuredmedia":[{"embeddable":true,"href":"https:\/\/www.vapeswholesaler.com\/pt\/wp-json\/wp\/v2\/media\/21641"}],"wp:attachment":[{"href":"https:\/\/www.vapeswholesaler.com\/pt\/wp-json\/wp\/v2\/media?parent=21630"}],"wp:term":[{"taxonomy":"product_cat","embeddable":true,"href":"https:\/\/www.vapeswholesaler.com\/pt\/wp-json\/wp\/v2\/product_cat?post=21630"},{"taxonomy":"product_tag","embeddable":true,"href":"https:\/\/www.vapeswholesaler.com\/pt\/wp-json\/wp\/v2\/product_tag?post=21630"}],"curies":[{"name":"wp","href":"https:\/\/api.w.org\/{rel}","templated":true}]}}