{"id":21446,"date":"2025-01-12T14:16:37","date_gmt":"2025-01-12T06:16:37","guid":{"rendered":"https:\/\/www.vapeswholesaler.com\/?post_type=product&#038;p=21446"},"modified":"2025-03-05T15:47:04","modified_gmt":"2025-03-05T07:47:04","slug":"atacado-mr-nic-nice-45000-puffs-vape-descartavel","status":"publish","type":"product","link":"https:\/\/www.vapeswholesaler.com\/pt\/produto\/atacado-mr-nic-nice-45000-puffs-vape-descartavel","title":{"rendered":"Atacado Mr Nic Nice 45000 Puffs Vape descart\u00e1vel"},"content":{"rendered":"<p>O Mr Nic Nice 45000 Puffs \u00e9 o mais recente cigarro eletr\u00f3nico no mercado atual e \u00e9 tamb\u00e9m popular na Europa e nos EUA, com tecnologia de ponta e um rigoroso controlo de qualidade em que confiam os distribuidores e compradores de cigarros em todo o mundo.<\/p>\n<p>Mr Nic Nice 45000 Puffs \u00e9 um dispositivo de vapor descart\u00e1vel recarreg\u00e1vel que vem com um ecr\u00e3 digital que mostra NICE Take Off When Vaping, Power Light Rise Up When Charging. Cont\u00e9m 45 ml de sumo eletr\u00f3nico de sal de nicotina 0\/2\/3\/5% e vaporiza at\u00e9 45000 baforadas. Existem 10 sabores para escolher. A porta recarreg\u00e1vel na parte inferior do dispositivo garante que voc\u00ea termine a \u00faltima gota do suco eletr\u00f4nico no tanque o tempo todo.<\/p>\n<h2><strong><a href=\"https:\/\/www.vapeswholesaler.com\/pt\/marca_do_produto\/sr-nic\/\">Sr. Nic<\/a> Nice 45000 Puffs Carater\u00edsticas:<\/strong><\/h2>\n<ul>\n<li>Ecr\u00e3 digital: Ecr\u00e3 de percentagem da bateria<\/li>\n<li>Porta de carregamento: Carregamento USB-C na lateral<\/li>\n<li>Fun\u00e7\u00e3o de pr\u00e9-aquecimento: Sim<\/li>\n<li>Sabores: 10 sabores<\/li>\n<li>Fluxo autom\u00e1tico: Sim<\/li>\n<li>Capacidade da bateria: 650mAH<\/li>\n<li>Puffs: 45000 Puffs<\/li>\n<\/ul>\n<h2><strong>Mr Nic Nice 45000 Puffs Sabores:<\/strong><\/h2>\n<ol>\n<li>Gelo Blue Razz<\/li>\n<li>Melancia com mirtilo<\/li>\n<li>Gelo de cereja Cqla<\/li>\n<li>Citrino Hortel\u00e3<\/li>\n<li>Ma\u00e7\u00e3 dupla<\/li>\n<li>Gelo de uva<\/li>\n<li>Sumo de p\u00eassego<\/li>\n<li>Bagas mistas<\/li>\n<li>Gelo de morango<\/li>\n<li>Gelo de melancia<\/li>\n<\/ol>\n<h2><strong>Lista de embalagem:<\/strong><\/h2>\n<p>1 unidade por caixa individual<br \/>\n10 unidades cada Caixa de exposi\u00e7\u00e3o<br \/>\n200 unidades por caixa<\/p>\n<p><img loading=\"lazy\" decoding=\"async\" class=\"wp-image-21435 size-full\" title=\"Atacado Mr Nic Nice 45000 Puffs Vape descart\u00e1vel 2\" src=\"https:\/\/www.vapeswholesaler.com\/wp-content\/uploads\/2025\/01\/Wholesale-Mr-Nic-Nice-45000-Puffs-Disposable-Vape-2.webp\" alt=\"Atacado Mr Nic Nice 45000 Puffs Vape descart\u00e1vel 2\" width=\"800\" height=\"902\" srcset=\"https:\/\/www.vapeswholesaler.com\/wp-content\/uploads\/2025\/01\/Wholesale-Mr-Nic-Nice-45000-Puffs-Disposable-Vape-2.webp 800w, https:\/\/www.vapeswholesaler.com\/wp-content\/uploads\/2025\/01\/Wholesale-Mr-Nic-Nice-45000-Puffs-Disposable-Vape-2-266x300.webp 266w, https:\/\/www.vapeswholesaler.com\/wp-content\/uploads\/2025\/01\/Wholesale-Mr-Nic-Nice-45000-Puffs-Disposable-Vape-2-768x866.webp 768w, https:\/\/www.vapeswholesaler.com\/wp-content\/uploads\/2025\/01\/Wholesale-Mr-Nic-Nice-45000-Puffs-Disposable-Vape-2-11x12.webp 11w, https:\/\/www.vapeswholesaler.com\/wp-content\/uploads\/2025\/01\/Wholesale-Mr-Nic-Nice-45000-Puffs-Disposable-Vape-2-510x575.webp 510w\" sizes=\"auto, (max-width: 800px) 100vw, 800px\" \/><\/p>","protected":false},"excerpt":{"rendered":"<p>Quantidade m\u00ednima de encomenda:\u00a0<strong>50 UNIDADES<\/strong>\u00a0(Mistura de sabores)\u00a0\u00a0<strong>Envio gratuito<\/strong><\/p>\n<p>(<strong>2%, 5% Nic<\/strong>)<\/p>","protected":false},"featured_media":21443,"comment_status":"open","ping_status":"closed","template":"","meta":[],"product_cat":[15],"product_tag":[115,116,113,114],"class_list":{"0":"post-21446","1":"product","2":"type-product","3":"status-publish","4":"has-post-thumbnail","6":"product_cat-disposable-vape","7":"product_tag-45000-puffs-vapes","8":"product_tag-buy-45k-vapes","9":"product_tag-45k-puffs","10":"product_tag-45k-disposable-vape","11":"product_brand-mr-nic","13":"first","14":"instock","15":"shipping-taxable","16":"purchasable","17":"product-type-variable","18":"has-default-attributes"},"aioseo_notices":[],"_links":{"self":[{"href":"https:\/\/www.vapeswholesaler.com\/pt\/wp-json\/wp\/v2\/product\/21446","targetHints":{"allow":["GET"]}}],"collection":[{"href":"https:\/\/www.vapeswholesaler.com\/pt\/wp-json\/wp\/v2\/product"}],"about":[{"href":"https:\/\/www.vapeswholesaler.com\/pt\/wp-json\/wp\/v2\/types\/product"}],"replies":[{"embeddable":true,"href":"https:\/\/www.vapeswholesaler.com\/pt\/wp-json\/wp\/v2\/comments?post=21446"}],"wp:featuredmedia":[{"embeddable":true,"href":"https:\/\/www.vapeswholesaler.com\/pt\/wp-json\/wp\/v2\/media\/21443"}],"wp:attachment":[{"href":"https:\/\/www.vapeswholesaler.com\/pt\/wp-json\/wp\/v2\/media?parent=21446"}],"wp:term":[{"taxonomy":"product_cat","embeddable":true,"href":"https:\/\/www.vapeswholesaler.com\/pt\/wp-json\/wp\/v2\/product_cat?post=21446"},{"taxonomy":"product_tag","embeddable":true,"href":"https:\/\/www.vapeswholesaler.com\/pt\/wp-json\/wp\/v2\/product_tag?post=21446"}],"curies":[{"name":"wp","href":"https:\/\/api.w.org\/{rel}","templated":true}]}}