{"id":21397,"date":"2025-01-12T11:50:41","date_gmt":"2025-01-12T03:50:41","guid":{"rendered":"https:\/\/www.vapeswholesaler.com\/?post_type=product&#038;p=21397"},"modified":"2026-04-12T21:23:55","modified_gmt":"2026-04-12T13:23:55","slug":"barra-de-felicidade-por-atacado-36000-puffs-vape-descartavel","status":"publish","type":"product","link":"https:\/\/www.vapeswholesaler.com\/pt\/produto\/barra-de-felicidade-por-atacado-36000-puffs-vape-descartavel","title":{"rendered":"Atacado Happ bar 36000 Puffs Vape descart\u00e1vel"},"content":{"rendered":"<p><a href=\"https:\/\/www.vapeswholesaler.com\/pt\/marca_do_produto\/happ-bar\/\">Bar Happ<\/a> 36000 Puffs s\u00e3o o mais recente e mais elevado n\u00edvel de produtos de cigarros electr\u00f3nicos descart\u00e1veis da marca, com avan\u00e7os tecnol\u00f3gicos que permitem uma melhor experi\u00eancia do cliente.<\/p>\n<p>Al\u00e9m disso, possui uma bateria de 650mah de alta qualidade e longa dura\u00e7\u00e3o e pode ser recarregada utilizando o conetor tipo-c de padr\u00e3o internacional, o que reduz o custo de propriedade para os nossos clientes. Atualmente, os nossos produtos podem fornecer 2% e 5% de nicotina, adequados para diferentes clientes de acordo com os seus diferentes produtos favoritos.<\/p>\n<p>Atualmente, oferecemos 13 sabores que foram misturados com precis\u00e3o para se adaptarem aos h\u00e1bitos de fumar dos nossos clientes europeus e para satisfazer a maioria das prefer\u00eancias dos nossos clientes. Com uma encomenda m\u00ednima de 50 unidades e uma escolha de at\u00e9 5 sabores diferentes, damos aos nossos clientes uma maior escolha.<\/p>\n<p>Este dispositivo vem com 40ml de E-juice pr\u00e9-cheio, que pode ser fumado cerca de 36000 puffs, e o nosso produto est\u00e1 equipado com um visor eletr\u00f3nico que lhe permite acompanhar o consumo de \u00f3leo e energia do produto a qualquer momento e em qualquer lugar, evitando assim o sabor a queimado que pode ser causado por ficar sem \u00f3leo, o que pode ser uma m\u00e1 experi\u00eancia para o cliente.<\/p>\n<h2><strong><a href=\"https:\/\/www.facebook.com\/fred.luo.58\">Bar Happ<\/a> 36000 Puffs Carater\u00edsticas:<\/strong><\/h2>\n<ul>\n<li>Puff: 36,000puffs<\/li>\n<li>Teor de nicotina: 2%, 5%<\/li>\n<li>Capacidade da bateria: 650mAh<\/li>\n<li>Recarreg\u00e1vel ou n\u00e3o: Porta de carregamento TYPE-C<\/li>\n<li>Resist\u00eancia: 1,0ohm<\/li>\n<li>Capacidade do sumo eletr\u00f3nico: 40 ml<\/li>\n<li>Sabor: 13 sabores<\/li>\n<\/ul>\n<h2><strong>Lista de sabores:<\/strong><\/h2>\n<ol>\n<li>Gelo de cereja<\/li>\n<li>Cola Ice<\/li>\n<li>Lima-lim\u00e3o<\/li>\n<li>Amor 66<\/li>\n<li>Mamba<\/li>\n<li>Sr. Blue<\/li>\n<li>Gelo de p\u00eassego<\/li>\n<li>Ma\u00e7\u00e3 \u00e1cida<\/li>\n<li>Banana com morango<\/li>\n<li>Gelo de morango<\/li>\n<li>Morango Kiwi<\/li>\n<li>Coca-Cola de morango e baunilha<\/li>\n<li>Gelo de melancia<\/li>\n<\/ol>\n<h2><strong>Lista de embalagem:<\/strong><\/h2>\n<p>1 unidade por caixa individual<br \/>\n10 unidades cada Caixa de exposi\u00e7\u00e3o<br \/>\n200 unidades por caixa<\/p>\n<figure id=\"attachment_21375\" aria-describedby=\"caption-attachment-21375\" style=\"width: 800px\" class=\"wp-caption alignnone\"><img loading=\"lazy\" decoding=\"async\" class=\"wp-image-21375 size-full\" title=\"Atacado Happ bar 36000 Puffs Vape descart\u00e1vel 5\" src=\"https:\/\/www.vapeswholesaler.com\/wp-content\/uploads\/2025\/01\/Wholesale-Happ-bar-36000-Puffs-Disposable-Vape-5.webp\" alt=\"Atacado Happ bar 36000 Puffs Vape descart\u00e1vel 5\" width=\"800\" height=\"396\" srcset=\"https:\/\/www.vapeswholesaler.com\/wp-content\/uploads\/2025\/01\/Wholesale-Happ-bar-36000-Puffs-Disposable-Vape-5.webp 800w, https:\/\/www.vapeswholesaler.com\/wp-content\/uploads\/2025\/01\/Wholesale-Happ-bar-36000-Puffs-Disposable-Vape-5-300x149.webp 300w, https:\/\/www.vapeswholesaler.com\/wp-content\/uploads\/2025\/01\/Wholesale-Happ-bar-36000-Puffs-Disposable-Vape-5-768x380.webp 768w, https:\/\/www.vapeswholesaler.com\/wp-content\/uploads\/2025\/01\/Wholesale-Happ-bar-36000-Puffs-Disposable-Vape-5-18x9.webp 18w, https:\/\/www.vapeswholesaler.com\/wp-content\/uploads\/2025\/01\/Wholesale-Happ-bar-36000-Puffs-Disposable-Vape-5-510x252.webp 510w\" sizes=\"auto, (max-width: 800px) 100vw, 800px\" \/><figcaption id=\"caption-attachment-21375\" class=\"wp-caption-text\">Atacado Happ bar 36000 Puffs Vape descart\u00e1vel<img loading=\"lazy\" decoding=\"async\" class=\"wp-image-21378 size-full\" style=\"color: #555555;font-size: 14.4px\" title=\"Atacado Happ bar 36000 Puffs Vape descart\u00e1vel 8\" src=\"https:\/\/www.vapeswholesaler.com\/wp-content\/uploads\/2025\/01\/Wholesale-Happ-bar-36000-Puffs-Disposable-Vape-8.webp\" alt=\"Atacado Happ bar 36000 Puffs Vape descart\u00e1vel 8\" width=\"800\" height=\"396\" srcset=\"https:\/\/www.vapeswholesaler.com\/wp-content\/uploads\/2025\/01\/Wholesale-Happ-bar-36000-Puffs-Disposable-Vape-8.webp 800w, https:\/\/www.vapeswholesaler.com\/wp-content\/uploads\/2025\/01\/Wholesale-Happ-bar-36000-Puffs-Disposable-Vape-8-300x149.webp 300w, https:\/\/www.vapeswholesaler.com\/wp-content\/uploads\/2025\/01\/Wholesale-Happ-bar-36000-Puffs-Disposable-Vape-8-768x380.webp 768w, https:\/\/www.vapeswholesaler.com\/wp-content\/uploads\/2025\/01\/Wholesale-Happ-bar-36000-Puffs-Disposable-Vape-8-18x9.webp 18w, https:\/\/www.vapeswholesaler.com\/wp-content\/uploads\/2025\/01\/Wholesale-Happ-bar-36000-Puffs-Disposable-Vape-8-510x252.webp 510w\" sizes=\"auto, (max-width: 800px) 100vw, 800px\" \/><\/figcaption><\/figure>","protected":false},"excerpt":{"rendered":"<p>Quantidade m\u00ednima de encomenda:\u00a0<strong>50 unidades<\/strong>\u00a0(Mistura de sabores)\u00a0\u00a0<strong>Envio gratuito<\/strong><\/p>\n<p>(<strong>2%, 5% Nic<\/strong>) Prazo de expedi\u00e7\u00e3o do armaz\u00e9m da UE 5-6 dias \u00fateis<\/p>","protected":false},"featured_media":21371,"comment_status":"open","ping_status":"closed","template":"","meta":[],"product_cat":[15],"product_tag":[373,380,381],"class_list":{"0":"post-21397","1":"product","2":"type-product","3":"status-publish","4":"has-post-thumbnail","6":"product_cat-disposable-vape","7":"product_tag-europe-warehouse","8":"product_tag-happ-bar","9":"product_tag-36000-puffs","10":"product_brand-happ-bar","12":"first","13":"outofstock","14":"shipping-taxable","15":"purchasable","16":"product-type-variable","17":"has-default-attributes"},"aioseo_notices":[],"_links":{"self":[{"href":"https:\/\/www.vapeswholesaler.com\/pt\/wp-json\/wp\/v2\/product\/21397","targetHints":{"allow":["GET"]}}],"collection":[{"href":"https:\/\/www.vapeswholesaler.com\/pt\/wp-json\/wp\/v2\/product"}],"about":[{"href":"https:\/\/www.vapeswholesaler.com\/pt\/wp-json\/wp\/v2\/types\/product"}],"replies":[{"embeddable":true,"href":"https:\/\/www.vapeswholesaler.com\/pt\/wp-json\/wp\/v2\/comments?post=21397"}],"wp:featuredmedia":[{"embeddable":true,"href":"https:\/\/www.vapeswholesaler.com\/pt\/wp-json\/wp\/v2\/media\/21371"}],"wp:attachment":[{"href":"https:\/\/www.vapeswholesaler.com\/pt\/wp-json\/wp\/v2\/media?parent=21397"}],"wp:term":[{"taxonomy":"product_cat","embeddable":true,"href":"https:\/\/www.vapeswholesaler.com\/pt\/wp-json\/wp\/v2\/product_cat?post=21397"},{"taxonomy":"product_tag","embeddable":true,"href":"https:\/\/www.vapeswholesaler.com\/pt\/wp-json\/wp\/v2\/product_tag?post=21397"}],"curies":[{"name":"wp","href":"https:\/\/api.w.org\/{rel}","templated":true}]}}