{"id":21247,"date":"2025-01-04T15:31:47","date_gmt":"2025-01-04T07:31:47","guid":{"rendered":"https:\/\/www.vapeswholesaler.com\/?post_type=product&#038;p=21247"},"modified":"2025-08-13T15:14:08","modified_gmt":"2025-08-13T07:14:08","slug":"vapsolo-galaxy-30k-vape-descartavel-por-atacado","status":"publish","type":"product","link":"https:\/\/www.vapeswholesaler.com\/pt\/produto\/vapsolo-galaxy-30k-vape-descartavel-por-atacado","title":{"rendered":"Atacado Vapsolo Galaxy 30K Vape descart\u00e1vel"},"content":{"rendered":"<p><a href=\"https:\/\/www.vapeswholesaler.com\/pt\/marca_do_produto\/vapsolo\/\">Vapsolo<\/a> O Galaxy 30k Disposable Vape continua a confiabilidade super est\u00e1vel da marca Vapsolo, e a apar\u00eancia \u00e9 semelhante \u00e0 mais vendida Twins 20k, dando aos nossos clientes mais op\u00e7\u00f5es. A apar\u00eancia de material de resina mais requintado, mais inovador, amado pelos clientes.<\/p>\n<p>O Vape descart\u00e1vel vem com um ecr\u00e3 t\u00e1til completo e tem dois modos \u00e0 escolha, bastando um duplo toque no \u00edcone de impress\u00e3o digital do ecr\u00e3 para alternar entre o modo normal e o modo turbo. Os LEDs e outros elementos continuam a piscar enquanto se fuma, o que torna a experi\u00eancia ainda mais divertida.<\/p>\n<p>O Vape descart\u00e1vel Vapsolo Galaxy 30k vem com 40ml de \u00f3leo vape pr\u00e9-instalado, que pode ser usado para cerca de 30.000 baforadas, e vem com uma bateria de 650mAh de muito boa qualidade, que pode ser recarregada com uma porta tipo c, para que voc\u00ea n\u00e3o precise mais se preocupar com a vida \u00fatil da bateria, e usa bobinas de malha, que t\u00eam um valor de resist\u00eancia de 1,0\u03a9, o que maximiza a redu\u00e7\u00e3o do \u00f3leo, para que os clientes possam tirar o melhor proveito do produto. os clientes obt\u00eam a melhor experi\u00eancia de vaporiza\u00e7\u00e3o.<\/p>\n<h2><strong><a href=\"https:\/\/www.facebook.com\/fred.luo.58\">Vapsolo<\/a> Galaxy 30k Disposable Vape Carater\u00edsticas:<\/strong><\/h2>\n<ul>\n<li>Puffs: 30000 Puffs<\/li>\n<li>Ecr\u00e3 LCD<\/li>\n<li>Capacidade do E-l\u00edquido: 40ml<\/li>\n<li>Capacidade da bateria: 650MAH<\/li>\n<li>Bobina de malha<\/li>\n<li>Resist\u00eancia da bobina: 1.0\u03a9<\/li>\n<li>porta tipo c, recarreg\u00e1vel<\/li>\n<li>12 sabores<\/li>\n<\/ul>\n<h2><strong>Lista de aromas:<\/strong><\/h2>\n<ol>\n<li>Gelo de melancia<\/li>\n<li>Morango Kiwi<\/li>\n<li>Azul Razz<\/li>\n<li>Lima-lim\u00e3o<\/li>\n<li>P\u00eassego-lim\u00e3o<\/li>\n<li>Mel\u00e3o triplo<\/li>\n<li>Melancia com framboesa<\/li>\n<li>Anan\u00e1s de coco<\/li>\n<li>Red Bull de morango<\/li>\n<li>Banana com amora<\/li>\n<li>Gelado de morango, framboesa e cereja<\/li>\n<li>Black Ice Dragonfruit Morango<\/li>\n<\/ol>\n<h2><strong>Lista de embalagem:<\/strong><\/h2>\n<p>1 unidade por caixa individual<br \/>\n10 unidades cada Caixa de exposi\u00e7\u00e3o<br \/>\n200pcs\/ctn;<br \/>\nPeso\uff1a120g\/pcs 24kg\/ctn<br \/>\nTamanho da caixa: 44*43*26.5CM<\/p>\n<figure id=\"attachment_21234\" aria-describedby=\"caption-attachment-21234\" style=\"width: 800px\" class=\"wp-caption alignnone\"><img loading=\"lazy\" decoding=\"async\" class=\"wp-image-21234 size-full\" title=\"Atacado Vapsolo Galaxy 30K Vape descart\u00e1vel 5\" src=\"https:\/\/www.vapeswholesaler.com\/wp-content\/uploads\/2025\/01\/Wholesale-Vapsolo-Galaxy-30K-Disposable-Vape-5.jpg\" alt=\"Atacado Vapsolo Galaxy 30K Vape descart\u00e1vel 5\" width=\"800\" height=\"800\" srcset=\"https:\/\/www.vapeswholesaler.com\/wp-content\/uploads\/2025\/01\/Wholesale-Vapsolo-Galaxy-30K-Disposable-Vape-5.jpg 800w, https:\/\/www.vapeswholesaler.com\/wp-content\/uploads\/2025\/01\/Wholesale-Vapsolo-Galaxy-30K-Disposable-Vape-5-300x300.jpg 300w, https:\/\/www.vapeswholesaler.com\/wp-content\/uploads\/2025\/01\/Wholesale-Vapsolo-Galaxy-30K-Disposable-Vape-5-150x150.jpg 150w, https:\/\/www.vapeswholesaler.com\/wp-content\/uploads\/2025\/01\/Wholesale-Vapsolo-Galaxy-30K-Disposable-Vape-5-768x768.jpg 768w, https:\/\/www.vapeswholesaler.com\/wp-content\/uploads\/2025\/01\/Wholesale-Vapsolo-Galaxy-30K-Disposable-Vape-5-12x12.jpg 12w, https:\/\/www.vapeswholesaler.com\/wp-content\/uploads\/2025\/01\/Wholesale-Vapsolo-Galaxy-30K-Disposable-Vape-5-247x247.jpg 247w, https:\/\/www.vapeswholesaler.com\/wp-content\/uploads\/2025\/01\/Wholesale-Vapsolo-Galaxy-30K-Disposable-Vape-5-510x510.jpg 510w, https:\/\/www.vapeswholesaler.com\/wp-content\/uploads\/2025\/01\/Wholesale-Vapsolo-Galaxy-30K-Disposable-Vape-5-100x100.jpg 100w\" sizes=\"auto, (max-width: 800px) 100vw, 800px\" \/><figcaption id=\"caption-attachment-21234\" class=\"wp-caption-text\">Atacado Vapsolo Galaxy 30K Vape descart\u00e1vel<\/figcaption><\/figure>\n<p>&nbsp;<\/p>\n<p>&nbsp;<\/p>\n<p>&nbsp;<\/p>","protected":false},"excerpt":{"rendered":"<p>Quantidade m\u00ednima de encomenda: <strong>50 unidades<\/strong>\u00a0(Mistura de sabores)\u00a0<strong> Envio gratuito<\/strong><\/p>\n<p><strong>(2%, 5% Nic) Prazo de expedi\u00e7\u00e3o do armaz\u00e9m da UE 5-6 dias \u00fateis<\/strong><\/p>","protected":false},"featured_media":21232,"comment_status":"open","ping_status":"closed","template":"","meta":[],"product_cat":[15],"product_tag":[87,373,374],"class_list":{"0":"post-21247","1":"product","2":"type-product","3":"status-publish","4":"has-post-thumbnail","6":"product_cat-disposable-vape","7":"product_tag-vapsolo","8":"product_tag-europe-warehouse","9":"product_tag-30000-puffs","10":"product_brand-vapsolo","12":"first","13":"outofstock","14":"shipping-taxable","15":"purchasable","16":"product-type-variable","17":"has-default-attributes"},"aioseo_notices":[],"_links":{"self":[{"href":"https:\/\/www.vapeswholesaler.com\/pt\/wp-json\/wp\/v2\/product\/21247","targetHints":{"allow":["GET"]}}],"collection":[{"href":"https:\/\/www.vapeswholesaler.com\/pt\/wp-json\/wp\/v2\/product"}],"about":[{"href":"https:\/\/www.vapeswholesaler.com\/pt\/wp-json\/wp\/v2\/types\/product"}],"replies":[{"embeddable":true,"href":"https:\/\/www.vapeswholesaler.com\/pt\/wp-json\/wp\/v2\/comments?post=21247"}],"wp:featuredmedia":[{"embeddable":true,"href":"https:\/\/www.vapeswholesaler.com\/pt\/wp-json\/wp\/v2\/media\/21232"}],"wp:attachment":[{"href":"https:\/\/www.vapeswholesaler.com\/pt\/wp-json\/wp\/v2\/media?parent=21247"}],"wp:term":[{"taxonomy":"product_cat","embeddable":true,"href":"https:\/\/www.vapeswholesaler.com\/pt\/wp-json\/wp\/v2\/product_cat?post=21247"},{"taxonomy":"product_tag","embeddable":true,"href":"https:\/\/www.vapeswholesaler.com\/pt\/wp-json\/wp\/v2\/product_tag?post=21247"}],"curies":[{"name":"wp","href":"https:\/\/api.w.org\/{rel}","templated":true}]}}