{"id":21174,"date":"2024-12-29T20:11:32","date_gmt":"2024-12-29T12:11:32","guid":{"rendered":"https:\/\/www.vapeswholesaler.com\/?post_type=product&#038;p=21174"},"modified":"2025-09-16T15:16:55","modified_gmt":"2025-09-16T07:16:55","slug":"vape-descartavel-jnr-alien-10000-puffs-por-atacado","status":"publish","type":"product","link":"https:\/\/www.vapeswholesaler.com\/pt\/produto\/vape-descartavel-jnr-alien-10000-puffs-por-atacado","title":{"rendered":"Atacado JNR Alien 10000 Puffs Vape descart\u00e1vel"},"content":{"rendered":"<p>O <a title=\"JNR\" href=\"https:\/\/www.vapeswholesaler.com\/pt\/marca_do_produto\/jnr-disposable-vape\/\"><strong>JNR<\/strong><\/a> O Vape descart\u00e1vel Alien 10000 Puffs oferece um desenho suave e vapor saboroso com uma bobina de 1,2\u03a9 e possui uma capacidade impressionante de aproximadamente 10000 puffs, alimentado por uma bateria de 850mAh. Com 20 ml de e-l\u00edquido pr\u00e9-cheio, oferece uma gama diversificada de mais de 30 sabores, desde gelo refrescante a frutas deliciosas. A comodidade de uma porta de carregamento Tipo C garante um recarregamento r\u00e1pido e sem complica\u00e7\u00f5es.<\/p>\n<h2><strong>JNR Alien 10000 Puffs Features:<\/strong><\/h2>\n<ul>\n<li>Design desportivo<\/li>\n<li>Luzes LED (RGB),<\/li>\n<li>Aproximadamente 10.000 baforadas<\/li>\n<li>Sabores impressionantes<\/li>\n<li>Experi\u00eancia de vaporiza\u00e7\u00e3o suave<\/li>\n<li>Satisfa\u00e7\u00e3o acrescida<\/li>\n<li>Estilo de moda<\/li>\n<li>Com uma funda para um transporte c\u00f3modo em viagem<\/li>\n<li>Nicotina: 0% 2% 5%<\/li>\n<li>Capacidade do E-l\u00edquido: 20ml<\/li>\n<li>Capacidade da bateria:850mah<\/li>\n<li>N\u00facleo: Bobinas de malha de 1,2ohm<\/li>\n<\/ul>\n<h2><strong>\u00a0<\/strong><strong>Sabores dispon\u00edveis\uff1a<\/strong><\/h2>\n<ol>\n<li>Drag\u00e3o negro de gelo<\/li>\n<li>Azul Razz Cereja<\/li>\n<li>Gelo Blue Razz<\/li>\n<li>Pastilha el\u00e1stica de mirtilo<\/li>\n<li>Mirtilo Cereja Arando<\/li>\n<li>Mirtilo no gelo<\/li>\n<li>Mirtilo Framboesa \u00c1cida<\/li>\n<li>Cola de cereja com g\u00e1s<\/li>\n<li>Gelo de uva<\/li>\n<li>Goiaba lce<\/li>\n<li>Kiwi Maracuj\u00e1 Goiaba<\/li>\n<li>Morango Kiwi<\/li>\n<li>Baga mista<\/li>\n<li>Sr. Azul<\/li>\n<li>Maracuj\u00e1<\/li>\n<li>Baga de p\u00eassego<\/li>\n<li>Rebu\u00e7ados de p\u00eassego e mirtilo<\/li>\n<li>Gelo de p\u00eassego<\/li>\n<li>P\u00eassego Manga Anan\u00e1s<\/li>\n<li>Ma\u00e7\u00e3 \u00e1cida<\/li>\n<li>Banana com morango<\/li>\n<li>Gelo de morango<\/li>\n<li>Gelado de morango, framboesa e cereja<\/li>\n<li>Gelo de morango e melancia<\/li>\n<li>Limonada de melancia e morango<\/li>\n<li>Pastilha el\u00e1stica de melancia<\/li>\n<li>Gelo de melancia<\/li>\n<li>Gelo de banana<\/li>\n<li>Mirtilo Kiwi<\/li>\n<li>Cereja<\/li>\n<li>Cola Ice<\/li>\n<li>Hortel\u00e3 fresca<\/li>\n<li>Ma\u00e7\u00e3 dupla<\/li>\n<li>Urso de goma<\/li>\n<li>Gelo exuberante<\/li>\n<li>Melancia com framboesa<\/li>\n<li>Gelo doce de morango<\/li>\n<li>Pinacolada de morango<\/li>\n<li>Morango e rom\u00e3<\/li>\n<li>Gelo de morango e framboesa<\/li>\n<li>Ponche Tropical<\/li>\n<li>Melancia Brazz Ice<\/li>\n<li>Melancia Lichia<\/li>\n<\/ol>\n<h2><strong>Lista de embalagem:<\/strong><\/h2>\n<p>1 unidade por caixa individual<br \/>\n10 unidades cada Caixa de exposi\u00e7\u00e3o<br \/>\n200 unidades por caixa<\/p>\n<p><img loading=\"lazy\" decoding=\"async\" class=\"alignnone wp-image-21176 size-full\" title=\"Atacado JNR Alien 10000 Puffs Vape descart\u00e1vel 12\" src=\"https:\/\/www.vapeswholesaler.com\/wp-content\/uploads\/2024\/12\/Wholesale-JNR-Alien-10000-Puffs-Disposable-Vape-12.webp\" alt=\"Atacado JNR Alien 10000 Puffs Vape descart\u00e1vel 12\" width=\"800\" height=\"800\" srcset=\"https:\/\/www.vapeswholesaler.com\/wp-content\/uploads\/2024\/12\/Wholesale-JNR-Alien-10000-Puffs-Disposable-Vape-12.webp 800w, https:\/\/www.vapeswholesaler.com\/wp-content\/uploads\/2024\/12\/Wholesale-JNR-Alien-10000-Puffs-Disposable-Vape-12-300x300.webp 300w, https:\/\/www.vapeswholesaler.com\/wp-content\/uploads\/2024\/12\/Wholesale-JNR-Alien-10000-Puffs-Disposable-Vape-12-150x150.webp 150w, https:\/\/www.vapeswholesaler.com\/wp-content\/uploads\/2024\/12\/Wholesale-JNR-Alien-10000-Puffs-Disposable-Vape-12-768x768.webp 768w, https:\/\/www.vapeswholesaler.com\/wp-content\/uploads\/2024\/12\/Wholesale-JNR-Alien-10000-Puffs-Disposable-Vape-12-12x12.webp 12w, https:\/\/www.vapeswholesaler.com\/wp-content\/uploads\/2024\/12\/Wholesale-JNR-Alien-10000-Puffs-Disposable-Vape-12-247x247.webp 247w, https:\/\/www.vapeswholesaler.com\/wp-content\/uploads\/2024\/12\/Wholesale-JNR-Alien-10000-Puffs-Disposable-Vape-12-510x510.webp 510w, https:\/\/www.vapeswholesaler.com\/wp-content\/uploads\/2024\/12\/Wholesale-JNR-Alien-10000-Puffs-Disposable-Vape-12-100x100.webp 100w\" sizes=\"auto, (max-width: 800px) 100vw, 800px\" \/> <img loading=\"lazy\" decoding=\"async\" class=\"alignnone wp-image-21177 size-full\" title=\"Atacado JNR Alien 10000 Puffs Vape descart\u00e1vel 13\" src=\"https:\/\/www.vapeswholesaler.com\/wp-content\/uploads\/2024\/12\/Wholesale-JNR-Alien-10000-Puffs-Disposable-Vape-13.webp\" alt=\"Atacado JNR Alien 10000 Puffs Vape descart\u00e1vel 13\" width=\"800\" height=\"450\" srcset=\"https:\/\/www.vapeswholesaler.com\/wp-content\/uploads\/2024\/12\/Wholesale-JNR-Alien-10000-Puffs-Disposable-Vape-13.webp 800w, https:\/\/www.vapeswholesaler.com\/wp-content\/uploads\/2024\/12\/Wholesale-JNR-Alien-10000-Puffs-Disposable-Vape-13-300x169.webp 300w, https:\/\/www.vapeswholesaler.com\/wp-content\/uploads\/2024\/12\/Wholesale-JNR-Alien-10000-Puffs-Disposable-Vape-13-768x432.webp 768w, https:\/\/www.vapeswholesaler.com\/wp-content\/uploads\/2024\/12\/Wholesale-JNR-Alien-10000-Puffs-Disposable-Vape-13-18x10.webp 18w, https:\/\/www.vapeswholesaler.com\/wp-content\/uploads\/2024\/12\/Wholesale-JNR-Alien-10000-Puffs-Disposable-Vape-13-510x287.webp 510w\" sizes=\"auto, (max-width: 800px) 100vw, 800px\" \/><\/p>\n<p>&nbsp;<\/p>\n<p>&nbsp;<\/p>","protected":false},"excerpt":{"rendered":"<p>Quantidade m\u00ednima de encomenda:\u00a0<strong>50 unidades<\/strong>\u00a0(Mistura de sabores)<\/p>\n<p>\uff082%\uff0c5%\uff09<strong>Envio gratuito<\/strong><\/p>","protected":false},"featured_media":21172,"comment_status":"open","ping_status":"closed","template":"","meta":[],"product_cat":[15],"product_tag":[427,428,429],"class_list":{"0":"post-21174","1":"product","2":"type-product","3":"status-publish","4":"has-post-thumbnail","6":"product_cat-disposable-vape","7":"product_tag-jnr-10000-puffs","8":"product_tag-jnr-10000-vapes","9":"product_tag-jnr-10000-disposable-vape","10":"product_brand-jnr-disposable-vape","12":"first","13":"instock","14":"shipping-taxable","15":"purchasable","16":"product-type-variable","17":"has-default-attributes"},"aioseo_notices":[],"_links":{"self":[{"href":"https:\/\/www.vapeswholesaler.com\/pt\/wp-json\/wp\/v2\/product\/21174","targetHints":{"allow":["GET"]}}],"collection":[{"href":"https:\/\/www.vapeswholesaler.com\/pt\/wp-json\/wp\/v2\/product"}],"about":[{"href":"https:\/\/www.vapeswholesaler.com\/pt\/wp-json\/wp\/v2\/types\/product"}],"replies":[{"embeddable":true,"href":"https:\/\/www.vapeswholesaler.com\/pt\/wp-json\/wp\/v2\/comments?post=21174"}],"wp:featuredmedia":[{"embeddable":true,"href":"https:\/\/www.vapeswholesaler.com\/pt\/wp-json\/wp\/v2\/media\/21172"}],"wp:attachment":[{"href":"https:\/\/www.vapeswholesaler.com\/pt\/wp-json\/wp\/v2\/media?parent=21174"}],"wp:term":[{"taxonomy":"product_cat","embeddable":true,"href":"https:\/\/www.vapeswholesaler.com\/pt\/wp-json\/wp\/v2\/product_cat?post=21174"},{"taxonomy":"product_tag","embeddable":true,"href":"https:\/\/www.vapeswholesaler.com\/pt\/wp-json\/wp\/v2\/product_tag?post=21174"}],"curies":[{"name":"wp","href":"https:\/\/api.w.org\/{rel}","templated":true}]}}