{"id":21142,"date":"2024-12-27T16:55:33","date_gmt":"2024-12-27T08:55:33","guid":{"rendered":"https:\/\/www.vapeswholesaler.com\/?post_type=product&#038;p=21142"},"modified":"2025-08-12T11:57:44","modified_gmt":"2025-08-12T03:57:44","slug":"jnr-mediamax-40000-puffs-vape-descartavel-por-atacado","status":"publish","type":"product","link":"https:\/\/www.vapeswholesaler.com\/pt\/produto\/jnr-mediamax-40000-puffs-vape-descartavel-por-atacado","title":{"rendered":"Atacado JNR MediaMax 40000 Puffs Vape descart\u00e1vel"},"content":{"rendered":"<p>O JNR MediaMax 40000 Puffs \u00e9 um vape descart\u00e1vel revolucion\u00e1rio que ultrapassa os limites do sabor e desperta os seus sentidos. Com o seu ecr\u00e3 HD com fun\u00e7\u00e3o de 4 polegadas, deleita os teus olhos com um visual enquanto desfrutas de v\u00e1rios modos de pot\u00eancia de sa\u00edda adaptados \u00e0s tuas prefer\u00eancias. Controle a sua experi\u00eancia sem esfor\u00e7o atrav\u00e9s da sua aplica\u00e7\u00e3o simples e da liga\u00e7\u00e3o Bluetooth. Abrace a tradicional tecnologia de bobina dupla com um design de bobina dupla que duplica o desempenho, garantindo uma experi\u00eancia de vaporiza\u00e7\u00e3o inigual\u00e1vel.<\/p>\n<p>Com uma bateria com capacidade de 1000mAh, o JNR MediaMax 40000 Puffs oferece uma viagem de sabor rica e duradoura. Entre num mundo de sabor e resist\u00eancia melhorados com o Vape descart\u00e1vel JNR MediaMax 40000 Puffs e desperte os seus sentidos hoje mesmo.<\/p>\n<h2><strong><a href=\"https:\/\/www.vapeswholesaler.com\/pt\/marca_do_produto\/jnr-disposable-vape\/\">JNR<\/a> MediaMax 40000 Puffs Disposable Vape Features:<\/strong><\/h2>\n<ul>\n<li>Capacidade pr\u00e9-cheia: 21ml<\/li>\n<li>Capacidade da bateria: 1000mah<\/li>\n<li>M\u00e1ximo de baforadas: 20k (modo de pulso) | 40k (modo normal)<\/li>\n<li>Intensidade da nicotina: 5% (50mg)<\/li>\n<li>Funcionamento: Ativado por sorteio<\/li>\n<li>Elemento de aquecimento: Bobinas de malha dupla<\/li>\n<li>Fluxo de ar: Fixo<\/li>\n<li>Ecr\u00e3 de visualiza\u00e7\u00e3o: Ecr\u00e3 de alta defini\u00e7\u00e3o<\/li>\n<li>Carregamento: Usb Tipo C<\/li>\n<li>Indicador de dura\u00e7\u00e3o da bateria<\/li>\n<li>Indicador de n\u00edvel de e-l\u00edquido<\/li>\n<\/ul>\n<h2><strong>JNR MediaMax 40000 Puffs Vape descart\u00e1vel Sabores:<\/strong><\/h2>\n<ol>\n<li>Gelo Blue Razz<\/li>\n<li>Melancia com mirtilo<\/li>\n<li>Cereja Morango Framboesa<\/li>\n<li>Fcuking Fab<\/li>\n<li>Miami Mint<\/li>\n<li>P\u00eassego Manga Melancia<\/li>\n<li>Gelo de ma\u00e7\u00e3 azeda<\/li>\n<li>Banana com morango<\/li>\n<li>Gelo de morango<\/li>\n<li>Gelo de melancia<\/li>\n<\/ol>\n<h2><strong>Lista de embalagem:<\/strong><\/h2>\n<p>1 unidade por caixa individual<br \/>\n5 unidades de cada caixa de exposi\u00e7\u00e3o<br \/>\n100 unidades por caixa<\/p>\n<p><img loading=\"lazy\" decoding=\"async\" class=\"alignnone wp-image-21136 size-full\" title=\"Atacado JNR MediaMax 40000 Puffs Vape descart\u00e1vel 5\" src=\"https:\/\/www.vapeswholesaler.com\/wp-content\/uploads\/2024\/12\/Wholesale-JNR-MediaMax-40000-Puffs-Disposable-Vape-5-scaled.jpg\" alt=\"Atacado JNR MediaMax 40000 Puffs Vape descart\u00e1vel 5\" width=\"650\" height=\"2560\" srcset=\"https:\/\/www.vapeswholesaler.com\/wp-content\/uploads\/2024\/12\/Wholesale-JNR-MediaMax-40000-Puffs-Disposable-Vape-5-scaled.jpg 650w, https:\/\/www.vapeswholesaler.com\/wp-content\/uploads\/2024\/12\/Wholesale-JNR-MediaMax-40000-Puffs-Disposable-Vape-5-76x300.jpg 76w, https:\/\/www.vapeswholesaler.com\/wp-content\/uploads\/2024\/12\/Wholesale-JNR-MediaMax-40000-Puffs-Disposable-Vape-5-260x1024.jpg 260w, https:\/\/www.vapeswholesaler.com\/wp-content\/uploads\/2024\/12\/Wholesale-JNR-MediaMax-40000-Puffs-Disposable-Vape-5-768x3024.jpg 768w, https:\/\/www.vapeswholesaler.com\/wp-content\/uploads\/2024\/12\/Wholesale-JNR-MediaMax-40000-Puffs-Disposable-Vape-5-390x1536.jpg 390w, https:\/\/www.vapeswholesaler.com\/wp-content\/uploads\/2024\/12\/Wholesale-JNR-MediaMax-40000-Puffs-Disposable-Vape-5-520x2048.jpg 520w, https:\/\/www.vapeswholesaler.com\/wp-content\/uploads\/2024\/12\/Wholesale-JNR-MediaMax-40000-Puffs-Disposable-Vape-5-3x12.jpg 3w, https:\/\/www.vapeswholesaler.com\/wp-content\/uploads\/2024\/12\/Wholesale-JNR-MediaMax-40000-Puffs-Disposable-Vape-5-510x2008.jpg 510w\" sizes=\"auto, (max-width: 650px) 100vw, 650px\" \/><\/p>","protected":false},"excerpt":{"rendered":"<p>Quantidade m\u00ednima de encomenda:\u00a0<strong>50 UNIDADES<\/strong>\u00a0(Mistura de sabores)\u00a0\u00a0<strong>Envio gratuito<\/strong><\/p>\n<p>(<strong>5% Nic<\/strong>)<\/p>","protected":false},"featured_media":21138,"comment_status":"open","ping_status":"closed","template":"","meta":[],"product_cat":[15],"product_tag":[],"class_list":{"0":"post-21142","1":"product","2":"type-product","3":"status-publish","4":"has-post-thumbnail","6":"product_cat-disposable-vape","7":"product_brand-jnr-disposable-vape","9":"first","10":"instock","11":"shipping-taxable","12":"purchasable","13":"product-type-variable","14":"has-default-attributes"},"aioseo_notices":[],"_links":{"self":[{"href":"https:\/\/www.vapeswholesaler.com\/pt\/wp-json\/wp\/v2\/product\/21142","targetHints":{"allow":["GET"]}}],"collection":[{"href":"https:\/\/www.vapeswholesaler.com\/pt\/wp-json\/wp\/v2\/product"}],"about":[{"href":"https:\/\/www.vapeswholesaler.com\/pt\/wp-json\/wp\/v2\/types\/product"}],"replies":[{"embeddable":true,"href":"https:\/\/www.vapeswholesaler.com\/pt\/wp-json\/wp\/v2\/comments?post=21142"}],"wp:featuredmedia":[{"embeddable":true,"href":"https:\/\/www.vapeswholesaler.com\/pt\/wp-json\/wp\/v2\/media\/21138"}],"wp:attachment":[{"href":"https:\/\/www.vapeswholesaler.com\/pt\/wp-json\/wp\/v2\/media?parent=21142"}],"wp:term":[{"taxonomy":"product_cat","embeddable":true,"href":"https:\/\/www.vapeswholesaler.com\/pt\/wp-json\/wp\/v2\/product_cat?post=21142"},{"taxonomy":"product_tag","embeddable":true,"href":"https:\/\/www.vapeswholesaler.com\/pt\/wp-json\/wp\/v2\/product_tag?post=21142"}],"curies":[{"name":"wp","href":"https:\/\/api.w.org\/{rel}","templated":true}]}}