{"id":21120,"date":"2024-12-26T22:55:43","date_gmt":"2024-12-26T14:55:43","guid":{"rendered":"https:\/\/www.vapeswholesaler.com\/?post_type=product&#038;p=21120"},"modified":"2025-12-06T10:33:16","modified_gmt":"2025-12-06T02:33:16","slug":"vape-descartavel-feemo-alps-30000-puffs-por-atacado","status":"publish","type":"product","link":"https:\/\/www.vapeswholesaler.com\/pt\/produto\/vape-descartavel-feemo-alps-30000-puffs-por-atacado","title":{"rendered":"Atacado Feemo Alps 30000 Puffs Vape descart\u00e1vel"},"content":{"rendered":"<p>O cigarro eletr\u00f3nico descart\u00e1vel Feemo Alps 30000 Puffs \u00e9 um cigarro eletr\u00f3nico totalmente novo, que pode agora desfrutar de at\u00e9 30.000 baforadas, continuando a obter todos os fant\u00e1sticos sabores e funcionalidades que os cigarros electr\u00f3nicos descart\u00e1veis t\u00eam para oferecer. Com uma vasta gama de sabores e defini\u00e7\u00f5es ajust\u00e1veis, o cigarro eletr\u00f3nico descart\u00e1vel Feemo Alps 30000 pode satisfazer todas as suas necessidades de vaporiza\u00e7\u00e3o.<\/p>\n<p>Feemo Alps 30000 Puffs Disposable E-Cigarette, um dispositivo de ponta e duradouro que cont\u00e9m 35 mililitros de e-l\u00edquido de nicotina 2% e pode dar at\u00e9 30.000 puffs. Este cigarro eletr\u00f4nico tem uma bateria recarreg\u00e1vel de 850mAh, suporta carregamento USB tipo C e tem bobinas de malha dupla, um sistema de fluxo de ar ajust\u00e1vel e uma tela LCD clara para uma experi\u00eancia de vaporiza\u00e7\u00e3o personalizada. Obtenha este gadget rico em recursos e de alta capacidade para desfrutar de uma vaporiza\u00e7\u00e3o informada e satisfat\u00f3ria.<\/p>\n<p>Com uma bobina Sub Ohm de 0,5 ohm, o Cloud Mountain ALPS 30000 Puffs proporciona nuvens robustas e um sabor intenso em cada tragada, garantindo uma experi\u00eancia de vaporiza\u00e7\u00e3o satisfat\u00f3ria. O cigarro eletr\u00f3nico descart\u00e1vel Feemo Alps 30000 tem um sabor mais forte e oferece um excelente equil\u00edbrio.<\/p>\n<h2><strong><a href=\"https:\/\/www.vapeswholesaler.com\/pt\/marca_do_produto\/feemo\/\">Feemo<\/a> Alps 30000 Puffs Vape descart\u00e1vel Carater\u00edsticas:<\/strong><\/h2>\n<ul>\n<li>Bateria recarreg\u00e1vel de 850mAh<\/li>\n<li>35 ml de e-l\u00edquido pr\u00e9-carregado<\/li>\n<li>2% concentra\u00e7\u00e3o de nicotina<\/li>\n<li>Alcance at\u00e9 30000 baforadas<\/li>\n<li>Bobina de malha de 0,5 ohm<\/li>\n<li>Porta de carregamento tipo C<\/li>\n<li>10 sabores dispon\u00edveis<\/li>\n<\/ul>\n<h2><strong>Feemo Alps 30000 Puffs Vape descart\u00e1vel Sabores:<\/strong><\/h2>\n<ol>\n<li>Mel\u00e3o Drag\u00e3o<\/li>\n<li>Black Ice Dragon Fruit Morango<\/li>\n<li>Limonada cor-de-rosa<\/li>\n<li>Melancia com morango<\/li>\n<li>Uva Alo\u00e9<\/li>\n<li>Banana com morango<\/li>\n<li>Cola de cereja e mirtilo<\/li>\n<li>Melancia<\/li>\n<li>Maracuj\u00e1 Kiwi<\/li>\n<li>Manga<\/li>\n<\/ol>\n<h2><strong>Lista de embalagem:<\/strong><\/h2>\n<p>1 unidade por caixa individual<br \/>\n10 unidades por caixa de exposi\u00e7\u00e3o<br \/>\n200 unidades por caixa<\/p>\n<p><img loading=\"lazy\" decoding=\"async\" class=\"alignnone wp-image-21117 size-full\" title=\"Atacado Feemo Alps 30000 Puffs Vape descart\u00e1vel 8\" src=\"https:\/\/www.vapeswholesaler.com\/wp-content\/uploads\/2024\/12\/Wholesale-Feemo-Alps-30000-Puffs-Disposable-Vape-8.webp\" alt=\"Atacado Feemo Alps 30000 Puffs Vape descart\u00e1vel 8\" width=\"800\" height=\"800\" srcset=\"https:\/\/www.vapeswholesaler.com\/wp-content\/uploads\/2024\/12\/Wholesale-Feemo-Alps-30000-Puffs-Disposable-Vape-8.webp 800w, https:\/\/www.vapeswholesaler.com\/wp-content\/uploads\/2024\/12\/Wholesale-Feemo-Alps-30000-Puffs-Disposable-Vape-8-300x300.webp 300w, https:\/\/www.vapeswholesaler.com\/wp-content\/uploads\/2024\/12\/Wholesale-Feemo-Alps-30000-Puffs-Disposable-Vape-8-150x150.webp 150w, https:\/\/www.vapeswholesaler.com\/wp-content\/uploads\/2024\/12\/Wholesale-Feemo-Alps-30000-Puffs-Disposable-Vape-8-768x768.webp 768w, https:\/\/www.vapeswholesaler.com\/wp-content\/uploads\/2024\/12\/Wholesale-Feemo-Alps-30000-Puffs-Disposable-Vape-8-12x12.webp 12w, https:\/\/www.vapeswholesaler.com\/wp-content\/uploads\/2024\/12\/Wholesale-Feemo-Alps-30000-Puffs-Disposable-Vape-8-247x247.webp 247w, https:\/\/www.vapeswholesaler.com\/wp-content\/uploads\/2024\/12\/Wholesale-Feemo-Alps-30000-Puffs-Disposable-Vape-8-510x510.webp 510w, https:\/\/www.vapeswholesaler.com\/wp-content\/uploads\/2024\/12\/Wholesale-Feemo-Alps-30000-Puffs-Disposable-Vape-8-100x100.webp 100w\" sizes=\"auto, (max-width: 800px) 100vw, 800px\" \/> <img loading=\"lazy\" decoding=\"async\" class=\"alignnone wp-image-21115 size-full\" title=\"Atacado Feemo Alps 30000 Puffs Vape descart\u00e1vel 6\" src=\"https:\/\/www.vapeswholesaler.com\/wp-content\/uploads\/2024\/12\/Wholesale-Feemo-Alps-30000-Puffs-Disposable-Vape-6.webp\" alt=\"Atacado Feemo Alps 30000 Puffs Vape descart\u00e1vel 6\" width=\"800\" height=\"800\" srcset=\"https:\/\/www.vapeswholesaler.com\/wp-content\/uploads\/2024\/12\/Wholesale-Feemo-Alps-30000-Puffs-Disposable-Vape-6.webp 800w, https:\/\/www.vapeswholesaler.com\/wp-content\/uploads\/2024\/12\/Wholesale-Feemo-Alps-30000-Puffs-Disposable-Vape-6-300x300.webp 300w, https:\/\/www.vapeswholesaler.com\/wp-content\/uploads\/2024\/12\/Wholesale-Feemo-Alps-30000-Puffs-Disposable-Vape-6-150x150.webp 150w, https:\/\/www.vapeswholesaler.com\/wp-content\/uploads\/2024\/12\/Wholesale-Feemo-Alps-30000-Puffs-Disposable-Vape-6-768x768.webp 768w, https:\/\/www.vapeswholesaler.com\/wp-content\/uploads\/2024\/12\/Wholesale-Feemo-Alps-30000-Puffs-Disposable-Vape-6-12x12.webp 12w, https:\/\/www.vapeswholesaler.com\/wp-content\/uploads\/2024\/12\/Wholesale-Feemo-Alps-30000-Puffs-Disposable-Vape-6-247x247.webp 247w, https:\/\/www.vapeswholesaler.com\/wp-content\/uploads\/2024\/12\/Wholesale-Feemo-Alps-30000-Puffs-Disposable-Vape-6-510x510.webp 510w, https:\/\/www.vapeswholesaler.com\/wp-content\/uploads\/2024\/12\/Wholesale-Feemo-Alps-30000-Puffs-Disposable-Vape-6-100x100.webp 100w\" sizes=\"auto, (max-width: 800px) 100vw, 800px\" \/> <img loading=\"lazy\" decoding=\"async\" class=\"alignnone wp-image-21116 size-full\" title=\"Atacado Feemo Alps 30000 Puffs Vape descart\u00e1vel 7\" src=\"https:\/\/www.vapeswholesaler.com\/wp-content\/uploads\/2024\/12\/Wholesale-Feemo-Alps-30000-Puffs-Disposable-Vape-7.webp\" alt=\"Atacado Feemo Alps 30000 Puffs Vape descart\u00e1vel 7\" width=\"800\" height=\"800\" srcset=\"https:\/\/www.vapeswholesaler.com\/wp-content\/uploads\/2024\/12\/Wholesale-Feemo-Alps-30000-Puffs-Disposable-Vape-7.webp 800w, https:\/\/www.vapeswholesaler.com\/wp-content\/uploads\/2024\/12\/Wholesale-Feemo-Alps-30000-Puffs-Disposable-Vape-7-300x300.webp 300w, https:\/\/www.vapeswholesaler.com\/wp-content\/uploads\/2024\/12\/Wholesale-Feemo-Alps-30000-Puffs-Disposable-Vape-7-150x150.webp 150w, https:\/\/www.vapeswholesaler.com\/wp-content\/uploads\/2024\/12\/Wholesale-Feemo-Alps-30000-Puffs-Disposable-Vape-7-768x768.webp 768w, https:\/\/www.vapeswholesaler.com\/wp-content\/uploads\/2024\/12\/Wholesale-Feemo-Alps-30000-Puffs-Disposable-Vape-7-12x12.webp 12w, https:\/\/www.vapeswholesaler.com\/wp-content\/uploads\/2024\/12\/Wholesale-Feemo-Alps-30000-Puffs-Disposable-Vape-7-247x247.webp 247w, https:\/\/www.vapeswholesaler.com\/wp-content\/uploads\/2024\/12\/Wholesale-Feemo-Alps-30000-Puffs-Disposable-Vape-7-510x510.webp 510w, https:\/\/www.vapeswholesaler.com\/wp-content\/uploads\/2024\/12\/Wholesale-Feemo-Alps-30000-Puffs-Disposable-Vape-7-100x100.webp 100w\" sizes=\"auto, (max-width: 800px) 100vw, 800px\" \/> <img loading=\"lazy\" decoding=\"async\" class=\"alignnone wp-image-21118 size-full\" title=\"Atacado Feemo Alps 30000 Puffs Vape descart\u00e1vel 9\" src=\"https:\/\/www.vapeswholesaler.com\/wp-content\/uploads\/2024\/12\/Wholesale-Feemo-Alps-30000-Puffs-Disposable-Vape-9.webp\" alt=\"Atacado Feemo Alps 30000 Puffs Vape descart\u00e1vel 9\" width=\"800\" height=\"800\" srcset=\"https:\/\/www.vapeswholesaler.com\/wp-content\/uploads\/2024\/12\/Wholesale-Feemo-Alps-30000-Puffs-Disposable-Vape-9.webp 800w, https:\/\/www.vapeswholesaler.com\/wp-content\/uploads\/2024\/12\/Wholesale-Feemo-Alps-30000-Puffs-Disposable-Vape-9-300x300.webp 300w, https:\/\/www.vapeswholesaler.com\/wp-content\/uploads\/2024\/12\/Wholesale-Feemo-Alps-30000-Puffs-Disposable-Vape-9-150x150.webp 150w, https:\/\/www.vapeswholesaler.com\/wp-content\/uploads\/2024\/12\/Wholesale-Feemo-Alps-30000-Puffs-Disposable-Vape-9-768x768.webp 768w, https:\/\/www.vapeswholesaler.com\/wp-content\/uploads\/2024\/12\/Wholesale-Feemo-Alps-30000-Puffs-Disposable-Vape-9-12x12.webp 12w, https:\/\/www.vapeswholesaler.com\/wp-content\/uploads\/2024\/12\/Wholesale-Feemo-Alps-30000-Puffs-Disposable-Vape-9-247x247.webp 247w, https:\/\/www.vapeswholesaler.com\/wp-content\/uploads\/2024\/12\/Wholesale-Feemo-Alps-30000-Puffs-Disposable-Vape-9-510x510.webp 510w, https:\/\/www.vapeswholesaler.com\/wp-content\/uploads\/2024\/12\/Wholesale-Feemo-Alps-30000-Puffs-Disposable-Vape-9-100x100.webp 100w\" sizes=\"auto, (max-width: 800px) 100vw, 800px\" \/> <img loading=\"lazy\" decoding=\"async\" class=\"alignnone wp-image-21119 size-full\" title=\"Atacado Feemo Alps 30000 Puffs Vape descart\u00e1vel 10\" src=\"https:\/\/www.vapeswholesaler.com\/wp-content\/uploads\/2024\/12\/Wholesale-Feemo-Alps-30000-Puffs-Disposable-Vape-10.webp\" alt=\"Atacado Feemo Alps 30000 Puffs Vape descart\u00e1vel 10\" width=\"800\" height=\"800\" srcset=\"https:\/\/www.vapeswholesaler.com\/wp-content\/uploads\/2024\/12\/Wholesale-Feemo-Alps-30000-Puffs-Disposable-Vape-10.webp 800w, https:\/\/www.vapeswholesaler.com\/wp-content\/uploads\/2024\/12\/Wholesale-Feemo-Alps-30000-Puffs-Disposable-Vape-10-300x300.webp 300w, https:\/\/www.vapeswholesaler.com\/wp-content\/uploads\/2024\/12\/Wholesale-Feemo-Alps-30000-Puffs-Disposable-Vape-10-150x150.webp 150w, https:\/\/www.vapeswholesaler.com\/wp-content\/uploads\/2024\/12\/Wholesale-Feemo-Alps-30000-Puffs-Disposable-Vape-10-768x768.webp 768w, https:\/\/www.vapeswholesaler.com\/wp-content\/uploads\/2024\/12\/Wholesale-Feemo-Alps-30000-Puffs-Disposable-Vape-10-12x12.webp 12w, https:\/\/www.vapeswholesaler.com\/wp-content\/uploads\/2024\/12\/Wholesale-Feemo-Alps-30000-Puffs-Disposable-Vape-10-247x247.webp 247w, https:\/\/www.vapeswholesaler.com\/wp-content\/uploads\/2024\/12\/Wholesale-Feemo-Alps-30000-Puffs-Disposable-Vape-10-510x510.webp 510w, https:\/\/www.vapeswholesaler.com\/wp-content\/uploads\/2024\/12\/Wholesale-Feemo-Alps-30000-Puffs-Disposable-Vape-10-100x100.webp 100w\" sizes=\"auto, (max-width: 800px) 100vw, 800px\" \/><\/p>","protected":false},"excerpt":{"rendered":"<p>Quantidade m\u00ednima de encomenda: <strong>100 UNIDADES<\/strong> (Mistura de sabores)\u00a0 <strong>\u00a0Envio gratuito<\/strong><br \/>\n\uff082%\uff09<strong>Armaz\u00e9m na UE Prazo de expedi\u00e7\u00e3o 4-5 dias \u00fateis<\/strong><\/p>","protected":false},"featured_media":21113,"comment_status":"open","ping_status":"closed","template":"","meta":[],"product_cat":[15],"product_tag":[],"class_list":{"0":"post-21120","1":"product","2":"type-product","3":"status-publish","4":"has-post-thumbnail","6":"product_cat-disposable-vape","7":"product_brand-feemo","9":"first","10":"instock","11":"shipping-taxable","12":"purchasable","13":"product-type-variable","14":"has-default-attributes"},"aioseo_notices":[],"_links":{"self":[{"href":"https:\/\/www.vapeswholesaler.com\/pt\/wp-json\/wp\/v2\/product\/21120","targetHints":{"allow":["GET"]}}],"collection":[{"href":"https:\/\/www.vapeswholesaler.com\/pt\/wp-json\/wp\/v2\/product"}],"about":[{"href":"https:\/\/www.vapeswholesaler.com\/pt\/wp-json\/wp\/v2\/types\/product"}],"replies":[{"embeddable":true,"href":"https:\/\/www.vapeswholesaler.com\/pt\/wp-json\/wp\/v2\/comments?post=21120"}],"wp:featuredmedia":[{"embeddable":true,"href":"https:\/\/www.vapeswholesaler.com\/pt\/wp-json\/wp\/v2\/media\/21113"}],"wp:attachment":[{"href":"https:\/\/www.vapeswholesaler.com\/pt\/wp-json\/wp\/v2\/media?parent=21120"}],"wp:term":[{"taxonomy":"product_cat","embeddable":true,"href":"https:\/\/www.vapeswholesaler.com\/pt\/wp-json\/wp\/v2\/product_cat?post=21120"},{"taxonomy":"product_tag","embeddable":true,"href":"https:\/\/www.vapeswholesaler.com\/pt\/wp-json\/wp\/v2\/product_tag?post=21120"}],"curies":[{"name":"wp","href":"https:\/\/api.w.org\/{rel}","templated":true}]}}