{"id":21079,"date":"2024-12-26T21:39:17","date_gmt":"2024-12-26T13:39:17","guid":{"rendered":"https:\/\/www.vapeswholesaler.com\/?post_type=product&#038;p=21079"},"modified":"2025-09-16T15:38:26","modified_gmt":"2025-09-16T07:38:26","slug":"jnr-falcon-x-18000-puffs-vape-descartavel-por-atacado","status":"publish","type":"product","link":"https:\/\/www.vapeswholesaler.com\/pt\/produto\/jnr-falcon-x-18000-puffs-vape-descartavel-por-atacado","title":{"rendered":"Atacado JNR Falcon-X 18000 Puffs Vape descart\u00e1vel"},"content":{"rendered":"<p><a href=\"https:\/\/www.vapeswholesaler.com\/pt\/marca_do_produto\/jnr-disposable-vape\/\">JNR<\/a> Falcon-X 18000 Puffs come with 950mAh battery capacity, 24ml E-liquid. This device including the digital Display, keeping track of battery life and e-liquid information anytime. With dual-core control and alternating mesh coils, our product ensures consistent high flavor even when the battery is low.<\/p>\n<p>O JNR Falcon-X 18000 Puffs proporciona uma satisfa\u00e7\u00e3o ininterrupta em cada tragada! Com uma capacidade impressionante de aproximadamente 18000 baforadas. O e-liquid de grande capacidade com 24ml, bateria de 950mAh, oferece uma gama diversificada de mais de 20 sabores, desde gelo refrescante a frutas deliciosas. A comodidade de uma porta de carregamento Tipo C garante um recarregamento r\u00e1pido e sem complica\u00e7\u00f5es em qualquer altura com o nosso ecr\u00e3 completo.<\/p>\n<h2><strong>JNR Falcon-X 18000 Puffs Carater\u00edsticas:<\/strong><\/h2>\n<ul>\n<li>Puffs:18000 Puffs<\/li>\n<li>Capacidade da bateria: 950 mAh<\/li>\n<li>Capacidade do E-l\u00edquido: 24ml<\/li>\n<li>Bateria recarreg\u00e1vel de longa dura\u00e7\u00e3o<\/li>\n<li>Visor dos n\u00edveis da bateria e do l\u00edquido eletr\u00f3nico<\/li>\n<li>Variedade de sabores premium<\/li>\n<li>Design cristalino<\/li>\n<\/ul>\n<h2><strong>JNR Falcon-X 18000 Puffs Sabores:<\/strong><\/h2>\n<ol>\n<li>Gelo Blue Razz<\/li>\n<li>Mirtilo Framboesa<\/li>\n<li>Hortel\u00e3 fresca<\/li>\n<li>Gelo de melancia com kiwi<\/li>\n<li>Gelo de uva<\/li>\n<li>Morango Kiwi<\/li>\n<li>Gelo de morango e melancia<\/li>\n<li>Gelo de melancia<\/li>\n<li>Gelo de morango<\/li>\n<li>Bagas mistas<\/li>\n<li>Pastilha el\u00e1stica de melancia<\/li>\n<li>Gelo de ma\u00e7\u00e3 azeda<\/li>\n<li>Gelo de p\u00eassego<\/li>\n<li>Bagas<\/li>\n<li>Mirtilo Framboesa Cereja<\/li>\n<li>Cereja<\/li>\n<li>Banana com morango<\/li>\n<li>Mirtilo Kiwi<\/li>\n<li>Maracuj\u00e1 Kiwi<\/li>\n<li>P\u00eassego branco Razz<\/li>\n<li>Azul Razz Cereja<\/li>\n<li>Gelado de melancia com cereja<\/li>\n<li>Cola de cereja<\/li>\n<li>Gelo de banana<\/li>\n<li>Skittles<\/li>\n<li>Mel\u00e3o triplo<\/li>\n<li>Sr. Azul<\/li>\n<li>Gelo de cereja<\/li>\n<li>Melancia Lichia<\/li>\n<\/ol>\n<h2><strong>Lista de embalagem:<\/strong><\/h2>\n<p>1 unidade por caixa individual<br \/>\n10 unidades por caixa de exposi\u00e7\u00e3o<br \/>\n200 unidades por caixa<\/p>\n<figure id=\"attachment_24196\" aria-describedby=\"caption-attachment-24196\" style=\"width: 1000px\" class=\"wp-caption alignnone\"><img loading=\"lazy\" decoding=\"async\" class=\"wp-image-24196 size-full\" title=\"Wholesale JNR Falcon X 18000 Puffs Disposable Vape 13\" src=\"https:\/\/www.vapeswholesaler.com\/wp-content\/uploads\/2024\/12\/Wholesale-JNR-Falcon-X-18000-Puffs-Disposable-Vape-13.jpg\" alt=\"Wholesale JNR Falcon X 18000 Puffs Disposable Vape 13\" width=\"1000\" height=\"1000\" srcset=\"https:\/\/www.vapeswholesaler.com\/wp-content\/uploads\/2024\/12\/Wholesale-JNR-Falcon-X-18000-Puffs-Disposable-Vape-13.jpg 1000w, https:\/\/www.vapeswholesaler.com\/wp-content\/uploads\/2024\/12\/Wholesale-JNR-Falcon-X-18000-Puffs-Disposable-Vape-13-300x300.jpg 300w, https:\/\/www.vapeswholesaler.com\/wp-content\/uploads\/2024\/12\/Wholesale-JNR-Falcon-X-18000-Puffs-Disposable-Vape-13-150x150.jpg 150w, https:\/\/www.vapeswholesaler.com\/wp-content\/uploads\/2024\/12\/Wholesale-JNR-Falcon-X-18000-Puffs-Disposable-Vape-13-768x768.jpg 768w, https:\/\/www.vapeswholesaler.com\/wp-content\/uploads\/2024\/12\/Wholesale-JNR-Falcon-X-18000-Puffs-Disposable-Vape-13-12x12.jpg 12w, https:\/\/www.vapeswholesaler.com\/wp-content\/uploads\/2024\/12\/Wholesale-JNR-Falcon-X-18000-Puffs-Disposable-Vape-13-247x247.jpg 247w, https:\/\/www.vapeswholesaler.com\/wp-content\/uploads\/2024\/12\/Wholesale-JNR-Falcon-X-18000-Puffs-Disposable-Vape-13-510x510.jpg 510w, https:\/\/www.vapeswholesaler.com\/wp-content\/uploads\/2024\/12\/Wholesale-JNR-Falcon-X-18000-Puffs-Disposable-Vape-13-100x100.jpg 100w\" sizes=\"auto, (max-width: 1000px) 100vw, 1000px\" \/><figcaption id=\"caption-attachment-24196\" class=\"wp-caption-text\">Wholesale JNR Falcon X 18000 Puffs Disposable Vape<\/figcaption><\/figure>","protected":false},"excerpt":{"rendered":"<p>Quantidade m\u00ednima de encomenda:\u00a0<strong>50 UNIDADES<\/strong>\u00a0(Mistura de sabores)\u00a0\u00a0<strong>Envio gratuito<\/strong><\/p>\n<p>(<strong>2%, 5% Nic<\/strong>)<\/p>","protected":false},"featured_media":21078,"comment_status":"open","ping_status":"closed","template":"","meta":[],"product_cat":[15],"product_tag":[430,431,432],"class_list":{"0":"post-21079","1":"product","2":"type-product","3":"status-publish","4":"has-post-thumbnail","6":"product_cat-disposable-vape","7":"product_tag-jnr-disposable-vapes","8":"product_tag-jnr-vapes","9":"product_tag-jnr-18000-puffs","10":"product_brand-jnr-disposable-vape","12":"first","13":"instock","14":"shipping-taxable","15":"purchasable","16":"product-type-variable","17":"has-default-attributes"},"aioseo_notices":[],"_links":{"self":[{"href":"https:\/\/www.vapeswholesaler.com\/pt\/wp-json\/wp\/v2\/product\/21079","targetHints":{"allow":["GET"]}}],"collection":[{"href":"https:\/\/www.vapeswholesaler.com\/pt\/wp-json\/wp\/v2\/product"}],"about":[{"href":"https:\/\/www.vapeswholesaler.com\/pt\/wp-json\/wp\/v2\/types\/product"}],"replies":[{"embeddable":true,"href":"https:\/\/www.vapeswholesaler.com\/pt\/wp-json\/wp\/v2\/comments?post=21079"}],"wp:featuredmedia":[{"embeddable":true,"href":"https:\/\/www.vapeswholesaler.com\/pt\/wp-json\/wp\/v2\/media\/21078"}],"wp:attachment":[{"href":"https:\/\/www.vapeswholesaler.com\/pt\/wp-json\/wp\/v2\/media?parent=21079"}],"wp:term":[{"taxonomy":"product_cat","embeddable":true,"href":"https:\/\/www.vapeswholesaler.com\/pt\/wp-json\/wp\/v2\/product_cat?post=21079"},{"taxonomy":"product_tag","embeddable":true,"href":"https:\/\/www.vapeswholesaler.com\/pt\/wp-json\/wp\/v2\/product_tag?post=21079"}],"curies":[{"name":"wp","href":"https:\/\/api.w.org\/{rel}","templated":true}]}}