{"id":21026,"date":"2024-12-26T17:28:24","date_gmt":"2024-12-26T09:28:24","guid":{"rendered":"https:\/\/www.vapeswholesaler.com\/?post_type=product&#038;p=21026"},"modified":"2025-08-12T12:01:00","modified_gmt":"2025-08-12T04:01:00","slug":"jnr-falcon-16000-puffs-vape-descartavel-por-atacado","status":"publish","type":"product","link":"https:\/\/www.vapeswholesaler.com\/pt\/produto\/jnr-falcon-16000-puffs-vape-descartavel-por-atacado","title":{"rendered":"Atacado JNR Falcon 16000 Puffs Vape descart\u00e1vel"},"content":{"rendered":"<p>O JNR Falcon 16000 Puffs Disposable Vape proporciona uma experi\u00eancia de vaporiza\u00e7\u00e3o sem paralelo com uma capacidade de aproximadamente 16000 puffs. Escolha entre op\u00e7\u00f5es de nicotina de 0-2% e desfrute de uma utiliza\u00e7\u00e3o ininterrupta alimentada por uma bateria de 850mAh. O design elegante e cristalino e a tecnologia de malha dupla proporcionam um sabor e uma produ\u00e7\u00e3o de vapor excepcionais. Com uma generosa capacidade de 22 ml de e-l\u00edquido, possui op\u00e7\u00f5es de carregamento tipo C e rel\u00e2mpago para uma versatilidade conveniente.<\/p>\n<p>O JNR Falcon 16000 Puffs Disposable Vape combina design elegante, pot\u00eancia e conveni\u00eancia num \u00fanico dispositivo premium, tornando-o a escolha ideal para vapers que valorizam tanto a forma como a fun\u00e7\u00e3o.<\/p>\n<h2><strong><a href=\"https:\/\/www.vapeswholesaler.com\/pt\/marca_do_produto\/jnr-disposable-vape\/\">JNR<\/a> Falcon 16000 Puffs Disposable Vape Features:<\/strong><\/h2>\n<ul>\n<li>Grande puff<\/li>\n<li>At\u00e9 16000 baforadas e grandes explos\u00f5es de nuvens<\/li>\n<li>Malha dupla<\/li>\n<li>Nuvem maior e forte batida na garganta,<\/li>\n<li>Aroma duradouro at\u00e9 \u00e0 \u00faltima baforada<\/li>\n<li>Portas de carregamento duplas<\/li>\n<li>Tipo C e Lightning inclu\u00eddos<\/li>\n<\/ul>\n<h2><strong>JNR Falcon 16000 Puffs Vape descart\u00e1vel Sabores:<\/strong><\/h2>\n<ol>\n<li>Amora vermelha Framboesa<\/li>\n<li>Gelo Blue Razz<\/li>\n<li>Gelo de rom\u00e3 e mirtilo<\/li>\n<li>Mirtilo Framboesa vermelha<\/li>\n<li>Manga Maracuj\u00e1<\/li>\n<li>Maracuj\u00e1 Kiwi<\/li>\n<li>Uva Sakura<\/li>\n<li>Morango Kiwi<\/li>\n<li>Gelo de morango e melancia<\/li>\n<li>Melancia Manga P\u00eassego<\/li>\n<li>Gelo de melancia<\/li>\n<li>Bagas<\/li>\n<li>P\u00eassego branco Razz<\/li>\n<li>Hubba Bubba Morango<\/li>\n<li>Mirtilo Framboesa Cereja<\/li>\n<li>Cereja<\/li>\n<li>Gelo de morango<\/li>\n<li>Bagas mistas<\/li>\n<li>Pastilha el\u00e1stica de melancia<\/li>\n<li>Banana com morango<\/li>\n<li>Cola Ice<\/li>\n<li>Mirtilo Kiwi<\/li>\n<li>Azul Razz Cereja<\/li>\n<li>Gelado de melancia com cereja<\/li>\n<li>Cola de cereja com g\u00e1s<\/li>\n<li>P\u00eassegos sumarentos<\/li>\n<li>Baga de p\u00eassego<\/li>\n<li>Kiwi Maracuj\u00e1 Goiaba<\/li>\n<\/ol>\n<h2><strong>Lista de embalagem:<\/strong><\/h2>\n<p>1 unidade por caixa individual<br \/>\n10 unidades cada Caixa de exposi\u00e7\u00e3o<br \/>\n200 unidades por caixa<\/p>\n<p><img loading=\"lazy\" decoding=\"async\" class=\"alignnone wp-image-21036 size-full\" title=\"Atacado JNR Falcon 16000 Puffs sabor Vape descart\u00e1vel 10\" src=\"https:\/\/www.vapeswholesaler.com\/wp-content\/uploads\/2024\/12\/Wholesale-JNR-Falcon-16000-Puffs-flavor-Disposable-Vape-10-scaled.webp\" alt=\"Atacado JNR Falcon 16000 Puffs sabor Vape descart\u00e1vel 10\" width=\"759\" height=\"2560\" srcset=\"https:\/\/www.vapeswholesaler.com\/wp-content\/uploads\/2024\/12\/Wholesale-JNR-Falcon-16000-Puffs-flavor-Disposable-Vape-10-scaled.webp 759w, https:\/\/www.vapeswholesaler.com\/wp-content\/uploads\/2024\/12\/Wholesale-JNR-Falcon-16000-Puffs-flavor-Disposable-Vape-10-89x300.webp 89w, https:\/\/www.vapeswholesaler.com\/wp-content\/uploads\/2024\/12\/Wholesale-JNR-Falcon-16000-Puffs-flavor-Disposable-Vape-10-455x1536.webp 455w, https:\/\/www.vapeswholesaler.com\/wp-content\/uploads\/2024\/12\/Wholesale-JNR-Falcon-16000-Puffs-flavor-Disposable-Vape-10-607x2048.webp 607w, https:\/\/www.vapeswholesaler.com\/wp-content\/uploads\/2024\/12\/Wholesale-JNR-Falcon-16000-Puffs-flavor-Disposable-Vape-10-4x12.webp 4w, https:\/\/www.vapeswholesaler.com\/wp-content\/uploads\/2024\/12\/Wholesale-JNR-Falcon-16000-Puffs-flavor-Disposable-Vape-10-510x1721.webp 510w\" sizes=\"auto, (max-width: 759px) 100vw, 759px\" \/><\/p>","protected":false},"excerpt":{"rendered":"<p>Quantidade m\u00ednima de encomenda:\u00a0<strong>50 UNIDADES<\/strong>\u00a0(Mistura de sabores)\u00a0\u00a0<strong>Envio gratuito<\/strong><\/p>\n<p>(<strong>2%, 5% Nic<\/strong>)<\/p>","protected":false},"featured_media":21065,"comment_status":"open","ping_status":"closed","template":"","meta":[],"product_cat":[15],"product_tag":[],"class_list":{"0":"post-21026","1":"product","2":"type-product","3":"status-publish","4":"has-post-thumbnail","6":"product_cat-disposable-vape","7":"product_brand-jnr-disposable-vape","9":"first","10":"instock","11":"shipping-taxable","12":"purchasable","13":"product-type-variable","14":"has-default-attributes"},"aioseo_notices":[],"_links":{"self":[{"href":"https:\/\/www.vapeswholesaler.com\/pt\/wp-json\/wp\/v2\/product\/21026","targetHints":{"allow":["GET"]}}],"collection":[{"href":"https:\/\/www.vapeswholesaler.com\/pt\/wp-json\/wp\/v2\/product"}],"about":[{"href":"https:\/\/www.vapeswholesaler.com\/pt\/wp-json\/wp\/v2\/types\/product"}],"replies":[{"embeddable":true,"href":"https:\/\/www.vapeswholesaler.com\/pt\/wp-json\/wp\/v2\/comments?post=21026"}],"wp:featuredmedia":[{"embeddable":true,"href":"https:\/\/www.vapeswholesaler.com\/pt\/wp-json\/wp\/v2\/media\/21065"}],"wp:attachment":[{"href":"https:\/\/www.vapeswholesaler.com\/pt\/wp-json\/wp\/v2\/media?parent=21026"}],"wp:term":[{"taxonomy":"product_cat","embeddable":true,"href":"https:\/\/www.vapeswholesaler.com\/pt\/wp-json\/wp\/v2\/product_cat?post=21026"},{"taxonomy":"product_tag","embeddable":true,"href":"https:\/\/www.vapeswholesaler.com\/pt\/wp-json\/wp\/v2\/product_tag?post=21026"}],"curies":[{"name":"wp","href":"https:\/\/api.w.org\/{rel}","templated":true}]}}