{"id":21007,"date":"2024-12-26T13:40:25","date_gmt":"2024-12-26T05:40:25","guid":{"rendered":"https:\/\/www.vapeswholesaler.com\/?post_type=product&#038;p=21007"},"modified":"2025-03-14T11:30:16","modified_gmt":"2025-03-14T03:30:16","slug":"atacado-zooy-vape-firzen-35000-puffs-vape-descartavel","status":"publish","type":"product","link":"https:\/\/www.vapeswholesaler.com\/pt\/produto\/atacado-zooy-vape-firzen-35000-puffs-vape-descartavel","title":{"rendered":"Atacado ZOOY VAPE FIRZEN 35000 Puffs Vape descart\u00e1vel"},"content":{"rendered":"<p><a href=\"https:\/\/www.vapeswholesaler.com\/pt\/marca_do_produto\/zoologico\/\">ZOOY<\/a> VAPE FIRZEN 35000 Puffs descart\u00e1vel Vape gadget \u00e9 o ep\u00edtome da tecnologia vaping. NIC &amp;ICE CONTROL \u3001 descart\u00e1vel ajust\u00e1vel os 3 n\u00edveis de gelo e 3 n\u00edveis de controle de nic \u3001 1.0 + 1.0double Mesh Coi \u3001 3Colors LGB Light. O melhor desempenho da classe, recursos de \u00faltima gera\u00e7\u00e3o e conveni\u00eancia not\u00e1vel s\u00e3o todos combinados neste gadget inventivo para fornecer uma experi\u00eancia de vaporiza\u00e7\u00e3o incompar\u00e1vel. O ZOOY VAPE FIRZEN 35000 descart\u00e1vel tem uma impressionante capacidade de 35.000 puffs e um design simples que se destina a entreter e satisfazer.<\/p>\n<p>ZOOY VAPE FIRZEN 35000, um dispositivo de sopro descart\u00e1vel, para desfrutar da vaporiza\u00e7\u00e3o como nunca antes. Cada embalagem inclui dez dispositivos separados, para que possas sempre experimentar os teus sabores favoritos. Cada dispositivo oferece um desempenho duradouro para o manter feliz durante dias a fio, com cerca de 35.000 baforadas por dispositivo.<\/p>\n<p>As baforadas descart\u00e1veis ZOOY VAPE FIRZEN 35000 ajudam-no a vaporizar mais eficazmente. Cont\u00e9m 32 ml de sumo eletr\u00f3nico pr\u00e9-cheio de alta qualidade e uma bateria recarreg\u00e1vel de 650mAh. Pode ajustar a intensidade da nicotina e o efeito de arrefecimento controlado a seu gosto. A bobina de malha dupla permite que os utilizadores MTL experimentem nuvens grandes e sedosas e permite um fluxo de ar ajust\u00e1vel. Esta engenhoca inteligente combina um grande visor digital, controlos, comodidade e uma ponta de l\u00edngua ergon\u00f3mica. Adquira j\u00e1 este cigarro eletr\u00f3nico descart\u00e1vel e aproveite o melhor neg\u00f3cio!<\/p>\n<h2><strong>ZOOY VAPE FIRZEN 35000 Carater\u00edsticas:<\/strong><\/h2>\n<ul>\n<li>Puffs: 35000puffs<\/li>\n<li>CONTROLO DE NICOTINA E GELO<\/li>\n<li>Capacidade da bateria:650mah<\/li>\n<li>Capacidade do sumo: 32 ml<\/li>\n<li>Peso do produto: 90g<\/li>\n<li>Tamanho do produto:103.5*45*21mm<\/li>\n<li>Bobina de malha dupla 1.0+1.0<\/li>\n<li>Luz LGB de 3 cores<\/li>\n<li>ajust\u00e1vel descart\u00e1vel o<\/li>\n<li>3 n\u00edveis de gelo e 3 n\u00edveis de controlo de nic<\/li>\n<li>TIPO C Recarreg\u00e1vel<\/li>\n<\/ul>\n<h2><strong>Aromas:<\/strong><\/h2>\n<ol>\n<li>Uva Alo\u00e9<\/li>\n<li>Gelo de melancia<\/li>\n<li>Banana com morango<\/li>\n<li>Morango Framboesa Kiwi<\/li>\n<li>Mentol<\/li>\n<li>Limonada de mirtilo e framboesa<\/li>\n<li>Anan\u00e1s de coco<\/li>\n<li>Amora preta Arando<\/li>\n<li>Melancia com morango<\/li>\n<li>Baga mista<\/li>\n<\/ol>\n<h2><strong>Lista de embalagem:<\/strong><\/h2>\n<p>1 unidade por caixa individual<br \/>\n10 unidades por caixa de exposi\u00e7\u00e3o<br \/>\n200 unidades por caixa<\/p>\n<p><img loading=\"lazy\" decoding=\"async\" class=\"alignnone wp-image-20994 size-full\" title=\"Atacado ZOOY VAPE FIRZEN 35000 Puffs Vape descart\u00e1vel 1\" src=\"https:\/\/www.vapeswholesaler.com\/wp-content\/uploads\/2024\/12\/Wholesale-ZOOY-VAPE-FIRZEN-35000-Puffs-Disposable-Vape-1.webp\" alt=\"Atacado ZOOY VAPE FIRZEN 35000 Puffs Vape descart\u00e1vel 1\" width=\"800\" height=\"800\" srcset=\"https:\/\/www.vapeswholesaler.com\/wp-content\/uploads\/2024\/12\/Wholesale-ZOOY-VAPE-FIRZEN-35000-Puffs-Disposable-Vape-1.webp 800w, https:\/\/www.vapeswholesaler.com\/wp-content\/uploads\/2024\/12\/Wholesale-ZOOY-VAPE-FIRZEN-35000-Puffs-Disposable-Vape-1-300x300.webp 300w, https:\/\/www.vapeswholesaler.com\/wp-content\/uploads\/2024\/12\/Wholesale-ZOOY-VAPE-FIRZEN-35000-Puffs-Disposable-Vape-1-150x150.webp 150w, https:\/\/www.vapeswholesaler.com\/wp-content\/uploads\/2024\/12\/Wholesale-ZOOY-VAPE-FIRZEN-35000-Puffs-Disposable-Vape-1-768x768.webp 768w, https:\/\/www.vapeswholesaler.com\/wp-content\/uploads\/2024\/12\/Wholesale-ZOOY-VAPE-FIRZEN-35000-Puffs-Disposable-Vape-1-12x12.webp 12w, https:\/\/www.vapeswholesaler.com\/wp-content\/uploads\/2024\/12\/Wholesale-ZOOY-VAPE-FIRZEN-35000-Puffs-Disposable-Vape-1-247x247.webp 247w, https:\/\/www.vapeswholesaler.com\/wp-content\/uploads\/2024\/12\/Wholesale-ZOOY-VAPE-FIRZEN-35000-Puffs-Disposable-Vape-1-510x510.webp 510w, https:\/\/www.vapeswholesaler.com\/wp-content\/uploads\/2024\/12\/Wholesale-ZOOY-VAPE-FIRZEN-35000-Puffs-Disposable-Vape-1-100x100.webp 100w\" sizes=\"auto, (max-width: 800px) 100vw, 800px\" \/> <img loading=\"lazy\" decoding=\"async\" class=\"alignnone wp-image-20995 size-full\" title=\"Atacado ZOOY VAPE FIRZEN 35000 Puffs Vape descart\u00e1vel 2\" src=\"https:\/\/www.vapeswholesaler.com\/wp-content\/uploads\/2024\/12\/Wholesale-ZOOY-VAPE-FIRZEN-35000-Puffs-Disposable-Vape-2.webp\" alt=\"Atacado ZOOY VAPE FIRZEN 35000 Puffs Vape descart\u00e1vel 2\" width=\"800\" height=\"800\" srcset=\"https:\/\/www.vapeswholesaler.com\/wp-content\/uploads\/2024\/12\/Wholesale-ZOOY-VAPE-FIRZEN-35000-Puffs-Disposable-Vape-2.webp 800w, https:\/\/www.vapeswholesaler.com\/wp-content\/uploads\/2024\/12\/Wholesale-ZOOY-VAPE-FIRZEN-35000-Puffs-Disposable-Vape-2-300x300.webp 300w, https:\/\/www.vapeswholesaler.com\/wp-content\/uploads\/2024\/12\/Wholesale-ZOOY-VAPE-FIRZEN-35000-Puffs-Disposable-Vape-2-150x150.webp 150w, https:\/\/www.vapeswholesaler.com\/wp-content\/uploads\/2024\/12\/Wholesale-ZOOY-VAPE-FIRZEN-35000-Puffs-Disposable-Vape-2-768x768.webp 768w, https:\/\/www.vapeswholesaler.com\/wp-content\/uploads\/2024\/12\/Wholesale-ZOOY-VAPE-FIRZEN-35000-Puffs-Disposable-Vape-2-12x12.webp 12w, https:\/\/www.vapeswholesaler.com\/wp-content\/uploads\/2024\/12\/Wholesale-ZOOY-VAPE-FIRZEN-35000-Puffs-Disposable-Vape-2-247x247.webp 247w, https:\/\/www.vapeswholesaler.com\/wp-content\/uploads\/2024\/12\/Wholesale-ZOOY-VAPE-FIRZEN-35000-Puffs-Disposable-Vape-2-510x510.webp 510w, https:\/\/www.vapeswholesaler.com\/wp-content\/uploads\/2024\/12\/Wholesale-ZOOY-VAPE-FIRZEN-35000-Puffs-Disposable-Vape-2-100x100.webp 100w\" sizes=\"auto, (max-width: 800px) 100vw, 800px\" \/><\/p>\n<p>&nbsp;<\/p>","protected":false},"excerpt":{"rendered":"<p>Quantidade m\u00ednima de encomenda:\u00a0<strong>50 UNIDADES<\/strong>\u00a0(Mistura de sabores)\u00a0\u00a0<strong>Envio gratuito<\/strong><\/p>\n<p>(<strong>2%, 5% Nic<\/strong>) Prazo de expedi\u00e7\u00e3o do armaz\u00e9m da UE 5-6 dias \u00fateis<\/p>","protected":false},"featured_media":21001,"comment_status":"open","ping_status":"closed","template":"","meta":[],"product_cat":[15],"product_tag":[117,371,373],"class_list":{"0":"post-21007","1":"product","2":"type-product","3":"status-publish","4":"has-post-thumbnail","6":"product_cat-disposable-vape","7":"product_tag-35000-puffs","8":"product_tag-zooy","9":"product_tag-europe-warehouse","10":"product_brand-zooy","12":"first","13":"instock","14":"shipping-taxable","15":"purchasable","16":"product-type-variable","17":"has-default-attributes"},"aioseo_notices":[],"_links":{"self":[{"href":"https:\/\/www.vapeswholesaler.com\/pt\/wp-json\/wp\/v2\/product\/21007","targetHints":{"allow":["GET"]}}],"collection":[{"href":"https:\/\/www.vapeswholesaler.com\/pt\/wp-json\/wp\/v2\/product"}],"about":[{"href":"https:\/\/www.vapeswholesaler.com\/pt\/wp-json\/wp\/v2\/types\/product"}],"replies":[{"embeddable":true,"href":"https:\/\/www.vapeswholesaler.com\/pt\/wp-json\/wp\/v2\/comments?post=21007"}],"wp:featuredmedia":[{"embeddable":true,"href":"https:\/\/www.vapeswholesaler.com\/pt\/wp-json\/wp\/v2\/media\/21001"}],"wp:attachment":[{"href":"https:\/\/www.vapeswholesaler.com\/pt\/wp-json\/wp\/v2\/media?parent=21007"}],"wp:term":[{"taxonomy":"product_cat","embeddable":true,"href":"https:\/\/www.vapeswholesaler.com\/pt\/wp-json\/wp\/v2\/product_cat?post=21007"},{"taxonomy":"product_tag","embeddable":true,"href":"https:\/\/www.vapeswholesaler.com\/pt\/wp-json\/wp\/v2\/product_tag?post=21007"}],"curies":[{"name":"wp","href":"https:\/\/api.w.org\/{rel}","templated":true}]}}