{"id":20731,"date":"2024-12-01T18:24:40","date_gmt":"2024-12-01T10:24:40","guid":{"rendered":"https:\/\/www.vapeswholesaler.com\/?post_type=product&#038;p=20731"},"modified":"2025-02-22T22:37:48","modified_gmt":"2025-02-22T14:37:48","slug":"fumot-tornado-25000-puffs-vape-descartavel-por-atacado-2","status":"publish","type":"product","link":"https:\/\/www.vapeswholesaler.com\/pt\/produto\/fumot-tornado-25000-puffs-vape-descartavel-por-atacado-2","title":{"rendered":"Atacado Fumot Tornado 25000 Puffs Vape descart\u00e1vel"},"content":{"rendered":"<p>O Vape descart\u00e1vel Fumot Tornado 25000 Puffs foi concebido para aqueles que exigem conveni\u00eancia, desempenho e carater\u00edsticas de ponta. Concebido para fornecer at\u00e9 25000 puffs, este dispositivo oferece uma utiliza\u00e7\u00e3o prolongada e um desempenho consistente, tornando-o ideal para um prazer vaporizador duradouro. Com uma bobina de malha dupla, o Fumot Tornado 25000 Puffs garante um vapor suave e saboroso em cada inala\u00e7\u00e3o. O ecr\u00e3 t\u00e1til TFT de 1,77 polegadas permite-lhe navegar facilmente pelas defini\u00e7\u00f5es e monitorizar o desempenho do seu vape com apenas um toque, oferecendo uma experi\u00eancia de utilizador de alta tecnologia.<\/p>\n<p>Equipado com uma bateria recarreg\u00e1vel de 700mAh e carregamento r\u00e1pido Tipo C, o Fumot Tornado 25000 Puffs garante recargas r\u00e1pidas, permitindo-lhe vaporizar sem interrup\u00e7\u00f5es. O visor LED fornece actualiza\u00e7\u00f5es em tempo real do n\u00edvel da bateria e do e-l\u00edquido, mantendo-o sempre informado sobre o estado do seu dispositivo.<\/p>\n<p>O Fumot Tornado 25000 Puffs est\u00e1 dispon\u00edvel nas pot\u00eancias de nicotina 2% e 5% e oferece 13 sabores distintos, este vape atende a uma ampla gama de prefer\u00eancias. Quer prefira uma dose de nicotina suave ou mais forte, existe um sabor e uma concentra\u00e7\u00e3o de nicotina que se adequam \u00e0s suas necessidades. O Vape descart\u00e1vel fumot Tornado 25000 Puffs com interrutor t\u00e1til \u00e9 a escolha perfeita para quem procura uma experi\u00eancia de vaporiza\u00e7\u00e3o fi\u00e1vel e de alta tecnologia. Com as suas carater\u00edsticas intuitivas e design elegante, foi concebido para o manter satisfeito durante muito tempo.<\/p>\n<h2><strong><a href=\"https:\/\/www.vapeswholesaler.com\/pt\/marca_do_produto\/randm\/\">Fumot<\/a> Tornado 25000 Puffs Detalhes:<\/strong><\/h2>\n<ul>\n<li>Nicotina: 2%\/5%<\/li>\n<li>Puffs: At\u00e9 25.000 baforadas<\/li>\n<li>Bobina de malha dupla<\/li>\n<li>Ecr\u00e3 t\u00e1til TFT de 1,77 polegadas<\/li>\n<li>Interruptor de toque<\/li>\n<li>Ecr\u00e3 LED para o n\u00edvel da bateria e do l\u00edquido<\/li>\n<li>Capacidade da bateria: 700 mAh<\/li>\n<li>Carregamento r\u00e1pido tipo C<\/li>\n<\/ul>\n<h2><strong>Fumot Tornado 25000 Puffs Sabores:<\/strong><\/h2>\n<ol>\n<li>Gelo de banana<\/li>\n<li>Gelo negro<\/li>\n<li>Mirtilo no gelo<\/li>\n<li>Mirtilo Framboesa<\/li>\n<li>Bomba de cereja<\/li>\n<li>Cola de cereja<\/li>\n<li>Hortel\u00e3 fresca<\/li>\n<li>Ma\u00e7\u00e3 dupla<\/li>\n<li>Dr. Blue<\/li>\n<li>Gelo de uva<\/li>\n<li>Uva Lim\u00e3o<\/li>\n<li>Gelo de p\u00eassego sumarento<\/li>\n<li>Kiwi Maracuj\u00e1 Goiaba<\/li>\n<li>Gelo exuberante<\/li>\n<li>Miami Mint<\/li>\n<li>P\u00eassego Manga Melancia<\/li>\n<li>Gelo de anan\u00e1s<\/li>\n<li>Limonada cor-de-rosa<\/li>\n<li>Gelo de morango<\/li>\n<li>Manga com morango<\/li>\n<li>Rebu\u00e7ados de morango e menta<\/li>\n<li>Red Bull de morango<\/li>\n<li>Melancia com morango<\/li>\n<li>Explos\u00e3o de arco-\u00edris tropical<\/li>\n<li>Gelo de melancia<\/li>\n<li>Gomas de gelo brancas<\/li>\n<\/ol>\n<p><strong>Lista de embalagem:<\/strong><\/p>\n<p>1 unidade por caixa individual<br \/>\n10 unidades de cada caixa interm\u00e9dia<br \/>\n200 unidades por caixa<\/p>\n<p><img loading=\"lazy\" decoding=\"async\" class=\"alignnone wp-image-20729 size-full\" title=\"Atacado Fumot Tornado 25000 Puffs Vape descart\u00e1vel 7\" src=\"https:\/\/www.vapeswholesaler.com\/wp-content\/uploads\/2024\/12\/Wholesale-Fumot-Tornado-25000-Puffs-Disposable-Vape-7.webp\" alt=\"Atacado Fumot Tornado 25000 Puffs Vape descart\u00e1vel 7\" width=\"800\" height=\"450\" srcset=\"https:\/\/www.vapeswholesaler.com\/wp-content\/uploads\/2024\/12\/Wholesale-Fumot-Tornado-25000-Puffs-Disposable-Vape-7.webp 800w, https:\/\/www.vapeswholesaler.com\/wp-content\/uploads\/2024\/12\/Wholesale-Fumot-Tornado-25000-Puffs-Disposable-Vape-7-300x169.webp 300w, https:\/\/www.vapeswholesaler.com\/wp-content\/uploads\/2024\/12\/Wholesale-Fumot-Tornado-25000-Puffs-Disposable-Vape-7-768x432.webp 768w, https:\/\/www.vapeswholesaler.com\/wp-content\/uploads\/2024\/12\/Wholesale-Fumot-Tornado-25000-Puffs-Disposable-Vape-7-18x10.webp 18w, https:\/\/www.vapeswholesaler.com\/wp-content\/uploads\/2024\/12\/Wholesale-Fumot-Tornado-25000-Puffs-Disposable-Vape-7-510x287.webp 510w\" sizes=\"auto, (max-width: 800px) 100vw, 800px\" \/> <img loading=\"lazy\" decoding=\"async\" class=\"alignnone wp-image-20730 size-full\" title=\"Atacado Fumot Tornado 25000 Puffs Vape descart\u00e1vel 8\" src=\"https:\/\/www.vapeswholesaler.com\/wp-content\/uploads\/2024\/12\/Wholesale-Fumot-Tornado-25000-Puffs-Disposable-Vape-8.webp\" alt=\"Atacado Fumot Tornado 25000 Puffs Vape descart\u00e1vel 8\" width=\"800\" height=\"450\" srcset=\"https:\/\/www.vapeswholesaler.com\/wp-content\/uploads\/2024\/12\/Wholesale-Fumot-Tornado-25000-Puffs-Disposable-Vape-8.webp 800w, https:\/\/www.vapeswholesaler.com\/wp-content\/uploads\/2024\/12\/Wholesale-Fumot-Tornado-25000-Puffs-Disposable-Vape-8-300x169.webp 300w, https:\/\/www.vapeswholesaler.com\/wp-content\/uploads\/2024\/12\/Wholesale-Fumot-Tornado-25000-Puffs-Disposable-Vape-8-768x432.webp 768w, https:\/\/www.vapeswholesaler.com\/wp-content\/uploads\/2024\/12\/Wholesale-Fumot-Tornado-25000-Puffs-Disposable-Vape-8-18x10.webp 18w, https:\/\/www.vapeswholesaler.com\/wp-content\/uploads\/2024\/12\/Wholesale-Fumot-Tornado-25000-Puffs-Disposable-Vape-8-510x287.webp 510w\" sizes=\"auto, (max-width: 800px) 100vw, 800px\" \/> <img loading=\"lazy\" decoding=\"async\" class=\"alignnone wp-image-20728 size-full\" title=\"Atacado Fumot Tornado 25000 Puffs Vape descart\u00e1vel 6\" src=\"https:\/\/www.vapeswholesaler.com\/wp-content\/uploads\/2024\/12\/Wholesale-Fumot-Tornado-25000-Puffs-Disposable-Vape-6.webp\" alt=\"Atacado Fumot Tornado 25000 Puffs Vape descart\u00e1vel 6\" width=\"800\" height=\"800\" srcset=\"https:\/\/www.vapeswholesaler.com\/wp-content\/uploads\/2024\/12\/Wholesale-Fumot-Tornado-25000-Puffs-Disposable-Vape-6.webp 800w, https:\/\/www.vapeswholesaler.com\/wp-content\/uploads\/2024\/12\/Wholesale-Fumot-Tornado-25000-Puffs-Disposable-Vape-6-300x300.webp 300w, https:\/\/www.vapeswholesaler.com\/wp-content\/uploads\/2024\/12\/Wholesale-Fumot-Tornado-25000-Puffs-Disposable-Vape-6-150x150.webp 150w, https:\/\/www.vapeswholesaler.com\/wp-content\/uploads\/2024\/12\/Wholesale-Fumot-Tornado-25000-Puffs-Disposable-Vape-6-768x768.webp 768w, https:\/\/www.vapeswholesaler.com\/wp-content\/uploads\/2024\/12\/Wholesale-Fumot-Tornado-25000-Puffs-Disposable-Vape-6-12x12.webp 12w, https:\/\/www.vapeswholesaler.com\/wp-content\/uploads\/2024\/12\/Wholesale-Fumot-Tornado-25000-Puffs-Disposable-Vape-6-247x247.webp 247w, https:\/\/www.vapeswholesaler.com\/wp-content\/uploads\/2024\/12\/Wholesale-Fumot-Tornado-25000-Puffs-Disposable-Vape-6-510x510.webp 510w, https:\/\/www.vapeswholesaler.com\/wp-content\/uploads\/2024\/12\/Wholesale-Fumot-Tornado-25000-Puffs-Disposable-Vape-6-100x100.webp 100w\" sizes=\"auto, (max-width: 800px) 100vw, 800px\" \/><\/p>","protected":false},"excerpt":{"rendered":"<p>Quantidade m\u00ednima de encomenda:\u00a0<strong>50 UNIDADES<\/strong>\u00a0(Mistura de sabores)\u00a0\u00a0<strong>Envio gratuito<\/strong><\/p>\n<p>\uff08<strong>2%\uff0c5%<\/strong>\uff09<\/p>","protected":false},"featured_media":20723,"comment_status":"open","ping_status":"closed","template":"","meta":[],"product_cat":[15],"product_tag":[320,321,322],"class_list":{"0":"post-20731","1":"product","2":"type-product","3":"status-publish","4":"has-post-thumbnail","6":"product_cat-disposable-vape","7":"product_tag-fumot-tornado-25000-puffs","8":"product_tag-fumot-tornado-25000","9":"product_tag-fumot-tornado-25k","10":"product_brand-fumot","12":"first","13":"instock","14":"shipping-taxable","15":"purchasable","16":"product-type-variable","17":"has-default-attributes"},"aioseo_notices":[],"_links":{"self":[{"href":"https:\/\/www.vapeswholesaler.com\/pt\/wp-json\/wp\/v2\/product\/20731","targetHints":{"allow":["GET"]}}],"collection":[{"href":"https:\/\/www.vapeswholesaler.com\/pt\/wp-json\/wp\/v2\/product"}],"about":[{"href":"https:\/\/www.vapeswholesaler.com\/pt\/wp-json\/wp\/v2\/types\/product"}],"replies":[{"embeddable":true,"href":"https:\/\/www.vapeswholesaler.com\/pt\/wp-json\/wp\/v2\/comments?post=20731"}],"wp:featuredmedia":[{"embeddable":true,"href":"https:\/\/www.vapeswholesaler.com\/pt\/wp-json\/wp\/v2\/media\/20723"}],"wp:attachment":[{"href":"https:\/\/www.vapeswholesaler.com\/pt\/wp-json\/wp\/v2\/media?parent=20731"}],"wp:term":[{"taxonomy":"product_cat","embeddable":true,"href":"https:\/\/www.vapeswholesaler.com\/pt\/wp-json\/wp\/v2\/product_cat?post=20731"},{"taxonomy":"product_tag","embeddable":true,"href":"https:\/\/www.vapeswholesaler.com\/pt\/wp-json\/wp\/v2\/product_tag?post=20731"}],"curies":[{"name":"wp","href":"https:\/\/api.w.org\/{rel}","templated":true}]}}