{"id":20705,"date":"2024-12-01T16:29:29","date_gmt":"2024-12-01T08:29:29","guid":{"rendered":"https:\/\/www.vapeswholesaler.com\/?post_type=product&#038;p=20705"},"modified":"2025-11-03T17:42:10","modified_gmt":"2025-11-03T09:42:10","slug":"vape-descartavel-de-duplo-sabor-40k-puffs-waspe-fihp-por-atacado","status":"publish","type":"product","link":"https:\/\/www.vapeswholesaler.com\/pt\/produto\/vape-descartavel-de-duplo-sabor-40k-puffs-waspe-fihp-por-atacado","title":{"rendered":"Vape descart\u00e1vel de duplo sabor Waspe Fihp 40K Puffs por atacado"},"content":{"rendered":"<p><a href=\"https:\/\/www.vapeswholesaler.com\/pt\/marca_do_produto\/vespa\/\">Vespa<\/a> O Vape descart\u00e1vel Fihp 40K Puffs Double Flavor \u00e9 um dispositivo de vaping de vanguarda concebido para quem procura inova\u00e7\u00e3o e um desempenho excecional. Com a capacidade de fornecer at\u00e9 40000 baforadas, este vape oferece uma utiliza\u00e7\u00e3o prolongada e uma satisfa\u00e7\u00e3o consistente em cada tra\u00e7\u00e3o. Com duas bobinas de malha de 0,9ohm, o nosso produto garante uma produ\u00e7\u00e3o de vapor suave e saborosa, proporcionando um sabor rico e uma batida na garganta satisfat\u00f3ria. As bobinas duplas garantem que cada baforada \u00e9 encorpada e saborosa, melhorando a sua experi\u00eancia de vaporiza\u00e7\u00e3o.<\/p>\n<p>A capacidade de 36 ml de e-l\u00edquido do dispositivo garante uma sess\u00e3o de vape de longa dura\u00e7\u00e3o, reduzindo a necessidade de recargas frequentes, enquanto a bateria recarreg\u00e1vel de 650 mAh fornece energia suficiente para uma utiliza\u00e7\u00e3o prolongada. Gra\u00e7as ao carregamento r\u00e1pido Tipo C, a recarga \u00e9 r\u00e1pida e pr\u00e1tica, pelo que estar\u00e1 sempre pronto para o seu pr\u00f3ximo vape. O visor LED inteligente fornece-lhe actualiza\u00e7\u00f5es em tempo real sobre a dura\u00e7\u00e3o da bateria e os n\u00edveis de e-l\u00edquido, mantendo-o sempre informado sobre o estado do seu dispositivo. A funcionalidade de experi\u00eancia de duplo sabor permite-lhe alternar entre dois sabores diferentes, proporcionando-lhe uma experi\u00eancia de vaporiza\u00e7\u00e3o personaliz\u00e1vel com possibilidades infinitas. Dispon\u00edvel em dosagens de nicotina de 2% e 5%, com 20 sabores diferentes \u00e0 escolha, ter\u00e1 muitas op\u00e7\u00f5es para satisfazer as suas prefer\u00eancias de gosto.<\/p>\n<p>Waspe Fihp 40K Puffs Duplo Sabor Duplo Sabor Ecr\u00e3 LCD Vape descart\u00e1vel para uma experi\u00eancia de vaporiza\u00e7\u00e3o inovadora, saborosa e sem complica\u00e7\u00f5es. Com as suas carater\u00edsticas poderosas e design elegante, este vape foi concebido para elevar as suas sess\u00f5es de vaporiza\u00e7\u00e3o a um novo n\u00edvel de prazer.<\/p>\n<h2><strong><a href=\"https:\/\/www.facebook.com\/fred.luo.58\/\">Vespa<\/a> Fihp 40K Puffs Duplo Sabor Detalhes:<\/strong><\/h2>\n<ul>\n<li>Puffs: 40000 Puffs<\/li>\n<li>Sabor duplo<\/li>\n<li>Bobina de malha: 0,9ohm+0,9ohm<\/li>\n<li>E-l\u00edquido:36ml<\/li>\n<li>Nicotina: 2%\/5%<\/li>\n<li>Bateria:650mah<\/li>\n<li>Recarreg\u00e1vel:Tipo C<\/li>\n<li>Ecr\u00e3 LED<\/li>\n<li>Tamanho do produto: 61*31*115mm<\/li>\n<\/ul>\n<h2><strong>Waspe Fihp 40K Puffs Duplo Sabor Sabores:<\/strong><\/h2>\n<ol>\n<li>Gelo de melancia e lima-lim\u00e3o<\/li>\n<li>Gelo de cereja com g\u00e1s e algod\u00e3o doce de mirtilo<\/li>\n<li>Morango Melancia e Mirtilo Framboesa<\/li>\n<li>Red Bull Ice &amp; Morango Manga<\/li>\n<li>P\u00eassego Ice &amp; Anan\u00e1s Manga P\u00eassego<\/li>\n<li>Gelo de uva e Kiwi de morango<\/li>\n<li>Bagas mistas e gelo duplo de ma\u00e7\u00e3<\/li>\n<li>Limonada Blue Razz e Pastilha el\u00e1stica de melancia<\/li>\n<li>Morango, framboesa, cereja e amor 666<\/li>\n<li>Gelado de morango, banana e anan\u00e1s com coco<\/li>\n<li>Morango, melancia, pastilha el\u00e1stica e mistura de frutos<\/li>\n<li>Gelo Cherry Cola e rebu\u00e7ado de morango e framboesa<\/li>\n<li>Ma\u00e7\u00e3 \u00e1cida, framboesa e morango Big Bang<\/li>\n<li>P\u00eassego Baga e Melancia Manga P\u00eassego<\/li>\n<li>Gelo de mirtilo e gelo de drag\u00e3o negro<\/li>\n<li>Morango Cereja e Kiwi Maracuj\u00e1<\/li>\n<li>Gummy Bear e Cola de Morango<\/li>\n<li>Gelo de banana e anan\u00e1s &amp; Gelo de Red Bull<\/li>\n<li>Red Bull Strwaberry &amp; Blackcurrant Ice<\/li>\n<li>Triple Melon Ice e Melancia com Framboesa<\/li>\n<\/ol>\n<h2><strong>Lista de embalagem:<\/strong><\/h2>\n<p>1 unidade por caixa individual<br \/>\n10 unidades de cada caixa interm\u00e9dia<br \/>\n160 unidades por caixa<br \/>\nPeso do produto: 120g\/pcs<br \/>\nPeso bruto: 20 kg<\/p>\n<p><img loading=\"lazy\" decoding=\"async\" class=\"alignnone wp-image-20687 size-large\" title=\"Atacado Waspe Fihp 40K Puffs Duplo Sabor Vape Descart\u00e1vel 1\" src=\"https:\/\/www.vapeswholesaler.com\/wp-content\/uploads\/2024\/12\/Wholesale-Waspe-Fihp-40K-Puffs-Double-Flavor-Disposable-Vape-1-1024x1024.webp\" alt=\"Atacado Waspe Fihp 40K Puffs Duplo Sabor Vape Descart\u00e1vel 1\" width=\"1020\" height=\"1020\" srcset=\"https:\/\/www.vapeswholesaler.com\/wp-content\/uploads\/2024\/12\/Wholesale-Waspe-Fihp-40K-Puffs-Double-Flavor-Disposable-Vape-1-1024x1024.webp 1024w, https:\/\/www.vapeswholesaler.com\/wp-content\/uploads\/2024\/12\/Wholesale-Waspe-Fihp-40K-Puffs-Double-Flavor-Disposable-Vape-1-300x300.webp 300w, https:\/\/www.vapeswholesaler.com\/wp-content\/uploads\/2024\/12\/Wholesale-Waspe-Fihp-40K-Puffs-Double-Flavor-Disposable-Vape-1-150x150.webp 150w, https:\/\/www.vapeswholesaler.com\/wp-content\/uploads\/2024\/12\/Wholesale-Waspe-Fihp-40K-Puffs-Double-Flavor-Disposable-Vape-1-768x768.webp 768w, https:\/\/www.vapeswholesaler.com\/wp-content\/uploads\/2024\/12\/Wholesale-Waspe-Fihp-40K-Puffs-Double-Flavor-Disposable-Vape-1-12x12.webp 12w, https:\/\/www.vapeswholesaler.com\/wp-content\/uploads\/2024\/12\/Wholesale-Waspe-Fihp-40K-Puffs-Double-Flavor-Disposable-Vape-1-247x247.webp 247w, https:\/\/www.vapeswholesaler.com\/wp-content\/uploads\/2024\/12\/Wholesale-Waspe-Fihp-40K-Puffs-Double-Flavor-Disposable-Vape-1-510x510.webp 510w, https:\/\/www.vapeswholesaler.com\/wp-content\/uploads\/2024\/12\/Wholesale-Waspe-Fihp-40K-Puffs-Double-Flavor-Disposable-Vape-1-100x100.webp 100w, https:\/\/www.vapeswholesaler.com\/wp-content\/uploads\/2024\/12\/Wholesale-Waspe-Fihp-40K-Puffs-Double-Flavor-Disposable-Vape-1.webp 1200w\" sizes=\"auto, (max-width: 1020px) 100vw, 1020px\" \/> <img loading=\"lazy\" decoding=\"async\" class=\"alignnone wp-image-20688 size-large\" title=\"Atacado Waspe Fihp 40K Puffs Duplo Sabor Vape Descart\u00e1vel 2\" src=\"https:\/\/www.vapeswholesaler.com\/wp-content\/uploads\/2024\/12\/Wholesale-Waspe-Fihp-40K-Puffs-Double-Flavor-Disposable-Vape-2-1024x1024.webp\" alt=\"Atacado Waspe Fihp 40K Puffs Duplo Sabor Vape Descart\u00e1vel 2\" width=\"1020\" height=\"1020\" srcset=\"https:\/\/www.vapeswholesaler.com\/wp-content\/uploads\/2024\/12\/Wholesale-Waspe-Fihp-40K-Puffs-Double-Flavor-Disposable-Vape-2-1024x1024.webp 1024w, https:\/\/www.vapeswholesaler.com\/wp-content\/uploads\/2024\/12\/Wholesale-Waspe-Fihp-40K-Puffs-Double-Flavor-Disposable-Vape-2-300x300.webp 300w, https:\/\/www.vapeswholesaler.com\/wp-content\/uploads\/2024\/12\/Wholesale-Waspe-Fihp-40K-Puffs-Double-Flavor-Disposable-Vape-2-150x150.webp 150w, https:\/\/www.vapeswholesaler.com\/wp-content\/uploads\/2024\/12\/Wholesale-Waspe-Fihp-40K-Puffs-Double-Flavor-Disposable-Vape-2-768x768.webp 768w, https:\/\/www.vapeswholesaler.com\/wp-content\/uploads\/2024\/12\/Wholesale-Waspe-Fihp-40K-Puffs-Double-Flavor-Disposable-Vape-2-12x12.webp 12w, https:\/\/www.vapeswholesaler.com\/wp-content\/uploads\/2024\/12\/Wholesale-Waspe-Fihp-40K-Puffs-Double-Flavor-Disposable-Vape-2-247x247.webp 247w, https:\/\/www.vapeswholesaler.com\/wp-content\/uploads\/2024\/12\/Wholesale-Waspe-Fihp-40K-Puffs-Double-Flavor-Disposable-Vape-2-510x510.webp 510w, https:\/\/www.vapeswholesaler.com\/wp-content\/uploads\/2024\/12\/Wholesale-Waspe-Fihp-40K-Puffs-Double-Flavor-Disposable-Vape-2-100x100.webp 100w, https:\/\/www.vapeswholesaler.com\/wp-content\/uploads\/2024\/12\/Wholesale-Waspe-Fihp-40K-Puffs-Double-Flavor-Disposable-Vape-2.webp 1200w\" sizes=\"auto, (max-width: 1020px) 100vw, 1020px\" \/><\/p>\n<p>&nbsp;<\/p>","protected":false},"excerpt":{"rendered":"<p>Quantidade m\u00ednima de encomenda: <strong>50 unidades <\/strong>(Mistura de sabores)<\/p>\n<p>\uff082%\uff0c5%\uff09<strong>Envio gratuito<\/strong><\/p>","protected":false},"featured_media":20823,"comment_status":"open","ping_status":"closed","template":"","meta":[],"product_cat":[15],"product_tag":[365,369,383],"class_list":{"0":"post-20705","1":"product","2":"type-product","3":"status-publish","4":"has-post-thumbnail","6":"product_cat-disposable-vape","7":"product_tag-40000-puffs","8":"product_tag-dual-flavors","9":"product_tag-waspe","10":"product_brand-waspe","12":"first","13":"instock","14":"shipping-taxable","15":"purchasable","16":"product-type-variable","17":"has-default-attributes"},"aioseo_notices":[],"_links":{"self":[{"href":"https:\/\/www.vapeswholesaler.com\/pt\/wp-json\/wp\/v2\/product\/20705","targetHints":{"allow":["GET"]}}],"collection":[{"href":"https:\/\/www.vapeswholesaler.com\/pt\/wp-json\/wp\/v2\/product"}],"about":[{"href":"https:\/\/www.vapeswholesaler.com\/pt\/wp-json\/wp\/v2\/types\/product"}],"replies":[{"embeddable":true,"href":"https:\/\/www.vapeswholesaler.com\/pt\/wp-json\/wp\/v2\/comments?post=20705"}],"wp:featuredmedia":[{"embeddable":true,"href":"https:\/\/www.vapeswholesaler.com\/pt\/wp-json\/wp\/v2\/media\/20823"}],"wp:attachment":[{"href":"https:\/\/www.vapeswholesaler.com\/pt\/wp-json\/wp\/v2\/media?parent=20705"}],"wp:term":[{"taxonomy":"product_cat","embeddable":true,"href":"https:\/\/www.vapeswholesaler.com\/pt\/wp-json\/wp\/v2\/product_cat?post=20705"},{"taxonomy":"product_tag","embeddable":true,"href":"https:\/\/www.vapeswholesaler.com\/pt\/wp-json\/wp\/v2\/product_tag?post=20705"}],"curies":[{"name":"wp","href":"https:\/\/api.w.org\/{rel}","templated":true}]}}