{"id":20649,"date":"2024-12-01T16:04:04","date_gmt":"2024-12-01T08:04:04","guid":{"rendered":"https:\/\/www.vapeswholesaler.com\/?post_type=product&#038;p=20649"},"modified":"2025-10-11T17:12:40","modified_gmt":"2025-10-11T09:12:40","slug":"waspe-fx-30000-puffs-caixa-descartavel-vape","status":"publish","type":"product","link":"https:\/\/www.vapeswholesaler.com\/pt\/produto\/waspe-fx-30000-puffs-caixa-descartavel-vape","title":{"rendered":"Vape descart\u00e1vel por atacado WASPE FX 30000 PUFFS BOX"},"content":{"rendered":"<p><a href=\"https:\/\/www.vapeswholesaler.com\/pt\/marca_do_produto\/vespa\/\">WASPE<\/a> FX 30000 PUFFS BOX Vape descart\u00e1vel, concebido para os vapers que desejam qualidade e longevidade. Este dispositivo inovador proporciona umas impressionantes 30000 baforadas no modo normal e 15000 baforadas no modo pulsado, assegurando uma experi\u00eancia de vaporiza\u00e7\u00e3o prolongada sem substitui\u00e7\u00f5es frequentes.<\/p>\n<p>O produto com uma capacidade substancial de 28 ml de e-l\u00edquido, o Waspe oferece op\u00e7\u00f5es flex\u00edveis de nicotina de 0%, 2% e 5%, atendendo a todas as prefer\u00eancias. O seu sistema de bobina de malha dupla (1ohm + 1ohm) aumenta a intensidade do sabor e a produ\u00e7\u00e3o de vapor, proporcionando sempre uma inala\u00e7\u00e3o satisfat\u00f3ria. e alimentado por uma bateria recarreg\u00e1vel de 850mAh, convenientemente carregada atrav\u00e9s de uma porta Tipo C para uma alimenta\u00e7\u00e3o r\u00e1pida e eficiente. Com o fluxo de ar ajust\u00e1vel, pode personalizar facilmente o seu consumo para se adequar ao seu estilo de vaporiza\u00e7\u00e3o. Al\u00e9m disso, o visor LED incorporado permite monitorizar facilmente as suas estat\u00edsticas de vaporiza\u00e7\u00e3o, enquanto o design compacto garante a portabilidade.<\/p>\n<h2><strong><a href=\"https:\/\/www.facebook.com\/fred.luo.58\/\">WASPE<\/a> FX 30000 PUFFS BOX Vape descart\u00e1vel Detalhes:<\/strong><\/h2>\n<ul>\n<li>Regular: 30000 Puffs<\/li>\n<li>Pulsa\u00e7\u00e3o: 15000 baforadas<\/li>\n<li>Bobina de malha dupla: 1ohm+1ohm<\/li>\n<li>E-l\u00edquido:28ml<\/li>\n<li>Nicotine:0%\/2%\/5%<\/li>\n<li>Bateria:850mah<\/li>\n<li>Fluxo de ar ajust\u00e1vel<\/li>\n<li>Recarreg\u00e1vel:Tipo C<\/li>\n<li>Ecr\u00e3 LED<\/li>\n<li>Tamanho do produto: 61*31*115mm<\/li>\n<\/ul>\n<h2><strong>Lista de sabores:<\/strong><\/h2>\n<ol>\n<li>Manga com morango<\/li>\n<li>Baga mista<\/li>\n<li>Gelo de melancia<\/li>\n<li>Melancia com morango<\/li>\n<li>Red Bull de morango<\/li>\n<li>Kiwi Maracuj\u00e1 Goiaba<\/li>\n<li>Gelo de uva<\/li>\n<li>Gelo duplo de ma\u00e7\u00e3<\/li>\n<li>Mirtilo Framboesa<\/li>\n<li>Melancia Manga P\u00eassego<\/li>\n<li>Gelo de mirtilo<\/li>\n<li>Baga de p\u00eassego<\/li>\n<li>Morango kiwi<\/li>\n<li>Gelo de cereja<\/li>\n<li>Morango Framboesa Cereja<\/li>\n<li>Pastilha el\u00e1stica de melancia<\/li>\n<\/ol>\n<h2><strong>Lista de embalagem:<\/strong><\/h2>\n<p>1 unidade por caixa individual<br \/>\n10 unidades de cada caixa interm\u00e9dia<br \/>\nPeso do produto: 107g\/pcs<br \/>\nQTY: 200pcs\/ctn,<br \/>\nTamanho da caixa: 650*330*240mm<br \/>\nPeso bruto: 23 kg<\/p>\n<figure id=\"attachment_20651\" aria-describedby=\"caption-attachment-20651\" style=\"width: 800px\" class=\"wp-caption alignnone\"><img loading=\"lazy\" decoding=\"async\" class=\"wp-image-20651 size-full\" title=\"Caixa de almofadas WASPE FX 30000 descart\u00e1vel Vape 2\" src=\"https:\/\/www.vapeswholesaler.com\/wp-content\/uploads\/2024\/12\/Wholesale-WASPE-FX-30000-PUFFS-BOX-Disposable-Vape-2.webp\" alt=\"Caixa de almofadas WASPE FX 30000 descart\u00e1vel Vape 2\" width=\"800\" height=\"800\" srcset=\"https:\/\/www.vapeswholesaler.com\/wp-content\/uploads\/2024\/12\/Wholesale-WASPE-FX-30000-PUFFS-BOX-Disposable-Vape-2.webp 800w, https:\/\/www.vapeswholesaler.com\/wp-content\/uploads\/2024\/12\/Wholesale-WASPE-FX-30000-PUFFS-BOX-Disposable-Vape-2-300x300.webp 300w, https:\/\/www.vapeswholesaler.com\/wp-content\/uploads\/2024\/12\/Wholesale-WASPE-FX-30000-PUFFS-BOX-Disposable-Vape-2-150x150.webp 150w, https:\/\/www.vapeswholesaler.com\/wp-content\/uploads\/2024\/12\/Wholesale-WASPE-FX-30000-PUFFS-BOX-Disposable-Vape-2-768x768.webp 768w, https:\/\/www.vapeswholesaler.com\/wp-content\/uploads\/2024\/12\/Wholesale-WASPE-FX-30000-PUFFS-BOX-Disposable-Vape-2-12x12.webp 12w, https:\/\/www.vapeswholesaler.com\/wp-content\/uploads\/2024\/12\/Wholesale-WASPE-FX-30000-PUFFS-BOX-Disposable-Vape-2-247x247.webp 247w, https:\/\/www.vapeswholesaler.com\/wp-content\/uploads\/2024\/12\/Wholesale-WASPE-FX-30000-PUFFS-BOX-Disposable-Vape-2-510x510.webp 510w, https:\/\/www.vapeswholesaler.com\/wp-content\/uploads\/2024\/12\/Wholesale-WASPE-FX-30000-PUFFS-BOX-Disposable-Vape-2-100x100.webp 100w\" sizes=\"auto, (max-width: 800px) 100vw, 800px\" \/><figcaption id=\"caption-attachment-20651\" class=\"wp-caption-text\">Vape descart\u00e1vel por atacado WASPE FX 30000 PUFFS BOX<\/figcaption><\/figure>\n<figure id=\"attachment_20654\" aria-describedby=\"caption-attachment-20654\" style=\"width: 800px\" class=\"wp-caption alignnone\"><img loading=\"lazy\" decoding=\"async\" class=\"wp-image-20654 size-full\" title=\"Caixa de almofadas WASPE FX 30000 Vape descart\u00e1vel 5\" src=\"https:\/\/www.vapeswholesaler.com\/wp-content\/uploads\/2024\/12\/Wholesale-WASPE-FX-30000-PUFFS-BOX-Disposable-Vape-5.webp\" alt=\"Caixa de almofadas WASPE FX 30000 Vape descart\u00e1vel 5\" width=\"800\" height=\"776\" srcset=\"https:\/\/www.vapeswholesaler.com\/wp-content\/uploads\/2024\/12\/Wholesale-WASPE-FX-30000-PUFFS-BOX-Disposable-Vape-5.webp 800w, https:\/\/www.vapeswholesaler.com\/wp-content\/uploads\/2024\/12\/Wholesale-WASPE-FX-30000-PUFFS-BOX-Disposable-Vape-5-300x291.webp 300w, https:\/\/www.vapeswholesaler.com\/wp-content\/uploads\/2024\/12\/Wholesale-WASPE-FX-30000-PUFFS-BOX-Disposable-Vape-5-768x745.webp 768w, https:\/\/www.vapeswholesaler.com\/wp-content\/uploads\/2024\/12\/Wholesale-WASPE-FX-30000-PUFFS-BOX-Disposable-Vape-5-12x12.webp 12w, https:\/\/www.vapeswholesaler.com\/wp-content\/uploads\/2024\/12\/Wholesale-WASPE-FX-30000-PUFFS-BOX-Disposable-Vape-5-510x495.webp 510w\" sizes=\"auto, (max-width: 800px) 100vw, 800px\" \/><figcaption id=\"caption-attachment-20654\" class=\"wp-caption-text\">Vape descart\u00e1vel por atacado WASPE FX 30000 PUFFS BOX<\/figcaption><\/figure>","protected":false},"excerpt":{"rendered":"<p>Quantidade m\u00ednima de encomenda:\u00a0<strong>50 unidades <\/strong>(Mistura de sabores)<\/p>\n<p>\uff08 <strong>2%\uff0c5%<\/strong>\uff09<strong>Envio gratuito<\/strong><\/p>","protected":false},"featured_media":20650,"comment_status":"open","ping_status":"closed","template":"","meta":[],"product_cat":[15],"product_tag":[374,383],"class_list":{"0":"post-20649","1":"product","2":"type-product","3":"status-publish","4":"has-post-thumbnail","6":"product_cat-disposable-vape","7":"product_tag-30000-puffs","8":"product_tag-waspe","9":"product_brand-waspe","11":"first","12":"outofstock","13":"shipping-taxable","14":"purchasable","15":"product-type-variable","16":"has-default-attributes"},"aioseo_notices":[],"_links":{"self":[{"href":"https:\/\/www.vapeswholesaler.com\/pt\/wp-json\/wp\/v2\/product\/20649","targetHints":{"allow":["GET"]}}],"collection":[{"href":"https:\/\/www.vapeswholesaler.com\/pt\/wp-json\/wp\/v2\/product"}],"about":[{"href":"https:\/\/www.vapeswholesaler.com\/pt\/wp-json\/wp\/v2\/types\/product"}],"replies":[{"embeddable":true,"href":"https:\/\/www.vapeswholesaler.com\/pt\/wp-json\/wp\/v2\/comments?post=20649"}],"wp:featuredmedia":[{"embeddable":true,"href":"https:\/\/www.vapeswholesaler.com\/pt\/wp-json\/wp\/v2\/media\/20650"}],"wp:attachment":[{"href":"https:\/\/www.vapeswholesaler.com\/pt\/wp-json\/wp\/v2\/media?parent=20649"}],"wp:term":[{"taxonomy":"product_cat","embeddable":true,"href":"https:\/\/www.vapeswholesaler.com\/pt\/wp-json\/wp\/v2\/product_cat?post=20649"},{"taxonomy":"product_tag","embeddable":true,"href":"https:\/\/www.vapeswholesaler.com\/pt\/wp-json\/wp\/v2\/product_tag?post=20649"}],"curies":[{"name":"wp","href":"https:\/\/api.w.org\/{rel}","templated":true}]}}