{"id":20611,"date":"2024-12-01T13:57:46","date_gmt":"2024-12-01T05:57:46","guid":{"rendered":"https:\/\/www.vapeswholesaler.com\/?post_type=product&#038;p=20611"},"modified":"2025-10-11T17:16:22","modified_gmt":"2025-10-11T09:16:22","slug":"vape-descartavel-de-25000-baforadas-de-waspe-aiviou-por-atacado-2","status":"publish","type":"product","link":"https:\/\/www.vapeswholesaler.com\/pt\/produto\/vape-descartavel-de-25000-baforadas-de-waspe-aiviou-por-atacado-2","title":{"rendered":"Atacado WASPE Aiviou 25000 Puffs Vape descart\u00e1vel"},"content":{"rendered":"<p><a href=\"https:\/\/www.vapeswholesaler.com\/pt\/marca_do_produto\/vespa\/\">WASPE<\/a> A caixa de Vape descart\u00e1vel Aiviou 25000 Puffs oferece uma experi\u00eancia de vaporiza\u00e7\u00e3o superior com uns impressionantes 25000 puffs por dispositivo. Dispon\u00edvel nas pot\u00eancias de nicotina 0%, 2% e 5%, satisfaz uma vasta gama de prefer\u00eancias. Este dispositivo possui uma capacidade de 25 ml de e-l\u00edquido, bobinas de malha dupla, um ecr\u00e3 LCD e uma porta de carregamento tipo C. Alimentado por uma bateria de 650mAh, garante uma utiliza\u00e7\u00e3o duradoura.<\/p>\n<p>Este produto est\u00e1 equipado com um visor eletr\u00f3nico mais n\u00edtido que n\u00e3o s\u00f3 controla a dura\u00e7\u00e3o da bateria do seu cigarro eletr\u00f3nico, como tamb\u00e9m mostra o estado de utiliza\u00e7\u00e3o do \u00f3leo. Pode sempre saber quando o produto est\u00e1 a ficar sem \u00f3leo para vape, de modo a evitar a m\u00e1 experi\u00eancia de se queimar quando continua a us\u00e1-lo porque est\u00e1 a ficar sem \u00f3leo para vape. Oferecemos 10 sabores diferentes para os clientes escolherem, sabores diferentes trazem prazer de fumar diferente para os clientes!<\/p>\n<h2><strong><a href=\"https:\/\/www.facebook.com\/fred.luo.58\/\">WASPE<\/a> Aiviou 25000 Puffs Detalhes:<\/strong><\/h2>\n<ul>\n<li>Puffs: 25000 Puffs<\/li>\n<li>Bobina de malha dupla: 1ohm+1ohm<\/li>\n<li>E-l\u00edquido:25ml<\/li>\n<li>Nicotine:0%\/2%\/5%<\/li>\n<li>Bateria:650mah<\/li>\n<li>Recarreg\u00e1vel:Tipo C<\/li>\n<li>Ecr\u00e3 LED<\/li>\n<li>Bloqueio para crian\u00e7as<\/li>\n<li>Tamanho do produto: 55*31*107mm<\/li>\n<\/ul>\n<h2><strong>Lista de sabores:<\/strong><\/h2>\n<ol>\n<li>Gelo de melancia<\/li>\n<li>Mirtilo no gelo<\/li>\n<li>Melancia com morango<\/li>\n<li>Limonada de mirtilo e framboesa<\/li>\n<li>Gelo de cereja<\/li>\n<li>P\u00eassego Manga Melancia<\/li>\n<li>Bagas mistas<\/li>\n<li>Gelo de p\u00eassego<\/li>\n<li>Morango Kiwi<\/li>\n<li>Gelo de uva<\/li>\n<\/ol>\n<h2><strong>Lista de embalagem:<\/strong><\/h2>\n<p>1 unidade por caixa individual<br \/>\n10 unidades de cada caixa interm\u00e9dia<br \/>\n200 unidades por caixa<br \/>\nPeso do produto: 92g\/pcs<br \/>\nPeso bruto: 20,5 kg<\/p>\n<figure id=\"attachment_20600\" aria-describedby=\"caption-attachment-20600\" style=\"width: 1020px\" class=\"wp-caption alignnone\"><img loading=\"lazy\" decoding=\"async\" class=\"wp-image-20600 size-large\" title=\"Atacado WASPE Aiviou 25000 Puffs Vape descart\u00e1vel 4\" src=\"https:\/\/www.vapeswholesaler.com\/wp-content\/uploads\/2024\/11\/Wholesale-WASPE-Aiviou-25000-Puffs-Disposable-Vape-4-1024x597.webp\" alt=\"Atacado WASPE Aiviou 25000 Puffs Vape descart\u00e1vel 4\" width=\"1020\" height=\"595\" srcset=\"https:\/\/www.vapeswholesaler.com\/wp-content\/uploads\/2024\/11\/Wholesale-WASPE-Aiviou-25000-Puffs-Disposable-Vape-4-1024x597.webp 1024w, https:\/\/www.vapeswholesaler.com\/wp-content\/uploads\/2024\/11\/Wholesale-WASPE-Aiviou-25000-Puffs-Disposable-Vape-4-300x175.webp 300w, https:\/\/www.vapeswholesaler.com\/wp-content\/uploads\/2024\/11\/Wholesale-WASPE-Aiviou-25000-Puffs-Disposable-Vape-4-768x448.webp 768w, https:\/\/www.vapeswholesaler.com\/wp-content\/uploads\/2024\/11\/Wholesale-WASPE-Aiviou-25000-Puffs-Disposable-Vape-4-18x12.webp 18w, https:\/\/www.vapeswholesaler.com\/wp-content\/uploads\/2024\/11\/Wholesale-WASPE-Aiviou-25000-Puffs-Disposable-Vape-4-510x298.webp 510w, https:\/\/www.vapeswholesaler.com\/wp-content\/uploads\/2024\/11\/Wholesale-WASPE-Aiviou-25000-Puffs-Disposable-Vape-4.webp 1440w\" sizes=\"auto, (max-width: 1020px) 100vw, 1020px\" \/><figcaption id=\"caption-attachment-20600\" class=\"wp-caption-text\">Atacado WASPE Aiviou 25000 Puffs Vape descart\u00e1vel<\/figcaption><\/figure>\n<p><img loading=\"lazy\" decoding=\"async\" class=\"alignnone wp-image-20597 size-full\" title=\"Atacado WASPE Aiviou 25000 Puffs Vape descart\u00e1vel 1\" src=\"https:\/\/www.vapeswholesaler.com\/wp-content\/uploads\/2024\/11\/Wholesale-WASPE-Aiviou-25000-Puffs-Disposable-Vape-1.webp\" alt=\"Atacado WASPE Aiviou 25000 Puffs Vape descart\u00e1vel 1\" width=\"800\" height=\"800\" srcset=\"https:\/\/www.vapeswholesaler.com\/wp-content\/uploads\/2024\/11\/Wholesale-WASPE-Aiviou-25000-Puffs-Disposable-Vape-1.webp 800w, https:\/\/www.vapeswholesaler.com\/wp-content\/uploads\/2024\/11\/Wholesale-WASPE-Aiviou-25000-Puffs-Disposable-Vape-1-300x300.webp 300w, https:\/\/www.vapeswholesaler.com\/wp-content\/uploads\/2024\/11\/Wholesale-WASPE-Aiviou-25000-Puffs-Disposable-Vape-1-150x150.webp 150w, https:\/\/www.vapeswholesaler.com\/wp-content\/uploads\/2024\/11\/Wholesale-WASPE-Aiviou-25000-Puffs-Disposable-Vape-1-768x768.webp 768w, https:\/\/www.vapeswholesaler.com\/wp-content\/uploads\/2024\/11\/Wholesale-WASPE-Aiviou-25000-Puffs-Disposable-Vape-1-12x12.webp 12w, https:\/\/www.vapeswholesaler.com\/wp-content\/uploads\/2024\/11\/Wholesale-WASPE-Aiviou-25000-Puffs-Disposable-Vape-1-247x247.webp 247w, https:\/\/www.vapeswholesaler.com\/wp-content\/uploads\/2024\/11\/Wholesale-WASPE-Aiviou-25000-Puffs-Disposable-Vape-1-510x510.webp 510w, https:\/\/www.vapeswholesaler.com\/wp-content\/uploads\/2024\/11\/Wholesale-WASPE-Aiviou-25000-Puffs-Disposable-Vape-1-100x100.webp 100w\" sizes=\"auto, (max-width: 800px) 100vw, 800px\" \/><\/p>","protected":false},"excerpt":{"rendered":"<p>Quantidade m\u00ednima de encomenda: 50 PCS (mistura de sabores)<\/p>\n<p>\uff08<strong>0%,2%,5%<\/strong>\uff09<\/p>","protected":false},"featured_media":20623,"comment_status":"open","ping_status":"closed","template":"","meta":[],"product_cat":[15],"product_tag":[374,383],"class_list":{"0":"post-20611","1":"product","2":"type-product","3":"status-publish","4":"has-post-thumbnail","6":"product_cat-disposable-vape","7":"product_tag-30000-puffs","8":"product_tag-waspe","9":"product_brand-waspe","11":"first","12":"outofstock","13":"shipping-taxable","14":"purchasable","15":"product-type-variable","16":"has-default-attributes"},"aioseo_notices":[],"_links":{"self":[{"href":"https:\/\/www.vapeswholesaler.com\/pt\/wp-json\/wp\/v2\/product\/20611","targetHints":{"allow":["GET"]}}],"collection":[{"href":"https:\/\/www.vapeswholesaler.com\/pt\/wp-json\/wp\/v2\/product"}],"about":[{"href":"https:\/\/www.vapeswholesaler.com\/pt\/wp-json\/wp\/v2\/types\/product"}],"replies":[{"embeddable":true,"href":"https:\/\/www.vapeswholesaler.com\/pt\/wp-json\/wp\/v2\/comments?post=20611"}],"wp:featuredmedia":[{"embeddable":true,"href":"https:\/\/www.vapeswholesaler.com\/pt\/wp-json\/wp\/v2\/media\/20623"}],"wp:attachment":[{"href":"https:\/\/www.vapeswholesaler.com\/pt\/wp-json\/wp\/v2\/media?parent=20611"}],"wp:term":[{"taxonomy":"product_cat","embeddable":true,"href":"https:\/\/www.vapeswholesaler.com\/pt\/wp-json\/wp\/v2\/product_cat?post=20611"},{"taxonomy":"product_tag","embeddable":true,"href":"https:\/\/www.vapeswholesaler.com\/pt\/wp-json\/wp\/v2\/product_tag?post=20611"}],"curies":[{"name":"wp","href":"https:\/\/api.w.org\/{rel}","templated":true}]}}