{"id":20232,"date":"2024-11-11T11:47:36","date_gmt":"2024-11-11T03:47:36","guid":{"rendered":"https:\/\/www.vapeswholesaler.com\/?post_type=product&#038;p=20232"},"modified":"2025-11-30T09:55:26","modified_gmt":"2025-11-30T01:55:26","slug":"venda-por-grosso-arymi-hookalit-40000-puffs-narguile-descartavel-vape","status":"publish","type":"product","link":"https:\/\/www.vapeswholesaler.com\/pt\/produto\/venda-por-grosso-arymi-hookalit-40000-puffs-narguile-descartavel-vape","title":{"rendered":"Vape descart\u00e1vel para narguil\u00e9 ARYMI Hookalit 40000 Puffs"},"content":{"rendered":"<p>O Vape descart\u00e1vel ARYMI Hookalit 40000 Puffs Shisha Hookah vem com 40ml de e-juice com 0.5% de nicotina e mais decora\u00e7\u00f5es para diferentes sabores. Este vape descart\u00e1vel semelhante a um cilindro \u00e9 muito port\u00e1til, perfeito para uso di\u00e1rio. O teor reduzido de nicotina satisfaz as necessidades de sabores mais suaves. O Arymi Hookalit suporta tanto a vaporiza\u00e7\u00e3o MTL como DL. Pode mudar para o modo DL em qualquer altura e alterar as defini\u00e7\u00f5es do fluxo de ar para obter mais produ\u00e7\u00e3o de vapor. Com o Arymi Hookalit 40000 Vape na m\u00e3o, pode desfrutar dos sabores da shisha em qualquer altura e em qualquer lugar.<\/p>\n<h2><strong><a href=\"https:\/\/www.vapeswholesaler.com\/pt\/produto\/kanger-subox-50000-puffs-vape-descartavel-40ml\/\">ARYMI Hookalit 40000<\/a> Puffs Carater\u00edsticas:<\/strong><\/h2>\n<ul>\n<li>40 ml de capacidade gigantesca de E-l\u00edquidos<\/li>\n<li>Bateria recarreg\u00e1vel de 1300mAh integrada<\/li>\n<li>Contagem de baforadas: Aproximadamente 40000 Puffs (MTL)\/20000 Puffs (DL)<\/li>\n<li>Bobina de malha iluminada de 0,6ohm<\/li>\n<li>Ponta de gotejamento tipo palha<\/li>\n<li>Ecr\u00e3 digital simples<\/li>\n<li>Controlo de fluxo de ar ajust\u00e1vel: MTL\/DL<\/li>\n<li>0,5%(5mg\/ml) For\u00e7a da nicotina<\/li>\n<li>Sabores aut\u00eanticos de narguil\u00e9: Perfeito para DTL<\/li>\n<li>Carregamento USB tipo C (cabo n\u00e3o inclu\u00eddo)<\/li>\n<li>Ativado por sorteio<\/li>\n<\/ul>\n<h2><strong>ARYMI Hookalit 40000 Puffs Sabores:<\/strong><\/h2>\n<ol>\n<li>Morango Kiwi<\/li>\n<li>Gelo de uva<\/li>\n<li>Congelamento de manga<\/li>\n<li>Gelo exuberante<\/li>\n<li>Melancia Morango Mel\u00e3o<\/li>\n<li>Gelo de groselha<\/li>\n<li>Sr. Azul<\/li>\n<li>Cereja Framboesa<\/li>\n<li>Hortel\u00e3-lim\u00e3o<\/li>\n<li>Sonho l\u00facido<\/li>\n<li>Pastilha el\u00e1stica<\/li>\n<li>Amor 66<\/li>\n<li>Maracuj\u00e1<\/li>\n<li>Senhora assassina<\/li>\n<li>P\u00eassego Manga Melancia<\/li>\n<li>Narguil\u00e9 Duas Ma\u00e7\u00e3s<\/li>\n<li>Gelo de p\u00eassego<\/li>\n<li>Amor m\u00e1gico<\/li>\n<li>Bagas mistas<\/li>\n<li>Limonada Blue Razz<\/li>\n<\/ol>\n<h2><strong>Lista de embalagem:<\/strong><\/h2>\n<p>1pcs\/pacote<br \/>\ncada embalagem 210g<br \/>\n100 unidades por caixa<br \/>\n21 kg\/caixa<\/p>\n<p>&nbsp;<\/p>\n<p>&nbsp;<\/p>\n<p><img loading=\"lazy\" decoding=\"async\" class=\"alignnone wp-image-20236 size-full\" title=\"Atacado ARYMI Hookalit 40000 Puffs Shisha Vape Descart\u00e1vel 4\" src=\"https:\/\/www.vapeswholesaler.com\/wp-content\/uploads\/2024\/11\/Wholesale-ARYMI-Hookalit-40000-Puffs-Shisha-Disposable-Vape-4.webp\" alt=\"Atacado ARYMI Hookalit 40000 Puffs Shisha Vape Descart\u00e1vel 4\" width=\"800\" height=\"800\" srcset=\"https:\/\/www.vapeswholesaler.com\/wp-content\/uploads\/2024\/11\/Wholesale-ARYMI-Hookalit-40000-Puffs-Shisha-Disposable-Vape-4.webp 800w, https:\/\/www.vapeswholesaler.com\/wp-content\/uploads\/2024\/11\/Wholesale-ARYMI-Hookalit-40000-Puffs-Shisha-Disposable-Vape-4-300x300.webp 300w, https:\/\/www.vapeswholesaler.com\/wp-content\/uploads\/2024\/11\/Wholesale-ARYMI-Hookalit-40000-Puffs-Shisha-Disposable-Vape-4-150x150.webp 150w, https:\/\/www.vapeswholesaler.com\/wp-content\/uploads\/2024\/11\/Wholesale-ARYMI-Hookalit-40000-Puffs-Shisha-Disposable-Vape-4-768x768.webp 768w, https:\/\/www.vapeswholesaler.com\/wp-content\/uploads\/2024\/11\/Wholesale-ARYMI-Hookalit-40000-Puffs-Shisha-Disposable-Vape-4-12x12.webp 12w, https:\/\/www.vapeswholesaler.com\/wp-content\/uploads\/2024\/11\/Wholesale-ARYMI-Hookalit-40000-Puffs-Shisha-Disposable-Vape-4-247x247.webp 247w, https:\/\/www.vapeswholesaler.com\/wp-content\/uploads\/2024\/11\/Wholesale-ARYMI-Hookalit-40000-Puffs-Shisha-Disposable-Vape-4-510x510.webp 510w, https:\/\/www.vapeswholesaler.com\/wp-content\/uploads\/2024\/11\/Wholesale-ARYMI-Hookalit-40000-Puffs-Shisha-Disposable-Vape-4-100x100.webp 100w\" sizes=\"auto, (max-width: 800px) 100vw, 800px\" \/> <img loading=\"lazy\" decoding=\"async\" class=\"alignnone wp-image-20237 size-full\" title=\"Atacado ARYMI Hookalit 40000 Puffs Shisha Vape Descart\u00e1vel 5\" src=\"https:\/\/www.vapeswholesaler.com\/wp-content\/uploads\/2024\/11\/Wholesale-ARYMI-Hookalit-40000-Puffs-Shisha-Disposable-Vape-5.webp\" alt=\"Atacado ARYMI Hookalit 40000 Puffs Shisha Vape Descart\u00e1vel 5\" width=\"800\" height=\"849\" srcset=\"https:\/\/www.vapeswholesaler.com\/wp-content\/uploads\/2024\/11\/Wholesale-ARYMI-Hookalit-40000-Puffs-Shisha-Disposable-Vape-5.webp 800w, https:\/\/www.vapeswholesaler.com\/wp-content\/uploads\/2024\/11\/Wholesale-ARYMI-Hookalit-40000-Puffs-Shisha-Disposable-Vape-5-283x300.webp 283w, https:\/\/www.vapeswholesaler.com\/wp-content\/uploads\/2024\/11\/Wholesale-ARYMI-Hookalit-40000-Puffs-Shisha-Disposable-Vape-5-768x815.webp 768w, https:\/\/www.vapeswholesaler.com\/wp-content\/uploads\/2024\/11\/Wholesale-ARYMI-Hookalit-40000-Puffs-Shisha-Disposable-Vape-5-11x12.webp 11w, https:\/\/www.vapeswholesaler.com\/wp-content\/uploads\/2024\/11\/Wholesale-ARYMI-Hookalit-40000-Puffs-Shisha-Disposable-Vape-5-510x541.webp 510w\" sizes=\"auto, (max-width: 800px) 100vw, 800px\" \/> <img loading=\"lazy\" decoding=\"async\" class=\"alignnone wp-image-20238 size-full\" title=\"Atacado ARYMI Hookalit 40000 Puffs Shisha Vape Descart\u00e1vel 6\" src=\"https:\/\/www.vapeswholesaler.com\/wp-content\/uploads\/2024\/11\/Wholesale-ARYMI-Hookalit-40000-Puffs-Shisha-Disposable-Vape-6.webp\" alt=\"Atacado ARYMI Hookalit 40000 Puffs Shisha Vape Descart\u00e1vel 6\" width=\"800\" height=\"800\" srcset=\"https:\/\/www.vapeswholesaler.com\/wp-content\/uploads\/2024\/11\/Wholesale-ARYMI-Hookalit-40000-Puffs-Shisha-Disposable-Vape-6.webp 800w, https:\/\/www.vapeswholesaler.com\/wp-content\/uploads\/2024\/11\/Wholesale-ARYMI-Hookalit-40000-Puffs-Shisha-Disposable-Vape-6-300x300.webp 300w, https:\/\/www.vapeswholesaler.com\/wp-content\/uploads\/2024\/11\/Wholesale-ARYMI-Hookalit-40000-Puffs-Shisha-Disposable-Vape-6-150x150.webp 150w, https:\/\/www.vapeswholesaler.com\/wp-content\/uploads\/2024\/11\/Wholesale-ARYMI-Hookalit-40000-Puffs-Shisha-Disposable-Vape-6-768x768.webp 768w, https:\/\/www.vapeswholesaler.com\/wp-content\/uploads\/2024\/11\/Wholesale-ARYMI-Hookalit-40000-Puffs-Shisha-Disposable-Vape-6-12x12.webp 12w, https:\/\/www.vapeswholesaler.com\/wp-content\/uploads\/2024\/11\/Wholesale-ARYMI-Hookalit-40000-Puffs-Shisha-Disposable-Vape-6-247x247.webp 247w, https:\/\/www.vapeswholesaler.com\/wp-content\/uploads\/2024\/11\/Wholesale-ARYMI-Hookalit-40000-Puffs-Shisha-Disposable-Vape-6-510x510.webp 510w, https:\/\/www.vapeswholesaler.com\/wp-content\/uploads\/2024\/11\/Wholesale-ARYMI-Hookalit-40000-Puffs-Shisha-Disposable-Vape-6-100x100.webp 100w\" sizes=\"auto, (max-width: 800px) 100vw, 800px\" \/> <img loading=\"lazy\" decoding=\"async\" class=\"alignnone wp-image-20239 size-full\" title=\"Atacado ARYMI Hookalit 40000 Puffs Shisha Vape Descart\u00e1vel 7\" src=\"https:\/\/www.vapeswholesaler.com\/wp-content\/uploads\/2024\/11\/Wholesale-ARYMI-Hookalit-40000-Puffs-Shisha-Disposable-Vape-7.webp\" alt=\"Atacado ARYMI Hookalit 40000 Puffs Shisha Vape Descart\u00e1vel 7\" width=\"800\" height=\"424\" srcset=\"https:\/\/www.vapeswholesaler.com\/wp-content\/uploads\/2024\/11\/Wholesale-ARYMI-Hookalit-40000-Puffs-Shisha-Disposable-Vape-7.webp 800w, https:\/\/www.vapeswholesaler.com\/wp-content\/uploads\/2024\/11\/Wholesale-ARYMI-Hookalit-40000-Puffs-Shisha-Disposable-Vape-7-300x159.webp 300w, https:\/\/www.vapeswholesaler.com\/wp-content\/uploads\/2024\/11\/Wholesale-ARYMI-Hookalit-40000-Puffs-Shisha-Disposable-Vape-7-768x407.webp 768w, https:\/\/www.vapeswholesaler.com\/wp-content\/uploads\/2024\/11\/Wholesale-ARYMI-Hookalit-40000-Puffs-Shisha-Disposable-Vape-7-18x10.webp 18w, https:\/\/www.vapeswholesaler.com\/wp-content\/uploads\/2024\/11\/Wholesale-ARYMI-Hookalit-40000-Puffs-Shisha-Disposable-Vape-7-510x270.webp 510w\" sizes=\"auto, (max-width: 800px) 100vw, 800px\" \/><\/p>","protected":false},"excerpt":{"rendered":"<p>Quantidade m\u00ednima de encomenda: <strong>100 UNIDADES<\/strong> (Mistura de sabores)<\/p>\n<p>\uff085%\uff09<strong>Envio gratuito<\/strong><\/p>","protected":false},"featured_media":20210,"comment_status":"open","ping_status":"closed","template":"","meta":[],"product_cat":[15],"product_tag":[150,151,152,153],"class_list":{"0":"post-20232","1":"product","2":"type-product","3":"status-publish","4":"has-post-thumbnail","6":"product_cat-disposable-vape","7":"product_tag-arymi-hookalit-40000-puffs","8":"product_tag-arymi-40000-puffs","9":"product_tag-arymi-40000-puffs-disposable-vape","10":"product_tag-arymi-hookalit-40000-puffs-vapes","11":"product_brand-kanger-arymi","13":"first","14":"instock","15":"shipping-taxable","16":"purchasable","17":"product-type-variable","18":"has-default-attributes"},"aioseo_notices":[],"_links":{"self":[{"href":"https:\/\/www.vapeswholesaler.com\/pt\/wp-json\/wp\/v2\/product\/20232","targetHints":{"allow":["GET"]}}],"collection":[{"href":"https:\/\/www.vapeswholesaler.com\/pt\/wp-json\/wp\/v2\/product"}],"about":[{"href":"https:\/\/www.vapeswholesaler.com\/pt\/wp-json\/wp\/v2\/types\/product"}],"replies":[{"embeddable":true,"href":"https:\/\/www.vapeswholesaler.com\/pt\/wp-json\/wp\/v2\/comments?post=20232"}],"wp:featuredmedia":[{"embeddable":true,"href":"https:\/\/www.vapeswholesaler.com\/pt\/wp-json\/wp\/v2\/media\/20210"}],"wp:attachment":[{"href":"https:\/\/www.vapeswholesaler.com\/pt\/wp-json\/wp\/v2\/media?parent=20232"}],"wp:term":[{"taxonomy":"product_cat","embeddable":true,"href":"https:\/\/www.vapeswholesaler.com\/pt\/wp-json\/wp\/v2\/product_cat?post=20232"},{"taxonomy":"product_tag","embeddable":true,"href":"https:\/\/www.vapeswholesaler.com\/pt\/wp-json\/wp\/v2\/product_tag?post=20232"}],"curies":[{"name":"wp","href":"https:\/\/api.w.org\/{rel}","templated":true}]}}