{"id":20185,"date":"2024-11-10T12:59:57","date_gmt":"2024-11-10T04:59:57","guid":{"rendered":"https:\/\/www.vapeswholesaler.com\/?post_type=product&#038;p=20185"},"modified":"2025-02-23T16:17:57","modified_gmt":"2025-02-23T08:17:57","slug":"vimaxi-20000-puffs-vape-descartavel-por-atacado","status":"publish","type":"product","link":"https:\/\/www.vapeswholesaler.com\/pt\/produto\/vimaxi-20000-puffs-vape-descartavel-por-atacado","title":{"rendered":"Atacado Maskking Vimaxi 20000 Puffs Vape descart\u00e1vel"},"content":{"rendered":"<p><a href=\"https:\/\/www.vapeswholesaler.com\/pt\/marca_do_produto\/mascaramento\/\">M\u00e1scara<\/a> O VIMAXI 20000 Puffs \u00e9 um vape de vanguarda que melhora a sua experi\u00eancia visual e redefine o prazer de vaporizar. Combinando um ecr\u00e3 completo imersivo com uns incr\u00edveis 20.000 puffs, este dispositivo estabelece um novo padr\u00e3o no mercado, oferecendo conveni\u00eancia e prazer.<\/p>\n<h2><strong>Super ecr\u00e3 inteiro: Maximizar a sua experi\u00eancia visual:<\/strong><\/h2>\n<p>O visor de ecr\u00e3 completo do Maskking VIMAXI 20000 Puffs oferece imagens de alta resolu\u00e7\u00e3o para dados em tempo real sobre o tempo de vaporiza\u00e7\u00e3o, o modo de vaporiza\u00e7\u00e3o, a dura\u00e7\u00e3o da bateria e o volume de e-l\u00edquido. Esta interface intuitiva melhora a navega\u00e7\u00e3o e o controlo, combinando um design elegante com funcionalidade. Desfrute de uma experi\u00eancia de vaporiza\u00e7\u00e3o moderna e envolvente com informa\u00e7\u00f5es claras e acess\u00edveis num relance.<\/p>\n<h2><strong>Puffs grandes: A derradeira experi\u00eancia de 20.000 puffs:<\/strong><\/h2>\n<p>Com uma impressionante capacidade de 20.000 baforadas, o Maskking VIMAXI 20000 Puffs garante um per\u00edodo alargado de puro prazer. Cada baforada \u00e9 meticulosamente elaborada para o mergulhar num mundo de sabores e prazeres inigual\u00e1veis, permitindo-lhe desfrutar desta experi\u00eancia excecional durante um per\u00edodo de tempo consider\u00e1vel. Desfruta da vaporiza\u00e7\u00e3o at\u00e9 \u00e0 exaust\u00e3o sem interrup\u00e7\u00f5es frequentes.<\/p>\n<h2><strong>Interruptor de caudal de ar: Sele\u00e7\u00e3o \u00f3ptima do fluxo de ar:<\/strong><\/h2>\n<p>O ajuste do fluxo de ar localizado na parte inferior do Maskking VIMAXI 20000 permite-lhe escolher o fluxo de ar mais confort\u00e1vel para as suas prefer\u00eancias. Esta carater\u00edstica cuidadosa garante uma experi\u00eancia de vaporiza\u00e7\u00e3o personalizada e agrad\u00e1vel, adaptada exatamente ao seu conforto.<\/p>\n<p>Equipado com bobinas de malha dupla, o Maskking VIMAXI 20000 Puffs proporciona um sabor consistente e puro a cada tragada. As bobinas de malha dupla funcionam alternadamente no modo normal para um sabor suave, enquanto no modo turbo funcionam simultaneamente para real\u00e7ar o sabor e proporcionar uma batida mais forte na garganta da primeira \u00e0 \u00faltima tragada. Esta tecnologia inovadora aumenta a \u00e1rea de contacto entre o l\u00edquido e a bobina, oferecendo um sabor e uma satisfa\u00e7\u00e3o inigual\u00e1veis.<\/p>\n<p>Em conclus\u00e3o, o Maskking VIMAXI 20000 Puffs \u00e9 um vape revolucion\u00e1rio que combina o esplendor visual com umas extraordin\u00e1rias 20.000 baforadas. O seu visor de ecr\u00e3 completo, o fluxo de ar ajust\u00e1vel, os modos de vaporiza\u00e7\u00e3o duplos e a bobina de malha dupla fazem dele a escolha perfeita para os vapers que procuram uma experi\u00eancia fi\u00e1vel e agrad\u00e1vel. Escolha o VIMAXI e eleve a sua viagem de vaporiza\u00e7\u00e3o a novos patamares.<\/p>\n<h2><strong>Maskking VIMAXI 20000 Puffs Carater\u00edsticas:<\/strong><\/h2>\n<ul>\n<li>Puffs: 20000<\/li>\n<li>Capacidade da bateria: 600mAh (Tipo C)<\/li>\n<li>Modo: Turbo e Normal<\/li>\n<li>Nicotina: 2% e 5%<\/li>\n<li>Resist\u00eancia: 1,2\u03a9<\/li>\n<li>Tamanho: 51 x 27 x 91,76 mm<\/li>\n<li>Peso: 78g<\/li>\n<\/ul>\n<h2><strong>Maskking VIMAXI 20000 Puffs Sabores:<\/strong><\/h2>\n<ol>\n<li>Urso de goma branco<\/li>\n<li>Gelo de morango<\/li>\n<li>Groselha preta<\/li>\n<li>Azul Razz<\/li>\n<li>Hortel\u00e3 fresca<\/li>\n<li>Ma\u00e7\u00e3 verde<\/li>\n<li>Banana com morango<\/li>\n<li>Ma\u00e7\u00e3 P\u00eassego<\/li>\n<li>Lichia de morango<\/li>\n<li>Manga com morango<\/li>\n<li>Gelo de uva<\/li>\n<li>Limonada de morango e menta<\/li>\n<li>Mel\u00e3o de menta<\/li>\n<li>Melancia Kiwi<\/li>\n<li>Manga Anan\u00e1s<\/li>\n<li>Baga de p\u00eassego<\/li>\n<\/ol>\n<h2><strong>Lista de embalagem:<\/strong><\/h2>\n<p>1 unidade por caixa individual<br \/>\n10 unidades cada Caixa de exposi\u00e7\u00e3o<br \/>\n200 unidades por caixa<\/p>\n<p><img loading=\"lazy\" decoding=\"async\" class=\"alignnone wp-image-20160 size-full\" title=\"Atacado Maskking Vimaxi 20000 Puffs Vape descart\u00e1vel 1\" src=\"https:\/\/www.vapeswholesaler.com\/wp-content\/uploads\/2024\/11\/Wholesale-Maskking-Vimaxi-20000-Puffs-Disposable-Vape-1.webp\" alt=\"Atacado Maskking Vimaxi 20000 Puffs Vape descart\u00e1vel 1\" width=\"800\" height=\"450\" srcset=\"https:\/\/www.vapeswholesaler.com\/wp-content\/uploads\/2024\/11\/Wholesale-Maskking-Vimaxi-20000-Puffs-Disposable-Vape-1.webp 800w, https:\/\/www.vapeswholesaler.com\/wp-content\/uploads\/2024\/11\/Wholesale-Maskking-Vimaxi-20000-Puffs-Disposable-Vape-1-300x169.webp 300w, https:\/\/www.vapeswholesaler.com\/wp-content\/uploads\/2024\/11\/Wholesale-Maskking-Vimaxi-20000-Puffs-Disposable-Vape-1-768x432.webp 768w, https:\/\/www.vapeswholesaler.com\/wp-content\/uploads\/2024\/11\/Wholesale-Maskking-Vimaxi-20000-Puffs-Disposable-Vape-1-18x10.webp 18w, https:\/\/www.vapeswholesaler.com\/wp-content\/uploads\/2024\/11\/Wholesale-Maskking-Vimaxi-20000-Puffs-Disposable-Vape-1-510x287.webp 510w\" sizes=\"auto, (max-width: 800px) 100vw, 800px\" \/> <img loading=\"lazy\" decoding=\"async\" class=\"alignnone wp-image-20161 size-full\" title=\"Atacado Maskking Vimaxi 20000 Puffs Vape descart\u00e1vel 2\" src=\"https:\/\/www.vapeswholesaler.com\/wp-content\/uploads\/2024\/11\/Wholesale-Maskking-Vimaxi-20000-Puffs-Disposable-Vape-2.webp\" alt=\"Atacado Maskking Vimaxi 20000 Puffs Vape descart\u00e1vel 2\" width=\"800\" height=\"165\" srcset=\"https:\/\/www.vapeswholesaler.com\/wp-content\/uploads\/2024\/11\/Wholesale-Maskking-Vimaxi-20000-Puffs-Disposable-Vape-2.webp 800w, https:\/\/www.vapeswholesaler.com\/wp-content\/uploads\/2024\/11\/Wholesale-Maskking-Vimaxi-20000-Puffs-Disposable-Vape-2-300x62.webp 300w, https:\/\/www.vapeswholesaler.com\/wp-content\/uploads\/2024\/11\/Wholesale-Maskking-Vimaxi-20000-Puffs-Disposable-Vape-2-768x158.webp 768w, https:\/\/www.vapeswholesaler.com\/wp-content\/uploads\/2024\/11\/Wholesale-Maskking-Vimaxi-20000-Puffs-Disposable-Vape-2-18x4.webp 18w, https:\/\/www.vapeswholesaler.com\/wp-content\/uploads\/2024\/11\/Wholesale-Maskking-Vimaxi-20000-Puffs-Disposable-Vape-2-510x105.webp 510w\" sizes=\"auto, (max-width: 800px) 100vw, 800px\" \/> <img loading=\"lazy\" decoding=\"async\" class=\"alignnone wp-image-20162 size-full\" title=\"Atacado Maskking Vimaxi 20000 Puffs Vape descart\u00e1vel 3\" src=\"https:\/\/www.vapeswholesaler.com\/wp-content\/uploads\/2024\/11\/Wholesale-Maskking-Vimaxi-20000-Puffs-Disposable-Vape-3.webp\" alt=\"Atacado Maskking Vimaxi 20000 Puffs Vape descart\u00e1vel 3\" width=\"800\" height=\"383\" srcset=\"https:\/\/www.vapeswholesaler.com\/wp-content\/uploads\/2024\/11\/Wholesale-Maskking-Vimaxi-20000-Puffs-Disposable-Vape-3.webp 800w, https:\/\/www.vapeswholesaler.com\/wp-content\/uploads\/2024\/11\/Wholesale-Maskking-Vimaxi-20000-Puffs-Disposable-Vape-3-300x144.webp 300w, https:\/\/www.vapeswholesaler.com\/wp-content\/uploads\/2024\/11\/Wholesale-Maskking-Vimaxi-20000-Puffs-Disposable-Vape-3-768x368.webp 768w, https:\/\/www.vapeswholesaler.com\/wp-content\/uploads\/2024\/11\/Wholesale-Maskking-Vimaxi-20000-Puffs-Disposable-Vape-3-18x9.webp 18w, https:\/\/www.vapeswholesaler.com\/wp-content\/uploads\/2024\/11\/Wholesale-Maskking-Vimaxi-20000-Puffs-Disposable-Vape-3-510x244.webp 510w\" sizes=\"auto, (max-width: 800px) 100vw, 800px\" \/> <img loading=\"lazy\" decoding=\"async\" class=\"alignnone wp-image-20163 size-full\" title=\"Atacado Maskking Vimaxi 20000 Puffs Vape descart\u00e1vel 4\" src=\"https:\/\/www.vapeswholesaler.com\/wp-content\/uploads\/2024\/11\/Wholesale-Maskking-Vimaxi-20000-Puffs-Disposable-Vape-4.webp\" alt=\"Atacado Maskking Vimaxi 20000 Puffs Vape descart\u00e1vel 4\" width=\"800\" height=\"383\" srcset=\"https:\/\/www.vapeswholesaler.com\/wp-content\/uploads\/2024\/11\/Wholesale-Maskking-Vimaxi-20000-Puffs-Disposable-Vape-4.webp 800w, https:\/\/www.vapeswholesaler.com\/wp-content\/uploads\/2024\/11\/Wholesale-Maskking-Vimaxi-20000-Puffs-Disposable-Vape-4-300x144.webp 300w, https:\/\/www.vapeswholesaler.com\/wp-content\/uploads\/2024\/11\/Wholesale-Maskking-Vimaxi-20000-Puffs-Disposable-Vape-4-768x368.webp 768w, https:\/\/www.vapeswholesaler.com\/wp-content\/uploads\/2024\/11\/Wholesale-Maskking-Vimaxi-20000-Puffs-Disposable-Vape-4-18x9.webp 18w, https:\/\/www.vapeswholesaler.com\/wp-content\/uploads\/2024\/11\/Wholesale-Maskking-Vimaxi-20000-Puffs-Disposable-Vape-4-510x244.webp 510w\" sizes=\"auto, (max-width: 800px) 100vw, 800px\" \/> <img loading=\"lazy\" decoding=\"async\" class=\"alignnone wp-image-20164 size-full\" title=\"Atacado Maskking Vimaxi 20000 Puffs Vape descart\u00e1vel 5\" src=\"https:\/\/www.vapeswholesaler.com\/wp-content\/uploads\/2024\/11\/Wholesale-Maskking-Vimaxi-20000-Puffs-Disposable-Vape-5.webp\" alt=\"Atacado Maskking Vimaxi 20000 Puffs Vape descart\u00e1vel 5\" width=\"800\" height=\"383\" srcset=\"https:\/\/www.vapeswholesaler.com\/wp-content\/uploads\/2024\/11\/Wholesale-Maskking-Vimaxi-20000-Puffs-Disposable-Vape-5.webp 800w, https:\/\/www.vapeswholesaler.com\/wp-content\/uploads\/2024\/11\/Wholesale-Maskking-Vimaxi-20000-Puffs-Disposable-Vape-5-300x144.webp 300w, https:\/\/www.vapeswholesaler.com\/wp-content\/uploads\/2024\/11\/Wholesale-Maskking-Vimaxi-20000-Puffs-Disposable-Vape-5-768x368.webp 768w, https:\/\/www.vapeswholesaler.com\/wp-content\/uploads\/2024\/11\/Wholesale-Maskking-Vimaxi-20000-Puffs-Disposable-Vape-5-18x9.webp 18w, https:\/\/www.vapeswholesaler.com\/wp-content\/uploads\/2024\/11\/Wholesale-Maskking-Vimaxi-20000-Puffs-Disposable-Vape-5-510x244.webp 510w\" sizes=\"auto, (max-width: 800px) 100vw, 800px\" \/> <img loading=\"lazy\" decoding=\"async\" class=\"alignnone wp-image-20165 size-full\" title=\"Atacado Maskking Vimaxi 20000 Puffs Vape descart\u00e1vel 6\" src=\"https:\/\/www.vapeswholesaler.com\/wp-content\/uploads\/2024\/11\/Wholesale-Maskking-Vimaxi-20000-Puffs-Disposable-Vape-6.webp\" alt=\"Atacado Maskking Vimaxi 20000 Puffs Vape descart\u00e1vel 6\" width=\"800\" height=\"384\" srcset=\"https:\/\/www.vapeswholesaler.com\/wp-content\/uploads\/2024\/11\/Wholesale-Maskking-Vimaxi-20000-Puffs-Disposable-Vape-6.webp 800w, https:\/\/www.vapeswholesaler.com\/wp-content\/uploads\/2024\/11\/Wholesale-Maskking-Vimaxi-20000-Puffs-Disposable-Vape-6-300x144.webp 300w, https:\/\/www.vapeswholesaler.com\/wp-content\/uploads\/2024\/11\/Wholesale-Maskking-Vimaxi-20000-Puffs-Disposable-Vape-6-768x369.webp 768w, https:\/\/www.vapeswholesaler.com\/wp-content\/uploads\/2024\/11\/Wholesale-Maskking-Vimaxi-20000-Puffs-Disposable-Vape-6-18x9.webp 18w, https:\/\/www.vapeswholesaler.com\/wp-content\/uploads\/2024\/11\/Wholesale-Maskking-Vimaxi-20000-Puffs-Disposable-Vape-6-510x245.webp 510w\" sizes=\"auto, (max-width: 800px) 100vw, 800px\" \/> <img loading=\"lazy\" decoding=\"async\" class=\"alignnone wp-image-20166 size-full\" title=\"Atacado Maskking Vimaxi 20000 Puffs Vape descart\u00e1vel 7\" src=\"https:\/\/www.vapeswholesaler.com\/wp-content\/uploads\/2024\/11\/Wholesale-Maskking-Vimaxi-20000-Puffs-Disposable-Vape-7.webp\" alt=\"Atacado Maskking Vimaxi 20000 Puffs Vape descart\u00e1vel 7\" width=\"800\" height=\"451\" srcset=\"https:\/\/www.vapeswholesaler.com\/wp-content\/uploads\/2024\/11\/Wholesale-Maskking-Vimaxi-20000-Puffs-Disposable-Vape-7.webp 800w, https:\/\/www.vapeswholesaler.com\/wp-content\/uploads\/2024\/11\/Wholesale-Maskking-Vimaxi-20000-Puffs-Disposable-Vape-7-300x169.webp 300w, https:\/\/www.vapeswholesaler.com\/wp-content\/uploads\/2024\/11\/Wholesale-Maskking-Vimaxi-20000-Puffs-Disposable-Vape-7-768x433.webp 768w, https:\/\/www.vapeswholesaler.com\/wp-content\/uploads\/2024\/11\/Wholesale-Maskking-Vimaxi-20000-Puffs-Disposable-Vape-7-18x10.webp 18w, https:\/\/www.vapeswholesaler.com\/wp-content\/uploads\/2024\/11\/Wholesale-Maskking-Vimaxi-20000-Puffs-Disposable-Vape-7-510x288.webp 510w\" sizes=\"auto, (max-width: 800px) 100vw, 800px\" \/> <img loading=\"lazy\" decoding=\"async\" class=\"alignnone wp-image-20167 size-full\" title=\"Atacado Maskking Vimaxi 20000 Puffs Vape descart\u00e1vel 8\" src=\"https:\/\/www.vapeswholesaler.com\/wp-content\/uploads\/2024\/11\/Wholesale-Maskking-Vimaxi-20000-Puffs-Disposable-Vape-8.webp\" alt=\"Atacado Maskking Vimaxi 20000 Puffs Vape descart\u00e1vel 8\" width=\"800\" height=\"450\" srcset=\"https:\/\/www.vapeswholesaler.com\/wp-content\/uploads\/2024\/11\/Wholesale-Maskking-Vimaxi-20000-Puffs-Disposable-Vape-8.webp 800w, https:\/\/www.vapeswholesaler.com\/wp-content\/uploads\/2024\/11\/Wholesale-Maskking-Vimaxi-20000-Puffs-Disposable-Vape-8-300x169.webp 300w, https:\/\/www.vapeswholesaler.com\/wp-content\/uploads\/2024\/11\/Wholesale-Maskking-Vimaxi-20000-Puffs-Disposable-Vape-8-768x432.webp 768w, https:\/\/www.vapeswholesaler.com\/wp-content\/uploads\/2024\/11\/Wholesale-Maskking-Vimaxi-20000-Puffs-Disposable-Vape-8-18x10.webp 18w, https:\/\/www.vapeswholesaler.com\/wp-content\/uploads\/2024\/11\/Wholesale-Maskking-Vimaxi-20000-Puffs-Disposable-Vape-8-510x287.webp 510w\" sizes=\"auto, (max-width: 800px) 100vw, 800px\" \/> <img loading=\"lazy\" decoding=\"async\" class=\"alignnone wp-image-20168 size-full\" title=\"Atacado Maskking Vimaxi 20000 Puffs Vape descart\u00e1vel 9\" src=\"https:\/\/www.vapeswholesaler.com\/wp-content\/uploads\/2024\/11\/Wholesale-Maskking-Vimaxi-20000-Puffs-Disposable-Vape-9.webp\" alt=\"Atacado Maskking Vimaxi 20000 Puffs Vape descart\u00e1vel 9\" width=\"800\" height=\"407\" srcset=\"https:\/\/www.vapeswholesaler.com\/wp-content\/uploads\/2024\/11\/Wholesale-Maskking-Vimaxi-20000-Puffs-Disposable-Vape-9.webp 800w, https:\/\/www.vapeswholesaler.com\/wp-content\/uploads\/2024\/11\/Wholesale-Maskking-Vimaxi-20000-Puffs-Disposable-Vape-9-300x153.webp 300w, https:\/\/www.vapeswholesaler.com\/wp-content\/uploads\/2024\/11\/Wholesale-Maskking-Vimaxi-20000-Puffs-Disposable-Vape-9-768x391.webp 768w, https:\/\/www.vapeswholesaler.com\/wp-content\/uploads\/2024\/11\/Wholesale-Maskking-Vimaxi-20000-Puffs-Disposable-Vape-9-18x9.webp 18w, https:\/\/www.vapeswholesaler.com\/wp-content\/uploads\/2024\/11\/Wholesale-Maskking-Vimaxi-20000-Puffs-Disposable-Vape-9-510x259.webp 510w\" sizes=\"auto, (max-width: 800px) 100vw, 800px\" \/><\/p>","protected":false},"excerpt":{"rendered":"<p>Quantidade m\u00ednima de encomenda: 100 PCS (mistura de sabores)\u00a0 <strong>Envio gratuito<\/strong><\/p>\n<p>\uff08<strong>2%, 5%<\/strong>\uff09<\/p>","protected":false},"featured_media":20176,"comment_status":"open","ping_status":"closed","template":"","meta":[],"product_cat":[15],"product_tag":[],"class_list":{"0":"post-20185","1":"product","2":"type-product","3":"status-publish","4":"has-post-thumbnail","6":"product_cat-disposable-vape","7":"product_brand-maskking","9":"first","10":"instock","11":"shipping-taxable","12":"purchasable","13":"product-type-variable","14":"has-default-attributes"},"aioseo_notices":[],"_links":{"self":[{"href":"https:\/\/www.vapeswholesaler.com\/pt\/wp-json\/wp\/v2\/product\/20185","targetHints":{"allow":["GET"]}}],"collection":[{"href":"https:\/\/www.vapeswholesaler.com\/pt\/wp-json\/wp\/v2\/product"}],"about":[{"href":"https:\/\/www.vapeswholesaler.com\/pt\/wp-json\/wp\/v2\/types\/product"}],"replies":[{"embeddable":true,"href":"https:\/\/www.vapeswholesaler.com\/pt\/wp-json\/wp\/v2\/comments?post=20185"}],"wp:featuredmedia":[{"embeddable":true,"href":"https:\/\/www.vapeswholesaler.com\/pt\/wp-json\/wp\/v2\/media\/20176"}],"wp:attachment":[{"href":"https:\/\/www.vapeswholesaler.com\/pt\/wp-json\/wp\/v2\/media?parent=20185"}],"wp:term":[{"taxonomy":"product_cat","embeddable":true,"href":"https:\/\/www.vapeswholesaler.com\/pt\/wp-json\/wp\/v2\/product_cat?post=20185"},{"taxonomy":"product_tag","embeddable":true,"href":"https:\/\/www.vapeswholesaler.com\/pt\/wp-json\/wp\/v2\/product_tag?post=20185"}],"curies":[{"name":"wp","href":"https:\/\/api.w.org\/{rel}","templated":true}]}}