{"id":20022,"date":"2024-10-28T14:47:43","date_gmt":"2024-10-28T06:47:43","guid":{"rendered":"https:\/\/www.vapeswholesaler.com\/?post_type=product&#038;p=20022"},"modified":"2025-03-05T14:26:41","modified_gmt":"2025-03-05T06:26:41","slug":"caneta-vape-descartavel-vapme-shisha-pro-max-20000-puffs-por-atacado","status":"publish","type":"product","link":"https:\/\/www.vapeswholesaler.com\/pt\/produto\/caneta-vape-descartavel-vapme-shisha-pro-max-20000-puffs-por-atacado","title":{"rendered":"Atacado Vapme Shisha Pro Max 20000 Puffs Caneta Vape descart\u00e1vel"},"content":{"rendered":"<p>Vapme Shisha Pro Max 20000 Puffs Disposable Vape Pen, o auge da tecnologia de vape descart\u00e1vel concebida para aqueles que exigem o melhor em termos de desempenho e sabor. Este extraordin\u00e1rio dispositivo foi concebido para proporcionar uma experi\u00eancia de vaporiza\u00e7\u00e3o sem paralelo, com umas not\u00e1veis 20.000 baforadas e um generoso dep\u00f3sito de 28 ml de capacidade.<\/p>\n<p>A caneta Vape descart\u00e1vel Vapme Shisha Pro Max 20000 Puffs foi concebida para proporcionar uma durabilidade e um prazer excepcionais. Com a sua impressionante capacidade de 20.000 puffs, este dispositivo garante um prazer prolongado sem recargas frequentes. O substancial reservat\u00f3rio de e-l\u00edquido de 28 ml permite uma utiliza\u00e7\u00e3o prolongada, enquanto a robusta bateria recarreg\u00e1vel de 650 mAh garante uma pot\u00eancia e um desempenho consistentes. O design elegante e as funcionalidades avan\u00e7adas fazem dele uma escolha de topo para vaporizadores que procuram conveni\u00eancia e qualidade.<\/p>\n<p>Vapme Shisha Pro Max 20000 Puffs Caneta Vape descart\u00e1vel O design exclusivo do display digital mostra a quantidade de vape E-Liquid restante e o n\u00edvel da bateria na mesma interface \uff0c Mant\u00e9m voc\u00ea atualizado com o uso do dispositivo e mant\u00e9m o seu dispositivo vape favorito carregado!<\/p>\n<h2><strong><a href=\"https:\/\/www.vapeswholesaler.com\/pt\/marca_do_produto\/vapme\/\">Vapme<\/a> Carater\u00edsticas do Shisha Pro Max 20000 Puffs:<\/strong><\/h2>\n<ul>\n<li>Capacidade: 28ml<\/li>\n<li>Puffs: Atingir at\u00e9 20000 Puffs<\/li>\n<li>2%(0mg\/20mg) op\u00e7\u00f5es de nicotina<\/li>\n<li>Vaporizador Sub-Ohm DTL<\/li>\n<li>proporciona uma experi\u00eancia de vaporiza\u00e7\u00e3o robusta.<\/li>\n<li>Bobina de malha: Bobina de malha de 0,60 ohm<\/li>\n<li>Bateria: 850mAh<\/li>\n<\/ul>\n<h2><strong>Vapme Shisha Pro Max 20000 Puffs Sabores:<\/strong><\/h2>\n<ol>\n<li>Pastilha el\u00e1stica de mirtilo<\/li>\n<li>Limonada Blue Razz<\/li>\n<li>Mirtilo Framboesa<\/li>\n<li>Gelo de corrente negra<\/li>\n<li>Cereja<\/li>\n<li>Ma\u00e7\u00e3 congelada<\/li>\n<li>Ponche de uva<\/li>\n<li>Sumo de p\u00eassego<\/li>\n<li>Kiwi Maracuj\u00e1 Goiaba<\/li>\n<li>Hortel\u00e3-lim\u00e3o<\/li>\n<li>Lady Killa<\/li>\n<li>Amor 66<\/li>\n<li>Bagas mistas<\/li>\n<li>P\u00eassego Manga Anan\u00e1s<\/li>\n<li>Batido de anan\u00e1s<\/li>\n<li>Morango Uva<\/li>\n<li>Morango Kiwi<\/li>\n<li>Gelo de morango<\/li>\n<li>Rebu\u00e7ados de morango e framboesa<\/li>\n<li>Melancia com morango<\/li>\n<li>Touro de melancia<\/li>\n<li>Melancia Cereja<\/li>\n<li>Gelo de melancia<\/li>\n<li>Mamba branca<\/li>\n<\/ol>\n<h2><strong>Lista de embalagem:<\/strong><\/h2>\n<p>1 unidade por caixa individual<br \/>\n10 unidades por caixa de exposi\u00e7\u00e3o<br \/>\n200 unidades por caixa<\/p>\n<p><img loading=\"lazy\" decoding=\"async\" class=\"alignnone wp-image-19994 size-full\" title=\"Atacado Vapme Shisha Pro Max 20000 Puffs Caneta Vape descart\u00e1vel 1\" src=\"https:\/\/www.vapeswholesaler.com\/wp-content\/uploads\/2024\/10\/Wholesale-Vapme-Shisha-Pro-Max-20000-Puffs-Disposable-Vape-Pen-1.webp\" alt=\"Atacado Vapme Shisha Pro Max 20000 Puffs Caneta Vape descart\u00e1vel 1\" width=\"800\" height=\"800\" srcset=\"https:\/\/www.vapeswholesaler.com\/wp-content\/uploads\/2024\/10\/Wholesale-Vapme-Shisha-Pro-Max-20000-Puffs-Disposable-Vape-Pen-1.webp 800w, https:\/\/www.vapeswholesaler.com\/wp-content\/uploads\/2024\/10\/Wholesale-Vapme-Shisha-Pro-Max-20000-Puffs-Disposable-Vape-Pen-1-300x300.webp 300w, https:\/\/www.vapeswholesaler.com\/wp-content\/uploads\/2024\/10\/Wholesale-Vapme-Shisha-Pro-Max-20000-Puffs-Disposable-Vape-Pen-1-150x150.webp 150w, https:\/\/www.vapeswholesaler.com\/wp-content\/uploads\/2024\/10\/Wholesale-Vapme-Shisha-Pro-Max-20000-Puffs-Disposable-Vape-Pen-1-768x768.webp 768w, https:\/\/www.vapeswholesaler.com\/wp-content\/uploads\/2024\/10\/Wholesale-Vapme-Shisha-Pro-Max-20000-Puffs-Disposable-Vape-Pen-1-12x12.webp 12w, https:\/\/www.vapeswholesaler.com\/wp-content\/uploads\/2024\/10\/Wholesale-Vapme-Shisha-Pro-Max-20000-Puffs-Disposable-Vape-Pen-1-247x247.webp 247w, https:\/\/www.vapeswholesaler.com\/wp-content\/uploads\/2024\/10\/Wholesale-Vapme-Shisha-Pro-Max-20000-Puffs-Disposable-Vape-Pen-1-510x510.webp 510w, https:\/\/www.vapeswholesaler.com\/wp-content\/uploads\/2024\/10\/Wholesale-Vapme-Shisha-Pro-Max-20000-Puffs-Disposable-Vape-Pen-1-100x100.webp 100w\" sizes=\"auto, (max-width: 800px) 100vw, 800px\" \/> <img loading=\"lazy\" decoding=\"async\" class=\"alignnone wp-image-19995 size-full\" title=\"Atacado Vapme Shisha Pro Max 20000 Puffs Caneta Vape descart\u00e1vel 2\" src=\"https:\/\/www.vapeswholesaler.com\/wp-content\/uploads\/2024\/10\/Wholesale-Vapme-Shisha-Pro-Max-20000-Puffs-Disposable-Vape-Pen-2.webp\" alt=\"Atacado Vapme Shisha Pro Max 20000 Puffs Caneta Vape descart\u00e1vel 2\" width=\"800\" height=\"550\" srcset=\"https:\/\/www.vapeswholesaler.com\/wp-content\/uploads\/2024\/10\/Wholesale-Vapme-Shisha-Pro-Max-20000-Puffs-Disposable-Vape-Pen-2.webp 800w, https:\/\/www.vapeswholesaler.com\/wp-content\/uploads\/2024\/10\/Wholesale-Vapme-Shisha-Pro-Max-20000-Puffs-Disposable-Vape-Pen-2-300x206.webp 300w, https:\/\/www.vapeswholesaler.com\/wp-content\/uploads\/2024\/10\/Wholesale-Vapme-Shisha-Pro-Max-20000-Puffs-Disposable-Vape-Pen-2-768x528.webp 768w, https:\/\/www.vapeswholesaler.com\/wp-content\/uploads\/2024\/10\/Wholesale-Vapme-Shisha-Pro-Max-20000-Puffs-Disposable-Vape-Pen-2-18x12.webp 18w, https:\/\/www.vapeswholesaler.com\/wp-content\/uploads\/2024\/10\/Wholesale-Vapme-Shisha-Pro-Max-20000-Puffs-Disposable-Vape-Pen-2-510x351.webp 510w\" sizes=\"auto, (max-width: 800px) 100vw, 800px\" \/> <img loading=\"lazy\" decoding=\"async\" class=\"alignnone wp-image-19996 size-full\" title=\"Atacado Vapme Shisha Pro Max 20000 Puffs Caneta Vape descart\u00e1vel 3\" src=\"https:\/\/www.vapeswholesaler.com\/wp-content\/uploads\/2024\/10\/Wholesale-Vapme-Shisha-Pro-Max-20000-Puffs-Disposable-Vape-Pen-3.webp\" alt=\"Atacado Vapme Shisha Pro Max 20000 Puffs Caneta Vape descart\u00e1vel 3\" width=\"800\" height=\"740\" srcset=\"https:\/\/www.vapeswholesaler.com\/wp-content\/uploads\/2024\/10\/Wholesale-Vapme-Shisha-Pro-Max-20000-Puffs-Disposable-Vape-Pen-3.webp 800w, https:\/\/www.vapeswholesaler.com\/wp-content\/uploads\/2024\/10\/Wholesale-Vapme-Shisha-Pro-Max-20000-Puffs-Disposable-Vape-Pen-3-300x278.webp 300w, https:\/\/www.vapeswholesaler.com\/wp-content\/uploads\/2024\/10\/Wholesale-Vapme-Shisha-Pro-Max-20000-Puffs-Disposable-Vape-Pen-3-768x710.webp 768w, https:\/\/www.vapeswholesaler.com\/wp-content\/uploads\/2024\/10\/Wholesale-Vapme-Shisha-Pro-Max-20000-Puffs-Disposable-Vape-Pen-3-13x12.webp 13w, https:\/\/www.vapeswholesaler.com\/wp-content\/uploads\/2024\/10\/Wholesale-Vapme-Shisha-Pro-Max-20000-Puffs-Disposable-Vape-Pen-3-510x472.webp 510w\" sizes=\"auto, (max-width: 800px) 100vw, 800px\" \/><\/p>","protected":false},"excerpt":{"rendered":"<p>Quantidade m\u00ednima de encomenda:\u00a0<strong>50 UNIDADES<\/strong>\u00a0(Mistura de sabores)\u00a0\u00a0<strong>Envio gratuito<\/strong><\/p>\n<p>(<strong>5% Nic<\/strong>)<\/p>","protected":false},"featured_media":20017,"comment_status":"open","ping_status":"closed","template":"","meta":[],"product_cat":[15],"product_tag":[],"class_list":{"0":"post-20022","1":"product","2":"type-product","3":"status-publish","4":"has-post-thumbnail","6":"product_cat-disposable-vape","7":"product_brand-vapme","9":"first","10":"outofstock","11":"shipping-taxable","12":"purchasable","13":"product-type-variable","14":"has-default-attributes"},"aioseo_notices":[],"_links":{"self":[{"href":"https:\/\/www.vapeswholesaler.com\/pt\/wp-json\/wp\/v2\/product\/20022","targetHints":{"allow":["GET"]}}],"collection":[{"href":"https:\/\/www.vapeswholesaler.com\/pt\/wp-json\/wp\/v2\/product"}],"about":[{"href":"https:\/\/www.vapeswholesaler.com\/pt\/wp-json\/wp\/v2\/types\/product"}],"replies":[{"embeddable":true,"href":"https:\/\/www.vapeswholesaler.com\/pt\/wp-json\/wp\/v2\/comments?post=20022"}],"wp:featuredmedia":[{"embeddable":true,"href":"https:\/\/www.vapeswholesaler.com\/pt\/wp-json\/wp\/v2\/media\/20017"}],"wp:attachment":[{"href":"https:\/\/www.vapeswholesaler.com\/pt\/wp-json\/wp\/v2\/media?parent=20022"}],"wp:term":[{"taxonomy":"product_cat","embeddable":true,"href":"https:\/\/www.vapeswholesaler.com\/pt\/wp-json\/wp\/v2\/product_cat?post=20022"},{"taxonomy":"product_tag","embeddable":true,"href":"https:\/\/www.vapeswholesaler.com\/pt\/wp-json\/wp\/v2\/product_tag?post=20022"}],"curies":[{"name":"wp","href":"https:\/\/api.w.org\/{rel}","templated":true}]}}