{"id":19524,"date":"2024-09-13T09:00:22","date_gmt":"2024-09-13T01:00:22","guid":{"rendered":"https:\/\/www.vapeswholesaler.com\/?post_type=product&#038;p=19524"},"modified":"2025-02-23T16:35:47","modified_gmt":"2025-02-23T08:35:47","slug":"vaporizadores-descartaveis-aivono-aim-fatpro-22000-puffs-por-atacado","status":"publish","type":"product","link":"https:\/\/www.vapeswholesaler.com\/pt\/produto\/vaporizadores-descartaveis-aivono-aim-fatpro-22000-puffs-por-atacado","title":{"rendered":"Atacado AIVONO AIM FATPRO 22000 Puffs descart\u00e1veis Vapes"},"content":{"rendered":"<p>O <a href=\"https:\/\/www.vapeswholesaler.com\/pt\/marca_do_produto\/aivono\/\">AIVONO<\/a> AIM FATPRO 22000 Puffs Vape. Com umas incr\u00edveis 22.000 baforadas, o AIVONO AIM FATPRO 22000 garante uma experi\u00eancia agrad\u00e1vel e duradoura. Para se adaptar aos diferentes gostos, este cigarro eletr\u00f3nico est\u00e1 dispon\u00edvel nas variedades de sal de nicotina 0% 2% 3% e 5%. 28ML de l\u00edquido eletr\u00f3nico, o que \u00e9 mais do que suficiente para uma utiliza\u00e7\u00e3o prolongada.<\/p>\n<p>A bobina de malha de 0,6 ohm do AIVONO AIM FATPRO 22000 Puffs Vape funciona a 25 W para produzir o melhor sabor e a melhor produ\u00e7\u00e3o de vapor. O seu ecr\u00e3 digital permite controlar facilmente as defini\u00e7\u00f5es e a dura\u00e7\u00e3o da bateria. A robusta bateria de 650 mAh que alimenta o AIVONO Fatpro 22000 garante fiabilidade e durabilidade durante todo o dia. O carregamento r\u00e1pido e f\u00e1cil \u00e9 poss\u00edvel utilizando o conetor de carregamento TYPE-C.<\/p>\n<p>A vers\u00e3o original com visor LED da caneta descart\u00e1vel para cigarros electr\u00f3nicos AIVONO Fatpro 22000 Puffs foi concebida para proporcionar uma excelente experi\u00eancia com o cigarro eletr\u00f3nico.<\/p>\n<p>Os cartuchos de e-l\u00edquido pr\u00e9-cheios de 28 ml de alta capacidade proporcionam um prazer duradouro sem necessidade de recargas frequentes e podem fornecer at\u00e9 22 000 baforadas.<\/p>\n<p>&nbsp;<\/p>\n<h2><strong>AIVONO AIM FATPRO 22000 Puffs Carater\u00edsticas:<\/strong><\/h2>\n<ul>\n<li>Puff: At\u00e9 22000 baforadas<\/li>\n<li>L\u00edquido: 28 ml pr\u00e9-cheio<\/li>\n<li>Nicotine:0%,2%,5%<\/li>\n<li>Bateria:650mAh<\/li>\n<li>Vape DTL<\/li>\n<li>N\u00facleo: Bobina de malha 0,6 \u03a9<\/li>\n<li>Sabores:10 sabores<\/li>\n<\/ul>\n<h2><strong>Aromas:<\/strong><\/h2>\n<ol>\n<li>Duas ma\u00e7\u00e3s<\/li>\n<li>Menta Uva<\/li>\n<li>Gelo exuberante<\/li>\n<li>Cereja Framboesa<\/li>\n<li>Gelo de p\u00eassego<\/li>\n<li>Amor 66<\/li>\n<li>Gelo de bagas<\/li>\n<li>Pastilha el\u00e1stica de mirtilo<\/li>\n<li>Sonho l\u00facido<\/li>\n<li>Ponche de morango<\/li>\n<\/ol>\n<h2><strong>Lista de embalagem:<\/strong><\/h2>\n<p>1 unidade por caixa individual<br \/>\nPeso: 100 g\/pe\u00e7a<br \/>\nCaixa de embalagem: 10 unidades\/caixa<br \/>\nQ'ty\/cart\u00e3o: 200 pcs\/cart\u00e3o<\/p>\n<h2><strong>Como entregar a encomenda do cliente?<\/strong><\/h2>\n<p>O envio \u00e9 efectuado atrav\u00e9s de um m\u00e9todo de envio especial, um avi\u00e3o que voa da China para a Alemanha.<\/p>\n<p>Depois de chegar \u00e0 Alemanha, o pacote precisa fazer o desembara\u00e7o aduaneiro em primeiro lugar, depois transportado para DHL Paket ou UPS Express, esta \u00e9 a melhor maneira de envio para a Europa atualmente.<\/p>\n<p>Com este tipo de m\u00e9todo de envio, n\u00e3o tem nada a ver com a alf\u00e2ndega, nem com impostos. A nossa empresa de desalfandegamento no estrangeiro resolver\u00e1 todos os problemas alfandeg\u00e1rios e pagar\u00e1 os direitos necess\u00e1rios.<\/p>\n<p>Assim que a alf\u00e2ndega for desalfandegada, ser\u00e1 entregue \u00e0 DHL Paket, e os clientes receber\u00e3o a informa\u00e7\u00e3o actualizada no s\u00edtio Web da DHL e, depois de a DHL a receber, a entrega ser\u00e1 feita no prazo de 2-3 dias, 4-5 dias para outros pa\u00edses europeus, exceto a Alemanha.<\/p>\n<p>&nbsp;<\/p>\n<p><img loading=\"lazy\" decoding=\"async\" class=\"alignnone wp-image-19525 size-full\" title=\"Atacado AIVONO AIM FATPRO 22000 Puffs descart\u00e1veis Vapes 14\" src=\"https:\/\/www.vapeswholesaler.com\/wp-content\/uploads\/2024\/09\/Wholesale-AIVONO-AIM-FATPRO-22000-Puffs-disposable-Vapes-14.webp\" alt=\"Atacado AIVONO AIM FATPRO 22000 Puffs descart\u00e1veis Vapes 14\" width=\"800\" height=\"1194\" srcset=\"https:\/\/www.vapeswholesaler.com\/wp-content\/uploads\/2024\/09\/Wholesale-AIVONO-AIM-FATPRO-22000-Puffs-disposable-Vapes-14.webp 800w, https:\/\/www.vapeswholesaler.com\/wp-content\/uploads\/2024\/09\/Wholesale-AIVONO-AIM-FATPRO-22000-Puffs-disposable-Vapes-14-201x300.webp 201w, https:\/\/www.vapeswholesaler.com\/wp-content\/uploads\/2024\/09\/Wholesale-AIVONO-AIM-FATPRO-22000-Puffs-disposable-Vapes-14-686x1024.webp 686w, https:\/\/www.vapeswholesaler.com\/wp-content\/uploads\/2024\/09\/Wholesale-AIVONO-AIM-FATPRO-22000-Puffs-disposable-Vapes-14-768x1146.webp 768w, https:\/\/www.vapeswholesaler.com\/wp-content\/uploads\/2024\/09\/Wholesale-AIVONO-AIM-FATPRO-22000-Puffs-disposable-Vapes-14-8x12.webp 8w, https:\/\/www.vapeswholesaler.com\/wp-content\/uploads\/2024\/09\/Wholesale-AIVONO-AIM-FATPRO-22000-Puffs-disposable-Vapes-14-510x761.webp 510w\" sizes=\"auto, (max-width: 800px) 100vw, 800px\" \/><\/p>\n<p><img loading=\"lazy\" decoding=\"async\" class=\"alignnone wp-image-19505 size-full\" title=\"Atacado AIVONO AIM FATPRO 22000 Puffs descart\u00e1veis Vapes 1\" src=\"https:\/\/www.vapeswholesaler.com\/wp-content\/uploads\/2024\/09\/Wholesale-AIVONO-AIM-FATPRO-22000-Puffs-disposable-Vapes-1.webp\" alt=\"Atacado AIVONO AIM FATPRO 22000 Puffs descart\u00e1veis Vapes 1\" width=\"800\" height=\"639\" srcset=\"https:\/\/www.vapeswholesaler.com\/wp-content\/uploads\/2024\/09\/Wholesale-AIVONO-AIM-FATPRO-22000-Puffs-disposable-Vapes-1.webp 800w, https:\/\/www.vapeswholesaler.com\/wp-content\/uploads\/2024\/09\/Wholesale-AIVONO-AIM-FATPRO-22000-Puffs-disposable-Vapes-1-300x240.webp 300w, https:\/\/www.vapeswholesaler.com\/wp-content\/uploads\/2024\/09\/Wholesale-AIVONO-AIM-FATPRO-22000-Puffs-disposable-Vapes-1-768x613.webp 768w, https:\/\/www.vapeswholesaler.com\/wp-content\/uploads\/2024\/09\/Wholesale-AIVONO-AIM-FATPRO-22000-Puffs-disposable-Vapes-1-15x12.webp 15w, https:\/\/www.vapeswholesaler.com\/wp-content\/uploads\/2024\/09\/Wholesale-AIVONO-AIM-FATPRO-22000-Puffs-disposable-Vapes-1-510x407.webp 510w\" sizes=\"auto, (max-width: 800px) 100vw, 800px\" \/> <img loading=\"lazy\" decoding=\"async\" class=\"alignnone wp-image-19506 size-full\" title=\"Atacado AIVONO AIM FATPRO 22000 Puffs descart\u00e1veis Vapes 2\" src=\"https:\/\/www.vapeswholesaler.com\/wp-content\/uploads\/2024\/09\/Wholesale-AIVONO-AIM-FATPRO-22000-Puffs-disposable-Vapes-2.webp\" alt=\"Atacado AIVONO AIM FATPRO 22000 Puffs descart\u00e1veis Vapes 2\" width=\"800\" height=\"381\" srcset=\"https:\/\/www.vapeswholesaler.com\/wp-content\/uploads\/2024\/09\/Wholesale-AIVONO-AIM-FATPRO-22000-Puffs-disposable-Vapes-2.webp 800w, https:\/\/www.vapeswholesaler.com\/wp-content\/uploads\/2024\/09\/Wholesale-AIVONO-AIM-FATPRO-22000-Puffs-disposable-Vapes-2-300x143.webp 300w, https:\/\/www.vapeswholesaler.com\/wp-content\/uploads\/2024\/09\/Wholesale-AIVONO-AIM-FATPRO-22000-Puffs-disposable-Vapes-2-768x366.webp 768w, https:\/\/www.vapeswholesaler.com\/wp-content\/uploads\/2024\/09\/Wholesale-AIVONO-AIM-FATPRO-22000-Puffs-disposable-Vapes-2-18x9.webp 18w, https:\/\/www.vapeswholesaler.com\/wp-content\/uploads\/2024\/09\/Wholesale-AIVONO-AIM-FATPRO-22000-Puffs-disposable-Vapes-2-510x243.webp 510w\" sizes=\"auto, (max-width: 800px) 100vw, 800px\" \/><\/p>","protected":false},"excerpt":{"rendered":"<p>Quantidade m\u00ednima de encomenda:\u00a0<strong>50 UNIDADES<\/strong>\u00a0(Mistura de sabores)\u00a0\u00a0<strong>Envio gratuito<\/strong><\/p>\n<p>(<strong>2%, 5% Nic<\/strong>)<\/p>","protected":false},"featured_media":19518,"comment_status":"open","ping_status":"closed","template":"","meta":[],"product_cat":[15],"product_tag":[],"class_list":{"0":"post-19524","1":"product","2":"type-product","3":"status-publish","4":"has-post-thumbnail","6":"product_cat-disposable-vape","7":"product_brand-aivono","9":"first","10":"instock","11":"shipping-taxable","12":"purchasable","13":"product-type-variable","14":"has-default-attributes"},"aioseo_notices":[],"_links":{"self":[{"href":"https:\/\/www.vapeswholesaler.com\/pt\/wp-json\/wp\/v2\/product\/19524","targetHints":{"allow":["GET"]}}],"collection":[{"href":"https:\/\/www.vapeswholesaler.com\/pt\/wp-json\/wp\/v2\/product"}],"about":[{"href":"https:\/\/www.vapeswholesaler.com\/pt\/wp-json\/wp\/v2\/types\/product"}],"replies":[{"embeddable":true,"href":"https:\/\/www.vapeswholesaler.com\/pt\/wp-json\/wp\/v2\/comments?post=19524"}],"wp:featuredmedia":[{"embeddable":true,"href":"https:\/\/www.vapeswholesaler.com\/pt\/wp-json\/wp\/v2\/media\/19518"}],"wp:attachment":[{"href":"https:\/\/www.vapeswholesaler.com\/pt\/wp-json\/wp\/v2\/media?parent=19524"}],"wp:term":[{"taxonomy":"product_cat","embeddable":true,"href":"https:\/\/www.vapeswholesaler.com\/pt\/wp-json\/wp\/v2\/product_cat?post=19524"},{"taxonomy":"product_tag","embeddable":true,"href":"https:\/\/www.vapeswholesaler.com\/pt\/wp-json\/wp\/v2\/product_tag?post=19524"}],"curies":[{"name":"wp","href":"https:\/\/api.w.org\/{rel}","templated":true}]}}