{"id":19395,"date":"2024-08-28T12:13:30","date_gmt":"2024-08-28T04:13:30","guid":{"rendered":"https:\/\/www.vapeswholesaler.com\/?post_type=product&#038;p=19395"},"modified":"2025-07-01T14:25:50","modified_gmt":"2025-07-01T06:25:50","slug":"vape-descartavel-por-atacado-mrvi-moving-25000-puffs","status":"publish","type":"product","link":"https:\/\/www.vapeswholesaler.com\/pt\/produto\/vape-descartavel-por-atacado-mrvi-moving-25000-puffs","title":{"rendered":"Atacado MRVI Moving 25000 Puffs Vape descart\u00e1vel"},"content":{"rendered":"<p><a href=\"https:\/\/www.vapeswholesaler.com\/pt\/marca_do_produto\/mrvi\/\">MRVI<\/a> Moving 25000 Puffs Disposable Vape Led Display Disposable E-Cigarettes, a high-performance device designed for vapers seeking both quality and convenience. With an impressive 25000 puffs capacity, this disposable e-cigarette ensures extended enjoyment without frequent replacements.<\/p>\n<p>This disposable Vape Equipped with an advanced dual mesh coil 0.4\/0.8 ohms, each puff delivers smooth and flavorful vapor. The generous 30ml e-liquid capacity allows for prolonged vaping sessions, giving you ample opportunity to savor your favorite flavors.<\/p>\n<p>Our product built-in LED display provides real-time information on your vaping settings and battery life, ensuring a seamless and informed vaping experience. Weighing about 110g, this e-cigarette is lightweight and portable, making it perfect for vaping on the journey.<\/p>\n<p>Experimente os cigarros electr\u00f3nicos descart\u00e1veis com visor LED MRVI Moving 25000 Puffs e eleve a sua viagem de vaporiza\u00e7\u00e3o com o seu excecional desempenho, comodidade e carater\u00edsticas personaliz\u00e1veis. Desfrute da combina\u00e7\u00e3o perfeita de tecnologia e sabor com este inovador cigarro eletr\u00f3nico descart\u00e1vel.<\/p>\n<h2><strong><a href=\"https:\/\/www.facebook.com\/fred.luo.58\/\">MRVI<\/a> Moving 25000 Puffs\u00a0 disposable vape Features:<\/strong><\/h2>\n<ul>\n<li>Tamanho: 52,2*26*99mm<\/li>\n<li>Pot\u00eancia:40W<\/li>\n<li>Resist\u00eancia: 0,4\/0,8ohm<\/li>\n<li>Bateria: 1000mah<\/li>\n<li>Capacidade:30ml<\/li>\n<li>Puffs: at\u00e9 25000<\/li>\n<li>Bobina: Bobina de malha dupla<\/li>\n<li>Material:PC<\/li>\n<li>MTL mini de 15-20W<\/li>\n<li>DTL Max de 25-40w<\/li>\n<li>Ecr\u00e3 de pot\u00eancia e ecr\u00e3 de carregamento<\/li>\n<\/ul>\n<h2><strong>Lista de aromas:<\/strong><\/h2>\n<ol>\n<li>Gelo de banana<\/li>\n<li>Gelo Blue Razz<\/li>\n<li>Ma\u00e7\u00e3 com arando<\/li>\n<li>Bagas mistas<\/li>\n<li>Sumo de laranja com maracuj\u00e1<\/li>\n<li>Gelo de p\u00eassego<\/li>\n<li>Gelo de anan\u00e1s<\/li>\n<li>Morango Cereja<\/li>\n<li>Batido de morango<\/li>\n<li>Gelo de melancia<\/li>\n<\/ol>\n<h2><strong>Lista de embalagem:<\/strong><\/h2>\n<p>1 unidade por caixa individual<br \/>\n10 unidades de cada caixa de exposi\u00e7\u00e3o interm\u00e9dia<br \/>\n200 unidades por caixa<\/p>\n<figure id=\"attachment_19383\" aria-describedby=\"caption-attachment-19383\" style=\"width: 800px\" class=\"wp-caption alignnone\"><img loading=\"lazy\" decoding=\"async\" class=\"wp-image-19383 size-full\" title=\"Atacado MRVI Moving 25000 Puffs Vape descart\u00e1vel 4\" src=\"https:\/\/www.vapeswholesaler.com\/wp-content\/uploads\/2024\/08\/Wholesale-MRVI-Moving-25000-Puffs-Disposable-Vape-4.webp\" alt=\"Atacado MRVI Moving 25000 Puffs Vape descart\u00e1vel 4\" width=\"800\" height=\"1250\" srcset=\"https:\/\/www.vapeswholesaler.com\/wp-content\/uploads\/2024\/08\/Wholesale-MRVI-Moving-25000-Puffs-Disposable-Vape-4.webp 800w, https:\/\/www.vapeswholesaler.com\/wp-content\/uploads\/2024\/08\/Wholesale-MRVI-Moving-25000-Puffs-Disposable-Vape-4-192x300.webp 192w, https:\/\/www.vapeswholesaler.com\/wp-content\/uploads\/2024\/08\/Wholesale-MRVI-Moving-25000-Puffs-Disposable-Vape-4-655x1024.webp 655w, https:\/\/www.vapeswholesaler.com\/wp-content\/uploads\/2024\/08\/Wholesale-MRVI-Moving-25000-Puffs-Disposable-Vape-4-768x1200.webp 768w, https:\/\/www.vapeswholesaler.com\/wp-content\/uploads\/2024\/08\/Wholesale-MRVI-Moving-25000-Puffs-Disposable-Vape-4-8x12.webp 8w, https:\/\/www.vapeswholesaler.com\/wp-content\/uploads\/2024\/08\/Wholesale-MRVI-Moving-25000-Puffs-Disposable-Vape-4-510x797.webp 510w\" sizes=\"auto, (max-width: 800px) 100vw, 800px\" \/><figcaption id=\"caption-attachment-19383\" class=\"wp-caption-text\">Atacado MRVI Moving 25000 Puffs Vape descart\u00e1vel<\/figcaption><\/figure>","protected":false},"excerpt":{"rendered":"<p>Quantidade m\u00ednima de encomenda: <strong>100 unidades<\/strong>\u00a0(Mistura de sabores)\u00a0\u00a0<strong>Envio gratuito<\/strong><\/p>\n<p>(<strong>2%, 5% Nic<\/strong>)\u00a0 EU Warehouse Shipping time 5-6 working days<\/p>","protected":false},"featured_media":19384,"comment_status":"open","ping_status":"closed","template":"","meta":[],"product_cat":[15],"product_tag":[373,376,387],"class_list":{"0":"post-19395","1":"product","2":"type-product","3":"status-publish","4":"has-post-thumbnail","6":"product_cat-disposable-vape","7":"product_tag-europe-warehouse","8":"product_tag-25000-puffs","9":"product_tag-mrvi","10":"product_brand-mrvi","12":"first","13":"instock","14":"shipping-taxable","15":"purchasable","16":"product-type-variable","17":"has-default-attributes"},"aioseo_notices":[],"_links":{"self":[{"href":"https:\/\/www.vapeswholesaler.com\/pt\/wp-json\/wp\/v2\/product\/19395","targetHints":{"allow":["GET"]}}],"collection":[{"href":"https:\/\/www.vapeswholesaler.com\/pt\/wp-json\/wp\/v2\/product"}],"about":[{"href":"https:\/\/www.vapeswholesaler.com\/pt\/wp-json\/wp\/v2\/types\/product"}],"replies":[{"embeddable":true,"href":"https:\/\/www.vapeswholesaler.com\/pt\/wp-json\/wp\/v2\/comments?post=19395"}],"wp:featuredmedia":[{"embeddable":true,"href":"https:\/\/www.vapeswholesaler.com\/pt\/wp-json\/wp\/v2\/media\/19384"}],"wp:attachment":[{"href":"https:\/\/www.vapeswholesaler.com\/pt\/wp-json\/wp\/v2\/media?parent=19395"}],"wp:term":[{"taxonomy":"product_cat","embeddable":true,"href":"https:\/\/www.vapeswholesaler.com\/pt\/wp-json\/wp\/v2\/product_cat?post=19395"},{"taxonomy":"product_tag","embeddable":true,"href":"https:\/\/www.vapeswholesaler.com\/pt\/wp-json\/wp\/v2\/product_tag?post=19395"}],"curies":[{"name":"wp","href":"https:\/\/api.w.org\/{rel}","templated":true}]}}